{"id":7616,"date":"2026-05-04T15:28:47","date_gmt":"2026-05-04T15:28:47","guid":{"rendered":"https:\/\/toctoctoc.ci\/?post_type=product&#038;p=7616"},"modified":"2026-05-05T20:10:01","modified_gmt":"2026-05-05T20:10:01","slug":"cartouche-de-filtre-de-robinet-deau-a-charbon-actif","status":"publish","type":"product","link":"https:\/\/toctoctoc.ci\/en\/store-listing\/cuisine-et-maison-2\/plomberie\/cartouche-de-filtre-de-robinet-deau-a-charbon-actif\/","title":{"rendered":"Cartouche de filtre de robinet d\u2019eau \u00e0 charbon actif"},"content":{"rendered":"<p><strong>\u00c0 propos de cet article<\/strong><\/p>\n<p><strong>\u00a0<\/strong><strong>Fonctions polyvalentes : <\/strong>\u00a0D\u00e9couvrez notre cartouche de filtre de robinet d\u2019eau \u00e0 charbon actif, une solution de purification efficace et instantan\u00e9e qui transforme l\u2019eau du robinet municipal en eau propre et saine. Gr\u00e2ce \u00e0 sa technologie combin\u00e9e de charbon actif + membrane d\u2019ultrafiltration, elle \u00e9limine efficacement le chlore, les impuret\u00e9s, les s\u00e9diments, les mauvaises odeurs et les contaminants, tout en conservant les min\u00e9raux b\u00e9n\u00e9fiques. Id\u00e9ale pour boire, cuisiner et pr\u00e9parer des boissons, elle offre un flux d\u2019eau purifi\u00e9e de 2,5 \u00e0 3 L\/min.<strong>\u00a0<\/strong><\/p>\n<p><strong>Mat\u00e9riel et autonomie : <\/strong>\u00a0Con\u00e7ue avec des mat\u00e9riaux de haute qualit\u00e9 (plastique robuste et filtre performant), cette cartouche de filtre de robinet est compacte (<strong>11 X 11 X 7 Cm<\/strong>) et tr\u00e8s durable. Sa capacit\u00e9 de filtration atteint 300 litres, offrant une longue autonomie avant remplacement. Sans consommation d\u2019\u00e9lectricit\u00e9 (puissance 0 W), elle fonctionne simplement gr\u00e2ce \u00e0 la pression de l\u2019eau du r\u00e9seau.<\/p>\n<p><strong>Compatibilit\u00e9 et utilisation : <\/strong>\u00a0Parfaitement adapt\u00e9e \u00e0 un usage domestique, en cuisine, \u00e0 l\u2019h\u00f4tel, en voiture, en RV, au garage ou en ext\u00e9rieur, ce filtre s\u2019installe facilement sur la plupart des robinets standards. Il propose deux modes de sortie : arrosage horizontal ou colonne d\u2019eau. Avec la marque LYNZO (mod\u00e8le LYNZO-TAP), il constitue une solution \u00e9cologique et pratique pour toute la famille. Le moule priv\u00e9 est disponible pour une personnalisation selon vos besoins.<\/p>\n<p><strong>Entretien et s\u00e9curit\u00e9 : <\/strong>\u00a0Facile d\u2019entretien et enti\u00e8rement lavable, il suffit de remplacer la cartouche une fois sa capacit\u00e9 atteinte. Avec une garantie commerciale de 1 an et un excellent service apr\u00e8s-vente, il est con\u00e7u pour une utilisation fiable et s\u00e9curis\u00e9e. Id\u00e9al pour obtenir une eau plus pure et meilleure au go\u00fbt au quotidien.<\/p>\n<p><strong>Cette nouvelle cartouche de filtre de robinet d\u2019eau \u00e0 charbon actif se distingue par sa double filtration charbon actif + ultrafiltration, son flux rapide de 2,5-3 L\/min et sa grande capacit\u00e9 de 300 litres. Parfait pour allier eau pure, simplicit\u00e9 d\u2019installation et sant\u00e9 quotidienne<\/strong><\/p>\n<p><strong>\u00a0<\/strong><\/p>\n<h1><strong>Description du produit<\/strong><\/h1>\n<p><img fetchpriority=\"high\" decoding=\"async\" class=\"alignnone wp-image-7617\" src=\"http:\/\/toctoctoc.ci\/wp-content\/uploads\/2026\/05\/1-683x1024.png\" alt=\"\" width=\"587\" height=\"880\" \/><\/p>\n<p><img decoding=\"async\" class=\"alignnone wp-image-7618\" src=\"http:\/\/toctoctoc.ci\/wp-content\/uploads\/2026\/05\/2-612x1024.png\" alt=\"\" width=\"587\" height=\"982\" \/><\/p>\n<p><img decoding=\"async\" class=\"alignnone wp-image-7619\" src=\"http:\/\/toctoctoc.ci\/wp-content\/uploads\/2026\/05\/3-638x1024.png\" alt=\"\" width=\"592\" height=\"950\" \/><\/p>\n<p><img loading=\"lazy\" decoding=\"async\" class=\"alignnone wp-image-7620\" src=\"http:\/\/toctoctoc.ci\/wp-content\/uploads\/2026\/05\/4-658x1024.png\" alt=\"\" width=\"590\" height=\"918\" \/><\/p>\n<h1>Descriptif technique<\/h1>\n<table width=\"671\">\n<tbody>\n<tr>\n<td width=\"195\">R\u00e9f\u00e9rence<\/td>\n<td width=\"470\">\u200eToc 20240271<\/td>\n<\/tr>\n<tr>\n<td width=\"195\">Dimensions produit<\/td>\n<td width=\"470\"><strong>11 X 11 X 7 <\/strong><strong>Cm; \u00a0187 g<\/strong><\/td>\n<\/tr>\n<tr>\n<td width=\"195\">Couleur<\/td>\n<td width=\"470\"><\/td>\n<\/tr>\n<tr>\n<td width=\"195\">Forme<\/td>\n<td width=\"470\">\u200etube<\/td>\n<\/tr>\n<tr>\n<td width=\"195\">Mat\u00e9riau<\/td>\n<td width=\"470\">\u00a0Plastique ABS<\/td>\n<\/tr>\n<tr>\n<td width=\"195\">Caract\u00e9ristiques sp\u00e9ciales<\/td>\n<td width=\"470\">capacit\u00e9 de filtration atteint 300 litres &#8211; longue autonomie avant remplacement- technologie charbon actif + ultrafiltration<\/td>\n<\/tr>\n<tr>\n<td width=\"195\">Compatibilit\u00e9<\/td>\n<td width=\"470\">\u00a0\u00a0Robinet<\/td>\n<\/tr>\n<\/tbody>\n<\/table>\n<p>&nbsp;<\/p>\n<p><strong>Le contenu<\/strong><\/p>\n<table width=\"539\">\n<tbody>\n<tr>\n<td width=\"535\">Cartouche de filtre de robinet d\u2019eau \u00e0 charbon actif<\/td>\n<\/tr>\n<tr>\n<td width=\"535\"><strong>Papier verre <\/strong><\/td>\n<\/tr>\n<tr>\n<td width=\"535\"><strong>Cl\u00e9 plastique <\/strong><\/td>\n<\/tr>\n<tr>\n<td width=\"535\"><strong>Rondelle x2<\/strong><\/td>\n<\/tr>\n<tr>\n<td width=\"535\"><strong>Adaptateur Bec \u00e0 robinet X5<\/strong><\/td>\n<\/tr>\n<tr>\n<td width=\"535\"><strong>Notice d\u2019emploie<\/strong><\/td>\n<\/tr>\n<\/tbody>\n<\/table>\n<p>&nbsp;<\/p>\n<h1>Vid\u00e9o<\/h1>\n<p><iframe title=\"20240271\" width=\"1200\" height=\"675\" src=\"https:\/\/www.youtube.com\/embed\/gLgAws1CvgM?feature=oembed\" frameborder=\"0\" allow=\"accelerometer; autoplay; clipboard-write; encrypted-media; gyroscope; picture-in-picture; web-share\" referrerpolicy=\"strict-origin-when-cross-origin\" allowfullscreen><\/iframe><\/p>","protected":false},"excerpt":{"rendered":"<p>D\u00e9couvrez notre cartouche de filtre de robinet d\u2019eau \u00e0 charbon actif, une solution de purification efficace et instantan\u00e9e qui transforme l\u2019eau du robinet en eau propre et saine. Gr\u00e2ce \u00e0 sa double technologie charbon actif + ultrafiltration, elle \u00e9limine chlore, impuret\u00e9s, s\u00e9diments et mauvaises odeurs tout en conservant les min\u00e9raux b\u00e9n\u00e9fiques, avec un flux rapide de 2,5 \u00e0 3 L\/min. Con\u00e7ue en mat\u00e9riaux de haute qualit\u00e9, compacte (<strong>11 X 11 X 7 Cm<\/strong>) et durable avec une capacit\u00e9 de filtration de 300 litres. Sans \u00e9lectricit\u00e9, elle fonctionne simplement avec la pression du r\u00e9seau. Installation facile sur la plupart des robinets standards avec deux modes de sortie (arrosage ou colonne d\u2019eau). Marque LYNZO<\/p>","protected":false},"featured_media":7626,"comment_status":"open","ping_status":"closed","template":"","meta":{"_acf_changed":false},"locations":[135,133,134],"product_brand":[],"product_cat":[66,97],"product_tag":[],"class_list":{"0":"post-7616","1":"product","2":"type-product","3":"status-publish","4":"has-post-thumbnail","6":"locations-cgk","7":"locations-kenya","8":"locations-t03","9":"product_cat-cuisine-et-maison-2","10":"product_cat-plomberie","12":"first","13":"instock","14":"shipping-taxable","15":"purchasable","16":"product-type-simple"},"acf":[],"jetpack_sharing_enabled":true,"_links":{"self":[{"href":"https:\/\/toctoctoc.ci\/en\/wp-json\/wp\/v2\/product\/7616","targetHints":{"allow":["GET"]}}],"collection":[{"href":"https:\/\/toctoctoc.ci\/en\/wp-json\/wp\/v2\/product"}],"about":[{"href":"https:\/\/toctoctoc.ci\/en\/wp-json\/wp\/v2\/types\/product"}],"replies":[{"embeddable":true,"href":"https:\/\/toctoctoc.ci\/en\/wp-json\/wp\/v2\/comments?post=7616"}],"wp:featuredmedia":[{"embeddable":true,"href":"https:\/\/toctoctoc.ci\/en\/wp-json\/wp\/v2\/media\/7626"}],"wp:attachment":[{"href":"https:\/\/toctoctoc.ci\/en\/wp-json\/wp\/v2\/media?parent=7616"}],"wp:term":[{"taxonomy":"locations","embeddable":true,"href":"https:\/\/toctoctoc.ci\/en\/wp-json\/wp\/v2\/locations?post=7616"},{"taxonomy":"product_brand","embeddable":true,"href":"https:\/\/toctoctoc.ci\/en\/wp-json\/wp\/v2\/product_brand?post=7616"},{"taxonomy":"product_cat","embeddable":true,"href":"https:\/\/toctoctoc.ci\/en\/wp-json\/wp\/v2\/product_cat?post=7616"},{"taxonomy":"product_tag","embeddable":true,"href":"https:\/\/toctoctoc.ci\/en\/wp-json\/wp\/v2\/product_tag?post=7616"}],"curies":[{"name":"wp","href":"https:\/\/api.w.org\/{rel}","templated":true}]}}