{"id":7002,"date":"2026-04-20T19:24:02","date_gmt":"2026-04-20T19:24:02","guid":{"rendered":"https:\/\/toctoctoc.ci\/?post_type=product&#038;p=7002"},"modified":"2026-04-20T22:25:14","modified_gmt":"2026-04-20T22:25:14","slug":"pompe-a-air-sans-fil-a-double-usage","status":"publish","type":"product","link":"https:\/\/toctoctoc.ci\/en\/store-listing\/sports-et-loisirs\/accessoires-sports-et-loisirs\/pompe-a-air-sans-fil-a-double-usage\/","title":{"rendered":"Pompe \u00e0 air sans fil \u00e0 double usage"},"content":{"rendered":"<p><strong>\u00c0 propos de cet article<\/strong><\/p>\n<p dir=\"auto\"><strong>Fonctions polyvalentes :<\/strong> D\u00e9couvrez notre pompe \u00e0 air sans fil \u00e0 double usage, une pompe \u00e0 air inflatables compacte et puissante qui gonfle rapidement matelas, bou\u00e9es, ballons, pneus de v\u00e9lo, jouets gonflables et bien d\u2019autres articles. Gr\u00e2ce \u00e0 sa conception double usage, elle permet \u00e0 la fois de gonfler et de d\u00e9gonfler vos bagages et \u00e9quipements avec une grande efficacit\u00e9. Id\u00e9ale pour les voyages, le camping, la plage, les sports nautiques ou l\u2019organisation quotidienne des bagages, elle simplifie toutes vos t\u00e2ches de gonflage.<\/p>\n<p dir=\"auto\"><strong>Mat\u00e9riel et autonomie :<\/strong> Con\u00e7ue avec un corps en PP de haute qualit\u00e9, cette pompe \u00e0 air sans fil est ultra-l\u00e9g\u00e8re\u00a0 et tr\u00e8s compacte (<strong>8 X 6 X 9 cm<\/strong>). Son design portable et robuste la rend facile \u00e0 transporter partout. Disponible en noir avec une finition haut de gamme, elle accepte le logo personnalis\u00e9 selon les besoins du client.<\/p>\n<p dir=\"auto\"><strong>Compatibilit\u00e9 et utilisation :<\/strong> Parfaitement adapt\u00e9e aux soins des bagages et \u00e0 tous les objets gonflables, cette pompe est simple et intuitive \u00e0 utiliser. Son format miniature permet de la glisser facilement dans une valise, un sac \u00e0 dos ou une bo\u00eete \u00e0 gants. Avec la marque L\u2019Outwalk (mod\u00e8le 107E), elle offre une qualit\u00e9 professionnelle dans un format nomade.<\/p>\n<p dir=\"auto\"><strong>Entretien et s\u00e9curit\u00e9 :<\/strong> Facile d\u2019entretien, il suffit de nettoyer l\u2019appareil avec un chiffon doux et sec apr\u00e8s utilisation. Bien qu\u2019elle soit compacte et robuste, \u00e9vitez les chocs violents et le d\u00e9montage. Id\u00e9ale pour les voyages, le camping, les activit\u00e9s de plein air ou un usage domestique, ce produit allie praticit\u00e9, l\u00e9g\u00e8ret\u00e9 et performance moderne.<\/p>\n<p dir=\"auto\"><strong>Cette nouvelle pompe \u00e0 air sans fil \u00e0 double usage se distingue par son format ultra-compact, son poids plume de 0,135 kg et sa polyvalence gonflage\/d\u00e9gonflage.<\/strong> Parfait pour allier portabilit\u00e9 extr\u00eame, efficacit\u00e9 et confort lors de tous vos d\u00e9placements.<\/p>\n<h1><strong>Description du produit<\/strong><\/h1>\n<p><img fetchpriority=\"high\" decoding=\"async\" class=\"alignnone wp-image-7003\" src=\"http:\/\/toctoctoc.ci\/wp-content\/uploads\/2026\/04\/EXP1-4-1024x693.png\" alt=\"\" width=\"584\" height=\"395\" \/><\/p>\n<p><img decoding=\"async\" class=\"alignnone wp-image-7004\" src=\"http:\/\/toctoctoc.ci\/wp-content\/uploads\/2026\/04\/EXP2-5-781x1024.png\" alt=\"\" width=\"580\" height=\"761\" \/><\/p>\n<p><img decoding=\"async\" class=\"alignnone wp-image-7005\" src=\"http:\/\/toctoctoc.ci\/wp-content\/uploads\/2026\/04\/EXP3-5-764x1024.png\" alt=\"\" width=\"571\" height=\"766\" \/><\/p>\n<p><img loading=\"lazy\" decoding=\"async\" class=\"alignnone wp-image-7006\" src=\"http:\/\/toctoctoc.ci\/wp-content\/uploads\/2026\/04\/EXP4-6-733x1024.png\" alt=\"\" width=\"569\" height=\"795\" \/><\/p>\n<h1>Descriptif technique<\/h1>\n<table width=\"541\">\n<tbody>\n<tr>\n<td width=\"262\">R\u00e9f\u00e9rence<\/td>\n<td width=\"273\">\u200eToc 20240247<\/td>\n<\/tr>\n<tr>\n<td width=\"262\">Dimensions produit<\/td>\n<td width=\"273\">\u200e8 X 6 X 9 Cm\u00a0; 200g<\/td>\n<\/tr>\n<tr>\n<td width=\"262\">Couleur<\/td>\n<td width=\"273\">\u200eNOIR<\/td>\n<\/tr>\n<tr>\n<td width=\"262\">Forme<\/td>\n<td width=\"273\">\u200eCARRE<\/td>\n<\/tr>\n<tr>\n<td width=\"262\">Mat\u00e9riau<\/td>\n<td width=\"273\">\u200eplastique ABS<\/td>\n<\/tr>\n<tr>\n<td width=\"262\">Type d\u2019alimentation<\/td>\n<td width=\"273\">CABLE USB C<\/td>\n<\/tr>\n<tr>\n<td width=\"262\">Caract\u00e9ristiques sp\u00e9ciales<\/td>\n<td width=\"273\">\u200eMod\u00e8le 107E<\/td>\n<\/tr>\n<tr>\n<td width=\"262\">Compatibilit\u00e9<\/td>\n<td width=\"273\">Bagages \/ objets gonflables,<\/td>\n<\/tr>\n<\/tbody>\n<\/table>\n<p>&nbsp;<\/p>\n<p><strong>Le contenu<\/strong><\/p>\n<table width=\"421\">\n<tbody>\n<tr>\n<td width=\"417\">pompe \u00e0 air sans fil \u00e0 double usage<\/td>\n<\/tr>\n<tr>\n<td width=\"417\">C\u00e2ble USB C<\/td>\n<\/tr>\n<tr>\n<td width=\"417\">Notice d\u2019emploi<\/td>\n<\/tr>\n<\/tbody>\n<\/table>\n<h1 dir=\"auto\"><strong>Vid\u00e9o<\/strong><\/h1>\n<p><iframe title=\"20240247\" width=\"1200\" height=\"675\" src=\"https:\/\/www.youtube.com\/embed\/6J01Bm9JBRw?feature=oembed\" frameborder=\"0\" allow=\"accelerometer; autoplay; clipboard-write; encrypted-media; gyroscope; picture-in-picture; web-share\" referrerpolicy=\"strict-origin-when-cross-origin\" allowfullscreen><\/iframe><\/p>\n<p>&nbsp;<\/p>","protected":false},"excerpt":{"rendered":"<p>&nbsp;<\/p>\n<p>D\u00e9couvrez notre pompe \u00e0 air sans fil \u00e0 double usage, une pompe compacte et puissante qui gonfle et d\u00e9gonfle rapidement matelas, bou\u00e9es, ballons, pneus de v\u00e9lo et jouets gonflables. Profitez d\u2019une efficacit\u00e9 exceptionnelle pour tous vos besoins d\u2019inflation et de d\u00e9gonflage. Conception ultra-l\u00e9g\u00e8re (seulement 0,135 kg) et tr\u00e8s compacte (<strong>8 X 6 X 9 cm<\/strong>) en PP de haute qualit\u00e9. Design portable et robuste, facile \u00e0 transporter partout. Disponible en noir avec finition haut de gamme et logo personnalisable. Id\u00e9ale pour les voyages, le camping, la plage, les sports nautiques et l\u2019organisation des bagages, elle allie praticit\u00e9, l\u00e9g\u00e8ret\u00e9 et performance moderne. Nettoyez facilement avec un chiffon doux et sec.<\/p>","protected":false},"featured_media":7007,"comment_status":"open","ping_status":"closed","template":"","meta":{"_acf_changed":false},"locations":[135,133,134],"product_brand":[],"product_cat":[124,99],"product_tag":[],"class_list":{"0":"post-7002","1":"product","2":"type-product","3":"status-publish","4":"has-post-thumbnail","6":"locations-cgk","7":"locations-kenya","8":"locations-t03","9":"product_cat-accessoires-sports-et-loisirs","10":"product_cat-sports-et-loisirs","12":"first","13":"instock","14":"shipping-taxable","15":"purchasable","16":"product-type-simple"},"acf":[],"jetpack_sharing_enabled":true,"_links":{"self":[{"href":"https:\/\/toctoctoc.ci\/en\/wp-json\/wp\/v2\/product\/7002","targetHints":{"allow":["GET"]}}],"collection":[{"href":"https:\/\/toctoctoc.ci\/en\/wp-json\/wp\/v2\/product"}],"about":[{"href":"https:\/\/toctoctoc.ci\/en\/wp-json\/wp\/v2\/types\/product"}],"replies":[{"embeddable":true,"href":"https:\/\/toctoctoc.ci\/en\/wp-json\/wp\/v2\/comments?post=7002"}],"wp:featuredmedia":[{"embeddable":true,"href":"https:\/\/toctoctoc.ci\/en\/wp-json\/wp\/v2\/media\/7007"}],"wp:attachment":[{"href":"https:\/\/toctoctoc.ci\/en\/wp-json\/wp\/v2\/media?parent=7002"}],"wp:term":[{"taxonomy":"locations","embeddable":true,"href":"https:\/\/toctoctoc.ci\/en\/wp-json\/wp\/v2\/locations?post=7002"},{"taxonomy":"product_brand","embeddable":true,"href":"https:\/\/toctoctoc.ci\/en\/wp-json\/wp\/v2\/product_brand?post=7002"},{"taxonomy":"product_cat","embeddable":true,"href":"https:\/\/toctoctoc.ci\/en\/wp-json\/wp\/v2\/product_cat?post=7002"},{"taxonomy":"product_tag","embeddable":true,"href":"https:\/\/toctoctoc.ci\/en\/wp-json\/wp\/v2\/product_tag?post=7002"}],"curies":[{"name":"wp","href":"https:\/\/api.w.org\/{rel}","templated":true}]}}