{"id":6555,"date":"2026-03-31T13:56:56","date_gmt":"2026-03-31T13:56:56","guid":{"rendered":"https:\/\/toctoctoc.ci\/?post_type=product&#038;p=6555"},"modified":"2026-04-02T14:10:57","modified_gmt":"2026-04-02T14:10:57","slug":"mini-ecouteurs-tws-double-avec-boitier","status":"publish","type":"product","link":"https:\/\/toctoctoc.ci\/en\/store-listing\/electroniques\/casque-et-ecouteurs\/mini-ecouteurs-tws-double-avec-boitier\/","title":{"rendered":"Mini \u00e9couteurs TWS double (avec bo\u00eetier)"},"content":{"rendered":"<p><strong>\u00c0 propos de cet article<\/strong><\/p>\n<p><strong>Fonctions polyvalentes<\/strong> : \u00c9couteurs sans fil \u00e0 crochet d\u2019oreille \u00e9quip\u00e9s de la norme Bluetooth 5.4 pour une connexion stable, un appairage rapide et une qualit\u00e9 audio sup\u00e9rieure. Commandes tactiles intuitives pour contr\u00f4ler la musique et le volume, indicateur de batterie LED et \u00e9cran LED qui affichent clairement l\u2019\u00e9tat de charge restant.<\/p>\n<p><strong>Mat\u00e9riel et autonomie<\/strong> : Design ergonomique dans l\u2019oreille avec mat\u00e9riaux ABS et PVC de qualit\u00e9. Autonomie estim\u00e9e de 3 \u00e0 5 heures en utilisation continue et temps de charge de 1 \u00e0 3 heures via le port Type-C. R\u00e9sistance aux \u00e9claboussures selon la norme IPX-4.<\/p>\n<p><strong>Compatibilit\u00e9<\/strong> : Connexion sans fil stable \u00e0 faible latence (30 ms) avec la plupart des t\u00e9l\u00e9phones et tablettes.<\/p>\n<p><strong>Installation facile<\/strong> : Ouvrez le bo\u00eetier, les \u00e9couteurs se connectent automatiquement. Le crochet d\u2019oreille s\u2019ajuste parfaitement \u00e0 la forme de vos oreilles pour un maintien s\u00e9curis\u00e9 et confortable toute la journ\u00e9e.<\/p>\n<p><strong>Entretien et s\u00e9curit\u00e9<\/strong> : Nettoyez avec un chiffon doux et sec. R\u00e9sistants aux \u00e9claboussures, \u00e9vitez l\u2019immersion prolong\u00e9e dans l\u2019eau, les chocs violents et le d\u00e9montage.<\/p>\n<p>Ces nouveaux \u00e9couteurs sans fil \u00e0 crochet d\u2019oreille se distinguent par leur connexion Bluetooth 5.4 performante, leur \u00e9cran LED pratique et leur confort optimal ! Id\u00e9aux pour un usage quotidien actif avec un son de qualit\u00e9 sup\u00e9rieure et une grande libert\u00e9 de mouvement.<\/p>\n<p>&nbsp;<\/p>\n<h1>Description du produit<\/h1>\n<p><img fetchpriority=\"high\" decoding=\"async\" class=\"alignnone wp-image-6556\" src=\"http:\/\/toctoctoc.ci\/wp-content\/uploads\/2026\/03\/Capture-decran-2026-03-31-a-14.44.55-1024x1009.png\" alt=\"\" width=\"707\" height=\"696\" \/><\/p>\n<p>&nbsp;<\/p>\n<p><img decoding=\"async\" class=\"alignnone wp-image-6557\" src=\"http:\/\/toctoctoc.ci\/wp-content\/uploads\/2026\/03\/Capture-decran-2026-03-31-a-14.45.06-1024x1018.png\" alt=\"\" width=\"733\" height=\"729\" \/><\/p>\n<p>&nbsp;<\/p>\n<p><img decoding=\"async\" class=\"alignnone wp-image-6558\" src=\"http:\/\/toctoctoc.ci\/wp-content\/uploads\/2026\/03\/Capture-decran-2026-03-31-a-14.45.16-1024x998.png\" alt=\"\" width=\"750\" height=\"731\" \/><\/p>\n<p>&nbsp;<\/p>\n<p><img loading=\"lazy\" decoding=\"async\" class=\"alignnone wp-image-6559\" src=\"http:\/\/toctoctoc.ci\/wp-content\/uploads\/2026\/03\/Capture-decran-2026-03-31-a-14.45.28-1004x1024.png\" alt=\"\" width=\"749\" height=\"764\" \/><\/p>\n<p>&nbsp;<\/p>\n<p><img loading=\"lazy\" decoding=\"async\" class=\"alignnone wp-image-6560\" src=\"http:\/\/toctoctoc.ci\/wp-content\/uploads\/2026\/03\/Capture-decran-2026-03-31-a-14.46.35-1024x993.png\" alt=\"\" width=\"758\" height=\"735\" \/><\/p>\n<p>&nbsp;<\/p>\n<h1>Descriptif technique<\/h1>\n<table width=\"541\">\n<tbody>\n<tr>\n<td width=\"251\">R\u00e9f\u00e9rence<\/td>\n<td>\u200eToc 20240225<\/td>\n<\/tr>\n<tr>\n<td width=\"251\">Dimensions produit<\/td>\n<td>\u200e7.7 \u00a0X 5.6 X 2.8\u00a0 cm\u00a0; 50 grammes<\/td>\n<\/tr>\n<tr>\n<td width=\"251\">Couleur<\/td>\n<td>\u200eBlanc\/Noir\/Beige<\/td>\n<\/tr>\n<tr>\n<td width=\"251\">Forme<\/td>\n<td>\u200eRectangulaire<\/td>\n<\/tr>\n<tr>\n<td width=\"251\">Mat\u00e9riau<\/td>\n<td>\u200ePlastique<\/td>\n<\/tr>\n<tr>\n<td width=\"251\">Type d\u2019alimentation<\/td>\n<td>USB C<\/td>\n<\/tr>\n<tr>\n<td width=\"251\">Caract\u00e9ristiques sp\u00e9ciales<\/td>\n<td>\u200e2 paires d&rsquo;\u00e9couteurs diff\u00e9rents avec boitier<\/td>\n<\/tr>\n<tr>\n<td width=\"251\">Compatibilit\u00e9<\/td>\n<td>Bluetooth<\/td>\n<\/tr>\n<\/tbody>\n<\/table>\n<p>&nbsp;<\/p>\n<p><strong>Le contenu<\/strong><\/p>\n<table width=\"421\">\n<tbody>\n<tr>\n<td width=\"417\">\u00c9couteurs<\/td>\n<\/tr>\n<tr>\n<td width=\"417\">C\u00e2ble USB<\/td>\n<\/tr>\n<tr>\n<td width=\"417\">Notice d\u2019emploi<\/td>\n<\/tr>\n<\/tbody>\n<\/table>\n<h1>Vid\u00e9o<\/h1>\n<p><iframe title=\"20240225\" width=\"1200\" height=\"675\" src=\"https:\/\/www.youtube.com\/embed\/afId2y3Z-EU?feature=oembed\" frameborder=\"0\" allow=\"accelerometer; autoplay; clipboard-write; encrypted-media; gyroscope; picture-in-picture; web-share\" referrerpolicy=\"strict-origin-when-cross-origin\" allowfullscreen><\/iframe><\/p>","protected":false},"excerpt":{"rendered":"<p><b>\u00a0<\/b>D\u00e9couvrez nos \u00e9couteurs sans fil \u00e0 crochet d\u2019oreille \u00e9quip\u00e9s de la norme Bluetooth 5.4 pour une connexion stable et un appairage rapide. Profitez d\u2019une qualit\u00e9 audio sup\u00e9rieure, de commandes tactiles intuitives pour contr\u00f4ler la musique et le volume, ainsi que d\u2019un indicateur LED et d\u2019un \u00e9cran qui affichent clairement l\u2019\u00e9tat de la batterie. Design ergonomique avec mat\u00e9riaux de qualit\u00e9, autonomie de 3 \u00e0 5 heures et recharge rapide via port Type-C en 1 \u00e0 3 heures. R\u00e9sistance aux \u00e9claboussures IPX4. Connexion automatique \u00e0 l\u2019ouverture du bo\u00eetier et crochet qui s\u2019ajuste parfaitement pour un maintien confortable toute la journ\u00e9e. Id\u00e9aux pour le sport, la musique et un usage quotidien actif. Nettoyez facilement avec un chiffon doux et sec !<\/p>","protected":false},"featured_media":6561,"comment_status":"open","ping_status":"closed","template":"","meta":{"_acf_changed":false},"locations":[135,133,134],"product_brand":[],"product_cat":[105,104],"product_tag":[],"class_list":{"0":"post-6555","1":"product","2":"type-product","3":"status-publish","4":"has-post-thumbnail","6":"locations-cgk","7":"locations-kenya","8":"locations-t03","9":"product_cat-casque-et-ecouteurs","10":"product_cat-electroniques","12":"first","13":"outofstock","14":"shipping-taxable","15":"purchasable","16":"product-type-simple"},"acf":[],"jetpack_sharing_enabled":true,"_links":{"self":[{"href":"https:\/\/toctoctoc.ci\/en\/wp-json\/wp\/v2\/product\/6555","targetHints":{"allow":["GET"]}}],"collection":[{"href":"https:\/\/toctoctoc.ci\/en\/wp-json\/wp\/v2\/product"}],"about":[{"href":"https:\/\/toctoctoc.ci\/en\/wp-json\/wp\/v2\/types\/product"}],"replies":[{"embeddable":true,"href":"https:\/\/toctoctoc.ci\/en\/wp-json\/wp\/v2\/comments?post=6555"}],"wp:featuredmedia":[{"embeddable":true,"href":"https:\/\/toctoctoc.ci\/en\/wp-json\/wp\/v2\/media\/6561"}],"wp:attachment":[{"href":"https:\/\/toctoctoc.ci\/en\/wp-json\/wp\/v2\/media?parent=6555"}],"wp:term":[{"taxonomy":"locations","embeddable":true,"href":"https:\/\/toctoctoc.ci\/en\/wp-json\/wp\/v2\/locations?post=6555"},{"taxonomy":"product_brand","embeddable":true,"href":"https:\/\/toctoctoc.ci\/en\/wp-json\/wp\/v2\/product_brand?post=6555"},{"taxonomy":"product_cat","embeddable":true,"href":"https:\/\/toctoctoc.ci\/en\/wp-json\/wp\/v2\/product_cat?post=6555"},{"taxonomy":"product_tag","embeddable":true,"href":"https:\/\/toctoctoc.ci\/en\/wp-json\/wp\/v2\/product_tag?post=6555"}],"curies":[{"name":"wp","href":"https:\/\/api.w.org\/{rel}","templated":true}]}}