{"id":2066,"date":"2025-10-11T21:46:29","date_gmt":"2025-10-11T21:46:29","guid":{"rendered":"https:\/\/toctoctoc.ci\/?post_type=product&#038;p=2066"},"modified":"2025-12-09T19:26:57","modified_gmt":"2025-12-09T19:26:57","slug":"sac-isotherme-3-en-1","status":"publish","type":"product","link":"https:\/\/toctoctoc.ci\/en\/store-listing\/mode\/sac\/sac-isotherme-3-en-1\/","title":{"rendered":"Sac isotherme 3 en 1"},"content":{"rendered":"<h1>\u00c0 propos de cet article<\/h1>\n<p dir=\"auto\"><strong>Caract\u00e9ristiques Principales<\/strong> : Ce sac isotherme 3 en 1 polyvalent sert de sac \u00e0 main \u00e9l\u00e9gant pour le bureau, sac \u00e0 \u00e9paule pour les sorties ou lunch bag conservant frais\/chaud jusqu&rsquo;\u00e0 6 heures. En cuir PU matelass\u00e9 noir (imperm\u00e9able), il inclut un compartiment isotherme PEVA amovible (37,8&#215;14,8&#215;15 cm) sans BPA, capacit\u00e9 12 bo\u00eetes, et une poche antivol cach\u00e9e. Organisation optimale avec poches internes pour accessoires et laptop 15,6 pouces.<\/p>\n<p dir=\"auto\"><strong>Pr\u00e9sentation du Produit<\/strong> : Design premium avec ornements en cuir v\u00e9ritable sur fermetures et lani\u00e8res, anses renforc\u00e9es et bandouli\u00e8re r\u00e9glable\/amovible. Compact (42,5x32x16,5 cm, 1,2 kg), \u00e9coresponsable en mat\u00e9riaux recyclables. Emball\u00e9 dans une bo\u00eete cartonn\u00e9e protectrice.<\/p>\n<p dir=\"auto\"><strong>Mode d\u2019Emploi<\/strong> : D\u00e9pliez et ajustez la bandouli\u00e8re ; ins\u00e9rez laptop dans le principal. Pour repas : Ouvrez isotherme, placez aliments \u00e9tanches, fermez. Nettoyez ext\u00e9rieur au chiffon humide, rincez int\u00e9rieur \u00e0 l\u2019eau ti\u00e8de et s\u00e9chez \u00e0 l\u2019air.<\/p>\n<p dir=\"auto\"><strong>Pr\u00e9cautions et S\u00e9curit\u00e9<\/strong> : Ne surchargez pas (&gt;8 kg) ; \u00e9vitez soleil\/ext\u00eames temp\u00e9ratures\/fuites. Rincez si corrosif ; gardez hors enfants (\u00e9touffement). Respectez dimensions laptop.<\/p>\n<h1>Description du produit<\/h1>\n<p><img fetchpriority=\"high\" decoding=\"async\" class=\"alignnone size-large wp-image-2067\" src=\"http:\/\/toctoctoc.ci\/wp-content\/uploads\/2025\/10\/Sb813109737a24056a1d06283738cc02bi-1024x1024.jpg\" alt=\"\" width=\"640\" height=\"640\" \/> <img decoding=\"async\" class=\"alignnone size-large wp-image-2068\" src=\"http:\/\/toctoctoc.ci\/wp-content\/uploads\/2025\/10\/S879947a510914aa59a9c07d9f2c37bb43-1024x1024.jpg\" alt=\"\" width=\"640\" height=\"640\" \/> <img decoding=\"async\" class=\"alignnone size-large wp-image-2069\" src=\"http:\/\/toctoctoc.ci\/wp-content\/uploads\/2025\/10\/S1e88fe954fea4068b13a7d8a595d42b6q-1024x1024.jpg\" alt=\"\" width=\"640\" height=\"640\" \/> <img loading=\"lazy\" decoding=\"async\" class=\"alignnone size-large wp-image-2070\" src=\"http:\/\/toctoctoc.ci\/wp-content\/uploads\/2025\/10\/712DV7twzFL._AC_SL1500_-845x1024.jpg\" alt=\"\" width=\"640\" height=\"776\" \/><\/p>\n<p>&nbsp;<\/p>\n<h1>Descriptif technique<\/h1>\n<table width=\"541\">\n<tbody>\n<tr>\n<td width=\"251\">&nbsp;<\/p>\n<p>R\u00e9f\u00e9rence<\/td>\n<td>\u200eToc 20240214<\/td>\n<\/tr>\n<tr>\n<td width=\"251\">Dimensions d\u2019article<\/td>\n<td>\u200e42,5 x 16,5 x 32 cm\u00a0; 495 grammes<\/td>\n<\/tr>\n<tr>\n<td width=\"251\">Nombre d&rsquo;article(s)<\/td>\n<td>\u200e1<\/td>\n<\/tr>\n<tr>\n<td width=\"251\">Couleur<\/td>\n<td>\u200eNoir<\/td>\n<\/tr>\n<tr>\n<td width=\"251\">Forme<\/td>\n<td>\u200eRectangulaire<\/td>\n<\/tr>\n<tr>\n<td width=\"251\">Mat\u00e9riau<\/td>\n<td>\u200eCuir<\/td>\n<\/tr>\n<tr>\n<td width=\"251\">Type d\u2019alimentatoin<\/td>\n<td>&#8212;-<\/td>\n<\/tr>\n<tr>\n<td width=\"251\">Caract\u00e9ristiques sp\u00e9ciales<\/td>\n<td>Isolation thermique<\/td>\n<\/tr>\n<tr>\n<td width=\"251\">Compatibilit\u00e9<\/td>\n<td>Lunch bag<\/td>\n<\/tr>\n<\/tbody>\n<\/table>\n<p>&nbsp;<\/p>\n<h1>Le contenu<\/h1>\n<table width=\"421\">\n<tbody>\n<tr>\n<td width=\"417\">Un sac isotherme<\/td>\n<\/tr>\n<\/tbody>\n<\/table>\n<p>&nbsp;<\/p>\n<h1>Vid\u00e9o<\/h1>\n<p><iframe title=\"20240214\" width=\"563\" height=\"1000\" src=\"https:\/\/www.youtube.com\/embed\/Ztx1Ut_VIJ4?feature=oembed\" frameborder=\"0\" allow=\"accelerometer; autoplay; clipboard-write; encrypted-media; gyroscope; picture-in-picture; web-share\" referrerpolicy=\"strict-origin-when-cross-origin\" allowfullscreen><\/iframe><\/p>\n<p>&nbsp;<\/p>","protected":false},"excerpt":{"rendered":"<p dir=\"auto\">D\u00e9couvrez notre sac isotherme 3 en 1 en cuir PU noir matelass\u00e9 : lunch bag (6h frais\/chaud, capacit\u00e9 12 bo\u00eetes), sac \u00e0 main ou bureau pour laptop 15,6 pouces. Imperm\u00e9able, poche antivol, bandouli\u00e8re r\u00e9glable. \u00c9coresponsable, organisation optimale pour quotidien polyvalent !<\/p>\n<div><\/div>","protected":false},"featured_media":2075,"comment_status":"open","ping_status":"closed","template":"","meta":{"_acf_changed":false},"locations":[135,133,134],"product_brand":[],"product_cat":[81,131],"product_tag":[],"class_list":{"0":"post-2066","1":"product","2":"type-product","3":"status-publish","4":"has-post-thumbnail","6":"locations-cgk","7":"locations-kenya","8":"locations-t03","9":"product_cat-mode","10":"product_cat-sac","12":"first","13":"instock","14":"shipping-taxable","15":"purchasable","16":"product-type-simple"},"acf":[],"jetpack_sharing_enabled":true,"_links":{"self":[{"href":"https:\/\/toctoctoc.ci\/en\/wp-json\/wp\/v2\/product\/2066","targetHints":{"allow":["GET"]}}],"collection":[{"href":"https:\/\/toctoctoc.ci\/en\/wp-json\/wp\/v2\/product"}],"about":[{"href":"https:\/\/toctoctoc.ci\/en\/wp-json\/wp\/v2\/types\/product"}],"replies":[{"embeddable":true,"href":"https:\/\/toctoctoc.ci\/en\/wp-json\/wp\/v2\/comments?post=2066"}],"wp:featuredmedia":[{"embeddable":true,"href":"https:\/\/toctoctoc.ci\/en\/wp-json\/wp\/v2\/media\/2075"}],"wp:attachment":[{"href":"https:\/\/toctoctoc.ci\/en\/wp-json\/wp\/v2\/media?parent=2066"}],"wp:term":[{"taxonomy":"locations","embeddable":true,"href":"https:\/\/toctoctoc.ci\/en\/wp-json\/wp\/v2\/locations?post=2066"},{"taxonomy":"product_brand","embeddable":true,"href":"https:\/\/toctoctoc.ci\/en\/wp-json\/wp\/v2\/product_brand?post=2066"},{"taxonomy":"product_cat","embeddable":true,"href":"https:\/\/toctoctoc.ci\/en\/wp-json\/wp\/v2\/product_cat?post=2066"},{"taxonomy":"product_tag","embeddable":true,"href":"https:\/\/toctoctoc.ci\/en\/wp-json\/wp\/v2\/product_tag?post=2066"}],"curies":[{"name":"wp","href":"https:\/\/api.w.org\/{rel}","templated":true}]}}