{"id":2031,"date":"2025-10-11T21:25:45","date_gmt":"2025-10-11T21:25:45","guid":{"rendered":"https:\/\/toctoctoc.ci\/?post_type=product&#038;p=2031"},"modified":"2026-05-12T20:00:40","modified_gmt":"2026-05-12T20:00:40","slug":"emetteur-recepteur-sans-fil-hdmi-sans-internet","status":"publish","type":"product","link":"https:\/\/toctoctoc.ci\/en\/store-listing\/informatique\/high-tech\/emetteur-recepteur-sans-fil-hdmi-sans-internet\/","title":{"rendered":"\u00c9metteur-r\u00e9cepteur sans fil HDMI (sans internet)"},"content":{"rendered":"<h1>\u00c0 propos de cet article<\/h1>\n<p dir=\"auto\"><strong>Caract\u00e9ristiques Principales<\/strong> : Cet \u00e9metteur-r\u00e9cepteur HDMI sans fil EDUP (TOC20240211) offre une transmission plug &amp; play pr\u00e9-appair\u00e9e, sans apps ni Wi-Fi externe. Avec une latence ultra-faible de 0,1 s et support 1080p (720p\/1080p), il diffuse audio\/vid\u00e9o en miroir sur grand \u00e9cran pour Netflix, sports ou jeux, immersif pour famille ou pros.<\/p>\n<p dir=\"auto\"><strong>Transmission Stable<\/strong> : Module Wi-Fi 2,4\/5 GHz avec antennes haute sensibilit\u00e9 assure une port\u00e9e de 50 m sans obstacle (10 m \u00e0 travers murs). Supporte 1 RX pour 8 TX, id\u00e9al pour conf\u00e9rences multi-sources sans d\u00e9lai.<\/p>\n<p dir=\"auto\"><strong>Compatibilit\u00e9 \u00c9tendue<\/strong> : Compatible la plupart des appareils HDMI (PC, smartphones, cam\u00e9ras). Compact (68,8 x 43,9 x 13 mm, 53 g\/unit\u00e9), l\u00e9ger pour pr\u00e9sentations nomades en salles de conf, home cinema ou \u00e9ducation.<\/p>\n<p dir=\"auto\"><strong>Installation Facile<\/strong> : Branchez TX \u00e0 la source et RX \u00e0 l&rsquo;\u00e9cran via c\u00e2bles HDMI int\u00e9gr\u00e9s (100 mm), alimentez par USB-C. Connexion auto en 10-15 s. Inclut adaptateur Mini HDMI et 2 c\u00e2bles USB-C 1 m.<\/p>\n<p dir=\"auto\"><strong>Utilisation et S\u00e9curit\u00e9<\/strong> : Transmission directe sans internet. \u00c9teignez en d\u00e9branchant. \u00c9vitez d\u00e9montage, eau\/chaleur\/chocs ; utilisez c\u00e2bles compatibles. Gardez hors enfants ; contactez support si surchauffe.<\/p>\n<h1>Description du produit<\/h1>\n<p><img fetchpriority=\"high\" decoding=\"async\" class=\"alignnone size-large wp-image-2032\" src=\"http:\/\/toctoctoc.ci\/wp-content\/uploads\/2025\/10\/Capture-decran-2025-10-10-a-15.49.08-copie-1024x563.png\" alt=\"\" width=\"640\" height=\"352\" \/> <img decoding=\"async\" class=\"alignnone size-large wp-image-2033\" src=\"http:\/\/toctoctoc.ci\/wp-content\/uploads\/2025\/10\/50f66838-3fb3-48a8-8ab4-9d7779cb8b6a.__CR001464600_PT0_SX1464_V1___-1-1024x420.jpg\" alt=\"\" width=\"640\" height=\"263\" \/> <img decoding=\"async\" class=\"alignnone size-large wp-image-2034\" src=\"http:\/\/toctoctoc.ci\/wp-content\/uploads\/2025\/10\/Sdfcbc5c1c0434f06a7f55312b5ea8e12r-1024x1024.jpg\" alt=\"\" width=\"640\" height=\"640\" \/> <img loading=\"lazy\" decoding=\"async\" class=\"alignnone size-large wp-image-2035\" src=\"http:\/\/toctoctoc.ci\/wp-content\/uploads\/2025\/10\/Sdd3bfe9449e44efb83315b89833fb2efk-1024x1024.jpg\" alt=\"\" width=\"640\" height=\"640\" \/> <img loading=\"lazy\" decoding=\"async\" class=\"alignnone size-large wp-image-2036\" src=\"http:\/\/toctoctoc.ci\/wp-content\/uploads\/2025\/10\/Sa3c74a3796c04437a81caf7ce72e341db-1024x1024.jpg\" alt=\"\" width=\"640\" height=\"640\" \/> <img loading=\"lazy\" decoding=\"async\" class=\"alignnone size-large wp-image-2037\" src=\"http:\/\/toctoctoc.ci\/wp-content\/uploads\/2025\/10\/S17d682a19c1d469b978e2a852c0be76f7-1024x1024.jpg\" alt=\"\" width=\"640\" height=\"640\" \/> <img loading=\"lazy\" decoding=\"async\" class=\"alignnone size-large wp-image-2038\" src=\"http:\/\/toctoctoc.ci\/wp-content\/uploads\/2025\/10\/S3b31abd23052479cb04532044ecb8a9ci-1024x1024.jpg\" alt=\"\" width=\"640\" height=\"640\" \/><\/p>\n<p>&nbsp;<\/p>\n<h1>Descriptif technique<\/h1>\n<table width=\"541\">\n<tbody>\n<tr>\n<td width=\"251\">R\u00e9f\u00e9rence<\/td>\n<td>\u200eToc 20240211<\/td>\n<\/tr>\n<tr>\n<td width=\"251\">Dimensions d\u2019article<\/td>\n<td>\u200e6.88 \u00d7 4.39 \u00d7 1.30 cm\u00a0; 53 grammes<\/td>\n<\/tr>\n<tr>\n<td width=\"251\">Nombre d&rsquo;article(s)<\/td>\n<td>\u200e2 (\u00e9meteur et r\u00e9cepteur)<\/td>\n<\/tr>\n<tr>\n<td width=\"251\">Couleur<\/td>\n<td>\u200eNoir<\/td>\n<\/tr>\n<tr>\n<td width=\"251\">Forme<\/td>\n<td>\u200eCarr\u00e9<\/td>\n<\/tr>\n<tr>\n<td width=\"251\">Mat\u00e9riau<\/td>\n<td>\u200eABS<\/td>\n<\/tr>\n<tr>\n<td width=\"251\">Type d\u2019alimentatoin<\/td>\n<td>USB C<\/td>\n<\/tr>\n<tr>\n<td width=\"251\">Caract\u00e9ristiques sp\u00e9ciales<\/td>\n<td>Sans fil\/ sans Wi-Fi<\/td>\n<\/tr>\n<tr>\n<td width=\"251\">Compatibilit\u00e9<\/td>\n<td>Toute porte HDMI<\/td>\n<\/tr>\n<\/tbody>\n<\/table>\n<p>&nbsp;<\/p>\n<h1>Le contenu<\/h1>\n<table width=\"421\">\n<tbody>\n<tr>\n<td width=\"417\">Un \u00e9metteur HDMI<\/td>\n<\/tr>\n<tr>\n<td width=\"417\">Un r\u00e9cepteur HDMI<\/td>\n<\/tr>\n<tr>\n<td width=\"417\">Un mini adaptateur HDMI<\/td>\n<\/tr>\n<tr>\n<td width=\"417\">Deux c\u00e2bles USB C<\/td>\n<\/tr>\n<tr>\n<td width=\"417\">Le manuel d\u2019utilisation<\/td>\n<\/tr>\n<\/tbody>\n<\/table>\n<p>&nbsp;<\/p>\n<p>&nbsp;<\/p>\n<h1>Vid\u00e9o<\/h1>\n<p><iframe title=\"20240211\" width=\"1200\" height=\"675\" src=\"https:\/\/www.youtube.com\/embed\/LmF3qjpoAVg?feature=oembed\" frameborder=\"0\" allow=\"accelerometer; autoplay; clipboard-write; encrypted-media; gyroscope; picture-in-picture; web-share\" referrerpolicy=\"strict-origin-when-cross-origin\" allowfullscreen><\/iframe><\/p>\n<p>&nbsp;<\/p>","protected":false},"excerpt":{"rendered":"<p dir=\"auto\">D\u00e9couvrez l&rsquo;\u00e9metteur-r\u00e9cepteur HDMI sans fil TOC20240211 : plug &amp; play, latence 0,1 s, 1080p jusqu&rsquo;\u00e0 50 m (sans internet). Id\u00e9al pour mirroring TV\/PC\/smartphone, 1 RX\/8 TX. Compact (68,8&#215;43,9&#215;13 mm), facile \u00e0 installer pour home cinema ou pros.<\/p>\n<div><\/div>","protected":false},"featured_media":2043,"comment_status":"open","ping_status":"closed","template":"","meta":{"_acf_changed":false},"locations":[135,133,134],"product_brand":[],"product_cat":[80,79],"product_tag":[],"class_list":{"0":"post-2031","1":"product","2":"type-product","3":"status-publish","4":"has-post-thumbnail","6":"locations-cgk","7":"locations-kenya","8":"locations-t03","9":"product_cat-high-tech","10":"product_cat-informatique","12":"first","13":"instock","14":"featured","15":"shipping-taxable","16":"purchasable","17":"product-type-simple"},"acf":[],"jetpack_sharing_enabled":true,"_links":{"self":[{"href":"https:\/\/toctoctoc.ci\/en\/wp-json\/wp\/v2\/product\/2031","targetHints":{"allow":["GET"]}}],"collection":[{"href":"https:\/\/toctoctoc.ci\/en\/wp-json\/wp\/v2\/product"}],"about":[{"href":"https:\/\/toctoctoc.ci\/en\/wp-json\/wp\/v2\/types\/product"}],"replies":[{"embeddable":true,"href":"https:\/\/toctoctoc.ci\/en\/wp-json\/wp\/v2\/comments?post=2031"}],"wp:featuredmedia":[{"embeddable":true,"href":"https:\/\/toctoctoc.ci\/en\/wp-json\/wp\/v2\/media\/2043"}],"wp:attachment":[{"href":"https:\/\/toctoctoc.ci\/en\/wp-json\/wp\/v2\/media?parent=2031"}],"wp:term":[{"taxonomy":"locations","embeddable":true,"href":"https:\/\/toctoctoc.ci\/en\/wp-json\/wp\/v2\/locations?post=2031"},{"taxonomy":"product_brand","embeddable":true,"href":"https:\/\/toctoctoc.ci\/en\/wp-json\/wp\/v2\/product_brand?post=2031"},{"taxonomy":"product_cat","embeddable":true,"href":"https:\/\/toctoctoc.ci\/en\/wp-json\/wp\/v2\/product_cat?post=2031"},{"taxonomy":"product_tag","embeddable":true,"href":"https:\/\/toctoctoc.ci\/en\/wp-json\/wp\/v2\/product_tag?post=2031"}],"curies":[{"name":"wp","href":"https:\/\/api.w.org\/{rel}","templated":true}]}}