{"id":2009,"date":"2025-10-11T20:53:52","date_gmt":"2025-10-11T20:53:52","guid":{"rendered":"https:\/\/toctoctoc.ci\/?post_type=product&#038;p=2009"},"modified":"2026-05-06T12:54:11","modified_gmt":"2026-05-06T12:54:11","slug":"robinet-intelligent-sans-contact","status":"publish","type":"product","link":"https:\/\/toctoctoc.ci\/en\/store-listing\/cuisine-et-maison-2\/plomberie\/robinet-intelligent-sans-contact\/","title":{"rendered":"Robinet intelligent sans contact"},"content":{"rendered":"<h1>\u00c0 propos de cet article<\/h1>\n<p dir=\"auto\"><strong>Robinet \u00e0 D\u00e9tection Infrarouge<\/strong> : Ce mod\u00e8le sans contact utilise un capteur infrarouge pour activer l&rsquo;eau automatiquement lorsque vous passez la main \u00e0 10 cm, s&rsquo;arr\u00eatant apr\u00e8s 2 secondes sans mouvement. Id\u00e9al pour \u00e9conomiser l&rsquo;eau (niveau 1) et maintenir l&rsquo;hygi\u00e8ne, il supporte eau chaude\/froide avec une pression de 0,05-0,8 MPa. Style classique pour lavabo, mont\u00e9 sur plan de travail.<\/p>\n<p dir=\"auto\"><strong>Mat\u00e9riau et Protection<\/strong> : Le c\u0153ur de valve est en plastique robuste, avec un bo\u00eetier \u00e9tanche IPX6 r\u00e9sistant aux \u00e9claboussures (pas d&rsquo;immersion). Con\u00e7u pour une durabilit\u00e9 quotidienne, il \u00e9vite les contacts manuels, r\u00e9duisant les risques de contamination.<\/p>\n<p dir=\"auto\"><strong>Installation Facile<\/strong> : Choisissez l&rsquo;adaptateur adapt\u00e9 \u00e0 votre robinet, fixez-le avec une rondelle, et ins\u00e9rez le dispositif (clic audible). Coupez l&rsquo;eau avant installation. Rechargez le capteur via USB tous les 1-2 mois.<\/p>\n<p dir=\"auto\"><strong>Utilisation et Entretien<\/strong> : Passez la main pour activer ; nettoyez le bec avec un chiffon doux et d\u00e9tartrer si calcaire. V\u00e9rifiez les connexions annuellement. \u00c9vitez produits chimiques agressifs.<\/p>\n<p dir=\"auto\"><strong>Pr\u00e9cautions et S\u00e9curit\u00e9<\/strong> : Gardez hors de port\u00e9e des enfants, coupez l&rsquo;eau avant montage, et respectez l&rsquo;IPX6 pour \u00e9claboussures seulement.<\/p>\n<h1>Description du produit<\/h1>\n<p><img fetchpriority=\"high\" decoding=\"async\" class=\"alignnone size-large wp-image-2010\" src=\"http:\/\/toctoctoc.ci\/wp-content\/uploads\/2025\/10\/s-l1600-3-1024x1024.jpg\" alt=\"\" width=\"640\" height=\"640\" \/> <img decoding=\"async\" class=\"alignnone size-large wp-image-2011\" src=\"http:\/\/toctoctoc.ci\/wp-content\/uploads\/2025\/10\/s-l1600-2-1024x1024.jpg\" alt=\"\" width=\"640\" height=\"640\" \/> <img decoding=\"async\" class=\"alignnone size-large wp-image-2012\" src=\"http:\/\/toctoctoc.ci\/wp-content\/uploads\/2025\/10\/s-l1600-1-1024x1024.jpg\" alt=\"\" width=\"640\" height=\"640\" \/> <img loading=\"lazy\" decoding=\"async\" class=\"alignnone size-large wp-image-2013\" src=\"http:\/\/toctoctoc.ci\/wp-content\/uploads\/2025\/10\/51sCFvOF4BL._AC_SL1000_-1024x1024.jpg\" alt=\"\" width=\"640\" height=\"640\" \/> <img loading=\"lazy\" decoding=\"async\" class=\"alignnone size-large wp-image-2014\" src=\"http:\/\/toctoctoc.ci\/wp-content\/uploads\/2025\/10\/51A7KxV9hEL._AC_SL1000_-1024x1024.jpg\" alt=\"\" width=\"640\" height=\"640\" \/><\/p>\n<p>&nbsp;<\/p>\n<h1>Descriptif technique<\/h1>\n<table width=\"541\">\n<tbody>\n<tr>\n<td width=\"251\">R\u00e9f\u00e9rence<\/td>\n<td>\u200eToc 20240186<\/td>\n<\/tr>\n<tr>\n<td width=\"251\">Dimensions d\u2019article<\/td>\n<td>\u200e6 X 3.4 X 4.9 cm\u00a0; 105 grammes<\/td>\n<\/tr>\n<tr>\n<td width=\"251\">Nombre d&rsquo;article(s)<\/td>\n<td>\u200e1<\/td>\n<\/tr>\n<tr>\n<td width=\"251\">Couleur<\/td>\n<td>\u200eBlanc<\/td>\n<\/tr>\n<tr>\n<td width=\"251\">Forme<\/td>\n<td>\u200eCarr\u00e9<\/td>\n<\/tr>\n<tr>\n<td width=\"251\">Mat\u00e9riau<\/td>\n<td>\u200ePVC<\/td>\n<\/tr>\n<tr>\n<td width=\"251\">Type d\u2019alimentatoin<\/td>\n<td>USB C<\/td>\n<\/tr>\n<tr>\n<td width=\"251\">Caract\u00e9ristiques sp\u00e9ciales<\/td>\n<td>\u200eSans contact\/ rechargeable<\/td>\n<\/tr>\n<tr>\n<td width=\"251\">Compatibilit\u00e9<\/td>\n<td>Adaptateur pour tous les robinets<\/td>\n<\/tr>\n<\/tbody>\n<\/table>\n<p>&nbsp;<\/p>\n<h1>Le contenu<\/h1>\n<table width=\"421\">\n<tbody>\n<tr>\n<td width=\"417\">Un robinet intelligent<\/td>\n<\/tr>\n<tr>\n<td width=\"417\">Six adaptateurs (t\u00eate)<\/td>\n<\/tr>\n<tr>\n<td width=\"417\">Deux rondelles d\u2019\u00e9tanch\u00e9it\u00e9<\/td>\n<\/tr>\n<tr>\n<td width=\"417\">Une cl\u00e9<\/td>\n<\/tr>\n<tr>\n<td width=\"417\">Le manuel<\/td>\n<\/tr>\n<tr>\n<td width=\"417\"><\/td>\n<\/tr>\n<\/tbody>\n<\/table>\n<p>&nbsp;<\/p>\n<h1>Vid\u00e9o<\/h1>\n<p><iframe title=\"20240209\" width=\"563\" height=\"1000\" src=\"https:\/\/www.youtube.com\/embed\/y8TAozo1xac?feature=oembed\" frameborder=\"0\" allow=\"accelerometer; autoplay; clipboard-write; encrypted-media; gyroscope; picture-in-picture; web-share\" referrerpolicy=\"strict-origin-when-cross-origin\" allowfullscreen><\/iframe><\/p>","protected":false},"excerpt":{"rendered":"<p dir=\"auto\">D\u00e9couvrez notre robinet intelligent sans contact HNGCHOIGE, avec d\u00e9tection infrarouge pour une activation automatique et \u00e9conomie d&rsquo;eau (niveau 1). Compatible eau chaude\/froide (0,05-0,8 MPa), \u00e9tanche IPX6, mont\u00e9 sur lavabo. Charge USB, installation facile avec adaptateur. Compact (6&#215;3,4&#215;4,9 cm) et hygi\u00e9nique pour cuisine ou salle de bain.<\/p>\n<h3 dir=\"auto\"><\/h3>","protected":false},"featured_media":2019,"comment_status":"open","ping_status":"closed","template":"","meta":{"_acf_changed":false},"locations":[135,133,134],"product_brand":[],"product_cat":[66,97],"product_tag":[],"class_list":{"0":"post-2009","1":"product","2":"type-product","3":"status-publish","4":"has-post-thumbnail","6":"locations-cgk","7":"locations-kenya","8":"locations-t03","9":"product_cat-cuisine-et-maison-2","10":"product_cat-plomberie","12":"first","13":"instock","14":"featured","15":"shipping-taxable","16":"purchasable","17":"product-type-simple"},"acf":[],"jetpack_sharing_enabled":true,"_links":{"self":[{"href":"https:\/\/toctoctoc.ci\/en\/wp-json\/wp\/v2\/product\/2009","targetHints":{"allow":["GET"]}}],"collection":[{"href":"https:\/\/toctoctoc.ci\/en\/wp-json\/wp\/v2\/product"}],"about":[{"href":"https:\/\/toctoctoc.ci\/en\/wp-json\/wp\/v2\/types\/product"}],"replies":[{"embeddable":true,"href":"https:\/\/toctoctoc.ci\/en\/wp-json\/wp\/v2\/comments?post=2009"}],"wp:featuredmedia":[{"embeddable":true,"href":"https:\/\/toctoctoc.ci\/en\/wp-json\/wp\/v2\/media\/2019"}],"wp:attachment":[{"href":"https:\/\/toctoctoc.ci\/en\/wp-json\/wp\/v2\/media?parent=2009"}],"wp:term":[{"taxonomy":"locations","embeddable":true,"href":"https:\/\/toctoctoc.ci\/en\/wp-json\/wp\/v2\/locations?post=2009"},{"taxonomy":"product_brand","embeddable":true,"href":"https:\/\/toctoctoc.ci\/en\/wp-json\/wp\/v2\/product_brand?post=2009"},{"taxonomy":"product_cat","embeddable":true,"href":"https:\/\/toctoctoc.ci\/en\/wp-json\/wp\/v2\/product_cat?post=2009"},{"taxonomy":"product_tag","embeddable":true,"href":"https:\/\/toctoctoc.ci\/en\/wp-json\/wp\/v2\/product_tag?post=2009"}],"curies":[{"name":"wp","href":"https:\/\/api.w.org\/{rel}","templated":true}]}}