{"id":1977,"date":"2025-10-11T20:22:42","date_gmt":"2025-10-11T20:22:42","guid":{"rendered":"https:\/\/toctoctoc.ci\/?post_type=product&#038;p=1977"},"modified":"2026-03-17T02:29:24","modified_gmt":"2026-03-17T02:29:24","slug":"console-de-jeu-portable-jeu","status":"publish","type":"product","link":"https:\/\/toctoctoc.ci\/en\/store-listing\/sports-et-loisirs\/jeux\/console-de-jeu-portable-jeu\/","title":{"rendered":"Console de jeu portable + jeu"},"content":{"rendered":"<h1>\u00c0 propos de cet article<\/h1>\n<p dir=\"auto\"><strong>Caract\u00e9ristiques Principales<\/strong> : \u00c9cran OCA lamin\u00e9, GPU Mali-G31, syst\u00e8me Linux 64 bits. \u00c9mulation vari\u00e9e (PSP, PS1, NDS, ARCADE, etc.), haut-parleur hi-fi, \u00e9clairage RGB joystick (16M couleurs).<\/p>\n<p dir=\"auto\"><strong>Connectivit\u00e9 et Autonomie<\/strong> : WiFi 2.4\/5G, Bluetooth 4.2. Batterie 3200 mAh (6h), charge USB OTG\/C2C en 2-3h.<\/p>\n<p dir=\"auto\"><strong>Fonctionnalit\u00e9s<\/strong> : Sortie HDMI, moteur vibration, multi-joueurs en ligne. Support langues incl. fran\u00e7ais.<\/p>\n<p dir=\"auto\"><strong>Installation Facile<\/strong> : Ins\u00e9rez carte TF, chargez, allumez (power 3s), naviguez joystick\/boutons.<\/p>\n<p dir=\"auto\"><strong>Entretien et S\u00e9curit\u00e9<\/strong> : Nettoyez microfibre sec, \u00e9vitez eau\/chaleur\/d\u00e9montage. Limitez sessions pour fatigue oculaire.<\/p>\n<h1>Description du produit<\/h1>\n<p><img fetchpriority=\"high\" decoding=\"async\" class=\"alignnone size-large wp-image-1978\" src=\"http:\/\/toctoctoc.ci\/wp-content\/uploads\/2025\/10\/Sb5f73e8954a8431c8706ca4bd25e1a88K-1024x1024.jpg\" alt=\"\" width=\"640\" height=\"640\" \/> <img decoding=\"async\" class=\"alignnone size-large wp-image-1979\" src=\"http:\/\/toctoctoc.ci\/wp-content\/uploads\/2025\/10\/S92a38f6fa29e4823b26ed2f66c2d10b48-1024x1024.jpg\" alt=\"\" width=\"640\" height=\"640\" \/> <img decoding=\"async\" class=\"alignnone size-large wp-image-1980\" src=\"http:\/\/toctoctoc.ci\/wp-content\/uploads\/2025\/10\/S87ccd231990343b4b82d76eb319157a4D-1024x1024.jpg\" alt=\"\" width=\"640\" height=\"640\" \/> <img loading=\"lazy\" decoding=\"async\" class=\"alignnone size-large wp-image-1981\" src=\"http:\/\/toctoctoc.ci\/wp-content\/uploads\/2025\/10\/S75a299a519064961b6d65780a080d4720-1024x1024.jpg\" alt=\"\" width=\"640\" height=\"640\" \/> <img loading=\"lazy\" decoding=\"async\" class=\"alignnone size-large wp-image-1982\" src=\"http:\/\/toctoctoc.ci\/wp-content\/uploads\/2025\/10\/S9e15c9a3677d44c0bda222e34712a305o-1024x1024.jpg\" alt=\"\" width=\"640\" height=\"640\" \/><\/p>\n<p>&nbsp;<\/p>\n<h1>Descriptif technique<\/h1>\n<table width=\"541\">\n<tbody>\n<tr>\n<td width=\"251\">R\u00e9f\u00e9rence<\/td>\n<td>\u200eToc 20240206<\/td>\n<\/tr>\n<tr>\n<td width=\"251\">Dimensions<\/td>\n<td>\u200e13.9 X 9.2 X 2.2\u00a0 cm\u00a0; 216 grammes<\/td>\n<\/tr>\n<tr>\n<td width=\"251\">Nombre d&rsquo;article(s)<\/td>\n<td>\u200e1<\/td>\n<\/tr>\n<tr>\n<td width=\"251\">Couleur<\/td>\n<td>\u200eBlanc<\/td>\n<\/tr>\n<tr>\n<td width=\"251\">Forme<\/td>\n<td>\u200eCarr\u00e9<\/td>\n<\/tr>\n<tr>\n<td width=\"251\">Mat\u00e9riau<\/td>\n<td>\u200ePVC<\/td>\n<\/tr>\n<tr>\n<td width=\"251\">Type d\u2019alimentatoin<\/td>\n<td>USB C<\/td>\n<\/tr>\n<tr>\n<td width=\"251\">Caract\u00e9ristiques sp\u00e9ciales<\/td>\n<td>\u200e +8000 jeux<\/td>\n<\/tr>\n<tr>\n<td width=\"251\">Compatibilit\u00e9<\/td>\n<td>Bluetooth, WiFi, Linux, HDMI, fran\u00e7ais<\/td>\n<\/tr>\n<\/tbody>\n<\/table>\n<p>&nbsp;<\/p>\n<h1>Le contenu<\/h1>\n<table width=\"421\">\n<tbody>\n<tr>\n<td width=\"257\">Une console de jeu + 2 cartes MicroSD<\/td>\n<\/tr>\n<tr>\n<td width=\"257\">Un c\u00e2ble d\u2019alimentation USB C<\/td>\n<\/tr>\n<tr>\n<td width=\"257\">Un \u00e9tui<\/td>\n<\/tr>\n<tr>\n<td width=\"257\">La notice<\/td>\n<\/tr>\n<\/tbody>\n<\/table>\n<p>&nbsp;<\/p>\n<h1>Vid\u00e9o<\/h1>\n<p><iframe title=\"20240206\" width=\"1200\" height=\"675\" src=\"https:\/\/www.youtube.com\/embed\/UfyBPWQftfU?feature=oembed\" frameborder=\"0\" allow=\"accelerometer; autoplay; clipboard-write; encrypted-media; gyroscope; picture-in-picture; web-share\" referrerpolicy=\"strict-origin-when-cross-origin\" allowfullscreen><\/iframe><\/p>","protected":false},"excerpt":{"rendered":"<p dir=\"auto\">D\u00e9couvrez notre console de jeu portable haute performance avec \u00e9cran IPS 4 pouces 640&#215;480, processeur quad-core 1.5GHz, 1GB RAM et MicroSD 64GB pr\u00e9charg\u00e9e de jeux r\u00e9tro. \u00c9mule PSP, PS1, N64 etc. Autonomie 6h, WiFi\/BT, HDMI TV, multijoueur online, lecteur musique\/e-books.<\/p>\n<h3 dir=\"auto\"><\/h3>","protected":false},"featured_media":1987,"comment_status":"open","ping_status":"closed","template":"","meta":{"_acf_changed":false},"locations":[135,133,134],"product_brand":[],"product_cat":[129,99],"product_tag":[],"class_list":{"0":"post-1977","1":"product","2":"type-product","3":"status-publish","4":"has-post-thumbnail","6":"locations-cgk","7":"locations-kenya","8":"locations-t03","9":"product_cat-jeux","10":"product_cat-sports-et-loisirs","12":"first","13":"instock","14":"featured","15":"shipping-taxable","16":"purchasable","17":"product-type-simple"},"acf":[],"jetpack_sharing_enabled":true,"_links":{"self":[{"href":"https:\/\/toctoctoc.ci\/en\/wp-json\/wp\/v2\/product\/1977","targetHints":{"allow":["GET"]}}],"collection":[{"href":"https:\/\/toctoctoc.ci\/en\/wp-json\/wp\/v2\/product"}],"about":[{"href":"https:\/\/toctoctoc.ci\/en\/wp-json\/wp\/v2\/types\/product"}],"replies":[{"embeddable":true,"href":"https:\/\/toctoctoc.ci\/en\/wp-json\/wp\/v2\/comments?post=1977"}],"wp:featuredmedia":[{"embeddable":true,"href":"https:\/\/toctoctoc.ci\/en\/wp-json\/wp\/v2\/media\/1987"}],"wp:attachment":[{"href":"https:\/\/toctoctoc.ci\/en\/wp-json\/wp\/v2\/media?parent=1977"}],"wp:term":[{"taxonomy":"locations","embeddable":true,"href":"https:\/\/toctoctoc.ci\/en\/wp-json\/wp\/v2\/locations?post=1977"},{"taxonomy":"product_brand","embeddable":true,"href":"https:\/\/toctoctoc.ci\/en\/wp-json\/wp\/v2\/product_brand?post=1977"},{"taxonomy":"product_cat","embeddable":true,"href":"https:\/\/toctoctoc.ci\/en\/wp-json\/wp\/v2\/product_cat?post=1977"},{"taxonomy":"product_tag","embeddable":true,"href":"https:\/\/toctoctoc.ci\/en\/wp-json\/wp\/v2\/product_tag?post=1977"}],"curies":[{"name":"wp","href":"https:\/\/api.w.org\/{rel}","templated":true}]}}