{"id":1965,"date":"2025-10-11T19:55:27","date_gmt":"2025-10-11T19:55:27","guid":{"rendered":"https:\/\/toctoctoc.ci\/?post_type=product&#038;p=1965"},"modified":"2026-03-17T02:33:27","modified_gmt":"2026-03-17T02:33:27","slug":"souris-sans-fil-pliable","status":"publish","type":"product","link":"https:\/\/toctoctoc.ci\/en\/store-listing\/high-tech-2\/accessoires-dordinateur\/souris-sans-fil-pliable\/","title":{"rendered":"Souris sans fil pliable"},"content":{"rendered":"<p><strong>\u00c0 propos de cet article<\/strong><\/p>\n<p><strong>Souris Pliante Pratique :<\/strong> Flexible et pratique, connectez simplement l&rsquo;interface USB de l&rsquo;ordinateur. Courbez pour allumer, aplatissez pour \u00e9teindre. Pas de bouton marche\/arr\u00eat. La conception pliable rend cette souris facile \u00e0 utiliser et \u00e0 ranger.<\/p>\n<p><strong>Design Ergonomique :<\/strong> Apparence \u00e9l\u00e9gante et conception ergonomique, confortable \u00e0 la main. Adopte une technologie optique avanc\u00e9e et un capteur sup\u00e9rieur pour un d\u00e9filement fluide dans toutes les directions. Id\u00e9ale pour le travail, les jeux ou une utilisation quotidienne.<\/p>\n<p><strong>Connexion Sans Fil :<\/strong> Fr\u00e9quence 2,4 GHz, port\u00e9e jusqu&rsquo;\u00e0 10 m (32,81 ft). R\u00e9solution optique 1000 DPI. 2 boutons et d\u00e9filement tactile. Dur\u00e9e de vie des touches : 500 millions de clics. Courant nominal : 8-15 mA \/ 3V.<\/p>\n<p><strong>Compatibilit\u00e9 Large :<\/strong> Fonctionne avec la plupart des ordinateurs, ordinateurs portables, notebooks et t\u00e9l\u00e9viseurs intelligents du march\u00e9.<\/p>\n<p><strong>Autres Caract\u00e9ristiques :<\/strong> Mat\u00e9riau : Plastique + M\u00e9tal. Alimentation : 2 piles AAA (non incluses). M\u00e9thode de travail : Photo\u00e9lectricit\u00e9 + d\u00e9filement tactile. Interface : USB. Couleurs : Blanc ou Noir. Forme : Carr\u00e9.<\/p>\n<h1>Description du produit<\/h1>\n<p>&nbsp;<\/p>\n<p><img fetchpriority=\"high\" decoding=\"async\" class=\"alignnone size-large wp-image-1937\" src=\"http:\/\/toctoctoc.ci\/wp-content\/uploads\/2025\/10\/Hf285df85b92945d591b435eee4771356J-1024x1024.jpg\" alt=\"\" width=\"640\" height=\"640\" \/> <img decoding=\"async\" class=\"alignnone size-large wp-image-1938\" src=\"http:\/\/toctoctoc.ci\/wp-content\/uploads\/2025\/10\/6a20d522-66c2-401e-ad9f-ec05a7f0b187.__CR00300300_PT0_SX300_V1___-1024x1024.jpg\" alt=\"\" width=\"640\" height=\"640\" \/> <img decoding=\"async\" class=\"alignnone size-large wp-image-1939\" src=\"http:\/\/toctoctoc.ci\/wp-content\/uploads\/2025\/10\/H163ac257fbe449cabdbd791df6522bc8z-1024x1024.jpg\" alt=\"\" width=\"640\" height=\"640\" \/><\/p>\n<p>&nbsp;<\/p>\n<h1>Descriptif technique<\/h1>\n<table width=\"541\">\n<tbody>\n<tr>\n<td width=\"251\">R\u00e9f\u00e9rence<\/td>\n<td>\u200eToc 202040202<\/td>\n<\/tr>\n<tr>\n<td width=\"251\">Dimensions<\/td>\n<td>\u200e13 x 5.8 x 1.46cm\u00a0; 61 grammes<\/td>\n<\/tr>\n<tr>\n<td width=\"251\">Nombre d&rsquo;article(s)<\/td>\n<td>\u200e1<\/td>\n<\/tr>\n<tr>\n<td width=\"251\">Couleur<\/td>\n<td>\u200eNoir<\/td>\n<\/tr>\n<tr>\n<td width=\"251\">Forme<\/td>\n<td>\u200eCarr\u00e9<\/td>\n<\/tr>\n<tr>\n<td width=\"251\">Mat\u00e9riau<\/td>\n<td>\u200ePlastique<\/td>\n<\/tr>\n<tr>\n<td width=\"251\">Type d\u2019alimentatoin<\/td>\n<td>Pile AAA<\/td>\n<\/tr>\n<tr>\n<td width=\"251\">Caract\u00e9ristiques sp\u00e9ciales<\/td>\n<td>\u200ePliable<\/td>\n<\/tr>\n<tr>\n<td width=\"251\">Compatibilit\u00e9<\/td>\n<td>Ordinateur<\/td>\n<\/tr>\n<\/tbody>\n<\/table>\n<p>&nbsp;<\/p>\n<h1>Le contenu<\/h1>\n<table width=\"421\">\n<tbody>\n<tr>\n<td width=\"257\">Une souris<\/td>\n<\/tr>\n<tr>\n<td width=\"257\">Un r\u00e9cepteur USB<\/td>\n<\/tr>\n<tr>\n<td width=\"257\"><\/td>\n<\/tr>\n<\/tbody>\n<\/table>\n<p>&nbsp;<\/p>\n<h1>Vid\u00e9o<\/h1>\n<p><iframe title=\"20240202\" width=\"1200\" height=\"675\" src=\"https:\/\/www.youtube.com\/embed\/rps20d9l1_g?feature=oembed\" frameborder=\"0\" allow=\"accelerometer; autoplay; clipboard-write; encrypted-media; gyroscope; picture-in-picture; web-share\" referrerpolicy=\"strict-origin-when-cross-origin\" allowfullscreen><\/iframe><\/p>","protected":false},"excerpt":{"rendered":"<p>D\u00e9couvrez notre souris sans fil pliable, flexible et pratique avec connexion 2,4 GHz jusqu&rsquo;\u00e0 10 m. Courbez pour allumer, aplatissez pour \u00e9teindre. Design ergonomique en plastique et m\u00e9tal, capteur optique 1000 DPI, d\u00e9filement tactile fluide. Compatible avec ordinateurs, laptops et TV intelligents. Mesure 13 x 5,8 x 1,46 cm, p\u00e8se 61 g, aliment\u00e9e par 2 piles AAA (non incluses).<\/p>","protected":false},"featured_media":1944,"comment_status":"open","ping_status":"closed","template":"","meta":{"_acf_changed":false},"locations":[135,133,134],"product_brand":[],"product_cat":[128,95],"product_tag":[],"class_list":{"0":"post-1965","1":"product","2":"type-product","3":"status-publish","4":"has-post-thumbnail","6":"locations-cgk","7":"locations-kenya","8":"locations-t03","9":"product_cat-accessoires-dordinateur","10":"product_cat-high-tech-2","12":"first","13":"instock","14":"shipping-taxable","15":"purchasable","16":"product-type-simple"},"acf":[],"jetpack_sharing_enabled":true,"_links":{"self":[{"href":"https:\/\/toctoctoc.ci\/en\/wp-json\/wp\/v2\/product\/1965","targetHints":{"allow":["GET"]}}],"collection":[{"href":"https:\/\/toctoctoc.ci\/en\/wp-json\/wp\/v2\/product"}],"about":[{"href":"https:\/\/toctoctoc.ci\/en\/wp-json\/wp\/v2\/types\/product"}],"replies":[{"embeddable":true,"href":"https:\/\/toctoctoc.ci\/en\/wp-json\/wp\/v2\/comments?post=1965"}],"wp:featuredmedia":[{"embeddable":true,"href":"https:\/\/toctoctoc.ci\/en\/wp-json\/wp\/v2\/media\/1944"}],"wp:attachment":[{"href":"https:\/\/toctoctoc.ci\/en\/wp-json\/wp\/v2\/media?parent=1965"}],"wp:term":[{"taxonomy":"locations","embeddable":true,"href":"https:\/\/toctoctoc.ci\/en\/wp-json\/wp\/v2\/locations?post=1965"},{"taxonomy":"product_brand","embeddable":true,"href":"https:\/\/toctoctoc.ci\/en\/wp-json\/wp\/v2\/product_brand?post=1965"},{"taxonomy":"product_cat","embeddable":true,"href":"https:\/\/toctoctoc.ci\/en\/wp-json\/wp\/v2\/product_cat?post=1965"},{"taxonomy":"product_tag","embeddable":true,"href":"https:\/\/toctoctoc.ci\/en\/wp-json\/wp\/v2\/product_tag?post=1965"}],"curies":[{"name":"wp","href":"https:\/\/api.w.org\/{rel}","templated":true}]}}