{"id":1949,"date":"2025-10-11T19:31:58","date_gmt":"2025-10-11T19:31:58","guid":{"rendered":"https:\/\/toctoctoc.ci\/?post_type=product&#038;p=1949"},"modified":"2026-05-09T12:04:39","modified_gmt":"2026-05-09T12:04:39","slug":"bague-intelligente-avec-ecran-tactile","status":"publish","type":"product","link":"https:\/\/toctoctoc.ci\/en\/store-listing\/sports-et-loisirs\/accessoires-sports-et-loisirs\/bague-intelligente-avec-ecran-tactile\/","title":{"rendered":"Bague intelligente avec \u00e9cran tactile"},"content":{"rendered":"<h1>\u00c0 propos de cet article<\/h1>\n<p dir=\"auto\"><strong>Fonctions Polyvalentes<\/strong> : Affichez heure, pas, c\u0153ur et batterie via l&rsquo;\u00e9cran tactile. Suivez sommeil (dur\u00e9e, qualit\u00e9, phases) et activez modes sport pour tracker routes et activit\u00e9.<\/p>\n<p dir=\"auto\"><strong>Mat\u00e9riel et Autonomie<\/strong> : En acier inoxydable, Bluetooth 5.2, batterie 15-18 mAh, charge sans fil en 1,5h. \u00c9tanch\u00e9it\u00e9 IP68 (eau froide uniquement).<\/p>\n<p dir=\"auto\"><strong>Compatibilit\u00e9<\/strong> : App gratuite QRing (iOS 8.0+, Android 5.1+), acc\u00e9l\u00e9rom\u00e8tre et capteur c\u0153ur int\u00e9gr\u00e9s.<\/p>\n<p dir=\"auto\"><strong>Installation Facile<\/strong> : Chargez sur socle Type-C, pairiez via app (vibration confirme), choisissez taille 8-13.<\/p>\n<p dir=\"auto\"><strong>Entretien et S\u00e9curit\u00e9<\/strong> : Nettoyez avec chiffon sec, \u00e9vitez chocs, eau chaude ou d\u00e9montage. Consultez m\u00e9decin si irritation.<\/p>\n<h1>Description du produit<\/h1>\n<p><img fetchpriority=\"high\" decoding=\"async\" class=\"alignnone size-large wp-image-1950\" src=\"http:\/\/toctoctoc.ci\/wp-content\/uploads\/2025\/10\/Sf207cabae65b4c89a1b9b96664b761e1g-603x1024.jpg\" alt=\"\" width=\"603\" height=\"1024\" \/> <img decoding=\"async\" class=\"alignnone size-large wp-image-1951\" src=\"http:\/\/toctoctoc.ci\/wp-content\/uploads\/2025\/10\/812gqCf4v6L._AC_SL1500_-1024x1024.jpg\" alt=\"\" width=\"640\" height=\"640\" \/> <img decoding=\"async\" class=\"alignnone size-large wp-image-1952\" src=\"http:\/\/toctoctoc.ci\/wp-content\/uploads\/2025\/10\/714JKR9-MnL._AC_SL1500_-768x1024.jpg\" alt=\"\" width=\"640\" height=\"853\" \/> <img loading=\"lazy\" decoding=\"async\" class=\"alignnone size-large wp-image-1953\" src=\"http:\/\/toctoctoc.ci\/wp-content\/uploads\/2025\/10\/Sb9bf281651bd4df3bfc9ccbc4a444c4cG-683x1024.jpg\" alt=\"\" width=\"640\" height=\"960\" \/> <img loading=\"lazy\" decoding=\"async\" class=\"alignnone size-large wp-image-1954\" src=\"http:\/\/toctoctoc.ci\/wp-content\/uploads\/2025\/10\/S634b8cda3ae6464f8371899f118507fee-1024x1024.jpg\" alt=\"\" width=\"640\" height=\"640\" \/> <img loading=\"lazy\" decoding=\"async\" class=\"alignnone size-large wp-image-1955\" src=\"http:\/\/toctoctoc.ci\/wp-content\/uploads\/2025\/10\/S9e45d215a745402daefd25ebde9e2937k-533x1024.jpg\" alt=\"\" width=\"533\" height=\"1024\" \/> <img loading=\"lazy\" decoding=\"async\" class=\"alignnone wp-image-1956 size-large\" src=\"http:\/\/toctoctoc.ci\/wp-content\/uploads\/2025\/10\/S7cac15f6396d40f5888b7c5fec4cdbc0Z-533x1024.jpg\" alt=\"\" width=\"533\" height=\"1024\" \/> <img loading=\"lazy\" decoding=\"async\" class=\"alignnone size-large wp-image-1957\" src=\"http:\/\/toctoctoc.ci\/wp-content\/uploads\/2025\/10\/S1bcd2bbd9283447a862d1a2b463eb82fS-661x1024.jpg\" alt=\"\" width=\"640\" height=\"991\" \/> <img loading=\"lazy\" decoding=\"async\" class=\"alignnone size-large wp-image-1958\" src=\"http:\/\/toctoctoc.ci\/wp-content\/uploads\/2025\/10\/71qEFXpo11L._AC_SL1500_-1024x978.jpg\" alt=\"\" width=\"640\" height=\"611\" \/> <img loading=\"lazy\" decoding=\"async\" class=\"alignnone size-large wp-image-1959\" src=\"http:\/\/toctoctoc.ci\/wp-content\/uploads\/2025\/10\/S808e0b426ce047c295890d59df3661e8c-410x1024.jpg\" alt=\"\" width=\"410\" height=\"1024\" \/><\/p>\n<p>&nbsp;<\/p>\n<table width=\"541\">\n<tbody>\n<tr>\n<td width=\"251\">R\u00e9f\u00e9rence<\/td>\n<td>\u200eToc 20240203<\/td>\n<\/tr>\n<tr>\n<td width=\"251\">Dimensions<\/td>\n<td>\u200e10.3 X 8 X 3.2 cm\u00a0; 106 grammes<\/td>\n<\/tr>\n<tr>\n<td width=\"251\">Nombre d&rsquo;article(s)<\/td>\n<td>\u200e1<\/td>\n<\/tr>\n<tr>\n<td width=\"251\">Couleur<\/td>\n<td>\u200eNoir<\/td>\n<\/tr>\n<tr>\n<td width=\"251\">Forme<\/td>\n<td>\u200eAlliance<\/td>\n<\/tr>\n<tr>\n<td width=\"251\">Mat\u00e9riau<\/td>\n<td>\u200eAcier inoxydable<\/td>\n<\/tr>\n<tr>\n<td width=\"251\">Type d\u2019alimentatoin<\/td>\n<td>USB C<\/td>\n<\/tr>\n<tr>\n<td width=\"251\">Caract\u00e9ristiques sp\u00e9ciales<\/td>\n<td>\u200e\u00c9cran tactile<\/td>\n<\/tr>\n<tr>\n<td width=\"251\">Compatibilit\u00e9<\/td>\n<td>Android\/IOS<\/td>\n<\/tr>\n<\/tbody>\n<\/table>\n<p>&nbsp;<\/p>\n<h1>Le contenu<\/h1>\n<table width=\"421\">\n<tbody>\n<tr>\n<td width=\"257\">Une bague intelligente<\/td>\n<\/tr>\n<tr>\n<td width=\"257\">Une station de chargement<\/td>\n<\/tr>\n<tr>\n<td width=\"257\">La notice<\/td>\n<\/tr>\n<\/tbody>\n<\/table>\n<p>&nbsp;<\/p>\n<h1>Vid\u00e9o<\/h1>\n<p><iframe title=\"20240203\" width=\"1200\" height=\"675\" src=\"https:\/\/www.youtube.com\/embed\/9vVeG8K5gl4?feature=oembed\" frameborder=\"0\" allow=\"accelerometer; autoplay; clipboard-write; encrypted-media; gyroscope; picture-in-picture; web-share\" referrerpolicy=\"strict-origin-when-cross-origin\" allowfullscreen><\/iframe><\/p>","protected":false},"excerpt":{"rendered":"<p dir=\"auto\">D\u00e9couvrez notre bague intelligente avec \u00e9cran tactile, parfaite pour suivre vos pas, calories, distance, rythme cardiaque 24h\/24 et sommeil. L\u00e9g\u00e8re (3,3g), \u00e9tanche IP68 et autonome 5-7 jours, elle se connecte via Bluetooth \u00e0 l&rsquo;app QRing pour une personnalisation facile et des modes sport en temps r\u00e9el.<\/p>\n<h3 dir=\"auto\"><\/h3>","protected":false},"featured_media":1964,"comment_status":"open","ping_status":"closed","template":"","meta":{"_acf_changed":false},"locations":[135,133,134],"product_brand":[],"product_cat":[124,99],"product_tag":[],"class_list":{"0":"post-1949","1":"product","2":"type-product","3":"status-publish","4":"has-post-thumbnail","6":"locations-cgk","7":"locations-kenya","8":"locations-t03","9":"product_cat-accessoires-sports-et-loisirs","10":"product_cat-sports-et-loisirs","12":"first","13":"instock","14":"shipping-taxable","15":"purchasable","16":"product-type-simple"},"acf":[],"jetpack_sharing_enabled":true,"_links":{"self":[{"href":"https:\/\/toctoctoc.ci\/en\/wp-json\/wp\/v2\/product\/1949","targetHints":{"allow":["GET"]}}],"collection":[{"href":"https:\/\/toctoctoc.ci\/en\/wp-json\/wp\/v2\/product"}],"about":[{"href":"https:\/\/toctoctoc.ci\/en\/wp-json\/wp\/v2\/types\/product"}],"replies":[{"embeddable":true,"href":"https:\/\/toctoctoc.ci\/en\/wp-json\/wp\/v2\/comments?post=1949"}],"wp:featuredmedia":[{"embeddable":true,"href":"https:\/\/toctoctoc.ci\/en\/wp-json\/wp\/v2\/media\/1964"}],"wp:attachment":[{"href":"https:\/\/toctoctoc.ci\/en\/wp-json\/wp\/v2\/media?parent=1949"}],"wp:term":[{"taxonomy":"locations","embeddable":true,"href":"https:\/\/toctoctoc.ci\/en\/wp-json\/wp\/v2\/locations?post=1949"},{"taxonomy":"product_brand","embeddable":true,"href":"https:\/\/toctoctoc.ci\/en\/wp-json\/wp\/v2\/product_brand?post=1949"},{"taxonomy":"product_cat","embeddable":true,"href":"https:\/\/toctoctoc.ci\/en\/wp-json\/wp\/v2\/product_cat?post=1949"},{"taxonomy":"product_tag","embeddable":true,"href":"https:\/\/toctoctoc.ci\/en\/wp-json\/wp\/v2\/product_tag?post=1949"}],"curies":[{"name":"wp","href":"https:\/\/api.w.org\/{rel}","templated":true}]}}