{"id":1922,"date":"2025-10-11T18:27:16","date_gmt":"2025-10-11T18:27:16","guid":{"rendered":"https:\/\/toctoctoc.ci\/?post_type=product&#038;p=1922"},"modified":"2026-05-12T14:56:12","modified_gmt":"2026-05-12T14:56:12","slug":"micro-cravate-sans-fil","status":"publish","type":"product","link":"https:\/\/toctoctoc.ci\/en\/store-listing\/high-tech-2\/accessoires-telephone-portable\/micro-cravate-sans-fil\/","title":{"rendered":"Micro-cravate sans fil"},"content":{"rendered":"<h1>\u00c0 propos de cet article<\/h1>\n<p dir=\"auto\"><strong>Microphone Haute Performance avec Affichage Num\u00e9rique :<\/strong> Chaque microphone et \u00e9tui de charge a un \u00e9cran LCD pour v\u00e9rifier la batterie. Technologie de r\u00e9duction automatique du bruit avec capuchons coupe-vent pour un son clair. \u00c9cran en verre pour un design \u00e9l\u00e9gant.<\/p>\n<p dir=\"auto\"><strong>40 Heures d&rsquo;Autonomie et Transmission \u00e0 82 Pieds :<\/strong> \u00c9tui de charge 600 mAh recharge les micros 5 fois. Chaque micro dure 8 heures. Transmission Bluetooth 2,4 GHz jusqu\u2019\u00e0 82 pieds avec anti-interf\u00e9rences.<\/p>\n<p dir=\"auto\"><strong>R\u00e9duction Active du Bruit :<\/strong> Puce intelligente et capuchons coupe-vent pour capturer un son net, m\u00eame dehors, en minimisant les bruits externes.<\/p>\n<p dir=\"auto\"><strong>Facile \u00e0 Utiliser :<\/strong> Design simple, connexion rapide. Branchez le r\u00e9cepteur au t\u00e9l\u00e9phone pour coupler et utiliser, sans logiciel suppl\u00e9mentaire. Sac de rangement inclus.<\/p>\n<p dir=\"auto\"><strong>Large Compatibilit\u00e9 :<\/strong> R\u00e9cepteur USB Type C pour tous les appareils compatibles, y compris iPhone 15 et plus. Id\u00e9al pour vlogs, podcasts, interviews et tutoriels.<\/p>\n<h1>Description du produit<\/h1>\n<p>&nbsp;<\/p>\n<p><img fetchpriority=\"high\" decoding=\"async\" class=\"alignnone size-large wp-image-1923\" src=\"http:\/\/toctoctoc.ci\/wp-content\/uploads\/2025\/10\/67392be1-a2f6-4c5d-b2b5-2713fc3b348e.ea0c14cff433dd7c7b286ae0c277cf3a-1024x1024.jpeg\" alt=\"\" width=\"640\" height=\"640\" \/> <img decoding=\"async\" class=\"alignnone size-large wp-image-1925\" src=\"http:\/\/toctoctoc.ci\/wp-content\/uploads\/2025\/10\/Sc48bfdd328a644919a59708fbcd1f280X-1024x634.jpg\" alt=\"\" width=\"640\" height=\"396\" \/> <img decoding=\"async\" class=\"alignnone size-large wp-image-1926\" src=\"http:\/\/toctoctoc.ci\/wp-content\/uploads\/2025\/10\/S78b75fbc476849eb9b02fa9c72c5ce2ch-1024x634.jpg\" alt=\"\" width=\"640\" height=\"396\" \/> <img loading=\"lazy\" decoding=\"async\" class=\"alignnone size-large wp-image-1928\" src=\"http:\/\/toctoctoc.ci\/wp-content\/uploads\/2025\/10\/S7c929d53392e4e559db079b6a32cb8f6O-1024x634.jpg\" alt=\"\" width=\"640\" height=\"396\" \/> <img loading=\"lazy\" decoding=\"async\" class=\"alignnone size-large wp-image-1924\" src=\"http:\/\/toctoctoc.ci\/wp-content\/uploads\/2025\/10\/Sd69614bb07cb4240bc3a669fd4c7c9d7h-1024x420.jpg\" alt=\"\" width=\"640\" height=\"263\" \/> <img loading=\"lazy\" decoding=\"async\" class=\"alignnone size-large wp-image-1930\" src=\"http:\/\/toctoctoc.ci\/wp-content\/uploads\/2025\/10\/S1c9e4b498938429db5865c7e100278abb-1024x634.jpg\" alt=\"\" width=\"640\" height=\"396\" \/><\/p>\n<p>&nbsp;<\/p>\n<h1>Descriptif technique<\/h1>\n<table width=\"541\">\n<tbody>\n<tr>\n<td width=\"251\">R\u00e9f\u00e9rence<\/td>\n<td>\u200eToc 20240201<\/td>\n<\/tr>\n<tr>\n<td width=\"251\">Dimensions<\/td>\n<td>\u200e12.5X8.3X3.2 cm\u00a0; 180 grammes<\/td>\n<\/tr>\n<tr>\n<td width=\"251\">Nombre d&rsquo;article(s)<\/td>\n<td>\u200e1<\/td>\n<\/tr>\n<tr>\n<td width=\"251\">Couleur<\/td>\n<td>\u200eNoir<\/td>\n<\/tr>\n<tr>\n<td width=\"251\">Forme<\/td>\n<td>\u200eCarr\u00e9<\/td>\n<\/tr>\n<tr>\n<td width=\"251\">Mat\u00e9riau<\/td>\n<td>\u200ePlastique\/ABS<\/td>\n<\/tr>\n<tr>\n<td width=\"251\">Type d\u2019alimentatoin<\/td>\n<td>USB C<\/td>\n<\/tr>\n<tr>\n<td width=\"251\">Caract\u00e9ristiques sp\u00e9ciales<\/td>\n<td>\u200eR\u00e9duction du bruit active (ANC)<\/td>\n<\/tr>\n<tr>\n<td width=\"251\">Compatibilit\u00e9<\/td>\n<td>Smartphone<\/td>\n<\/tr>\n<\/tbody>\n<\/table>\n<p>&nbsp;<\/p>\n<h1>Le contenu<\/h1>\n<table width=\"421\">\n<tbody>\n<tr>\n<td width=\"257\">Un \u00e9tui de chargement<\/td>\n<\/tr>\n<tr>\n<td width=\"257\">Deux microphones<\/td>\n<\/tr>\n<tr>\n<td width=\"257\">Un \u00e9metteur<\/td>\n<\/tr>\n<tr>\n<td width=\"257\">Un c\u00e2ble de chargement<\/td>\n<\/tr>\n<tr>\n<td width=\"257\">Manuel d\u2019utilisation<\/td>\n<\/tr>\n<\/tbody>\n<\/table>\n<p>&nbsp;<\/p>\n<h1>Vid\u00e9o<\/h1>\n<p><iframe title=\"20240201\" width=\"563\" height=\"1000\" src=\"https:\/\/www.youtube.com\/embed\/9yxGZX5zzcE?feature=oembed\" frameborder=\"0\" allow=\"accelerometer; autoplay; clipboard-write; encrypted-media; gyroscope; picture-in-picture; web-share\" referrerpolicy=\"strict-origin-when-cross-origin\" allowfullscreen><\/iframe><\/p>","protected":false},"excerpt":{"rendered":"<div>\n<p dir=\"auto\">D\u00e9couvrez notre micro-cravate sans fil, con\u00e7u pour capturer un son clair lors des vlogs, podcasts, interviews ou tutoriels. En plastique r\u00e9sistant, il mesure 10,2 x 3,3 x 14,5 cm, p\u00e8se 180 g, avec affichage num\u00e9rique LCD, r\u00e9duction automatique du bruit, autonomie de 40 heures, transmission Bluetooth jusqu&rsquo;\u00e0 82 pieds, r\u00e9cepteur USB Type C compatible iPhone 15 et plus, capuchons coupe-vent et sac de rangement inclus.<\/p>\n<\/div>\n<div><\/div>\n<h3 dir=\"auto\"><\/h3>\n<h3 dir=\"auto\"><\/h3>","protected":false},"featured_media":1935,"comment_status":"open","ping_status":"closed","template":"","meta":{"_acf_changed":false},"locations":[135,133,134],"product_brand":[],"product_cat":[96,95],"product_tag":[],"class_list":{"0":"post-1922","1":"product","2":"type-product","3":"status-publish","4":"has-post-thumbnail","6":"locations-cgk","7":"locations-kenya","8":"locations-t03","9":"product_cat-accessoires-telephone-portable","10":"product_cat-high-tech-2","12":"first","13":"instock","14":"shipping-taxable","15":"purchasable","16":"product-type-simple"},"acf":[],"jetpack_sharing_enabled":true,"_links":{"self":[{"href":"https:\/\/toctoctoc.ci\/en\/wp-json\/wp\/v2\/product\/1922","targetHints":{"allow":["GET"]}}],"collection":[{"href":"https:\/\/toctoctoc.ci\/en\/wp-json\/wp\/v2\/product"}],"about":[{"href":"https:\/\/toctoctoc.ci\/en\/wp-json\/wp\/v2\/types\/product"}],"replies":[{"embeddable":true,"href":"https:\/\/toctoctoc.ci\/en\/wp-json\/wp\/v2\/comments?post=1922"}],"wp:featuredmedia":[{"embeddable":true,"href":"https:\/\/toctoctoc.ci\/en\/wp-json\/wp\/v2\/media\/1935"}],"wp:attachment":[{"href":"https:\/\/toctoctoc.ci\/en\/wp-json\/wp\/v2\/media?parent=1922"}],"wp:term":[{"taxonomy":"locations","embeddable":true,"href":"https:\/\/toctoctoc.ci\/en\/wp-json\/wp\/v2\/locations?post=1922"},{"taxonomy":"product_brand","embeddable":true,"href":"https:\/\/toctoctoc.ci\/en\/wp-json\/wp\/v2\/product_brand?post=1922"},{"taxonomy":"product_cat","embeddable":true,"href":"https:\/\/toctoctoc.ci\/en\/wp-json\/wp\/v2\/product_cat?post=1922"},{"taxonomy":"product_tag","embeddable":true,"href":"https:\/\/toctoctoc.ci\/en\/wp-json\/wp\/v2\/product_tag?post=1922"}],"curies":[{"name":"wp","href":"https:\/\/api.w.org\/{rel}","templated":true}]}}