{"id":1908,"date":"2025-10-11T16:47:13","date_gmt":"2025-10-11T16:47:13","guid":{"rendered":"https:\/\/toctoctoc.ci\/?post_type=product&#038;p=1908"},"modified":"2025-12-09T19:37:26","modified_gmt":"2025-12-09T19:37:26","slug":"poignee-magnetique-du-smartphone","status":"publish","type":"product","link":"https:\/\/toctoctoc.ci\/en\/store-listing\/high-tech-2\/accessoires-telephone-portable\/poignee-magnetique-du-smartphone\/","title":{"rendered":"Poign\u00e9e magn\u00e9tique du smartphone"},"content":{"rendered":"<h1>\u00c0 propos de cet article<\/h1>\n<p dir=\"auto\"><strong>Poign\u00e9e Magn\u00e9tique de Haute Qualit\u00e9 :<\/strong> Cette poign\u00e9e se fixe magn\u00e9tiquement au smartphone pour une prise en main stable lors des photos ou vid\u00e9os. Elle inclut un obturateur Bluetooth, un levier de zoom et un bouton de mode pour changer entre photo et vid\u00e9o.<\/p>\n<p dir=\"auto\"><strong>Protection Compl\u00e8te :<\/strong> Surface magn\u00e9tique en silicone pour \u00e9viter les rayures. Inclut un cordon pour \u00e9tui de t\u00e9l\u00e9phone pour une double protection.<\/p>\n<p dir=\"auto\"><strong>Fonction R\u00e9veil Rapide :<\/strong> Permet d&rsquo;allumer l&rsquo;appareil photo du t\u00e9l\u00e9phone rapidement sur certains mod\u00e8les (iPhone, Huawei, Honor, Xiaomi, OPPO, vivo, OnePlus, Redmi, iQOO). Non compatible avec Samsung\/HarmonyOS NEXT 5.0 ou ult\u00e9rieur.<\/p>\n<p dir=\"auto\"><strong>Autres Caract\u00e9ristiques :<\/strong> Batterie bouton CR1632 en graphite. Bluetooth pour connexion sans fil. Voyant vert pour mise sous tension.<\/p>\n<p dir=\"auto\"><strong>Dimensions et Mat\u00e9riaux :<\/strong> Produit : 124,7 mm x 79,6 mm x 37,7 mm. Poids : 109 g. Mat\u00e9riau : ABS + PC + alliage d&rsquo;aluminium. Taille du m\u00e9tal nu : 12,4 x 7,9 x 3,7 cm (4,88 x 0,31 x 0,14 pouces). Compatibilit\u00e9 Bluetooth : Mod\u00e8les de t\u00e9l\u00e9phones courants.<\/p>\n<h1>Description du produit<\/h1>\n<p><img fetchpriority=\"high\" decoding=\"async\" class=\"alignnone size-large wp-image-1909\" src=\"http:\/\/toctoctoc.ci\/wp-content\/uploads\/2025\/10\/f8fbe695-1f42-482b-99ad-86520189e283.__CR001464600_PT0_SX1464_V1___-1024x420.jpg\" alt=\"\" width=\"640\" height=\"263\" \/> <img decoding=\"async\" class=\"alignnone size-large wp-image-1910\" src=\"http:\/\/toctoctoc.ci\/wp-content\/uploads\/2025\/10\/cbcca91a-1f05-4e3e-89ef-12683897fbdc-1024x947.jpg\" alt=\"\" width=\"640\" height=\"592\" \/> <img decoding=\"async\" class=\"alignnone wp-image-1911 size-large\" src=\"http:\/\/toctoctoc.ci\/wp-content\/uploads\/2025\/10\/a692aeb0-71e2-4b2d-ad64-30ebf9cb536b-547x1024.jpg\" alt=\"\" width=\"547\" height=\"1024\" \/> <img loading=\"lazy\" decoding=\"async\" class=\"alignnone size-large wp-image-1912\" src=\"http:\/\/toctoctoc.ci\/wp-content\/uploads\/2025\/10\/a692aeb0-71e2-4b2d-ad64-30ebf9cb536b-1-547x1024.jpg\" alt=\"\" width=\"547\" height=\"1024\" \/> <img loading=\"lazy\" decoding=\"async\" class=\"alignnone size-large wp-image-1913\" src=\"http:\/\/toctoctoc.ci\/wp-content\/uploads\/2025\/10\/85f58e7b-2b9e-4f99-b262-0f70d78c5c34-1024x1024.jpg\" alt=\"\" width=\"640\" height=\"640\" \/> <img loading=\"lazy\" decoding=\"async\" class=\"alignnone size-large wp-image-1914\" src=\"http:\/\/toctoctoc.ci\/wp-content\/uploads\/2025\/10\/26b18180-d589-4b8d-8958-1101020dfa49-768x1024.jpg\" alt=\"\" width=\"640\" height=\"853\" \/> <img loading=\"lazy\" decoding=\"async\" class=\"alignnone size-large wp-image-1915\" src=\"http:\/\/toctoctoc.ci\/wp-content\/uploads\/2025\/10\/6b665040-6ca3-4f45-a98d-71a0f8c63544-1024x1024.jpg\" alt=\"\" width=\"640\" height=\"640\" \/> <img loading=\"lazy\" decoding=\"async\" class=\"alignnone size-large wp-image-1916\" src=\"http:\/\/toctoctoc.ci\/wp-content\/uploads\/2025\/10\/3fab2d4a-29bf-4a9c-9cc6-a2eec5e338d8-921x1024.jpg\" alt=\"\" width=\"640\" height=\"712\" \/><\/p>\n<p>&nbsp;<\/p>\n<h1>Descriptif technique<\/h1>\n<p>&nbsp;<\/p>\n<table width=\"541\">\n<tbody>\n<tr>\n<td width=\"251\">R\u00e9f\u00e9rence<\/td>\n<td>\u200eToc 20240200<\/td>\n<\/tr>\n<tr>\n<td width=\"251\">Dimensions<\/td>\n<td>\u200e12.4 x 9.4 x 5.7 cm; 109 grammes<\/td>\n<\/tr>\n<tr>\n<td width=\"251\">Nombre d&rsquo;article(s)<\/td>\n<td>\u200e1<\/td>\n<\/tr>\n<tr>\n<td width=\"251\">Couleur<\/td>\n<td>\u200eArgent\u00e9<\/td>\n<\/tr>\n<tr>\n<td width=\"251\">Forme<\/td>\n<td>\u200eCarr\u00e9<\/td>\n<\/tr>\n<tr>\n<td width=\"251\">Mat\u00e9riau<\/td>\n<td>\u200eABS\/ Alliage d&rsquo;aluminium<\/td>\n<\/tr>\n<tr>\n<td width=\"251\">Type d\u2019alimentatoin<\/td>\n<td>Pile bouton (pile plate)<\/td>\n<\/tr>\n<tr>\n<td width=\"251\">Caract\u00e9ristiques sp\u00e9ciales<\/td>\n<td>\u200eT\u00e9l\u00e9commande d\u00e9tachable<\/td>\n<\/tr>\n<tr>\n<td width=\"251\">Compatibilit\u00e9<\/td>\n<td>Iphone et Android<\/td>\n<\/tr>\n<\/tbody>\n<\/table>\n<p>&nbsp;<\/p>\n<h1>Le contenu<\/h1>\n<table width=\"421\">\n<tbody>\n<tr>\n<td width=\"257\">Une poign\u00e9e magn\u00e9tique de smartphone<\/td>\n<\/tr>\n<tr>\n<td width=\"257\">Un anneau magn\u00e9tique<\/p>\n<p>Un kit de nettoyage<\/p>\n<p>Une lani\u00e8re pour t\u00e9l\u00e9phone<\/td>\n<\/tr>\n<tr>\n<td width=\"257\">La notice (anglais -chinois)<\/td>\n<\/tr>\n<\/tbody>\n<\/table>\n<p>&nbsp;<\/p>\n<h1>Vid\u00e9o<\/h1>\n<p><iframe title=\"20240200\" width=\"1200\" height=\"675\" src=\"https:\/\/www.youtube.com\/embed\/47bNOmjFH2o?feature=oembed\" frameborder=\"0\" allow=\"accelerometer; autoplay; clipboard-write; encrypted-media; gyroscope; picture-in-picture; web-share\" referrerpolicy=\"strict-origin-when-cross-origin\" allowfullscreen><\/iframe><\/p>","protected":false},"excerpt":{"rendered":"<p dir=\"auto\">D\u00e9couvrez notre poign\u00e9e magn\u00e9tique pour smartphone, offrant une prise stable pour photos\/vid\u00e9os avec obturateur Bluetooth, levier de zoom et bouton mode. En ABS + PC + alliage d\u2019aluminium, elle mesure 124,7 x 79,6 x 37,7 mm et p\u00e8se 109 g, avec batterie CR1632 et protection silicone.<\/p>\n<h3 dir=\"auto\"><\/h3>","protected":false},"featured_media":1921,"comment_status":"open","ping_status":"closed","template":"","meta":{"_acf_changed":false},"locations":[135,133,134],"product_brand":[],"product_cat":[96,95],"product_tag":[],"class_list":{"0":"post-1908","1":"product","2":"type-product","3":"status-publish","4":"has-post-thumbnail","6":"locations-cgk","7":"locations-kenya","8":"locations-t03","9":"product_cat-accessoires-telephone-portable","10":"product_cat-high-tech-2","12":"first","13":"instock","14":"shipping-taxable","15":"purchasable","16":"product-type-simple"},"acf":[],"jetpack_sharing_enabled":true,"_links":{"self":[{"href":"https:\/\/toctoctoc.ci\/en\/wp-json\/wp\/v2\/product\/1908","targetHints":{"allow":["GET"]}}],"collection":[{"href":"https:\/\/toctoctoc.ci\/en\/wp-json\/wp\/v2\/product"}],"about":[{"href":"https:\/\/toctoctoc.ci\/en\/wp-json\/wp\/v2\/types\/product"}],"replies":[{"embeddable":true,"href":"https:\/\/toctoctoc.ci\/en\/wp-json\/wp\/v2\/comments?post=1908"}],"wp:featuredmedia":[{"embeddable":true,"href":"https:\/\/toctoctoc.ci\/en\/wp-json\/wp\/v2\/media\/1921"}],"wp:attachment":[{"href":"https:\/\/toctoctoc.ci\/en\/wp-json\/wp\/v2\/media?parent=1908"}],"wp:term":[{"taxonomy":"locations","embeddable":true,"href":"https:\/\/toctoctoc.ci\/en\/wp-json\/wp\/v2\/locations?post=1908"},{"taxonomy":"product_brand","embeddable":true,"href":"https:\/\/toctoctoc.ci\/en\/wp-json\/wp\/v2\/product_brand?post=1908"},{"taxonomy":"product_cat","embeddable":true,"href":"https:\/\/toctoctoc.ci\/en\/wp-json\/wp\/v2\/product_cat?post=1908"},{"taxonomy":"product_tag","embeddable":true,"href":"https:\/\/toctoctoc.ci\/en\/wp-json\/wp\/v2\/product_tag?post=1908"}],"curies":[{"name":"wp","href":"https:\/\/api.w.org\/{rel}","templated":true}]}}