{"id":1897,"date":"2025-10-11T16:32:40","date_gmt":"2025-10-11T16:32:40","guid":{"rendered":"https:\/\/toctoctoc.ci\/?post_type=product&#038;p=1897"},"modified":"2025-12-10T17:58:49","modified_gmt":"2025-12-10T17:58:49","slug":"brumisateur-a-ultrasons-a-6-tetes","status":"publish","type":"product","link":"https:\/\/toctoctoc.ci\/en\/store-listing\/jardin-et-exterieur\/decoration-exterieure\/brumisateur-a-ultrasons-a-6-tetes\/","title":{"rendered":"Brumisateur \u00e0 ultrasons \u00e0 6 t\u00eates"},"content":{"rendered":"<h1>\u00c0 propos de cet article<\/h1>\n<p dir=\"auto\"><strong>Brumisateur de Haute Qualit\u00e9 :<\/strong> Ce brumisateur \u00e0 ultrasons avec 6 t\u00eates produit une brume fine gr\u00e2ce \u00e0 des vibrations ultrasoniques. Il a une capacit\u00e9 d&rsquo;\u00e9vaporation maximale de 5000 ml\/h. Fabriqu\u00e9 en acier inoxydable 304, il r\u00e9siste \u00e0 la corrosion et fonctionne bien dans une eau \u00e0 temp\u00e9rature de 1-60\u00b0C.<\/p>\n<p dir=\"auto\"><strong>Protection contre le Manque d&rsquo;Eau :<\/strong> Un interrupteur de protection coupe automatiquement l&rsquo;alimentation si l&rsquo;eau manque, \u00e9vitant ainsi d&rsquo;endommager les plaques c\u00e9ramiques.<\/p>\n<p dir=\"auto\"><strong>Capteur Capacitif Pr\u00e9cis :<\/strong> Les 6 t\u00eates fonctionnent ind\u00e9pendamment. Le capteur arr\u00eate l&rsquo;appareil si l&rsquo;eau est trop basse. Fr\u00e9quence de 1,7 MHz, s\u00fbre pour les humains et les animaux (au-del\u00e0 de l&rsquo;audition).<\/p>\n<p dir=\"auto\"><strong>Applications Polyvalentes :<\/strong> Id\u00e9al pour les jardins, spas, bars, piscines, restaurants ou humidification d&rsquo;air. Il cr\u00e9e de la brume, lib\u00e8re des ions n\u00e9gatifs pour rafra\u00eechir l&rsquo;air et augmente l&rsquo;humidit\u00e9 ambiante.<\/p>\n<p dir=\"auto\"><strong>Autres Caract\u00e9ristiques :<\/strong> Tension : DC 45V \u00b1 3V. Couleur : Gris. Mat\u00e9riau : Acier inoxydable. Longueur du c\u00e2ble : 5 m (connecteur \u00e9tanche inclus).<\/p>\n<h1>Description du produit<\/h1>\n<h1><img fetchpriority=\"high\" decoding=\"async\" class=\"alignleft wp-image-1898 size-large\" src=\"http:\/\/toctoctoc.ci\/wp-content\/uploads\/2025\/10\/c17e085b-0564-4763-99a9-51428ec4d4c9.c469866f42e95db14e61baee7ff3ec8f-1024x1024.jpg\" alt=\"\" width=\"640\" height=\"640\" \/> <img decoding=\"async\" class=\"alignnone size-large wp-image-1899\" src=\"http:\/\/toctoctoc.ci\/wp-content\/uploads\/2025\/10\/s-l1600-4-1024x1024.jpg\" alt=\"\" width=\"640\" height=\"640\" \/> <img decoding=\"async\" class=\"alignnone size-large wp-image-1900\" src=\"http:\/\/toctoctoc.ci\/wp-content\/uploads\/2025\/10\/s-l1600-5-1024x1024.jpg\" alt=\"\" width=\"640\" height=\"640\" \/> <img loading=\"lazy\" decoding=\"async\" class=\"alignnone size-large wp-image-1901\" src=\"http:\/\/toctoctoc.ci\/wp-content\/uploads\/2025\/10\/s-l1600-6-904x1024.jpg\" alt=\"\" width=\"640\" height=\"725\" \/> <img loading=\"lazy\" decoding=\"async\" class=\"alignnone size-large wp-image-1902\" src=\"http:\/\/toctoctoc.ci\/wp-content\/uploads\/2025\/10\/s-l1600-7-863x1024.jpg\" alt=\"\" width=\"640\" height=\"759\" \/><\/h1>\n<h1>Descriptif technique<\/h1>\n<table width=\"588\">\n<tbody>\n<tr>\n<td width=\"251\">R\u00e9f\u00e9rence<\/td>\n<td>\u200eToc 20240199<\/td>\n<\/tr>\n<tr>\n<td width=\"251\">Dimensions colis<\/td>\n<td>\u200e19.5 X 6.8\u00a0 X 5.8 cm\u00a0; 2132 grammes<\/td>\n<\/tr>\n<tr>\n<td width=\"251\">Nombre d&rsquo;article(s)<\/td>\n<td>\u200e1<\/td>\n<\/tr>\n<tr>\n<td width=\"251\">Couleur<\/td>\n<td>\u200eGris<\/td>\n<\/tr>\n<tr>\n<td width=\"251\">Mat\u00e9riau<\/td>\n<td>Acier inoxydable<\/td>\n<\/tr>\n<tr>\n<td width=\"251\">Fonctionnalit\u00e9 sp\u00e9ciale<\/td>\n<td>Ultrasonique<\/td>\n<\/tr>\n<tr>\n<td width=\"251\">Tenson de fonctionnement<\/td>\n<td>DC 45V<\/td>\n<\/tr>\n<tr>\n<td width=\"251\">Longueur de la corde<\/td>\n<td>5m<\/td>\n<\/tr>\n<\/tbody>\n<\/table>\n<p>&nbsp;<\/p>\n<h1>Le contenu<\/h1>\n<table style=\"height: 71px;\" width=\"245\">\n<tbody>\n<tr>\n<td width=\"418\">Brumisateur \u00e0 ultrasons \u00e0 6 t\u00eates<\/td>\n<\/tr>\n<tr>\n<td width=\"418\">Un transformateur \u00e9lectrique<\/td>\n<\/tr>\n<tr>\n<td width=\"418\">Deux bou\u00e9es + vices<\/td>\n<\/tr>\n<\/tbody>\n<\/table>\n<p>&nbsp;<\/p>\n<h1>Vid\u00e9o<\/h1>\n<p><iframe title=\"20240199\" width=\"563\" height=\"1000\" src=\"https:\/\/www.youtube.com\/embed\/WJKfZwc_-EU?feature=oembed\" frameborder=\"0\" allow=\"accelerometer; autoplay; clipboard-write; encrypted-media; gyroscope; picture-in-picture; web-share\" referrerpolicy=\"strict-origin-when-cross-origin\" allowfullscreen><\/iframe><\/p>","protected":false},"excerpt":{"rendered":"<p dir=\"auto\">D\u00e9couvrez notre brumisateur \u00e0 ultrasons avec 6 t\u00eates, con\u00e7u pour produire une brume fine et abondante gr\u00e2ce \u00e0 des vibrations ultrasoniques \u00e0 1,7 MHz, avec une capacit\u00e9 d&rsquo;\u00e9vaporation maximale de 5000 ml\/h. Fabriqu\u00e9 en acier inoxydable 304 r\u00e9sistant \u00e0 la corrosion, il mesure 189 x 68 x 60 mm et p\u00e8se 2132 g avec accessoires, incluant un c\u00e2ble d&rsquo;alimentation de 5 m avec connecteur \u00e9tanche. \u00c9quip\u00e9 d&rsquo;une protection automatique contre le manque d&rsquo;eau via un capteur capacitif pr\u00e9cis, il fonctionne en eau \u00e0 1-60\u00b0C et s&rsquo;arr\u00eate si le niveau est trop bas pour \u00e9viter les dommages. Id\u00e9al pour jardins, spas, bars, piscines, restaurants ou humidification d&rsquo;air, il lib\u00e8re des ions n\u00e9gatifs pour rafra\u00eechir l&rsquo;air et augmenter l&rsquo;humidit\u00e9 ambiante. Tension DC 45V \u00b1 3V via transformateur fourni, couleur gris, pour une utilisation s\u00fbre et efficace (au-del\u00e0 de l&rsquo;audition humaine et animale).<\/p>","protected":false},"featured_media":1907,"comment_status":"open","ping_status":"closed","template":"","meta":{"_acf_changed":false},"locations":[135,133,134],"product_brand":[],"product_cat":[126,125],"product_tag":[],"class_list":{"0":"post-1897","1":"product","2":"type-product","3":"status-publish","4":"has-post-thumbnail","6":"locations-cgk","7":"locations-kenya","8":"locations-t03","9":"product_cat-decoration-exterieure","10":"product_cat-jardin-et-exterieur","12":"first","13":"instock","14":"shipping-taxable","15":"purchasable","16":"product-type-simple"},"acf":[],"jetpack_sharing_enabled":true,"_links":{"self":[{"href":"https:\/\/toctoctoc.ci\/en\/wp-json\/wp\/v2\/product\/1897","targetHints":{"allow":["GET"]}}],"collection":[{"href":"https:\/\/toctoctoc.ci\/en\/wp-json\/wp\/v2\/product"}],"about":[{"href":"https:\/\/toctoctoc.ci\/en\/wp-json\/wp\/v2\/types\/product"}],"replies":[{"embeddable":true,"href":"https:\/\/toctoctoc.ci\/en\/wp-json\/wp\/v2\/comments?post=1897"}],"wp:featuredmedia":[{"embeddable":true,"href":"https:\/\/toctoctoc.ci\/en\/wp-json\/wp\/v2\/media\/1907"}],"wp:attachment":[{"href":"https:\/\/toctoctoc.ci\/en\/wp-json\/wp\/v2\/media?parent=1897"}],"wp:term":[{"taxonomy":"locations","embeddable":true,"href":"https:\/\/toctoctoc.ci\/en\/wp-json\/wp\/v2\/locations?post=1897"},{"taxonomy":"product_brand","embeddable":true,"href":"https:\/\/toctoctoc.ci\/en\/wp-json\/wp\/v2\/product_brand?post=1897"},{"taxonomy":"product_cat","embeddable":true,"href":"https:\/\/toctoctoc.ci\/en\/wp-json\/wp\/v2\/product_cat?post=1897"},{"taxonomy":"product_tag","embeddable":true,"href":"https:\/\/toctoctoc.ci\/en\/wp-json\/wp\/v2\/product_tag?post=1897"}],"curies":[{"name":"wp","href":"https:\/\/api.w.org\/{rel}","templated":true}]}}