{"id":1871,"date":"2025-10-11T15:44:07","date_gmt":"2025-10-11T15:44:07","guid":{"rendered":"https:\/\/toctoctoc.ci\/?post_type=product&#038;p=1871"},"modified":"2026-03-17T02:40:11","modified_gmt":"2026-03-17T02:40:11","slug":"imprimante-a-jet-dencre-portable-avec-cartouche","status":"publish","type":"product","link":"https:\/\/toctoctoc.ci\/en\/store-listing\/fournitures-de-bureau-scolaire\/fournitures-electroniques\/imprimante-a-jet-dencre-portable-avec-cartouche\/","title":{"rendered":"Imprimante \u00e0 jet d&rsquo;encre portable (avec cartouche)"},"content":{"rendered":"<h1>\u00c0 propos de cet article<\/h1>\n<p dir=\"auto\"><strong>Surfaces d&rsquo;Impression Polyvalentes :<\/strong> Cette mini-imprimante jet d&rsquo;encre portable se distingue par sa capacit\u00e9 \u00e0 imprimer avec pr\u00e9cision sur une vari\u00e9t\u00e9 de mat\u00e9riaux, allant des pots et bouteilles au plastique et au tissu. Gr\u00e2ce \u00e0 sa technologie avanc\u00e9e, elle garantit des cr\u00e9ations nettes et pr\u00e9cises, m\u00eame sur des surfaces courbes.<\/p>\n<p dir=\"auto\"><strong>Impressions Nettes et Durables :<\/strong> Avec notre imprimante portable, vous pouvez profiter d&rsquo;impressions \u00e9clatantes et de haute qualit\u00e9. Con\u00e7ue pour offrir des r\u00e9sultats durables, elle assure un s\u00e9chage rapide sur toutes les surfaces.<\/p>\n<p dir=\"auto\"><strong>Impression en D\u00e9placement :<\/strong> L\u00e9g\u00e8re et \u00e9l\u00e9gante, cette imprimante \u00e0 jet d&rsquo;encre portable est con\u00e7ue pour tenir confortablement dans votre main. \u00c9quip\u00e9e d&rsquo;une batterie rechargeable, elle permet une impression sans effort, o\u00f9 que vous soyez. Que ce soit pour des \u00e9v\u00e9nements, des march\u00e9s ou des projets \u00e0 domicile, vous pouvez imprimer facilement et rapidement.<\/p>\n<p dir=\"auto\"><strong>Personnalisation Facile :<\/strong> Id\u00e9ale pour les petites entreprises, notre imprimante \u00e0 encre portable facilite la personnalisation de vos produits. Que vous souhaitiez ajouter des logos sur des tasses ou indiquer des dates d&rsquo;expiration sur des contenants, cet outil am\u00e9liore votre image de marque.<\/p>\n<p dir=\"auto\"><strong>\u00c9cran Tactile Intuitif en diff\u00e9rentes langues (y compris le fran\u00e7ais) :<\/strong> Augmentez votre productivit\u00e9 gr\u00e2ce \u00e0 l&rsquo;\u00e9cran tactile intuitif de notre pistolet d&rsquo;impression. Cet interface conviviale permet une impression rapide et pr\u00e9cise de codes-barres, de texte, de logos et bien plus encore. Personnalisez vos impressions en quelques gestes, rendant le processus \u00e0 la fois simple et efficace.<\/p>\n<h1>Description du produit<\/h1>\n<p dir=\"auto\"><img fetchpriority=\"high\" decoding=\"async\" class=\"alignnone size-large wp-image-1873\" src=\"http:\/\/toctoctoc.ci\/wp-content\/uploads\/2025\/10\/d2de5734-c067-4546-b1e1-2dd728749723.__CR001464600_PT0_SX1464_V1___-1024x420.jpg\" alt=\"\" width=\"640\" height=\"263\" \/> <img decoding=\"async\" class=\"alignnone size-large wp-image-1872\" src=\"http:\/\/toctoctoc.ci\/wp-content\/uploads\/2025\/10\/441c1e4b-62b3-4417-9488-0627c775b778.a54a37a50b90b0b979e57d9e887028ff-1024x1024.jpg\" alt=\"\" width=\"640\" height=\"640\" data-wp-editing=\"1\" \/> <img decoding=\"async\" class=\"alignnone size-large wp-image-1878\" src=\"http:\/\/toctoctoc.ci\/wp-content\/uploads\/2025\/10\/S3c88203268f7406db6bdfde162f0739cV_4_11zon-1024x1024.jpg\" alt=\"\" width=\"640\" height=\"640\" \/> <img loading=\"lazy\" decoding=\"async\" class=\"alignnone size-large wp-image-1877\" src=\"http:\/\/toctoctoc.ci\/wp-content\/uploads\/2025\/10\/S0e5b3d8c13fd495c98941b6998be9b39D_11zon-953x1024.jpg\" alt=\"\" width=\"640\" height=\"688\" \/> <img loading=\"lazy\" decoding=\"async\" class=\"alignnone size-large wp-image-1876\" src=\"http:\/\/toctoctoc.ci\/wp-content\/uploads\/2025\/10\/mini-printer-inkjet-642x1024.jpg\" alt=\"\" width=\"640\" height=\"1021\" \/> <img loading=\"lazy\" decoding=\"async\" class=\"alignnone size-large wp-image-1875\" src=\"http:\/\/toctoctoc.ci\/wp-content\/uploads\/2025\/10\/mini-handheld-inkjet-printer-711x1024.jpg\" alt=\"\" width=\"640\" height=\"922\" \/> <img loading=\"lazy\" decoding=\"async\" class=\"alignnone wp-image-1874 size-large\" src=\"http:\/\/toctoctoc.ci\/wp-content\/uploads\/2025\/10\/ecc3ac39-4a13-4b82-ab8e-8b27d6dd78bb.e99c3746ee3b0571a8a840bc191df92d-1024x1024.jpg\" alt=\"\" width=\"640\" height=\"640\" \/><\/p>\n<h1>Descriptif technique<\/h1>\n<p>&nbsp;<\/p>\n<table style=\"height: 371px;\" width=\"548\">\n<tbody>\n<tr>\n<td width=\"251\">R\u00e9f\u00e9rence<\/td>\n<td>\u200eToc 20240196<\/td>\n<\/tr>\n<tr>\n<td width=\"251\">Dimensions colis<\/td>\n<td>\u200e21 X 12.5 X 9\u00a0 cm\u00a0; 513 grammes<\/td>\n<\/tr>\n<tr>\n<td width=\"251\">Nombre d&rsquo;article(s)<\/td>\n<td>\u200e1<\/td>\n<\/tr>\n<tr>\n<td width=\"251\">Couleur<\/td>\n<td>\u200eBleu<\/td>\n<\/tr>\n<tr>\n<td width=\"251\">Mat\u00e9riau<\/td>\n<td>ABS<\/td>\n<\/tr>\n<tr>\n<td width=\"251\">Source d\u2019\u00e9nergie<\/td>\n<td>Batterie Lithium<\/td>\n<\/tr>\n<tr>\n<td width=\"251\">Surface compatible<\/td>\n<td>\u200eCarton, plastique, bois, pierre, emballage industriel<\/td>\n<\/tr>\n<tr>\n<td width=\"251\">Contenu de l&rsquo;impression<\/td>\n<td>Date, nombre, num\u00e9ro de lot, num\u00e9ro de s\u00e9rie, image, code QR, etc.<\/td>\n<\/tr>\n<tr>\n<td width=\"251\">\u00c9cran<\/td>\n<td>Tactile<\/td>\n<\/tr>\n<tr>\n<td width=\"251\">Type d\u2019encre<\/td>\n<td>Cartouche<\/td>\n<\/tr>\n<tr>\n<td width=\"251\">Langue<\/td>\n<td>Francais<\/td>\n<\/tr>\n<tr>\n<td width=\"251\"><\/td>\n<td><\/td>\n<\/tr>\n<\/tbody>\n<\/table>\n<h1>Le contenu<\/h1>\n<table style=\"height: 191px;\" width=\"363\">\n<tbody>\n<tr>\n<td width=\"374\">Mini imprimante \u00e0 jet d&rsquo;encre portable<\/td>\n<\/tr>\n<tr>\n<td width=\"374\">Une cartouche d\u2019encre<\/td>\n<\/tr>\n<tr>\n<td width=\"374\">Un c\u00e2ble USB (type C)<\/td>\n<\/tr>\n<tr>\n<td width=\"374\">Une plaque de positionnement (r\u00e9gl\u00e9e)<\/td>\n<\/tr>\n<tr>\n<td width=\"374\">Un stylet tactile<\/td>\n<\/tr>\n<tr>\n<td width=\"374\">Un Spray d&rsquo;alcool<\/td>\n<\/tr>\n<tr>\n<td width=\"374\">La notice (chinois-anglais )<\/td>\n<\/tr>\n<\/tbody>\n<\/table>\n<p>&nbsp;<\/p>\n<h1>Vid\u00e9o<\/h1>\n<p><iframe title=\"20240196\" width=\"563\" height=\"1000\" src=\"https:\/\/www.youtube.com\/embed\/nbvwfFT2UoE?feature=oembed\" frameborder=\"0\" allow=\"accelerometer; autoplay; clipboard-write; encrypted-media; gyroscope; picture-in-picture; web-share\" referrerpolicy=\"strict-origin-when-cross-origin\" allowfullscreen><\/iframe><\/p>","protected":false},"excerpt":{"rendered":"<p dir=\"auto\">D\u00e9couvrez notre mini-imprimante \u00e0 jet d&rsquo;encre portable, id\u00e9ale pour imprimer avec pr\u00e9cision sur divers mat\u00e9riaux comme les pots, bouteilles, plastique ou tissu, m\u00eame sur surfaces courbes. Profitez d&rsquo;impressions nettes et durables avec un s\u00e9chage rapide. L\u00e9g\u00e8re et \u00e9quip\u00e9e d&rsquo;une batterie rechargeable, elle permet une utilisation facile en d\u00e9placement pour des \u00e9v\u00e9nements ou projets \u00e0 domicile. Parfaite pour personnaliser logos, codes-barres ou dates d&rsquo;expiration, elle booste votre image de marque. Son \u00e9cran tactile intuitif en plusieurs langues, dont le fran\u00e7ais, simplifie le processus pour une productivit\u00e9 accrue.<\/p>","protected":false},"featured_media":1879,"comment_status":"open","ping_status":"closed","template":"","meta":{"_acf_changed":false},"locations":[135,133,134],"product_brand":[],"product_cat":[74,123],"product_tag":[],"class_list":{"0":"post-1871","1":"product","2":"type-product","3":"status-publish","4":"has-post-thumbnail","6":"locations-cgk","7":"locations-kenya","8":"locations-t03","9":"product_cat-fournitures-de-bureau-scolaire","10":"product_cat-fournitures-electroniques","12":"first","13":"instock","14":"shipping-taxable","15":"purchasable","16":"product-type-simple"},"acf":[],"jetpack_sharing_enabled":true,"_links":{"self":[{"href":"https:\/\/toctoctoc.ci\/en\/wp-json\/wp\/v2\/product\/1871","targetHints":{"allow":["GET"]}}],"collection":[{"href":"https:\/\/toctoctoc.ci\/en\/wp-json\/wp\/v2\/product"}],"about":[{"href":"https:\/\/toctoctoc.ci\/en\/wp-json\/wp\/v2\/types\/product"}],"replies":[{"embeddable":true,"href":"https:\/\/toctoctoc.ci\/en\/wp-json\/wp\/v2\/comments?post=1871"}],"wp:featuredmedia":[{"embeddable":true,"href":"https:\/\/toctoctoc.ci\/en\/wp-json\/wp\/v2\/media\/1879"}],"wp:attachment":[{"href":"https:\/\/toctoctoc.ci\/en\/wp-json\/wp\/v2\/media?parent=1871"}],"wp:term":[{"taxonomy":"locations","embeddable":true,"href":"https:\/\/toctoctoc.ci\/en\/wp-json\/wp\/v2\/locations?post=1871"},{"taxonomy":"product_brand","embeddable":true,"href":"https:\/\/toctoctoc.ci\/en\/wp-json\/wp\/v2\/product_brand?post=1871"},{"taxonomy":"product_cat","embeddable":true,"href":"https:\/\/toctoctoc.ci\/en\/wp-json\/wp\/v2\/product_cat?post=1871"},{"taxonomy":"product_tag","embeddable":true,"href":"https:\/\/toctoctoc.ci\/en\/wp-json\/wp\/v2\/product_tag?post=1871"}],"curies":[{"name":"wp","href":"https:\/\/api.w.org\/{rel}","templated":true}]}}