{"id":1806,"date":"2024-11-24T11:13:48","date_gmt":"2024-11-24T11:13:48","guid":{"rendered":"https:\/\/toctoctoc.ci\/?post_type=product&#038;p=1806"},"modified":"2026-03-02T10:11:54","modified_gmt":"2026-03-02T10:11:54","slug":"support-de-telephone-quad-lock-moto-et-velo","status":"publish","type":"product","link":"https:\/\/toctoctoc.ci\/en\/store-listing\/auto-moto\/accessoires-auto-moto\/support-de-telephone-quad-lock-moto-et-velo\/","title":{"rendered":"Support de t\u00e9l\u00e9phone Quad Lock  (moto et v\u00e9lo)"},"content":{"rendered":"<h1>\u00c0 propos de cet article<\/h1>\n<p><em><strong>Solidit\u00e9 et S\u00e9curit\u00e9\u00a0 : <\/strong><\/em>Le support de guidon de moto pour smartphone se distingue par sa robustesse, sa s\u00e9curit\u00e9 et sa polyvalence.<\/p>\n<p><em><strong>Syst\u00e8me de Verrouillage Innovant : <\/strong><\/em>Son syst\u00e8me de verrouillage brevet\u00e9 \u00e0 deux niveaux assure un maintien optimal de votre t\u00e9l\u00e9phone sur la moto, vous permettant de rouler en toute tranquillit\u00e9. Pour une protection suppl\u00e9mentaire, il est conseill\u00e9 d&rsquo;ajouter l&rsquo;amortisseur de vibrations en option.<\/p>\n<p><em><strong>Facilit\u00e9 d&rsquo;Utilisation : <\/strong><\/em>Ce support se fixe et se retire rapidement, offrant un acc\u00e8s facile \u00e0 vos applications pendant vos trajets.<\/p>\n<p><em><strong>Compatibilit\u00e9 et Options de Montage : <\/strong><\/em>Il propose plusieurs configurations de montage, s&rsquo;adaptant aux barres de 7\/8\u201d (22 mm), 1\u201d (25 mm), 1-1\/8\u201d (28 mm) et 1-1\/4\u201d (32 mm). De plus, il est compatible avec tous les bo\u00eetiers Quad Lock et les adaptateurs universels (inclus).<\/p>\n<p>&nbsp;<\/p>\n<h1>Description du produit<\/h1>\n<p><img fetchpriority=\"high\" decoding=\"async\" class=\"alignnone size-large wp-image-1807\" src=\"http:\/\/toctoctoc.ci\/wp-content\/uploads\/2024\/11\/455940f3f0ab785a1e9badd85fedb2bf-1024x1024.jpg\" alt=\"\" width=\"640\" height=\"640\" \/> <img decoding=\"async\" class=\"alignnone size-large wp-image-1808\" src=\"http:\/\/toctoctoc.ci\/wp-content\/uploads\/2024\/11\/d8865bc0-78e1-4dfd-aedf-ec7f0036a16f-1024x1024.jpg\" alt=\"\" width=\"640\" height=\"640\" \/> <img decoding=\"async\" class=\"alignnone size-large wp-image-1809\" src=\"http:\/\/toctoctoc.ci\/wp-content\/uploads\/2024\/11\/a15292d3-476c-444d-b933-a175df870538-1024x1024.jpg\" alt=\"\" width=\"640\" height=\"640\" \/> <img loading=\"lazy\" decoding=\"async\" class=\"alignnone size-large wp-image-1810\" src=\"http:\/\/toctoctoc.ci\/wp-content\/uploads\/2024\/11\/29b3bc6a25336ecda18ca7609ba1771c-1024x1024.jpg\" alt=\"\" width=\"640\" height=\"640\" \/> <img loading=\"lazy\" decoding=\"async\" class=\"alignnone size-large wp-image-1811\" src=\"http:\/\/toctoctoc.ci\/wp-content\/uploads\/2024\/11\/26403987a0dc4021d2959cb650c059a6-1024x1024.jpg\" alt=\"\" width=\"640\" height=\"640\" \/><\/p>\n<p>&nbsp;<\/p>\n<h1>Descriptif technique<\/h1>\n<table width=\"588\">\n<tbody>\n<tr>\n<td width=\"251\">R\u00e9f\u00e9rence<\/td>\n<td>\u200eToc 20240194<\/td>\n<\/tr>\n<tr>\n<td width=\"251\">Dimensions colis<\/td>\n<td>\u200e12 X 10.5 X 4 cm\u00a0; 150 grammes<\/td>\n<\/tr>\n<tr>\n<td width=\"251\">Nombre d&rsquo;article(s)<\/td>\n<td>\u200e1<\/td>\n<\/tr>\n<tr>\n<td width=\"251\">Couleur<\/td>\n<td>\u200eNoir\/Bleu<\/td>\n<\/tr>\n<tr>\n<td width=\"251\">Mat\u00e9riau<\/td>\n<td>\u200eFibre de verre renforc\u00e9e<\/td>\n<\/tr>\n<tr>\n<td width=\"251\">Caract\u00e9ristiques sp\u00e9ciales<\/td>\n<td>Adaptabilit\u00e9<\/td>\n<\/tr>\n<tr>\n<td width=\"251\">Compatibilit\u00e9<\/td>\n<td>\u200eMoto\/V\u00e9lo (Barre \u2266 32mm)<\/td>\n<\/tr>\n<\/tbody>\n<\/table>\n<p>&nbsp;<\/p>\n<h1>Le contenu<\/h1>\n<table width=\"261\">\n<tbody>\n<tr>\n<td width=\"257\">Un support t\u00e9l\u00e9phone<\/td>\n<\/tr>\n<tr>\n<td width=\"257\">Un anneau pour guidon<\/td>\n<\/tr>\n<tr>\n<td width=\"257\">Un amortisseur de vibrations<\/td>\n<\/tr>\n<tr>\n<td width=\"257\">Trois adaptateurs d\u2019anneau<\/td>\n<\/tr>\n<tr>\n<td width=\"257\">Deux cl\u00e9s Allen<\/td>\n<\/tr>\n<tr>\n<td width=\"257\">Deux ajustements universels pour coque de t\u00e9l\u00e9phone<\/td>\n<\/tr>\n<\/tbody>\n<\/table>\n<p>&nbsp;<\/p>\n<h1>Vid\u00e9o<\/h1>\n<p>&nbsp;<\/p>","protected":false},"excerpt":{"rendered":"<p>D\u00e9couvrez notre support de guidon de moto pour smartphone, alliant robustesse et s\u00e9curit\u00e9 gr\u00e2ce \u00e0 son syst\u00e8me de verrouillage innovant \u00e0 deux niveaux. Profitez d&rsquo;une utilisation facile avec un montage rapide et un acc\u00e8s direct \u00e0 vos applications pendant vos trajets. Compatible avec diverses tailles de barres et tous les bo\u00eetiers Quad Lock, ce support est l&rsquo;accessoire id\u00e9al pour les motards en qu\u00eate de polyvalence et de tranquillit\u00e9 d&rsquo;esprit. Pour une protection accrue, n&rsquo;oubliez pas d&rsquo;ajouter l&rsquo;amortisseur de vibrations en option.<\/p>","protected":false},"featured_media":1812,"comment_status":"open","ping_status":"closed","template":"","meta":{"_acf_changed":false},"locations":[135,133,134],"product_brand":[],"product_cat":[89,57],"product_tag":[],"class_list":{"0":"post-1806","1":"product","2":"type-product","3":"status-publish","4":"has-post-thumbnail","6":"locations-cgk","7":"locations-kenya","8":"locations-t03","9":"product_cat-accessoires-auto-moto","10":"product_cat-auto-moto","12":"first","13":"outofstock","14":"featured","15":"shipping-taxable","16":"purchasable","17":"product-type-simple"},"acf":[],"jetpack_sharing_enabled":true,"_links":{"self":[{"href":"https:\/\/toctoctoc.ci\/en\/wp-json\/wp\/v2\/product\/1806","targetHints":{"allow":["GET"]}}],"collection":[{"href":"https:\/\/toctoctoc.ci\/en\/wp-json\/wp\/v2\/product"}],"about":[{"href":"https:\/\/toctoctoc.ci\/en\/wp-json\/wp\/v2\/types\/product"}],"replies":[{"embeddable":true,"href":"https:\/\/toctoctoc.ci\/en\/wp-json\/wp\/v2\/comments?post=1806"}],"wp:featuredmedia":[{"embeddable":true,"href":"https:\/\/toctoctoc.ci\/en\/wp-json\/wp\/v2\/media\/1812"}],"wp:attachment":[{"href":"https:\/\/toctoctoc.ci\/en\/wp-json\/wp\/v2\/media?parent=1806"}],"wp:term":[{"taxonomy":"locations","embeddable":true,"href":"https:\/\/toctoctoc.ci\/en\/wp-json\/wp\/v2\/locations?post=1806"},{"taxonomy":"product_brand","embeddable":true,"href":"https:\/\/toctoctoc.ci\/en\/wp-json\/wp\/v2\/product_brand?post=1806"},{"taxonomy":"product_cat","embeddable":true,"href":"https:\/\/toctoctoc.ci\/en\/wp-json\/wp\/v2\/product_cat?post=1806"},{"taxonomy":"product_tag","embeddable":true,"href":"https:\/\/toctoctoc.ci\/en\/wp-json\/wp\/v2\/product_tag?post=1806"}],"curies":[{"name":"wp","href":"https:\/\/api.w.org\/{rel}","templated":true}]}}