{"id":1790,"date":"2024-11-24T10:03:12","date_gmt":"2024-11-24T10:03:12","guid":{"rendered":"https:\/\/toctoctoc.ci\/?post_type=product&#038;p=1790"},"modified":"2025-12-09T02:01:21","modified_gmt":"2025-12-09T02:01:21","slug":"tetine-a-fruits","status":"publish","type":"product","link":"https:\/\/toctoctoc.ci\/en\/store-listing\/bebe-et-enfant\/alimentation-bebe-et-enfant\/tetine-a-fruits\/","title":{"rendered":"T\u00e9tine \u00e0 fruits"},"content":{"rendered":"<h1>\u00c0 propos de cet article<\/h1>\n<p><em><strong>Mat\u00e9riaux S\u00fbrs et Inodores : <\/strong><\/em>La mangeoire \u00e0 fruits pour b\u00e9b\u00e9 est con\u00e7ue en silicone de qualit\u00e9 alimentaire, garantissant s\u00e9curit\u00e9 et absence de go\u00fbt. Sa surface lisse et sans bords tranchants veille \u00e0 la sant\u00e9 de votre enfant.<\/p>\n<p><em><strong>Housse de Protection Multifonction : <\/strong><\/em>Notre t\u00e9tine \u00e0 fruits pour b\u00e9b\u00e9 est accompagn\u00e9e d&rsquo;une housse de protection pratique, dot\u00e9e d&rsquo;une \u00e9chelle pour mesurer. Elle sert \u00e0 la fois de protection contre la poussi\u00e8re et de petite tasse.<\/p>\n<p><em><strong>Design Attrayant : <\/strong><\/em>Cette sucette pour b\u00e9b\u00e9 pr\u00e9sente une forme adorable et des couleurs vives, attirant facilement l&rsquo;attention des tout-petits. Elle aide \u00e9galement \u00e0 d\u00e9velopper les muscles buccaux, facilitant ainsi l&rsquo;alimentation.<\/p>\n<p><em><strong>Pratique \u00e0 Transporter : <\/strong><\/em>Con\u00e7ue avec un trou de transport pratique, cette mangeoire pour b\u00e9b\u00e9 est l\u00e9g\u00e8re et compacte, ce qui la rend facile \u00e0 saisir et \u00e0 emporter partout.<\/p>\n<p><em><strong>Utilisations Vari\u00e9es : <\/strong><\/em>Vous pouvez y placer une multitude d&rsquo;aliments compl\u00e9mentaires, tels que des pur\u00e9es de fruits, du lait maternel ou des pur\u00e9es de l\u00e9gumes, permettant \u00e0 votre b\u00e9b\u00e9 de m\u00e2cher et d&rsquo;appr\u00e9cier diff\u00e9rentes saveurs.<\/p>\n<p>&nbsp;<\/p>\n<h1>Description du produit<\/h1>\n<p><img fetchpriority=\"high\" decoding=\"async\" class=\"alignnone size-large wp-image-1791\" src=\"http:\/\/toctoctoc.ci\/wp-content\/uploads\/2024\/11\/pixelcut-export-13-521x1024.jpeg\" alt=\"\" width=\"521\" height=\"1024\" \/><\/p>\n<p>&nbsp;<\/p>\n<h1>Descriptif technique<\/h1>\n<table width=\"576\">\n<tbody>\n<tr>\n<td width=\"251\">R\u00e9f\u00e9rence<\/td>\n<td width=\"319\">\u200eToc 20240192<\/td>\n<\/tr>\n<tr>\n<td width=\"251\">Dimensions colis<\/td>\n<td width=\"319\">\u200e15.5 X 13 X 5\u00a0 cm\u00a0; 100 grammes<\/td>\n<\/tr>\n<tr>\n<td width=\"251\">Nombre d&rsquo;article(s)<\/td>\n<td width=\"319\">\u200e1<\/td>\n<\/tr>\n<tr>\n<td width=\"251\">Nombre de t\u00eate (t\u00e9tine)<\/td>\n<td width=\"319\">3<\/td>\n<\/tr>\n<tr>\n<td width=\"251\">Couleur<\/td>\n<td width=\"319\">\u200eBleu<\/td>\n<\/tr>\n<tr>\n<td width=\"251\">Mat\u00e9riau<\/td>\n<td width=\"319\">Silicone (qualit\u00e9 alimentaire)<\/td>\n<\/tr>\n<tr>\n<td width=\"251\">Caract\u00e9ristiques sp\u00e9ciales<\/td>\n<td width=\"319\">\u200eS\u00e9curit\u00e9<\/td>\n<\/tr>\n<tr>\n<td width=\"251\">Compatibilit\u00e9<\/td>\n<td width=\"319\">Fruits\/L\u00e9gumes<\/td>\n<\/tr>\n<\/tbody>\n<\/table>\n<p>&nbsp;<\/p>\n<h1>Le contenu<\/h1>\n<table width=\"421\">\n<tbody>\n<tr>\n<td width=\"417\">Une t\u00e9tine \u00e0 fruits (3 t\u00eates)<\/td>\n<\/tr>\n<\/tbody>\n<\/table>\n<p>&nbsp;<\/p>\n<h1>Vid\u00e9o<\/h1>\n<p><iframe title=\"20240192\" width=\"563\" height=\"1000\" src=\"https:\/\/www.youtube.com\/embed\/wEmpLThllBQ?feature=oembed\" frameborder=\"0\" allow=\"accelerometer; autoplay; clipboard-write; encrypted-media; gyroscope; picture-in-picture; web-share\" referrerpolicy=\"strict-origin-when-cross-origin\" allowfullscreen><\/iframe><\/p>","protected":false},"excerpt":{"rendered":"<p>D\u00e9couvrez notre mangeoire \u00e0 fruits pour b\u00e9b\u00e9 en silicone de qualit\u00e9 alimentaire, s\u00fbre et sans go\u00fbt. Avec sa housse de protection multifonctionnelle, elle sert \u00e0 la fois de couvercle anti-poussi\u00e8re et de petite tasse. Son design mignon et color\u00e9 attire l\u2019attention des tout-petits tout en favorisant le d\u00e9veloppement des muscles buccaux. L\u00e9g\u00e8re et portable, elle est id\u00e9ale pour les sorties, permettant d&rsquo;introduire facilement une vari\u00e9t\u00e9 d&rsquo;aliments compl\u00e9mentaires pour le plaisir de votre b\u00e9b\u00e9.<\/p>","protected":false},"featured_media":1792,"comment_status":"open","ping_status":"closed","template":"","meta":{"_acf_changed":false},"locations":[135,133,134],"product_brand":[],"product_cat":[113,107],"product_tag":[],"class_list":{"0":"post-1790","1":"product","2":"type-product","3":"status-publish","4":"has-post-thumbnail","6":"locations-cgk","7":"locations-kenya","8":"locations-t03","9":"product_cat-alimentation-bebe-et-enfant","10":"product_cat-bebe-et-enfant","12":"first","13":"instock","14":"shipping-taxable","15":"purchasable","16":"product-type-simple"},"acf":[],"jetpack_sharing_enabled":true,"_links":{"self":[{"href":"https:\/\/toctoctoc.ci\/en\/wp-json\/wp\/v2\/product\/1790","targetHints":{"allow":["GET"]}}],"collection":[{"href":"https:\/\/toctoctoc.ci\/en\/wp-json\/wp\/v2\/product"}],"about":[{"href":"https:\/\/toctoctoc.ci\/en\/wp-json\/wp\/v2\/types\/product"}],"replies":[{"embeddable":true,"href":"https:\/\/toctoctoc.ci\/en\/wp-json\/wp\/v2\/comments?post=1790"}],"wp:featuredmedia":[{"embeddable":true,"href":"https:\/\/toctoctoc.ci\/en\/wp-json\/wp\/v2\/media\/1792"}],"wp:attachment":[{"href":"https:\/\/toctoctoc.ci\/en\/wp-json\/wp\/v2\/media?parent=1790"}],"wp:term":[{"taxonomy":"locations","embeddable":true,"href":"https:\/\/toctoctoc.ci\/en\/wp-json\/wp\/v2\/locations?post=1790"},{"taxonomy":"product_brand","embeddable":true,"href":"https:\/\/toctoctoc.ci\/en\/wp-json\/wp\/v2\/product_brand?post=1790"},{"taxonomy":"product_cat","embeddable":true,"href":"https:\/\/toctoctoc.ci\/en\/wp-json\/wp\/v2\/product_cat?post=1790"},{"taxonomy":"product_tag","embeddable":true,"href":"https:\/\/toctoctoc.ci\/en\/wp-json\/wp\/v2\/product_tag?post=1790"}],"curies":[{"name":"wp","href":"https:\/\/api.w.org\/{rel}","templated":true}]}}