{"id":1771,"date":"2024-11-23T20:21:54","date_gmt":"2024-11-23T20:21:54","guid":{"rendered":"https:\/\/toctoctoc.ci\/?post_type=product&#038;p=1771"},"modified":"2025-10-12T09:02:55","modified_gmt":"2025-10-12T09:02:55","slug":"lot-de-2-verres-a-double-paroi-avec-fleurs-sechees","status":"publish","type":"product","link":"https:\/\/toctoctoc.ci\/en\/store-listing\/cuisine-et-maison-2\/ustensile-de-cuisine\/lot-de-2-verres-a-double-paroi-avec-fleurs-sechees\/","title":{"rendered":"Lot de 2 verres \u00e0 double paroi avec fleurs s\u00e9ch\u00e9es"},"content":{"rendered":"<h1>\u00c0 propos de cet article<\/h1>\n<p><em><strong>Design Artistique : <\/strong><\/em>Nos tasses \u00e0 caf\u00e9 en verre se distinguent par leurs fleurs s\u00e9ch\u00e9es int\u00e9gr\u00e9es et leurs couleurs \u00e9clatantes, apportant une touche unique \u00e0 votre exp\u00e9rience de th\u00e9 et de caf\u00e9. Ces fleurs ajoutent non seulement une esth\u00e9tique raffin\u00e9e, mais aussi une saveur originale \u00e0 vos boissons, rendant chaque gorg\u00e9e plus relaxante et agr\u00e9able.<\/p>\n<p><em><strong>Poign\u00e9e S\u00e9curis\u00e9e : <\/strong><\/em>La conception anti-br\u00fblure de nos tasses en verre garantit une prise en main confortable et s\u00e9curis\u00e9e. Gr\u00e2ce \u00e0 leur poign\u00e9e ergonomique qui \u00e9pouse la forme de votre main, vous \u00e9vitez les br\u00fblures. De plus, le fond renforc\u00e9 assure une meilleure stabilit\u00e9, vous permettant de savourer vos boissons chaudes en toute confiance.<\/p>\n<p><em><strong>Utilisation Polyvalente : <\/strong><\/em>Ajoutez une touche de cr\u00e9ativit\u00e9 \u00e0 n&rsquo;importe quel environnement avec notre tasse \u00e0 caf\u00e9 \u00e0 double paroi. Son design artistique attire l&rsquo;attention et refl\u00e8te votre personnalit\u00e9, tout en \u00e9tant id\u00e9ale pour une vari\u00e9t\u00e9 de boissons chaudes et froides, comme le jus, le th\u00e9, le caf\u00e9 ou m\u00eame la bi\u00e8re. Elle sert \u00e9galement de d\u00e9coration unique sur votre table ou dans votre fen\u00eatre.<\/p>\n<p><em><strong>Isolation Efficace : <\/strong><\/em>Savourez vos boissons \u00e0 la temp\u00e9rature id\u00e9ale gr\u00e2ce \u00e0 nos tasses \u00e0 caf\u00e9 \u00e0 double paroi, qui cr\u00e9ent une couche d&rsquo;air entre les parois int\u00e9rieures et ext\u00e9rieures. Cela permet de maintenir vos boissons chaudes ou froides plus longtemps, pour un plaisir prolong\u00e9.<\/p>\n<p><em><strong>Mat\u00e9riaux de Qualit\u00e9 : <\/strong><\/em>Fabriqu\u00e9es en verre borosilicate de haute qualit\u00e9, nos tasses \u00e0 caf\u00e9 \u00e0 double paroi sont r\u00e9sistantes aux chocs, \u00e0 la d\u00e9coloration et \u00e0 la d\u00e9formation, garantissant ainsi une durabilit\u00e9 exceptionnelle pour un usage quotidien.<\/p>\n<p>&nbsp;<\/p>\n<h1>Description du produit<\/h1>\n<p><img fetchpriority=\"high\" decoding=\"async\" class=\"alignnone size-large wp-image-1772\" src=\"http:\/\/toctoctoc.ci\/wp-content\/uploads\/2024\/11\/71c66jlZxlL._AC_SL1500_-982x1024.jpg\" alt=\"\" width=\"640\" height=\"667\" \/> <img decoding=\"async\" class=\"alignnone size-large wp-image-1773\" src=\"http:\/\/toctoctoc.ci\/wp-content\/uploads\/2024\/11\/71mO48zel6L._AC_SL1500_-1024x1024.jpg\" alt=\"\" width=\"640\" height=\"640\" \/><\/p>\n<p>&nbsp;<\/p>\n<h1>Descriptif technique<\/h1>\n<table width=\"576\">\n<tbody>\n<tr>\n<td width=\"251\">R\u00e9f\u00e9rence<\/td>\n<td width=\"319\">\u200eToc 20240190<\/td>\n<\/tr>\n<tr>\n<td width=\"251\">Dimensions<\/td>\n<td width=\"319\">\u200e12.5 X 12 X 10.5 cm\u00a0; 188 grammes (unit\u00e9)<\/td>\n<\/tr>\n<tr>\n<td width=\"251\">Nombre d&rsquo;article(s)<\/td>\n<td width=\"319\">\u200e2<\/td>\n<\/tr>\n<tr>\n<td width=\"251\">Couleur<\/td>\n<td width=\"319\">\u200eTransparent<\/td>\n<\/tr>\n<tr>\n<td width=\"251\">Forme<\/td>\n<td width=\"319\">\u200eRond<\/td>\n<\/tr>\n<tr>\n<td width=\"251\">Mat\u00e9riau<\/td>\n<td width=\"319\">Verre\/Fleurs de conservation<\/td>\n<\/tr>\n<tr>\n<td width=\"251\">Caract\u00e9ristiques sp\u00e9ciales<\/td>\n<td width=\"319\">\u200eDouble paroi\/isolation<\/td>\n<\/tr>\n<tr>\n<td width=\"251\">Compatibilit\u00e9<\/td>\n<td width=\"319\">Boisson chaude et froide<\/td>\n<\/tr>\n<\/tbody>\n<\/table>\n<p>&nbsp;<\/p>\n<h1>Le contenu<\/h1>\n<table width=\"421\">\n<tbody>\n<tr>\n<td width=\"417\">Deux verres \u00e0 double parois avec fleurs s\u00e9ch\u00e9es<\/td>\n<\/tr>\n<\/tbody>\n<\/table>\n<p>&nbsp;<\/p>\n<h1>Vid\u00e9o<\/h1>\n<p>&nbsp;<\/p>","protected":false},"excerpt":{"rendered":"<p>D\u00e9couvrez nos tasses en verre au design artistique, orn\u00e9es de fleurs s\u00e9ch\u00e9es et de couleurs vibrantes. Leur poign\u00e9e ergonomique anti-br\u00fblure assure une prise confortable, tandis que la double paroi maintient vos boissons chaudes ou froides plus longtemps. Parfaites pour toutes vos boissons, elles ajoutent une touche d\u00e9corative unique \u00e0 votre table tout en refl\u00e9tant votre style personnel. Fabriqu\u00e9es en verre borosilicate de haute qualit\u00e9, elles allient \u00e9l\u00e9gance et durabilit\u00e9.<\/p>","protected":false},"featured_media":1774,"comment_status":"open","ping_status":"closed","template":"","meta":{"_acf_changed":false},"locations":[135,133,134],"product_brand":[],"product_cat":[66,94],"product_tag":[],"class_list":{"0":"post-1771","1":"product","2":"type-product","3":"status-publish","4":"has-post-thumbnail","6":"locations-cgk","7":"locations-kenya","8":"locations-t03","9":"product_cat-cuisine-et-maison-2","10":"product_cat-ustensile-de-cuisine","12":"first","13":"outofstock","14":"shipping-taxable","15":"purchasable","16":"product-type-simple"},"acf":[],"jetpack_sharing_enabled":true,"_links":{"self":[{"href":"https:\/\/toctoctoc.ci\/en\/wp-json\/wp\/v2\/product\/1771","targetHints":{"allow":["GET"]}}],"collection":[{"href":"https:\/\/toctoctoc.ci\/en\/wp-json\/wp\/v2\/product"}],"about":[{"href":"https:\/\/toctoctoc.ci\/en\/wp-json\/wp\/v2\/types\/product"}],"replies":[{"embeddable":true,"href":"https:\/\/toctoctoc.ci\/en\/wp-json\/wp\/v2\/comments?post=1771"}],"wp:featuredmedia":[{"embeddable":true,"href":"https:\/\/toctoctoc.ci\/en\/wp-json\/wp\/v2\/media\/1774"}],"wp:attachment":[{"href":"https:\/\/toctoctoc.ci\/en\/wp-json\/wp\/v2\/media?parent=1771"}],"wp:term":[{"taxonomy":"locations","embeddable":true,"href":"https:\/\/toctoctoc.ci\/en\/wp-json\/wp\/v2\/locations?post=1771"},{"taxonomy":"product_brand","embeddable":true,"href":"https:\/\/toctoctoc.ci\/en\/wp-json\/wp\/v2\/product_brand?post=1771"},{"taxonomy":"product_cat","embeddable":true,"href":"https:\/\/toctoctoc.ci\/en\/wp-json\/wp\/v2\/product_cat?post=1771"},{"taxonomy":"product_tag","embeddable":true,"href":"https:\/\/toctoctoc.ci\/en\/wp-json\/wp\/v2\/product_tag?post=1771"}],"curies":[{"name":"wp","href":"https:\/\/api.w.org\/{rel}","templated":true}]}}