{"id":1735,"date":"2024-11-23T16:46:14","date_gmt":"2024-11-23T16:46:14","guid":{"rendered":"https:\/\/toctoctoc.ci\/?post_type=product&#038;p=1735"},"modified":"2025-12-09T02:03:17","modified_gmt":"2025-12-09T02:03:17","slug":"poignee-de-smartphone-uurig-ph-10","status":"publish","type":"product","link":"https:\/\/toctoctoc.ci\/en\/store-listing\/high-tech-2\/accessoires-telephone-portable\/poignee-de-smartphone-uurig-ph-10\/","title":{"rendered":"Poign\u00e9e de smartphone UURIG PH-10"},"content":{"rendered":"<h1>\u00c0 propos de cet article<\/h1>\n<p><em><strong>Capturez la Beaut\u00e9 en Toute Stabilit\u00e9 : <\/strong><\/em>Profitez d&rsquo;une prise de vue \u00e0 une main plus stable, r\u00e9duisant ainsi le tremblement de l&rsquo;image pour des photos nettes et magnifiques.<\/p>\n<p><em><strong>Confort de Prise en Main : <\/strong><\/em>Avec sa conception ergonomique et son rev\u00eatement en cuir durable, cet accessoire est anti-transpiration et offre une texture de maintien agr\u00e9able pour une utilisation prolong\u00e9e.<\/p>\n<p><em><strong>Prise de Vue Professionnelle : <\/strong><\/em>Sa forme de poign\u00e9e inspir\u00e9e des appareils photo professionnels rend la prise de vue plus pratique et intuitive, vous permettant de capturer des moments avec aisance.<\/p>\n<p><em><strong>Compatibilit\u00e9 Universelle : <\/strong><\/em>Compatible avec 99 % des t\u00e9l\u00e9phones mobiles sur le march\u00e9, cet accessoire vous permet de r\u00e9aliser des prises de vue \u00e0 longue distance en toute simplicit\u00e9.<\/p>\n<p><em><strong>T\u00e9l\u00e9commande Sans Fil : <\/strong><\/em>\u00c9quip\u00e9 d&rsquo;une t\u00e9l\u00e9commande sans fil, cet appareil vous permet de prendre des photos \u00e0 distance, facilitant le partage de moments m\u00e9morables avec vos proches.<\/p>\n<p><em><strong>\u00c9clairage R\u00e9glable : <\/strong><\/em>La lumi\u00e8re de remplissage propose trois niveaux d&rsquo;intensit\u00e9 ajustables, vous permettant d&rsquo;illuminer votre visage et de mettre en valeur votre beaut\u00e9 selon vos pr\u00e9f\u00e9rences.<\/p>\n<p>&nbsp;<\/p>\n<h1>Description du produit<\/h1>\n<p><img fetchpriority=\"high\" decoding=\"async\" class=\"alignnone size-large wp-image-1736\" src=\"http:\/\/toctoctoc.ci\/wp-content\/uploads\/2024\/11\/3104ab10-0376-4abc-9852-adc4626d1d94.87447ad9934da57182795e931e202efa-1024x1024.jpg\" alt=\"\" width=\"640\" height=\"640\" \/> <img decoding=\"async\" class=\"alignnone size-large wp-image-1737\" src=\"http:\/\/toctoctoc.ci\/wp-content\/uploads\/2024\/11\/619VfRVAM9L._AC_SL1500_-1024x1021.jpg\" alt=\"\" width=\"640\" height=\"638\" \/> <img decoding=\"async\" class=\"alignnone size-large wp-image-1738\" src=\"http:\/\/toctoctoc.ci\/wp-content\/uploads\/2024\/11\/75e92c3c-d9ce-4966-aac3-e649661c717f.__CR00970600_PT0_SX970_V1___-1024x633.jpg\" alt=\"\" width=\"640\" height=\"396\" \/> <img loading=\"lazy\" decoding=\"async\" class=\"alignnone size-large wp-image-1739\" src=\"http:\/\/toctoctoc.ci\/wp-content\/uploads\/2024\/11\/3b46d81e-1f3c-4718-9635-8ba55be9effc.__CR00970600_PT0_SX970_V1___-1024x633.jpg\" alt=\"\" width=\"640\" height=\"396\" \/> <img loading=\"lazy\" decoding=\"async\" class=\"alignnone size-large wp-image-1740\" src=\"http:\/\/toctoctoc.ci\/wp-content\/uploads\/2024\/11\/e6f02a86-a89c-44a5-af6a-098086d1996f.__CR00970600_PT0_SX970_V1___-1024x633.jpg\" alt=\"\" width=\"640\" height=\"396\" \/> <img loading=\"lazy\" decoding=\"async\" class=\"alignnone size-large wp-image-1741\" src=\"http:\/\/toctoctoc.ci\/wp-content\/uploads\/2024\/11\/d55b4bbe-a571-4bec-932a-9a222d16be4d.__CR00970600_PT0_SX970_V1___-1024x633.jpg\" alt=\"\" width=\"640\" height=\"396\" \/><\/p>\n<p>&nbsp;<\/p>\n<h1>Descriptif technique<\/h1>\n<table width=\"541\">\n<tbody>\n<tr>\n<td width=\"251\">R\u00e9f\u00e9rence<\/td>\n<td>\u200eToc 20240186<\/td>\n<\/tr>\n<tr>\n<td width=\"251\">Dimensions<\/td>\n<td>\u200e10 X 10 X 6\u00a0 cm\u00a0; 162 grammes<\/td>\n<\/tr>\n<tr>\n<td width=\"251\">Nombre d&rsquo;article(s)<\/td>\n<td>\u200e1<\/td>\n<\/tr>\n<tr>\n<td width=\"251\">Couleur<\/td>\n<td>\u200eNoir<\/td>\n<\/tr>\n<tr>\n<td width=\"251\">Forme<\/td>\n<td>\u200eCarr\u00e9<\/td>\n<\/tr>\n<tr>\n<td width=\"251\">Mat\u00e9riau<\/td>\n<td>\u200ePVC<\/td>\n<\/tr>\n<tr>\n<td width=\"251\">Type d\u2019alimentatoin<\/td>\n<td>USB C<\/td>\n<\/tr>\n<tr>\n<td width=\"251\">Caract\u00e9ristiques sp\u00e9ciales<\/td>\n<td>\u200eT\u00e9l\u00e9commande\/Lumi\u00e8re r\u00e9glable<\/td>\n<\/tr>\n<tr>\n<td width=\"251\">Compatibilit\u00e9<\/td>\n<td>Smartphone<\/td>\n<\/tr>\n<\/tbody>\n<\/table>\n<p>&nbsp;<\/p>\n<h1>Le contenu<\/h1>\n<table width=\"421\">\n<tbody>\n<tr>\n<td width=\"257\">Une poign\u00e9e de smartphone<\/td>\n<\/tr>\n<tr>\n<td width=\"257\">Un c\u00e2ble de chargement USB (type C)<\/td>\n<\/tr>\n<tr>\n<td width=\"257\">La notice (anglais-japonais-chinois)<\/td>\n<\/tr>\n<\/tbody>\n<\/table>\n<p>&nbsp;<\/p>\n<h1>Vid\u00e9o<\/h1>\n<p><iframe title=\"20240186\" width=\"1200\" height=\"675\" src=\"https:\/\/www.youtube.com\/embed\/Yk8TXv-9404?feature=oembed\" frameborder=\"0\" allow=\"accelerometer; autoplay; clipboard-write; encrypted-media; gyroscope; picture-in-picture; web-share\" referrerpolicy=\"strict-origin-when-cross-origin\" allowfullscreen><\/iframe><\/p>","protected":false},"excerpt":{"rendered":"<p>D\u00e9couvrez notre stabilisateur de smartphone ergonomique, con\u00e7u pour capturer des moments de beaut\u00e9 avec une prise de vue stable \u00e0 une main. Sa poign\u00e9e professionnelle et son rev\u00eatement en cuir anti-transpiration garantissent un confort optimal. Compatible avec 99 % des t\u00e9l\u00e9phones, il inclut une t\u00e9l\u00e9commande sans fil pour des prises de vue \u00e0 distance et une lumi\u00e8re de remplissage r\u00e9glable \u00e0 trois niveaux pour sublimer vos photos. Id\u00e9al pour immortaliser vos souvenirs en toute simplicit\u00e9 !<\/p>","protected":false},"featured_media":1742,"comment_status":"open","ping_status":"closed","template":"","meta":{"_acf_changed":false},"locations":[135,133,134],"product_brand":[],"product_cat":[96,95],"product_tag":[],"class_list":{"0":"post-1735","1":"product","2":"type-product","3":"status-publish","4":"has-post-thumbnail","6":"locations-cgk","7":"locations-kenya","8":"locations-t03","9":"product_cat-accessoires-telephone-portable","10":"product_cat-high-tech-2","12":"first","13":"instock","14":"shipping-taxable","15":"purchasable","16":"product-type-simple"},"acf":[],"jetpack_sharing_enabled":true,"_links":{"self":[{"href":"https:\/\/toctoctoc.ci\/en\/wp-json\/wp\/v2\/product\/1735","targetHints":{"allow":["GET"]}}],"collection":[{"href":"https:\/\/toctoctoc.ci\/en\/wp-json\/wp\/v2\/product"}],"about":[{"href":"https:\/\/toctoctoc.ci\/en\/wp-json\/wp\/v2\/types\/product"}],"replies":[{"embeddable":true,"href":"https:\/\/toctoctoc.ci\/en\/wp-json\/wp\/v2\/comments?post=1735"}],"wp:featuredmedia":[{"embeddable":true,"href":"https:\/\/toctoctoc.ci\/en\/wp-json\/wp\/v2\/media\/1742"}],"wp:attachment":[{"href":"https:\/\/toctoctoc.ci\/en\/wp-json\/wp\/v2\/media?parent=1735"}],"wp:term":[{"taxonomy":"locations","embeddable":true,"href":"https:\/\/toctoctoc.ci\/en\/wp-json\/wp\/v2\/locations?post=1735"},{"taxonomy":"product_brand","embeddable":true,"href":"https:\/\/toctoctoc.ci\/en\/wp-json\/wp\/v2\/product_brand?post=1735"},{"taxonomy":"product_cat","embeddable":true,"href":"https:\/\/toctoctoc.ci\/en\/wp-json\/wp\/v2\/product_cat?post=1735"},{"taxonomy":"product_tag","embeddable":true,"href":"https:\/\/toctoctoc.ci\/en\/wp-json\/wp\/v2\/product_tag?post=1735"}],"curies":[{"name":"wp","href":"https:\/\/api.w.org\/{rel}","templated":true}]}}