{"id":1724,"date":"2024-11-23T16:12:48","date_gmt":"2024-11-23T16:12:48","guid":{"rendered":"https:\/\/toctoctoc.ci\/?post_type=product&#038;p=1724"},"modified":"2025-12-09T02:03:54","modified_gmt":"2025-12-09T02:03:54","slug":"recipient-deau-de-12-l-avec-robinet","status":"publish","type":"product","link":"https:\/\/toctoctoc.ci\/en\/store-listing\/sports-et-loisirs\/activites-dexterieur\/recipient-deau-de-12-l-avec-robinet\/","title":{"rendered":"R\u00e9cipient d&rsquo;eau de 12 L avec robinet"},"content":{"rendered":"<h1>\u00c0 propos de cet article<\/h1>\n<p><em><strong>Mat\u00e9riau Sain et R\u00e9utilisable : <\/strong><\/em>Fabriqu\u00e9e en plastique de qualit\u00e9 alimentaire, cette bouteille est con\u00e7ue pour un usage r\u00e9p\u00e9t\u00e9, vous permettant de boire de l&rsquo;eau en toute s\u00e9r\u00e9nit\u00e9.<\/p>\n<p><em><strong>Conception Pratique et \u00c9tanche : <\/strong><\/em>Dot\u00e9e d&rsquo;une poign\u00e9e ergonomique pour un transport facile et d&rsquo;un robinet \u00e0 interrupteur, cette bouteille est \u00e9quip\u00e9e d&rsquo;un couvercle avec un anneau d&rsquo;\u00e9tanch\u00e9it\u00e9 en silicone, am\u00e9liorant consid\u00e9rablement sa performance d&rsquo;\u00e9tanch\u00e9it\u00e9.<\/p>\n<p><em><strong>Id\u00e9ale pour les Activit\u00e9s en Ext\u00e9rieur : <\/strong><\/em>Parfaite pour les sorties ou \u00e0 utiliser dans la voiture, cette bouteille est polyvalente : elle permet de se laver les mains et de s&rsquo;hydrater facilement, devenant ainsi un compagnon id\u00e9al pour vos voyages en plein air.<\/p>\n<p><em><strong>Robinet Rotatif et Facilit\u00e9 d&rsquo;Entretien : <\/strong><\/em>Cette bouteille est \u00e9quip\u00e9e d&rsquo;un robinet rotatif unique, offrant une sortie d&rsquo;eau r\u00e9glable. Son large goulot de 9,5 cm permet un acc\u00e8s facile pour le nettoyage, garantissant une qualit\u00e9 d&rsquo;eau optimale sur le long terme.<\/p>\n<p><em><strong>Polyvalente et Durable : <\/strong><\/em>Facile \u00e0 transporter et robuste, cette bouteille convient \u00e0 divers environnements tels que les \u00e9coles, h\u00f4tels, gares, bureaux et maisons, tout en \u00e9tant particuli\u00e8rement adapt\u00e9e aux sorties en plein air, chantiers de construction et \u00e9v\u00e9nements temporaires.<\/p>\n<p>&nbsp;<\/p>\n<h1>Description du produit<\/h1>\n<p><img fetchpriority=\"high\" decoding=\"async\" class=\"alignnone size-large wp-image-1725\" src=\"http:\/\/toctoctoc.ci\/wp-content\/uploads\/2024\/11\/2901a000-5521-441a-ab82-89fa7fa3b28a-1024x1024.jpg\" alt=\"\" width=\"640\" height=\"640\" \/> <img decoding=\"async\" class=\"alignnone size-large wp-image-1726\" src=\"http:\/\/toctoctoc.ci\/wp-content\/uploads\/2024\/11\/23ac0238-c462-45b6-8f4a-3a6bdcc06ca6-989x1024.jpg\" alt=\"\" width=\"640\" height=\"663\" \/> <img decoding=\"async\" class=\"alignnone size-large wp-image-1727\" src=\"http:\/\/toctoctoc.ci\/wp-content\/uploads\/2024\/11\/dc7c4fe5-f385-4254-ae3d-f9ef677a77f9-1024x1024.jpg\" alt=\"\" width=\"640\" height=\"640\" \/> <img loading=\"lazy\" decoding=\"async\" class=\"alignnone size-large wp-image-1728\" src=\"http:\/\/toctoctoc.ci\/wp-content\/uploads\/2024\/11\/cddcfb01-81af-4dbd-af92-41d856ecbbea-1024x1024.jpg\" alt=\"\" width=\"640\" height=\"640\" \/><\/p>\n<p>&nbsp;<\/p>\n<h1>Descriptif technique<\/h1>\n<table style=\"height: 167px;\" width=\"508\">\n<tbody>\n<tr>\n<td width=\"251\">R\u00e9f\u00e9rence<\/td>\n<td>\u200eToc 20240185<\/td>\n<\/tr>\n<tr>\n<td width=\"251\">Dimensions<\/td>\n<td>\u200e38 X 26 X 16\u00a0 cm\u00a0; 825 grammes<\/td>\n<\/tr>\n<tr>\n<td width=\"251\">Nombre d&rsquo;article(s)<\/td>\n<td>\u200e1<\/td>\n<\/tr>\n<tr>\n<td width=\"251\">Couleur<\/td>\n<td>\u200eTransparent<\/td>\n<\/tr>\n<tr>\n<td width=\"251\">Volume<\/td>\n<td>12 L<\/td>\n<\/tr>\n<tr>\n<td width=\"251\">Mat\u00e9riau<\/td>\n<td>Silicone\/Plastique<\/td>\n<\/tr>\n<tr>\n<td width=\"251\">Caract\u00e9ristiques sp\u00e9ciales<\/td>\n<td>\u200ePortable<\/td>\n<\/tr>\n<\/tbody>\n<\/table>\n<p>&nbsp;<\/p>\n<h1>Le contenu<\/h1>\n<table width=\"380\">\n<tbody>\n<tr>\n<td width=\"257\">Un r\u00e9servoir d\u2019eau de camping<\/td>\n<\/tr>\n<tr>\n<td width=\"257\">Une fermeture de rechange<\/td>\n<\/tr>\n<tr>\n<td width=\"257\">Un robinet de rechange<\/td>\n<\/tr>\n<tr>\n<td width=\"257\">Deux rallonges de robinet<\/td>\n<\/tr>\n<tr>\n<td width=\"257\">Des accessoires d\u2019entretien<\/td>\n<\/tr>\n<\/tbody>\n<\/table>\n<p>&nbsp;<\/p>\n<p>&nbsp;<\/p>\n<h1>Vid\u00e9o<\/h1>\n<p><iframe title=\"20240185\" width=\"563\" height=\"1000\" src=\"https:\/\/www.youtube.com\/embed\/n_0L1__i9Yc?feature=oembed\" frameborder=\"0\" allow=\"accelerometer; autoplay; clipboard-write; encrypted-media; gyroscope; picture-in-picture; web-share\" referrerpolicy=\"strict-origin-when-cross-origin\" allowfullscreen><\/iframe><\/p>","protected":false},"excerpt":{"rendered":"<p>D\u00e9couvrez notre bouteille d&rsquo;eau en plastique de qualit\u00e9 alimentaire, id\u00e9ale pour une utilisation r\u00e9p\u00e9t\u00e9e et s\u00e9curis\u00e9e. Avec sa poign\u00e9e ergonomique et son robinet rotatif, elle facilite le transport et le versement. Son couvercle \u00e9tanche avec anneau en silicone garantit une protection optimale contre les fuites. Parfaite pour les sorties en plein air, les voyages ou au quotidien, elle s&rsquo;adapte \u00e0 tous vos besoins d&rsquo;hydratation tout en \u00e9tant facile \u00e0 nettoyer. Emportez-la partout avec vous et restez hydrat\u00e9 en toute simplicit\u00e9 !<\/p>","protected":false},"featured_media":1729,"comment_status":"open","ping_status":"closed","template":"","meta":{"_acf_changed":false},"locations":[135,133,134],"product_brand":[],"product_cat":[100,99],"product_tag":[],"class_list":{"0":"post-1724","1":"product","2":"type-product","3":"status-publish","4":"has-post-thumbnail","6":"locations-cgk","7":"locations-kenya","8":"locations-t03","9":"product_cat-activites-dexterieur","10":"product_cat-sports-et-loisirs","12":"first","13":"instock","14":"shipping-taxable","15":"purchasable","16":"product-type-simple"},"acf":[],"jetpack_sharing_enabled":true,"_links":{"self":[{"href":"https:\/\/toctoctoc.ci\/en\/wp-json\/wp\/v2\/product\/1724","targetHints":{"allow":["GET"]}}],"collection":[{"href":"https:\/\/toctoctoc.ci\/en\/wp-json\/wp\/v2\/product"}],"about":[{"href":"https:\/\/toctoctoc.ci\/en\/wp-json\/wp\/v2\/types\/product"}],"replies":[{"embeddable":true,"href":"https:\/\/toctoctoc.ci\/en\/wp-json\/wp\/v2\/comments?post=1724"}],"wp:featuredmedia":[{"embeddable":true,"href":"https:\/\/toctoctoc.ci\/en\/wp-json\/wp\/v2\/media\/1729"}],"wp:attachment":[{"href":"https:\/\/toctoctoc.ci\/en\/wp-json\/wp\/v2\/media?parent=1724"}],"wp:term":[{"taxonomy":"locations","embeddable":true,"href":"https:\/\/toctoctoc.ci\/en\/wp-json\/wp\/v2\/locations?post=1724"},{"taxonomy":"product_brand","embeddable":true,"href":"https:\/\/toctoctoc.ci\/en\/wp-json\/wp\/v2\/product_brand?post=1724"},{"taxonomy":"product_cat","embeddable":true,"href":"https:\/\/toctoctoc.ci\/en\/wp-json\/wp\/v2\/product_cat?post=1724"},{"taxonomy":"product_tag","embeddable":true,"href":"https:\/\/toctoctoc.ci\/en\/wp-json\/wp\/v2\/product_tag?post=1724"}],"curies":[{"name":"wp","href":"https:\/\/api.w.org\/{rel}","templated":true}]}}