{"id":1712,"date":"2024-11-23T15:45:42","date_gmt":"2024-11-23T15:45:42","guid":{"rendered":"https:\/\/toctoctoc.ci\/?post_type=product&#038;p=1712"},"modified":"2025-12-09T02:04:31","modified_gmt":"2025-12-09T02:04:31","slug":"chasse-deau-sans-contact","status":"publish","type":"product","link":"https:\/\/toctoctoc.ci\/en\/store-listing\/cuisine-et-maison-2\/salle-de-bain\/chasse-deau-sans-contact\/","title":{"rendered":"Chasse d\u2019eau sans contact"},"content":{"rendered":"<h1>\u00c0 propos de cet article<\/h1>\n<p><em><strong>Technologie de D\u00e9tection Infrarouge : <\/strong><\/em>Ce dispositif utilise un capteur infrarouge innovant qui d\u00e9tecte votre main et d\u00e9clenche automatiquement le rin\u00e7age des toilettes, \u00e9vitant ainsi tout contact avec les surfaces.<\/p>\n<p><em><strong>Conception R\u00e9sistante \u00e0 l&rsquo;Eau : <\/strong><\/em>Ce syst\u00e8me de chasse d&rsquo;eau automatique est fabriqu\u00e9 en mat\u00e9riau ABS et poss\u00e8de un indice d&rsquo;\u00e9tanch\u00e9it\u00e9 IPX5, ce qui lui permet de fonctionner efficacement dans des environnements tr\u00e8s humides.<\/p>\n<p><em><strong>Installation Simplifi\u00e9e : <\/strong><\/em>Le m\u00e9canisme de rin\u00e7age automatique peut \u00eatre install\u00e9 \u00e0 la fois horizontalement et verticalement sur les boutons-poussoirs existants, sans n\u00e9cessiter le remplacement de l&rsquo;ensemble du syst\u00e8me de rin\u00e7age.<\/p>\n<p><em><strong>Recharge Facile : <\/strong><\/em>Dot\u00e9 d&rsquo;une batterie lithium de 2000 mAh, ce dispositif se recharge via USB et peut fonctionner en continu jusqu&rsquo;\u00e0 6 mois apr\u00e8s une charge compl\u00e8te.<\/p>\n<p><em><strong>Applications Vari\u00e9es : <\/strong><\/em>Ce syst\u00e8me de chasse d&rsquo;eau automatique sans contact est id\u00e9al pour les toilettes dans les maisons, les h\u00f4tels, les restaurants et d&rsquo;autres lieux publics, offrant une grande fonctionnalit\u00e9 et commodit\u00e9.<\/p>\n<p>&nbsp;<\/p>\n<h1>Description du produit<\/h1>\n<p><img fetchpriority=\"high\" decoding=\"async\" class=\"alignnone size-large wp-image-1713\" src=\"http:\/\/toctoctoc.ci\/wp-content\/uploads\/2024\/11\/84a1cd6adebcb04d527b13d00750f611-1024x1024.jpg\" alt=\"\" width=\"640\" height=\"640\" \/> <img decoding=\"async\" class=\"alignnone size-large wp-image-1714\" src=\"http:\/\/toctoctoc.ci\/wp-content\/uploads\/2024\/11\/4000a69e37bda448eec7b41c65b2c72a-1024x1024.jpg\" alt=\"\" width=\"640\" height=\"640\" \/> <img decoding=\"async\" class=\"alignnone size-large wp-image-1715\" src=\"http:\/\/toctoctoc.ci\/wp-content\/uploads\/2024\/11\/36a9b3150c0f5f3d3a0cce2bd323233f-1024x1024.jpg\" alt=\"\" width=\"640\" height=\"640\" \/> <img loading=\"lazy\" decoding=\"async\" class=\"alignnone size-large wp-image-1716\" src=\"http:\/\/toctoctoc.ci\/wp-content\/uploads\/2024\/11\/f0a27ba0e99323ba10996814e3d0d699-1024x1024.png\" alt=\"\" width=\"640\" height=\"640\" \/> <img loading=\"lazy\" decoding=\"async\" class=\"alignnone size-large wp-image-1717\" src=\"http:\/\/toctoctoc.ci\/wp-content\/uploads\/2024\/11\/456297d2-d6e1-11ed-9afe-0a580a69716d-1024x1024.jpg\" alt=\"\" width=\"640\" height=\"640\" \/> <img loading=\"lazy\" decoding=\"async\" class=\"alignnone size-large wp-image-1718\" src=\"http:\/\/toctoctoc.ci\/wp-content\/uploads\/2024\/11\/71GSrRu3HEL._AC_SL1500_-1001x1024.jpg\" alt=\"\" width=\"640\" height=\"655\" \/><\/p>\n<p>&nbsp;<\/p>\n<h1>Descriptif technique<\/h1>\n<table width=\"555\">\n<tbody>\n<tr>\n<td width=\"251\">R\u00e9f\u00e9rence<\/td>\n<td>\u200eToc 20240184<\/td>\n<\/tr>\n<tr>\n<td width=\"251\">Dimensions<\/td>\n<td>\u200e17 X 7.5 X 7.5\u00a0 cm; 307 grammes<\/td>\n<\/tr>\n<tr>\n<td width=\"251\">Nombre d&rsquo;article(s)<\/td>\n<td>\u200e1<\/td>\n<\/tr>\n<tr>\n<td width=\"251\">Couleur<\/td>\n<td>Blanc<\/td>\n<\/tr>\n<tr>\n<td width=\"251\">Forme<\/td>\n<td>\u200eRectangulaire<\/td>\n<\/tr>\n<tr>\n<td width=\"251\">Mat\u00e9riau<\/td>\n<td>ABS<\/td>\n<\/tr>\n<tr>\n<td width=\"251\">Batterie<\/td>\n<td>Lithium<\/td>\n<\/tr>\n<tr>\n<td width=\"251\">Type d\u2019alimentation<\/td>\n<td>USB C<\/td>\n<\/tr>\n<tr>\n<td width=\"251\">Caract\u00e9ristiques sp\u00e9ciales<\/td>\n<td>\u200eRechargeable\/ Sans contacte (touchless)<\/td>\n<\/tr>\n<tr>\n<td width=\"251\">Comptabilit\u00e9<\/td>\n<td>Maison, h\u00f4tel, bureau\u2026.<\/td>\n<\/tr>\n<\/tbody>\n<\/table>\n<p>&nbsp;<\/p>\n<h1>Le contenu<\/h1>\n<table width=\"418\">\n<tbody>\n<tr>\n<td width=\"414\">Une chasse d\u2019eau sans contact<\/td>\n<\/tr>\n<tr>\n<td width=\"414\">Un c\u00e2ble de chargement USB (type C)<\/td>\n<\/tr>\n<tr>\n<td width=\"414\">Deux autocollants<\/td>\n<\/tr>\n<tr>\n<td width=\"414\">Deux t\u00eates de compression<\/td>\n<\/tr>\n<tr>\n<td width=\"414\">La notice (chinois)<\/td>\n<\/tr>\n<\/tbody>\n<\/table>\n<p>&nbsp;<\/p>\n<h1>Vid\u00e9o<\/h1>\n<p><iframe title=\"20240184\" width=\"563\" height=\"1000\" src=\"https:\/\/www.youtube.com\/embed\/hjXxp9Rst6o?feature=oembed\" frameborder=\"0\" allow=\"accelerometer; autoplay; clipboard-write; encrypted-media; gyroscope; picture-in-picture; web-share\" referrerpolicy=\"strict-origin-when-cross-origin\" allowfullscreen><\/iframe><\/p>\n<p>&nbsp;<\/p>","protected":false},"excerpt":{"rendered":"<p>D\u00e9couvrez notre chasse d&rsquo;eau automatique \u00e0 capteur infrarouge, con\u00e7ue pour un rin\u00e7age sans contact et une hygi\u00e8ne optimale. Fabriqu\u00e9e en mat\u00e9riau ABS avec une \u00e9tanch\u00e9it\u00e9 IPX5, elle s&rsquo;installe facilement sur les boutons-poussoirs existants. Sa batterie lithium rechargeable de 2000 mAh offre jusqu&rsquo;\u00e0 6 mois d&rsquo;autonomie. Id\u00e9ale pour les maisons, h\u00f4tels et restaurants, elle allie praticit\u00e9 et modernit\u00e9 pour tous vos espaces sanitaires.<\/p>","protected":false},"featured_media":1719,"comment_status":"open","ping_status":"closed","template":"","meta":{"_acf_changed":false},"locations":[135,133,134],"product_brand":[],"product_cat":[66,98],"product_tag":[],"class_list":{"0":"post-1712","1":"product","2":"type-product","3":"status-publish","4":"has-post-thumbnail","6":"locations-cgk","7":"locations-kenya","8":"locations-t03","9":"product_cat-cuisine-et-maison-2","10":"product_cat-salle-de-bain","12":"first","13":"instock","14":"shipping-taxable","15":"purchasable","16":"product-type-simple"},"acf":[],"jetpack_sharing_enabled":true,"_links":{"self":[{"href":"https:\/\/toctoctoc.ci\/en\/wp-json\/wp\/v2\/product\/1712","targetHints":{"allow":["GET"]}}],"collection":[{"href":"https:\/\/toctoctoc.ci\/en\/wp-json\/wp\/v2\/product"}],"about":[{"href":"https:\/\/toctoctoc.ci\/en\/wp-json\/wp\/v2\/types\/product"}],"replies":[{"embeddable":true,"href":"https:\/\/toctoctoc.ci\/en\/wp-json\/wp\/v2\/comments?post=1712"}],"wp:featuredmedia":[{"embeddable":true,"href":"https:\/\/toctoctoc.ci\/en\/wp-json\/wp\/v2\/media\/1719"}],"wp:attachment":[{"href":"https:\/\/toctoctoc.ci\/en\/wp-json\/wp\/v2\/media?parent=1712"}],"wp:term":[{"taxonomy":"locations","embeddable":true,"href":"https:\/\/toctoctoc.ci\/en\/wp-json\/wp\/v2\/locations?post=1712"},{"taxonomy":"product_brand","embeddable":true,"href":"https:\/\/toctoctoc.ci\/en\/wp-json\/wp\/v2\/product_brand?post=1712"},{"taxonomy":"product_cat","embeddable":true,"href":"https:\/\/toctoctoc.ci\/en\/wp-json\/wp\/v2\/product_cat?post=1712"},{"taxonomy":"product_tag","embeddable":true,"href":"https:\/\/toctoctoc.ci\/en\/wp-json\/wp\/v2\/product_tag?post=1712"}],"curies":[{"name":"wp","href":"https:\/\/api.w.org\/{rel}","templated":true}]}}