{"id":1701,"date":"2024-11-23T15:15:30","date_gmt":"2024-11-23T15:15:30","guid":{"rendered":"https:\/\/toctoctoc.ci\/?post_type=product&#038;p=1701"},"modified":"2025-10-12T09:06:29","modified_gmt":"2025-10-12T09:06:29","slug":"organisateur-de-cles-en-cuir","status":"publish","type":"product","link":"https:\/\/toctoctoc.ci\/en\/store-listing\/mode\/bijoux-et-accessoires\/organisateur-de-cles-en-cuir\/","title":{"rendered":"Organisateur de cl\u00e9s en cuir"},"content":{"rendered":"<h1>\u00c0 propos de cet article<\/h1>\n<p><em><strong>Artisanat en Cuir Haut de Gamme<\/strong><\/em> :\u00a0 Notre porte-cl\u00e9s pour cl\u00e9s de voiture est m\u00e9ticuleusement confectionn\u00e9 \u00e0 partir de cuir de premi\u00e8re qualit\u00e9, assurant \u00e0 la fois durabilit\u00e9 et \u00e9l\u00e9gance. Il apporte une note de sophistication au rangement de vos cl\u00e9s.<\/p>\n<p><em><strong>Protection Fiable<\/strong><\/em> : Ce porte-cl\u00e9s en cuir offre un espace s\u00e9curis\u00e9 pour vos cl\u00e9s, pr\u00e9venant les rayures, les bosses et les dommages dus aux chutes ou aux chocs accidentels.<\/p>\n<p><em><strong>L\u00e9g\u00e8re et Pratique<\/strong><\/em> : Con\u00e7u pour \u00eatre \u00e0 la fois compact et l\u00e9ger, ce porte-cl\u00e9s se glisse ais\u00e9ment dans votre poche ou votre sac \u00e0 main, sans ajouter de volume ni de poids superflu \u00e0 vos affaires.<\/p>\n<p><em><strong>Style Classique et Intemporel<\/strong><\/em> : Avec son design \u00e9l\u00e9gant et intemporel, ce porte-cl\u00e9s s&rsquo;harmonise parfaitement avec toutes les cl\u00e9s de voiture et refl\u00e8te votre style personnel. C&rsquo;est un accessoire qui reste toujours \u00e0 la mode.<\/p>\n<p><em><strong>Cadeau Id\u00e9al pour les Amateurs de Voitures<\/strong><\/em> : Ce porte-cl\u00e9s en cuir pour cl\u00e9s de voiture constitue un cadeau parfait pour les passionn\u00e9s d&rsquo;automobile, les amis ou les membres de la famille. Il allie praticit\u00e9 et \u00e9l\u00e9gance, tout en facilitant l&rsquo;organisation des cl\u00e9s et en ajoutant une touche de luxe.<\/p>\n<p>&nbsp;<\/p>\n<h1>Description du produit<\/h1>\n<p><img fetchpriority=\"high\" decoding=\"async\" class=\"alignnone size-large wp-image-1702\" src=\"http:\/\/toctoctoc.ci\/wp-content\/uploads\/2024\/11\/51PE3MKAvML._AC_SX679_-1024x875.jpg\" alt=\"\" width=\"640\" height=\"547\" \/> <img decoding=\"async\" class=\"alignnone size-large wp-image-1703\" src=\"http:\/\/toctoctoc.ci\/wp-content\/uploads\/2024\/11\/965e99be-e047-11ed-9dbd-0a580a698dd1-1024x1024.jpg\" alt=\"\" width=\"640\" height=\"640\" \/> <img decoding=\"async\" class=\"alignnone size-large wp-image-1704\" src=\"http:\/\/toctoctoc.ci\/wp-content\/uploads\/2024\/11\/41Ab9YrCtIL._AC_-968x1024.jpg\" alt=\"\" width=\"640\" height=\"677\" \/> <img loading=\"lazy\" decoding=\"async\" class=\"alignnone size-large wp-image-1705\" src=\"http:\/\/toctoctoc.ci\/wp-content\/uploads\/2024\/11\/71PQAt6iQLL._AC_SX679_-1024x579.jpg\" alt=\"\" width=\"640\" height=\"362\" \/><\/p>\n<p>&nbsp;<\/p>\n<h1>Descriptif technique<\/h1>\n<p>&nbsp;<\/p>\n<table width=\"541\">\n<tbody>\n<tr>\n<td width=\"251\">R\u00e9f\u00e9rence<\/td>\n<td>\u200eToc 20240183<\/td>\n<\/tr>\n<tr>\n<td width=\"251\">Dimensions<\/td>\n<td>\u200e8 X 2 X 2\u00a0 cm\u00a0; 29 grammes<\/td>\n<\/tr>\n<tr>\n<td width=\"251\">Nombre d&rsquo;article(s)<\/td>\n<td>\u200e1<\/td>\n<\/tr>\n<tr>\n<td width=\"251\">Couleur<\/td>\n<td>Marron<\/td>\n<\/tr>\n<tr>\n<td width=\"251\">Forme<\/td>\n<td>Rectangulaire<\/td>\n<\/tr>\n<tr>\n<td width=\"251\">Mat\u00e9riau<\/td>\n<td>Cuir\/Acier inoxydable<\/td>\n<\/tr>\n<tr>\n<td width=\"251\">Caract\u00e9ristiques sp\u00e9ciales<\/td>\n<td>\u200ePliable<\/td>\n<\/tr>\n<tr>\n<td width=\"251\">Compatibilit\u00e9<\/td>\n<td>Longueur de cl\u00e9 &lt;\u00a08 cm<\/td>\n<\/tr>\n<\/tbody>\n<\/table>\n<p>&nbsp;<\/p>\n<h1>Le contenu<\/h1>\n<p>&nbsp;<\/p>\n<table width=\"421\">\n<tbody>\n<tr>\n<td width=\"257\">Un porte-cl\u00e9s en cuir<\/td>\n<\/tr>\n<tr>\n<td width=\"257\">Accessoires : un anneau, deux tiges d\u2019extensions, un carabinier, six rondelles plastiques<\/td>\n<\/tr>\n<\/tbody>\n<\/table>\n<p>&nbsp;<\/p>\n<h1>Vid\u00e9o<\/h1>\n<p>&nbsp;<\/p>","protected":false},"excerpt":{"rendered":"<p>D\u00e9couvrez notre porte-cl\u00e9s en cuir haut de gamme, alliant \u00e9l\u00e9gance et durabilit\u00e9. Confectionn\u00e9 \u00e0 partir de cuir de premi\u00e8re qualit\u00e9, il prot\u00e8ge vos cl\u00e9s des rayures et des chocs tout en ajoutant une touche de sophistication \u00e0 votre style. Compact et l\u00e9ger, il se glisse facilement dans votre poche ou votre sac, faisant de lui un accessoire pratique et raffin\u00e9, id\u00e9al pour les passionn\u00e9s d&rsquo;automobile. Offrez-vous ou offrez ce cadeau luxueux qui allie fonctionnalit\u00e9 et esth\u00e9tique !<\/p>","protected":false},"featured_media":1706,"comment_status":"open","ping_status":"closed","template":"","meta":{"_acf_changed":false},"locations":[135,133,134],"product_brand":[],"product_cat":[82,81],"product_tag":[],"class_list":{"0":"post-1701","1":"product","2":"type-product","3":"status-publish","4":"has-post-thumbnail","6":"locations-cgk","7":"locations-kenya","8":"locations-t03","9":"product_cat-bijoux-et-accessoires","10":"product_cat-mode","12":"first","13":"outofstock","14":"shipping-taxable","15":"purchasable","16":"product-type-simple"},"acf":[],"jetpack_sharing_enabled":true,"_links":{"self":[{"href":"https:\/\/toctoctoc.ci\/en\/wp-json\/wp\/v2\/product\/1701","targetHints":{"allow":["GET"]}}],"collection":[{"href":"https:\/\/toctoctoc.ci\/en\/wp-json\/wp\/v2\/product"}],"about":[{"href":"https:\/\/toctoctoc.ci\/en\/wp-json\/wp\/v2\/types\/product"}],"replies":[{"embeddable":true,"href":"https:\/\/toctoctoc.ci\/en\/wp-json\/wp\/v2\/comments?post=1701"}],"wp:featuredmedia":[{"embeddable":true,"href":"https:\/\/toctoctoc.ci\/en\/wp-json\/wp\/v2\/media\/1706"}],"wp:attachment":[{"href":"https:\/\/toctoctoc.ci\/en\/wp-json\/wp\/v2\/media?parent=1701"}],"wp:term":[{"taxonomy":"locations","embeddable":true,"href":"https:\/\/toctoctoc.ci\/en\/wp-json\/wp\/v2\/locations?post=1701"},{"taxonomy":"product_brand","embeddable":true,"href":"https:\/\/toctoctoc.ci\/en\/wp-json\/wp\/v2\/product_brand?post=1701"},{"taxonomy":"product_cat","embeddable":true,"href":"https:\/\/toctoctoc.ci\/en\/wp-json\/wp\/v2\/product_cat?post=1701"},{"taxonomy":"product_tag","embeddable":true,"href":"https:\/\/toctoctoc.ci\/en\/wp-json\/wp\/v2\/product_tag?post=1701"}],"curies":[{"name":"wp","href":"https:\/\/api.w.org\/{rel}","templated":true}]}}