{"id":1691,"date":"2024-11-23T14:49:12","date_gmt":"2024-11-23T14:49:12","guid":{"rendered":"https:\/\/toctoctoc.ci\/?post_type=product&#038;p=1691"},"modified":"2025-10-12T09:06:53","modified_gmt":"2025-10-12T09:06:53","slug":"decorations-de-tableau-de-bord-de-voiture-en-forme-dours-skateboard","status":"publish","type":"product","link":"https:\/\/toctoctoc.ci\/en\/store-listing\/auto-moto\/accessoires-auto-moto\/decorations-de-tableau-de-bord-de-voiture-en-forme-dours-skateboard\/","title":{"rendered":"D\u00e9corations de Tableau de Bord de Voiture en Forme d&rsquo;ours (Skateboard)"},"content":{"rendered":"<h1>\u00c0 propos de cet article<\/h1>\n<p><em><strong>Ours Patineur Adorable : <\/strong><\/em>Am\u00e9liorez vos trajets avec ce charmant d\u00e9cor de tableau de bord en forme d&rsquo;ours patineur. Regardez cet ornement amusant glisser avec aisance et apporter une ambiance joyeuse \u00e0 votre conduite.<\/p>\n<p><em><strong>Installation Facile : <\/strong><\/em>Ajoutez une touche de charme \u00e0 votre v\u00e9hicule gr\u00e2ce \u00e0 cet ornement d&rsquo;ours patineur. Il se fixe facilement sur le r\u00e9troviseur ou l&rsquo;\u00e9cran flottant de votre voiture, pour une installation rapide et sans effort.<\/p>\n<p><em><strong>Polyvalence d&rsquo;Utilisation : <\/strong><\/em>Embellissez votre maison ou votre bureau avec ce d\u00e9cor en forme d&rsquo;ours patineur. Placez-le o\u00f9 bon vous semble, que ce soit sur un bureau, un \u00e9cran d&rsquo;ordinateur, un t\u00e9l\u00e9viseur ou m\u00eame sur une moto, et s\u00e9duisez vos invit\u00e9s avec son charme.<\/p>\n<p><em><strong>Visibilit\u00e9 Assur\u00e9e : <\/strong><\/em>Ce d\u00e9cor compact, fabriqu\u00e9 en PVC de haute qualit\u00e9 et mesurant environ 12 x 9,4 cm, est un ajout \u00e9l\u00e9gant \u00e0 votre v\u00e9hicule. Il ne g\u00eane pas votre champ de vision, garantissant une conduite s\u00fbre et agr\u00e9able.<\/p>\n<p><em><strong>Cadeau Original : <\/strong><\/em>Rendez vos trajets plus amusants avec cet ornement de tableau de bord en forme d&rsquo;ours patineur. C&rsquo;est un cadeau parfait pour les conducteurs \u00e0 la recherche d&rsquo;un accessoire unique qui fera sourire vos amis et votre famille sur la route.<\/p>\n<p>&nbsp;<\/p>\n<h1>Description du produit<\/h1>\n<p><img fetchpriority=\"high\" decoding=\"async\" class=\"alignnone size-large wp-image-1692\" src=\"http:\/\/toctoctoc.ci\/wp-content\/uploads\/2024\/11\/04fd7fba-d532-44f6-8ea4-7c4cdc465df0-735x1024.jpg\" alt=\"\" width=\"640\" height=\"892\" \/> <img decoding=\"async\" class=\"alignnone size-large wp-image-1693\" src=\"http:\/\/toctoctoc.ci\/wp-content\/uploads\/2024\/11\/918e4e7b-d1c7-4db8-8910-c51bafbe24ab-674x1024.jpg\" alt=\"\" width=\"640\" height=\"972\" \/> <img decoding=\"async\" class=\"alignnone size-large wp-image-1694\" src=\"http:\/\/toctoctoc.ci\/wp-content\/uploads\/2024\/11\/b786cfda-db0d-49ad-9f5f-5df68c6c8861-647x1024.jpg\" alt=\"\" width=\"640\" height=\"1013\" \/> <img loading=\"lazy\" decoding=\"async\" class=\"alignnone size-large wp-image-1695\" src=\"http:\/\/toctoctoc.ci\/wp-content\/uploads\/2024\/11\/ee5656c8-e2c3-4672-82d3-1f9d4c992049-650x1024.jpg\" alt=\"\" width=\"640\" height=\"1008\" \/><\/p>\n<p>&nbsp;<\/p>\n<h1>Descriptif technique<\/h1>\n<table width=\"541\">\n<tbody>\n<tr>\n<td width=\"251\">R\u00e9f\u00e9rence<\/td>\n<td>\u200eToc 20240182<\/td>\n<\/tr>\n<tr>\n<td width=\"251\">Dimensions<\/td>\n<td>\u200e13.5 X 11 X 4.5\u00a0 cm\u00a0; 125 grammes<\/td>\n<\/tr>\n<tr>\n<td width=\"251\">Nombre d&rsquo;article(s)<\/td>\n<td>\u200e1<\/td>\n<\/tr>\n<tr>\n<td width=\"251\">Couleur<\/td>\n<td>\u200eNoir<\/td>\n<\/tr>\n<tr>\n<td width=\"251\">Forme<\/td>\n<td>\u200eOurs<\/td>\n<\/tr>\n<tr>\n<td width=\"251\">Mat\u00e9riau<\/td>\n<td>PVC<\/td>\n<\/tr>\n<tr>\n<td width=\"251\">Caract\u00e9ristiques sp\u00e9ciales<\/td>\n<td>Large gamme d\u2019application<\/td>\n<\/tr>\n<tr>\n<td width=\"251\">Compatibilit\u00e9<\/td>\n<td>V\u00e9hicule muni d\u2019\u00e9cran de tableau de bord<\/td>\n<\/tr>\n<\/tbody>\n<\/table>\n<p>&nbsp;<\/p>\n<h1>Le contenu<\/h1>\n<table width=\"300\">\n<tbody>\n<tr>\n<td width=\"296\">Une d\u00e9coration de tableau de bord<\/td>\n<\/tr>\n<tr>\n<td width=\"296\">Un autocollant double face<\/td>\n<\/tr>\n<\/tbody>\n<\/table>\n<p>&nbsp;<\/p>\n<h1>Vid\u00e9o<\/h1>\n<p>&nbsp;<\/p>\n<p>&nbsp;<\/p>","protected":false},"excerpt":{"rendered":"<p>Ajoutez une touche de charme \u00e0 votre conduite avec notre adorable d\u00e9cor de tableau de bord en forme d&rsquo;ours patineur. Facile \u00e0 installer sur le r\u00e9troviseur ou l&rsquo;\u00e9cran flottant de votre voiture, cet ornement amusant ne bloque pas votre vue et apporte une ambiance joyeuse \u00e0 chaque trajet. Parfait pour embellir votre v\u00e9hicule ou comme cadeau original pour les amateurs de conduite !<\/p>","protected":false},"featured_media":1696,"comment_status":"open","ping_status":"closed","template":"","meta":{"_acf_changed":false},"locations":[135,133,134],"product_brand":[],"product_cat":[89,57],"product_tag":[],"class_list":{"0":"post-1691","1":"product","2":"type-product","3":"status-publish","4":"has-post-thumbnail","6":"locations-cgk","7":"locations-kenya","8":"locations-t03","9":"product_cat-accessoires-auto-moto","10":"product_cat-auto-moto","12":"first","13":"outofstock","14":"shipping-taxable","15":"purchasable","16":"product-type-simple"},"acf":[],"jetpack_sharing_enabled":true,"_links":{"self":[{"href":"https:\/\/toctoctoc.ci\/en\/wp-json\/wp\/v2\/product\/1691","targetHints":{"allow":["GET"]}}],"collection":[{"href":"https:\/\/toctoctoc.ci\/en\/wp-json\/wp\/v2\/product"}],"about":[{"href":"https:\/\/toctoctoc.ci\/en\/wp-json\/wp\/v2\/types\/product"}],"replies":[{"embeddable":true,"href":"https:\/\/toctoctoc.ci\/en\/wp-json\/wp\/v2\/comments?post=1691"}],"wp:featuredmedia":[{"embeddable":true,"href":"https:\/\/toctoctoc.ci\/en\/wp-json\/wp\/v2\/media\/1696"}],"wp:attachment":[{"href":"https:\/\/toctoctoc.ci\/en\/wp-json\/wp\/v2\/media?parent=1691"}],"wp:term":[{"taxonomy":"locations","embeddable":true,"href":"https:\/\/toctoctoc.ci\/en\/wp-json\/wp\/v2\/locations?post=1691"},{"taxonomy":"product_brand","embeddable":true,"href":"https:\/\/toctoctoc.ci\/en\/wp-json\/wp\/v2\/product_brand?post=1691"},{"taxonomy":"product_cat","embeddable":true,"href":"https:\/\/toctoctoc.ci\/en\/wp-json\/wp\/v2\/product_cat?post=1691"},{"taxonomy":"product_tag","embeddable":true,"href":"https:\/\/toctoctoc.ci\/en\/wp-json\/wp\/v2\/product_tag?post=1691"}],"curies":[{"name":"wp","href":"https:\/\/api.w.org\/{rel}","templated":true}]}}