{"id":1681,"date":"2024-11-23T12:41:44","date_gmt":"2024-11-23T12:41:44","guid":{"rendered":"https:\/\/toctoctoc.ci\/?post_type=product&#038;p=1681"},"modified":"2025-12-09T02:05:12","modified_gmt":"2025-12-09T02:05:12","slug":"multiprise-flexible-parafoudre-usb","status":"publish","type":"product","link":"https:\/\/toctoctoc.ci\/en\/store-listing\/electroniques\/barre-dalimentation\/multiprise-flexible-parafoudre-usb\/","title":{"rendered":"Multiprise flexible parafoudre USB"},"content":{"rendered":"<h1>\u00c0 propos de cet article<\/h1>\n<p><em><strong>Design Innovant : <\/strong><\/em>Une multiprise qui allie fonctionnalit\u00e9 et style, pouvant \u00eatre droite ou circulaire selon vos envies.<\/p>\n<p><em><strong>\u00c9conomie d&rsquo;Espace : <\/strong><\/em>Flexible et d\u00e9formable, elle s&rsquo;adapte \u00e0 diff\u00e9rents espaces avec des sorties orientables \u00e0 120\u00b0.<\/p>\n<p><em><strong>Multiprise Universelle : <\/strong><\/em>\u00c9quip\u00e9e de 4 prises am\u00e9ricaines et 2 ports USB (5 V, 2,2 A) pour charger rapidement vos appareils.<\/p>\n<p><em><strong>S\u00e9curit\u00e9 Certifi\u00e9e : <\/strong><\/em>Protection int\u00e9gr\u00e9e contre les surtensions et courts-circuits, avec un bo\u00eetier ignifuge en polycarbonate.<\/p>\n<p><em><strong>Conception Brevet\u00e9e : <\/strong><\/em>Chaque unit\u00e9 tourne \u00e0 90\u00b0 pour s&rsquo;adapter facilement aux petits espaces.<\/p>\n<p><em><strong>S\u00e9curit\u00e9 Renforc\u00e9e : <\/strong><\/em>Certifi\u00e9 UL CE ROHS, con\u00e7u pour \u00e9viter les incendies et prot\u00e9ger vos appareils \u00e9lectroniques.<\/p>\n<p><em><strong>Applications Vari\u00e9es : <\/strong><\/em>Id\u00e9al pour tous vos appareils \u00e9lectroniques \u00e0 la maison ou au bureau.<\/p>\n<p>&nbsp;<\/p>\n<h1>Description du produit<\/h1>\n<p><img fetchpriority=\"high\" decoding=\"async\" class=\"alignnone size-large wp-image-1682\" src=\"http:\/\/toctoctoc.ci\/wp-content\/uploads\/2024\/11\/4b1665aa-10b1-48f2-ac61-526583374b65.__CR00970600_PT0_SX970_V1___-1024x633.jpg\" alt=\"\" width=\"640\" height=\"396\" \/> <img decoding=\"async\" class=\"alignnone size-large wp-image-1683\" src=\"http:\/\/toctoctoc.ci\/wp-content\/uploads\/2024\/11\/91MXhHA6etL._AC_SL1500_-1018x1024.jpg\" alt=\"\" width=\"640\" height=\"644\" \/> <img decoding=\"async\" class=\"alignnone size-large wp-image-1684\" src=\"http:\/\/toctoctoc.ci\/wp-content\/uploads\/2024\/11\/611DL-1gmtL._AC_SL1100_-1024x637.jpg\" alt=\"\" width=\"640\" height=\"398\" \/><\/p>\n<p>&nbsp;<\/p>\n<h1>Descriptif technique<\/h1>\n<table width=\"517\">\n<tbody>\n<tr>\n<td width=\"251\">R\u00e9f\u00e9rence<\/td>\n<td>\u200eToc 20240181<\/td>\n<\/tr>\n<tr>\n<td width=\"251\">Dimensions<\/td>\n<td>\u200e44.5 X 17 X 5\u00a0 cm; 619 grammes<\/td>\n<\/tr>\n<tr>\n<td width=\"251\">Nombre d&rsquo;article(s)<\/td>\n<td>\u200e1<\/td>\n<\/tr>\n<tr>\n<td width=\"251\">Couleur<\/td>\n<td>Noir<\/td>\n<\/tr>\n<tr>\n<td width=\"251\">Forme<\/td>\n<td>\u200eFlexible<\/td>\n<\/tr>\n<tr>\n<td width=\"251\">Mat\u00e9riau<\/td>\n<td>Polycarbonate<\/td>\n<\/tr>\n<tr>\n<td width=\"251\">Caract\u00e9ristiques sp\u00e9ciales<\/td>\n<td>\u200eFlexibilit\u00e9\/ Parafoudre<\/td>\n<\/tr>\n<tr>\n<td width=\"251\">Nombre de port<\/td>\n<td>\u200e4<\/td>\n<\/tr>\n<tr>\n<td width=\"251\">Nombre de port USB<\/td>\n<td>2 (USB C)<\/td>\n<\/tr>\n<tr>\n<td width=\"251\">Voltage<\/td>\n<td>250 V<\/td>\n<\/tr>\n<\/tbody>\n<\/table>\n<p>&nbsp;<\/p>\n<h1>Le contenu<\/h1>\n<table width=\"261\">\n<tbody>\n<tr>\n<td width=\"257\">Une multiprise flexible<\/td>\n<\/tr>\n<\/tbody>\n<\/table>\n<p>&nbsp;<\/p>\n<h1>Vid\u00e9o<\/h1>\n<p><iframe title=\"20240181\" width=\"1200\" height=\"900\" src=\"https:\/\/www.youtube.com\/embed\/X9CCFYU9cEE?feature=oembed\" frameborder=\"0\" allow=\"accelerometer; autoplay; clipboard-write; encrypted-media; gyroscope; picture-in-picture; web-share\" referrerpolicy=\"strict-origin-when-cross-origin\" allowfullscreen><\/iframe><\/p>\n<p>&nbsp;<\/p>","protected":false},"excerpt":{"rendered":"<p>D\u00e9couvrez notre multiprise innovante au design flexible, qui s&rsquo;adapte \u00e0 tous vos besoins. Avec 4 prises standard et 2 ports USB pour une charge rapide, elle optimise l&rsquo;espace tout en garantissant une s\u00e9curit\u00e9 maximale gr\u00e2ce \u00e0 sa protection contre les surtensions. Id\u00e9ale pour la maison, le bureau ou les voyages, elle combine style et fonctionnalit\u00e9 pour simplifier votre quotidien.<\/p>","protected":false},"featured_media":1685,"comment_status":"open","ping_status":"closed","template":"","meta":{"_acf_changed":false},"locations":[135,133,134],"product_brand":[],"product_cat":[111,104],"product_tag":[],"class_list":{"0":"post-1681","1":"product","2":"type-product","3":"status-publish","4":"has-post-thumbnail","6":"locations-cgk","7":"locations-kenya","8":"locations-t03","9":"product_cat-barre-dalimentation","10":"product_cat-electroniques","12":"first","13":"instock","14":"shipping-taxable","15":"purchasable","16":"product-type-simple"},"acf":[],"jetpack_sharing_enabled":true,"_links":{"self":[{"href":"https:\/\/toctoctoc.ci\/en\/wp-json\/wp\/v2\/product\/1681","targetHints":{"allow":["GET"]}}],"collection":[{"href":"https:\/\/toctoctoc.ci\/en\/wp-json\/wp\/v2\/product"}],"about":[{"href":"https:\/\/toctoctoc.ci\/en\/wp-json\/wp\/v2\/types\/product"}],"replies":[{"embeddable":true,"href":"https:\/\/toctoctoc.ci\/en\/wp-json\/wp\/v2\/comments?post=1681"}],"wp:featuredmedia":[{"embeddable":true,"href":"https:\/\/toctoctoc.ci\/en\/wp-json\/wp\/v2\/media\/1685"}],"wp:attachment":[{"href":"https:\/\/toctoctoc.ci\/en\/wp-json\/wp\/v2\/media?parent=1681"}],"wp:term":[{"taxonomy":"locations","embeddable":true,"href":"https:\/\/toctoctoc.ci\/en\/wp-json\/wp\/v2\/locations?post=1681"},{"taxonomy":"product_brand","embeddable":true,"href":"https:\/\/toctoctoc.ci\/en\/wp-json\/wp\/v2\/product_brand?post=1681"},{"taxonomy":"product_cat","embeddable":true,"href":"https:\/\/toctoctoc.ci\/en\/wp-json\/wp\/v2\/product_cat?post=1681"},{"taxonomy":"product_tag","embeddable":true,"href":"https:\/\/toctoctoc.ci\/en\/wp-json\/wp\/v2\/product_tag?post=1681"}],"curies":[{"name":"wp","href":"https:\/\/api.w.org\/{rel}","templated":true}]}}