{"id":1669,"date":"2024-11-23T12:13:22","date_gmt":"2024-11-23T12:13:22","guid":{"rendered":"https:\/\/toctoctoc.ci\/?post_type=product&#038;p=1669"},"modified":"2026-03-15T22:59:39","modified_gmt":"2026-03-15T22:59:39","slug":"ecouteurs-a-clip-doreille-ouvert","status":"publish","type":"product","link":"https:\/\/toctoctoc.ci\/en\/store-listing\/electroniques\/casque-et-ecouteurs\/ecouteurs-a-clip-doreille-ouvert\/","title":{"rendered":"\u00c9couteurs \u00e0 Clip d\u2019Oreille Ouvert"},"content":{"rendered":"<h1>\u00c0 propos de cet article<\/h1>\n<p>&nbsp;<\/p>\n<p><em><strong>\u00c9couteurs \u00e0 Clip Ouverts : <\/strong><\/em>D\u00e9couvrez nos \u00e9couteurs Bluetooth \u00e0 clip d&rsquo;oreille, con\u00e7us pour un confort optimal sans insertion dans le conduit auditif. Leur coussin d&rsquo;air liquide s&rsquo;adapte \u00e0 toutes les formes d&rsquo;oreilles.<\/p>\n<p><em><strong>Technologie Avanc\u00e9e : <\/strong><\/em>\u00c9quip\u00e9s de Bluetooth 5.4, ces \u00e9couteurs offrent une communication rapide et stable. Avec 4 microphones et r\u00e9duction de bruit ENC, vos appels restent clairs m\u00eame en milieu bruyant.<\/p>\n<p><em><strong>Connexion Double et Son Directionnel : <\/strong><\/em>Connectez deux appareils simultan\u00e9ment gr\u00e2ce \u00e0 la technologie IDDC. La transmission directionnelle du son ajuste automatiquement l&rsquo;angle pour une \u00e9coute immersive sans fuites sonores.<\/p>\n<p><em><strong>Autonomie et \u00c9tanch\u00e9it\u00e9 : <\/strong><\/em>Profitez de 6 heures d&rsquo;\u00e9coute par oreille et jusqu&rsquo;\u00e0 65 heures avec l&rsquo;\u00e9tui de chargement. R\u00e9sistants \u00e0 l&rsquo;eau et \u00e0 la transpiration, ils sont parfaits pour toutes vos activit\u00e9s.<\/p>\n<p><em><strong>Contr\u00f4le Tactile et Compatibilit\u00e9 : <\/strong><\/em>G\u00e9rez facilement votre musique et vos appels avec le contr\u00f4le tactile int\u00e9gr\u00e9. Compatibles avec divers appareils Bluetooth, ils s&rsquo;adaptent \u00e0 tous vos besoins.<\/p>\n<p>&nbsp;<\/p>\n<h1>Description du produit<\/h1>\n<p><img fetchpriority=\"high\" decoding=\"async\" class=\"alignnone size-large wp-image-1670\" src=\"http:\/\/toctoctoc.ci\/wp-content\/uploads\/2024\/11\/71CwcwliOqL._AC_SL1500_-1024x1024.jpg\" alt=\"\" width=\"640\" height=\"640\" \/> <img decoding=\"async\" class=\"alignnone size-large wp-image-1671\" src=\"http:\/\/toctoctoc.ci\/wp-content\/uploads\/2024\/11\/IPC06042024012-11-1024x1024.jpg\" alt=\"\" width=\"640\" height=\"640\" \/> <img decoding=\"async\" class=\"alignnone size-large wp-image-1672\" src=\"http:\/\/toctoctoc.ci\/wp-content\/uploads\/2024\/11\/IPC06042024012-12-1024x1024.jpg\" alt=\"\" width=\"640\" height=\"640\" \/> <img loading=\"lazy\" decoding=\"async\" class=\"alignnone size-large wp-image-1673\" src=\"http:\/\/toctoctoc.ci\/wp-content\/uploads\/2024\/11\/IPC06042024012-13-1024x1024.jpg\" alt=\"\" width=\"640\" height=\"640\" \/> <img loading=\"lazy\" decoding=\"async\" class=\"alignnone size-large wp-image-1674\" src=\"http:\/\/toctoctoc.ci\/wp-content\/uploads\/2024\/11\/61w74NAcVfL._AC_SL1500_-1024x1024.jpg\" alt=\"\" width=\"640\" height=\"640\" \/> <img loading=\"lazy\" decoding=\"async\" class=\"alignnone size-large wp-image-1675\" src=\"http:\/\/toctoctoc.ci\/wp-content\/uploads\/2024\/11\/718L8JWcalL._AC_SL1500_-1024x1024.jpg\" alt=\"\" width=\"640\" height=\"640\" \/><\/p>\n<p>&nbsp;<\/p>\n<h1>Descriptif technique<\/h1>\n<table width=\"517\">\n<tbody>\n<tr>\n<td width=\"251\">R\u00e9f\u00e9rence<\/td>\n<td>\u200eToc 20240180<\/td>\n<\/tr>\n<tr>\n<td width=\"251\">Dimensions colis<\/td>\n<td>\u200e10.5 X 10.5 X 3\u00a0 cm; 135 grammes<\/td>\n<\/tr>\n<tr>\n<td width=\"251\">Nombre d&rsquo;article(s)<\/td>\n<td>\u200e1<\/td>\n<\/tr>\n<tr>\n<td width=\"251\">Couleur<\/td>\n<td>\u200eBo\u00eetier brun\/\u00e9couteurs blancs<\/td>\n<\/tr>\n<tr>\n<td width=\"251\">Mat\u00e9riau<\/td>\n<td>ABS<\/td>\n<\/tr>\n<tr>\n<td width=\"251\">Forme<\/td>\n<td>\u200eCarr\u00e9<\/td>\n<\/tr>\n<tr>\n<td width=\"251\">Alimentation<\/td>\n<td>\u200eC\u00e2ble USB C<\/td>\n<\/tr>\n<tr>\n<td width=\"251\">Caract\u00e9ristiques sp\u00e9ciales<\/td>\n<td>\u00c9tanche\/ Microphone inclus\/ Contr\u00f4le du volume \/Contr\u00f4le tactile<\/td>\n<\/tr>\n<tr>\n<td width=\"251\">Compatibilit\u00e9<\/td>\n<td>\u200eBluetooth<\/td>\n<\/tr>\n<tr>\n<td width=\"251\">Type de contr\u00f4le<\/td>\n<td>Toucher\u00a0: M\u00e9dias\/Appels<\/td>\n<\/tr>\n<\/tbody>\n<\/table>\n<p>&nbsp;<\/p>\n<h1>Le contenu<\/h1>\n<table style=\"height: 79px;\" width=\"378\">\n<tbody>\n<tr>\n<td width=\"257\">Un bo\u00eetier d\u2019\u00e9couteurs boucles d\u2019oreille<\/td>\n<\/tr>\n<tr>\n<td width=\"257\">Un c\u00e2ble de chargement USB (type C)<\/td>\n<\/tr>\n<tr>\n<td width=\"257\">La notice (anglais-chinois)<\/td>\n<\/tr>\n<\/tbody>\n<\/table>\n<p>&nbsp;<\/p>\n<h1>Vid\u00e9o<\/h1>\n<p><iframe title=\"20240180\" width=\"1200\" height=\"900\" src=\"https:\/\/www.youtube.com\/embed\/b74NU1vrUAk?feature=oembed\" frameborder=\"0\" allow=\"accelerometer; autoplay; clipboard-write; encrypted-media; gyroscope; picture-in-picture; web-share\" referrerpolicy=\"strict-origin-when-cross-origin\" allowfullscreen><\/iframe><\/p>","protected":false},"excerpt":{"rendered":"<p>D\u00e9couvrez nos \u00e9couteurs Bluetooth \u00e0 clip d&rsquo;oreille ouverts, alliant confort et technologie avanc\u00e9e. Gr\u00e2ce \u00e0 leur design innovant, ils s&rsquo;adaptent parfaitement \u00e0 toutes les oreilles sans n\u00e9cessiter d&rsquo;insertion. Profitez d&rsquo;une autonomie impressionnante de 65 heures avec l&rsquo;\u00e9tui de chargement, d&rsquo;une connexion stable via Bluetooth 5.4, et d&rsquo;une qualit\u00e9 d&rsquo;appel exceptionnelle gr\u00e2ce \u00e0 la r\u00e9duction de bruit. R\u00e9sistants \u00e0 l&rsquo;eau et dot\u00e9s d&rsquo;un contr\u00f4le tactile, ces \u00e9couteurs sont parfaits pour une utilisation quotidienne, que ce soit \u00e0 la maison, au travail ou lors de vos activit\u00e9s sportives.<\/p>","protected":false},"featured_media":1676,"comment_status":"open","ping_status":"closed","template":"","meta":{"_acf_changed":false},"locations":[135,133,134],"product_brand":[],"product_cat":[105,104],"product_tag":[],"class_list":{"0":"post-1669","1":"product","2":"type-product","3":"status-publish","4":"has-post-thumbnail","6":"locations-cgk","7":"locations-kenya","8":"locations-t03","9":"product_cat-casque-et-ecouteurs","10":"product_cat-electroniques","12":"first","13":"instock","14":"shipping-taxable","15":"purchasable","16":"product-type-simple"},"acf":[],"jetpack_sharing_enabled":true,"_links":{"self":[{"href":"https:\/\/toctoctoc.ci\/en\/wp-json\/wp\/v2\/product\/1669","targetHints":{"allow":["GET"]}}],"collection":[{"href":"https:\/\/toctoctoc.ci\/en\/wp-json\/wp\/v2\/product"}],"about":[{"href":"https:\/\/toctoctoc.ci\/en\/wp-json\/wp\/v2\/types\/product"}],"replies":[{"embeddable":true,"href":"https:\/\/toctoctoc.ci\/en\/wp-json\/wp\/v2\/comments?post=1669"}],"wp:featuredmedia":[{"embeddable":true,"href":"https:\/\/toctoctoc.ci\/en\/wp-json\/wp\/v2\/media\/1676"}],"wp:attachment":[{"href":"https:\/\/toctoctoc.ci\/en\/wp-json\/wp\/v2\/media?parent=1669"}],"wp:term":[{"taxonomy":"locations","embeddable":true,"href":"https:\/\/toctoctoc.ci\/en\/wp-json\/wp\/v2\/locations?post=1669"},{"taxonomy":"product_brand","embeddable":true,"href":"https:\/\/toctoctoc.ci\/en\/wp-json\/wp\/v2\/product_brand?post=1669"},{"taxonomy":"product_cat","embeddable":true,"href":"https:\/\/toctoctoc.ci\/en\/wp-json\/wp\/v2\/product_cat?post=1669"},{"taxonomy":"product_tag","embeddable":true,"href":"https:\/\/toctoctoc.ci\/en\/wp-json\/wp\/v2\/product_tag?post=1669"}],"curies":[{"name":"wp","href":"https:\/\/api.w.org\/{rel}","templated":true}]}}