{"id":1661,"date":"2024-11-23T11:41:15","date_gmt":"2024-11-23T11:41:15","guid":{"rendered":"https:\/\/toctoctoc.ci\/?post_type=product&#038;p=1661"},"modified":"2026-04-04T15:11:17","modified_gmt":"2026-04-04T15:11:17","slug":"lot-de-2-crochets-de-siege-de-voiture","status":"publish","type":"product","link":"https:\/\/toctoctoc.ci\/en\/store-listing\/auto-moto\/accessoires-auto-moto\/lot-de-2-crochets-de-siege-de-voiture\/","title":{"rendered":"Lot de 2 crochets de Si\u00e8ge de Voiture"},"content":{"rendered":"<h1>\u00c0 propos de cet article<\/h1>\n<p><em><strong>Mat\u00e9riaux de Qualit\u00e9 Sup\u00e9rieure : <\/strong><\/em>Cet accessoire pour voiture comprend deux crochets en cuir de haute qualit\u00e9, alliant durabilit\u00e9 et \u00e9l\u00e9gance. Son design l\u00e9ger et compact permet de le pivoter facilement vers l&rsquo;avant ou l&rsquo;arri\u00e8re du si\u00e8ge selon vos besoins.<\/p>\n<p><em><strong>Flexibilit\u00e9 et Rotation \u00e0 360\u00b0 : <\/strong><\/em>Le crochet de rangement peut \u00eatre ajust\u00e9 \u00e0 n&rsquo;importe quel angle, facilitant l&rsquo;organisation de votre voiture ou de votre maison. M\u00eame en cas de freinage brusque, vos objets resteront en place.<\/p>\n<p><em><strong>Conception S\u00e9curis\u00e9e : <\/strong><\/em>Avec un design discret et des bords lisses, ce crochet ne risque pas de rayer les passagers. Il se fixe \u00e0 l&rsquo;arri\u00e8re du si\u00e8ge sans occuper d&rsquo;espace suppl\u00e9mentaire.<\/p>\n<p><em><strong>Design Pratique : <\/strong><\/em>Ce double crochet, qui fait \u00e9galement office de support de t\u00e9l\u00e9phone, vous aide \u00e0 garder votre voiture bien rang\u00e9e, rendant vos trajets plus agr\u00e9ables et sans stress.<\/p>\n<p><em><strong>Applications Multiples : <\/strong><\/em>Ce crochet d&rsquo;appui-t\u00eate est id\u00e9al pour suspendre divers objets, tels que des bouteilles, des parapluies ou des sacs. Il contribue \u00e0 maintenir votre voiture propre et ordonn\u00e9e.<\/p>\n<p>&nbsp;<\/p>\n<h1>Description du produit<\/h1>\n<p><img fetchpriority=\"high\" decoding=\"async\" class=\"alignnone size-large wp-image-1662\" src=\"http:\/\/toctoctoc.ci\/wp-content\/uploads\/2024\/11\/61MKWgb2rNL._AC_SL1500_-920x1024.jpg\" alt=\"\" width=\"640\" height=\"712\" \/> <img decoding=\"async\" class=\"alignnone size-large wp-image-1663\" src=\"http:\/\/toctoctoc.ci\/wp-content\/uploads\/2024\/11\/1713596637241-4588bc50eec44cea9d650ed36e528ac9-goods-1010x1024.jpg\" alt=\"\" width=\"640\" height=\"649\" \/><\/p>\n<p>&nbsp;<\/p>\n<h1>Descriptif technique<\/h1>\n<table width=\"541\">\n<tbody>\n<tr>\n<td width=\"251\">R\u00e9f\u00e9rence<\/td>\n<td>\u200eToc 20240179<\/td>\n<\/tr>\n<tr>\n<td width=\"251\">Dimensions<\/td>\n<td>\u200e20 X 10 X 3\u00a0 cm\u00a0; 76 grammes (unit\u00e9)<\/td>\n<\/tr>\n<tr>\n<td width=\"251\">Nombre d&rsquo;article(s)<\/td>\n<td>\u200e1<\/td>\n<\/tr>\n<tr>\n<td width=\"251\">Couleur<\/td>\n<td>\u200eMarron<\/td>\n<\/tr>\n<tr>\n<td width=\"251\">Forme<\/td>\n<td>\u200eCrochet<\/td>\n<\/tr>\n<tr>\n<td width=\"251\">Mat\u00e9riau<\/td>\n<td>\u200eCuir<\/td>\n<\/tr>\n<tr>\n<td width=\"251\">Caract\u00e9ristiques sp\u00e9ciales<\/td>\n<td>Flexibilit\u00e9<\/td>\n<\/tr>\n<tr>\n<td width=\"251\">Compatibilit\u00e9<\/td>\n<td>Tout type de v\u00e9hicule<\/td>\n<\/tr>\n<\/tbody>\n<\/table>\n<p>&nbsp;<\/p>\n<h1>Le contenu<\/h1>\n<table width=\"300\">\n<tbody>\n<tr>\n<td width=\"296\">Deux crochets pour si\u00e8ge de voiture<\/td>\n<\/tr>\n<\/tbody>\n<\/table>\n<p>&nbsp;<\/p>\n<h1>Vid\u00e9o<\/h1>\n<p><iframe title=\"20240179\" width=\"563\" height=\"1000\" src=\"https:\/\/www.youtube.com\/embed\/gvyMCIjeMbg?feature=oembed\" frameborder=\"0\" allow=\"accelerometer; autoplay; clipboard-write; encrypted-media; gyroscope; picture-in-picture; web-share\" referrerpolicy=\"strict-origin-when-cross-origin\" allowfullscreen><\/iframe><\/p>","protected":false},"excerpt":{"rendered":"<p>Optimisez l&rsquo;espace de votre voiture avec notre crochet d&rsquo;appui-t\u00eate en cuir de haute qualit\u00e9. L\u00e9ger et flexible, il pivote \u00e0 360\u00b0 pour s&rsquo;adapter \u00e0 vos besoins, tout en maintenant vos objets en s\u00e9curit\u00e9, m\u00eame lors de freinages brusques. Avec son design \u00e9l\u00e9gant et ses bords lisses, il s&rsquo;int\u00e8gre parfaitement \u00e0 l&rsquo;int\u00e9rieur de votre v\u00e9hicule sans l&rsquo;endommager. Id\u00e9al pour suspendre sacs, bouteilles et parapluies, ce crochet est l&rsquo;accessoire parfait pour garder votre voiture propre et organis\u00e9e.<\/p>","protected":false},"featured_media":1664,"comment_status":"open","ping_status":"closed","template":"","meta":{"_acf_changed":false},"locations":[135,133,134],"product_brand":[],"product_cat":[89,57],"product_tag":[],"class_list":{"0":"post-1661","1":"product","2":"type-product","3":"status-publish","4":"has-post-thumbnail","6":"locations-cgk","7":"locations-kenya","8":"locations-t03","9":"product_cat-accessoires-auto-moto","10":"product_cat-auto-moto","12":"first","13":"instock","14":"shipping-taxable","15":"purchasable","16":"product-type-simple"},"acf":[],"jetpack_sharing_enabled":true,"_links":{"self":[{"href":"https:\/\/toctoctoc.ci\/en\/wp-json\/wp\/v2\/product\/1661","targetHints":{"allow":["GET"]}}],"collection":[{"href":"https:\/\/toctoctoc.ci\/en\/wp-json\/wp\/v2\/product"}],"about":[{"href":"https:\/\/toctoctoc.ci\/en\/wp-json\/wp\/v2\/types\/product"}],"replies":[{"embeddable":true,"href":"https:\/\/toctoctoc.ci\/en\/wp-json\/wp\/v2\/comments?post=1661"}],"wp:featuredmedia":[{"embeddable":true,"href":"https:\/\/toctoctoc.ci\/en\/wp-json\/wp\/v2\/media\/1664"}],"wp:attachment":[{"href":"https:\/\/toctoctoc.ci\/en\/wp-json\/wp\/v2\/media?parent=1661"}],"wp:term":[{"taxonomy":"locations","embeddable":true,"href":"https:\/\/toctoctoc.ci\/en\/wp-json\/wp\/v2\/locations?post=1661"},{"taxonomy":"product_brand","embeddable":true,"href":"https:\/\/toctoctoc.ci\/en\/wp-json\/wp\/v2\/product_brand?post=1661"},{"taxonomy":"product_cat","embeddable":true,"href":"https:\/\/toctoctoc.ci\/en\/wp-json\/wp\/v2\/product_cat?post=1661"},{"taxonomy":"product_tag","embeddable":true,"href":"https:\/\/toctoctoc.ci\/en\/wp-json\/wp\/v2\/product_tag?post=1661"}],"curies":[{"name":"wp","href":"https:\/\/api.w.org\/{rel}","templated":true}]}}