{"id":1623,"date":"2024-11-21T20:21:08","date_gmt":"2024-11-21T20:21:08","guid":{"rendered":"https:\/\/toctoctoc.ci\/?post_type=product&#038;p=1623"},"modified":"2025-10-12T09:07:43","modified_gmt":"2025-10-12T09:07:43","slug":"planche-a-decouper-pliable","status":"publish","type":"product","link":"https:\/\/toctoctoc.ci\/en\/store-listing\/cuisine-et-maison-2\/ustensile-de-cuisine\/planche-a-decouper-pliable\/","title":{"rendered":"Planche \u00e0 d\u00e9couper pliable"},"content":{"rendered":"<h1>\u00c0 propos de cet article<\/h1>\n<p><em><strong>Paniers Multifonctionnels 3 en 1<\/strong> <\/em>: Ce panier \u00e0 vaisselle et \u00e0 l\u00e9gumes offre trois hauteurs r\u00e9glables pour s&rsquo;adapter \u00e0 tous vos besoins, que ce soit pour la vaisselle \u00e0 la maison, le camping, ou la pr\u00e9paration de barbecue. Il peut \u00e9galement servir de panier de stockage ou de planche \u00e0 d\u00e9couper pour fruits, l\u00e9gumes et viandes.<\/p>\n<p><em><strong>Conception Pliable et Compacte<\/strong><\/em> : Gr\u00e2ce \u00e0 son design pliable, ce panier est facile \u00e0 transporter et permet d&rsquo;\u00e9conomiser de l&rsquo;espace. Il se plie \u00e0 seulement 1,2 pouce, r\u00e9duisant ainsi l&rsquo;encombrement dans votre cuisine jusqu&rsquo;\u00e0 85%.<\/p>\n<p><em><strong>Entretien Facile<\/strong><\/em> : Fabriqu\u00e9 en plastique robuste, ce panier est simple \u00e0 nettoyer et ne rouille pas, contrairement aux planches en m\u00e9tal ou en bois qui peuvent moisir.<\/p>\n<p><em><strong>Utilisation Pratique<\/strong><\/em> : Compos\u00e9 de plastique et de silicone de qualit\u00e9 alimentaire, ce produit \u00e9vacue l&rsquo;eau facilement gr\u00e2ce \u00e0 sa passoire int\u00e9gr\u00e9e. Sa poign\u00e9e ergonomique facilite le ramassage et le nettoyage, et il est compatible avec le lave-vaisselle pour un entretien rapide.<\/p>\n<p><em><strong>Indispensable pour Int\u00e9rieur et Ext\u00e9rieur<\/strong><\/em> : Ce gadget de cuisine est id\u00e9al pour toutes vos activit\u00e9s, que ce soit \u00e0 la maison ou en plein air. Sa taille portable le rend parfait pour le camping, la randonn\u00e9e, la p\u00eache, les pique-niques et les barbecues, tout en servant de panier de rangement ou d&rsquo;\u00e9vier pliable.<\/p>\n<p>&nbsp;<\/p>\n<h1>Description du produit<\/h1>\n<p><img fetchpriority=\"high\" decoding=\"async\" class=\"alignnone size-large wp-image-1624\" src=\"http:\/\/toctoctoc.ci\/wp-content\/uploads\/2024\/11\/0cfe8366e7713a809ae434759e21f9fc-1024x1024.jpg\" alt=\"\" width=\"640\" height=\"640\" \/> <img decoding=\"async\" class=\"alignnone size-large wp-image-1625\" src=\"http:\/\/toctoctoc.ci\/wp-content\/uploads\/2024\/11\/79f4c5b19963d222620a4f05bcefdda4-1024x1024.jpg\" alt=\"\" width=\"640\" height=\"640\" \/> <img decoding=\"async\" class=\"alignnone size-large wp-image-1626\" src=\"http:\/\/toctoctoc.ci\/wp-content\/uploads\/2024\/11\/9ebef8a72d7b8dd2c5c594e306aa57e2-1024x1024.jpg\" alt=\"\" width=\"640\" height=\"640\" \/> <img loading=\"lazy\" decoding=\"async\" class=\"alignnone size-large wp-image-1627\" src=\"http:\/\/toctoctoc.ci\/wp-content\/uploads\/2024\/11\/3b596788-74ae-4b12-903e-412f7c3cbff2.__CR00970300_PT0_SX970_V1___-1024x317.jpg\" alt=\"\" width=\"640\" height=\"198\" \/><\/p>\n<p>&nbsp;<\/p>\n<h1>Descriptif technique<\/h1>\n<p>&nbsp;<\/p>\n<table width=\"555\">\n<tbody>\n<tr>\n<td width=\"251\">R\u00e9f\u00e9rence<\/td>\n<td>\u200eToc 20240174<\/td>\n<\/tr>\n<tr>\n<td width=\"251\">Dimensions<\/td>\n<td>\u200e39 X 28 X 2 cm; 549 grammes<\/td>\n<\/tr>\n<tr>\n<td width=\"251\">Nombre d&rsquo;article(s)<\/td>\n<td>\u200e1<\/td>\n<\/tr>\n<tr>\n<td width=\"251\">Couleur<\/td>\n<td>Vert<\/td>\n<\/tr>\n<tr>\n<td width=\"251\">Forme<\/td>\n<td>\u200eRectangulaire<\/td>\n<\/tr>\n<tr>\n<td width=\"251\">Mat\u00e9riau<\/td>\n<td>Silicone<\/td>\n<\/tr>\n<tr>\n<td width=\"251\">Caract\u00e9ristiques sp\u00e9ciales<\/td>\n<td>Pliable\/Portable<\/td>\n<\/tr>\n<\/tbody>\n<\/table>\n<p>&nbsp;<\/p>\n<h1>Le contenu<\/h1>\n<table width=\"418\">\n<tbody>\n<tr>\n<td width=\"414\">Une planche \u00e0 d\u00e9couper pliable<\/td>\n<\/tr>\n<\/tbody>\n<\/table>\n<p>&nbsp;<\/p>\n<h1>Vid\u00e9o<\/h1>\n<p>&nbsp;<\/p>","protected":false},"excerpt":{"rendered":"<p>D\u00e9couvrez notre panier \u00e0 vaisselle et \u00e0 l\u00e9gumes 3 en 1, r\u00e9glable en trois hauteurs pour s&rsquo;adapter \u00e0 tous vos besoins, que ce soit \u00e0 la maison ou en ext\u00e9rieur. Pliable et compact, il se range facilement et \u00e9conomise jusqu&rsquo;\u00e0 85% d&rsquo;espace. Fabriqu\u00e9 en plastique robuste, il est facile \u00e0 nettoyer et ne rouille pas. Pratique pour le camping, les pique-niques et les barbecues, ce gadget indispensable facilite la pr\u00e9paration et le rangement de vos aliments.<\/p>","protected":false},"featured_media":1629,"comment_status":"open","ping_status":"closed","template":"","meta":{"_acf_changed":false},"locations":[135,133,134],"product_brand":[],"product_cat":[66,94],"product_tag":[],"class_list":{"0":"post-1623","1":"product","2":"type-product","3":"status-publish","4":"has-post-thumbnail","6":"locations-cgk","7":"locations-kenya","8":"locations-t03","9":"product_cat-cuisine-et-maison-2","10":"product_cat-ustensile-de-cuisine","12":"first","13":"outofstock","14":"shipping-taxable","15":"purchasable","16":"product-type-simple"},"acf":[],"jetpack_sharing_enabled":true,"_links":{"self":[{"href":"https:\/\/toctoctoc.ci\/en\/wp-json\/wp\/v2\/product\/1623","targetHints":{"allow":["GET"]}}],"collection":[{"href":"https:\/\/toctoctoc.ci\/en\/wp-json\/wp\/v2\/product"}],"about":[{"href":"https:\/\/toctoctoc.ci\/en\/wp-json\/wp\/v2\/types\/product"}],"replies":[{"embeddable":true,"href":"https:\/\/toctoctoc.ci\/en\/wp-json\/wp\/v2\/comments?post=1623"}],"wp:featuredmedia":[{"embeddable":true,"href":"https:\/\/toctoctoc.ci\/en\/wp-json\/wp\/v2\/media\/1629"}],"wp:attachment":[{"href":"https:\/\/toctoctoc.ci\/en\/wp-json\/wp\/v2\/media?parent=1623"}],"wp:term":[{"taxonomy":"locations","embeddable":true,"href":"https:\/\/toctoctoc.ci\/en\/wp-json\/wp\/v2\/locations?post=1623"},{"taxonomy":"product_brand","embeddable":true,"href":"https:\/\/toctoctoc.ci\/en\/wp-json\/wp\/v2\/product_brand?post=1623"},{"taxonomy":"product_cat","embeddable":true,"href":"https:\/\/toctoctoc.ci\/en\/wp-json\/wp\/v2\/product_cat?post=1623"},{"taxonomy":"product_tag","embeddable":true,"href":"https:\/\/toctoctoc.ci\/en\/wp-json\/wp\/v2\/product_tag?post=1623"}],"curies":[{"name":"wp","href":"https:\/\/api.w.org\/{rel}","templated":true}]}}