{"id":1613,"date":"2024-11-20T21:12:52","date_gmt":"2024-11-20T21:12:52","guid":{"rendered":"https:\/\/toctoctoc.ci\/?post_type=product&#038;p=1613"},"modified":"2025-10-12T09:08:01","modified_gmt":"2025-10-12T09:08:01","slug":"briquet-electrique-rechargeable-usb-explorer","status":"publish","type":"product","link":"https:\/\/toctoctoc.ci\/en\/store-listing\/sports-et-loisirs\/activites-dexterieur\/briquet-electrique-rechargeable-usb-explorer\/","title":{"rendered":"Briquet \u00e9lectrique rechargeable USB (EXPLORER)"},"content":{"rendered":"<h1>\u00c0 propos de cet article<\/h1>\n<p><em><strong>Briquet \u00c9lectrique Rechargeable : <\/strong><\/em>Le briquet \u00e9lectrique est con\u00e7u avec une longueur allong\u00e9e pour garantir un allumage en toute s\u00e9curit\u00e9, \u00e9loign\u00e9 de la flamme. Gr\u00e2ce \u00e0 son pivotement et son extension \u00e0 360\u00b0, vous pouvez facilement ajuster l&rsquo;angle selon vos besoins.<\/p>\n<p><em><strong>R\u00e9sistance aux Intemp\u00e9ries : <\/strong><\/em>Ce briquet rechargeable est \u00e0 la fois coupe-vent et \u00e9tanche, produisant des \u00e9tincelles silencieuses. Il fonctionne parfaitement m\u00eame dans des conditions m\u00e9t\u00e9orologiques difficiles, comme les temp\u00eates ou les vents forts.<\/p>\n<p><em><strong>Recharge Rapide et Pratique : <\/strong><\/em>Le briquet USB peut \u00eatre recharg\u00e9 plus de 300 fois par charge. Son port de type C permet une recharge rapide en seulement 1,5 heure, et il peut \u00eatre facilement recharg\u00e9 via un ordinateur portable, une banque d&rsquo;alimentation, un chargeur de voiture ou une prise murale.<\/p>\n<p><em><strong>Accessoires de Camping Inclus : <\/strong><\/em>Chaque briquet de survie est livr\u00e9 avec un cordon en parachute et un sifflet d&rsquo;urgence, faisant du briquet de camping un accessoire indispensable pour les randonn\u00e9es l\u00e9g\u00e8res, les sorties en plein air et m\u00eame \u00e0 la maison. Le cordon peut \u00e9galement servir de mat\u00e9riel d&rsquo;allumage d&rsquo;urgence ou de ligne de p\u00eache.<\/p>\n<p><em><strong>Compact et Polyvalent : <\/strong><\/em>Ce briquet plasma est \u00e0 la fois petit et portable. Son cou flexible \u00e0 360\u00b0 permet un allumage en toute s\u00e9curit\u00e9, id\u00e9al pour les bougies, l&rsquo;aromath\u00e9rapie, le camping, le barbecue, et les cuisini\u00e8res \u00e0 gaz.<\/p>\n<p>&nbsp;<\/p>\n<h1>Description du produit<\/h1>\n<p><img fetchpriority=\"high\" decoding=\"async\" class=\"alignnone size-large wp-image-1614\" src=\"http:\/\/toctoctoc.ci\/wp-content\/uploads\/2024\/11\/81bwCo33aL._AC_SL1500_-1024x1003.jpg\" alt=\"\" width=\"640\" height=\"627\" \/> <img decoding=\"async\" class=\"alignnone size-large wp-image-1615\" src=\"http:\/\/toctoctoc.ci\/wp-content\/uploads\/2024\/11\/dff80445-59b8-445e-b58a-f8b8ddf2d8b9.__CR001464600_PT0_SX1464_V1___-1024x420.jpg\" alt=\"\" width=\"640\" height=\"263\" \/> <img decoding=\"async\" class=\"alignnone size-large wp-image-1616\" src=\"http:\/\/toctoctoc.ci\/wp-content\/uploads\/2024\/11\/s-l1600-1-768x1024.jpg\" alt=\"\" width=\"640\" height=\"853\" \/><\/p>\n<p>&nbsp;<\/p>\n<h1>Descriptif technique<\/h1>\n<p>&nbsp;<\/p>\n<table width=\"555\">\n<tbody>\n<tr>\n<td width=\"251\">R\u00e9f\u00e9rence<\/td>\n<td>\u200eToc 20240173<\/td>\n<\/tr>\n<tr>\n<td width=\"251\">Dimensions<\/td>\n<td>\u200e11.5 X 7.5 X 3 cm; 125 grammes<\/td>\n<\/tr>\n<tr>\n<td width=\"251\">Nombre d&rsquo;article(s)<\/td>\n<td>\u200e1<\/td>\n<\/tr>\n<tr>\n<td width=\"251\">Couleur<\/td>\n<td>Camouflage<\/td>\n<\/tr>\n<tr>\n<td width=\"251\">Forme<\/td>\n<td>\u200eRectangulaire<\/td>\n<\/tr>\n<tr>\n<td width=\"251\">Mat\u00e9riau<\/td>\n<td>Aluminium\/Zinc<\/td>\n<\/tr>\n<tr>\n<td width=\"251\">Caract\u00e9ristiques sp\u00e9ciales<\/td>\n<td>\u200eRechargeable (USB C)<\/td>\n<\/tr>\n<\/tbody>\n<\/table>\n<p>&nbsp;<\/p>\n<h1>Le contenu<\/h1>\n<table width=\"418\">\n<tbody>\n<tr>\n<td width=\"242\">Un briquet \u00e9lectrique rechargeable<\/td>\n<\/tr>\n<tr>\n<td width=\"242\">Un c\u00e2ble de rechargement USB (type A vers USB C)<\/td>\n<\/tr>\n<tr>\n<td width=\"242\">un cordon noir<\/td>\n<\/tr>\n<tr>\n<td width=\"242\">La notice (anglais)<\/td>\n<\/tr>\n<\/tbody>\n<\/table>\n<p>&nbsp;<\/p>\n<h1>Vid\u00e9o<\/h1>\n<p>&nbsp;<\/p>\n<p>&nbsp;<\/p>","protected":false},"excerpt":{"rendered":"<p>D\u00e9couvrez notre briquet \u00e9lectrique rechargeable, con\u00e7u pour un allumage en toute s\u00e9curit\u00e9 gr\u00e2ce \u00e0 sa longueur allong\u00e9e et son cou flexible \u00e0 360\u00b0. R\u00e9sistant aux intemp\u00e9ries, il produit des \u00e9tincelles silencieuses et fonctionne parfaitement m\u00eame par temps difficile. Avec plus de 300 recharges possibles en seulement 1,5 heure via son port USB type C, il est id\u00e9al pour le camping et les activit\u00e9s en plein air. Inclus, un cordon en parachute et un sifflet d&rsquo;urgence pour une utilisation pratique. Compact et polyvalent, ce briquet est l&rsquo;accessoire indispensable pour toutes vos aventures !<\/p>","protected":false},"featured_media":1617,"comment_status":"open","ping_status":"closed","template":"","meta":{"_acf_changed":false},"locations":[135,133,134],"product_brand":[],"product_cat":[100,99],"product_tag":[],"class_list":{"0":"post-1613","1":"product","2":"type-product","3":"status-publish","4":"has-post-thumbnail","6":"locations-cgk","7":"locations-kenya","8":"locations-t03","9":"product_cat-activites-dexterieur","10":"product_cat-sports-et-loisirs","12":"first","13":"outofstock","14":"shipping-taxable","15":"purchasable","16":"product-type-simple"},"acf":[],"jetpack_sharing_enabled":true,"_links":{"self":[{"href":"https:\/\/toctoctoc.ci\/en\/wp-json\/wp\/v2\/product\/1613","targetHints":{"allow":["GET"]}}],"collection":[{"href":"https:\/\/toctoctoc.ci\/en\/wp-json\/wp\/v2\/product"}],"about":[{"href":"https:\/\/toctoctoc.ci\/en\/wp-json\/wp\/v2\/types\/product"}],"replies":[{"embeddable":true,"href":"https:\/\/toctoctoc.ci\/en\/wp-json\/wp\/v2\/comments?post=1613"}],"wp:featuredmedia":[{"embeddable":true,"href":"https:\/\/toctoctoc.ci\/en\/wp-json\/wp\/v2\/media\/1617"}],"wp:attachment":[{"href":"https:\/\/toctoctoc.ci\/en\/wp-json\/wp\/v2\/media?parent=1613"}],"wp:term":[{"taxonomy":"locations","embeddable":true,"href":"https:\/\/toctoctoc.ci\/en\/wp-json\/wp\/v2\/locations?post=1613"},{"taxonomy":"product_brand","embeddable":true,"href":"https:\/\/toctoctoc.ci\/en\/wp-json\/wp\/v2\/product_brand?post=1613"},{"taxonomy":"product_cat","embeddable":true,"href":"https:\/\/toctoctoc.ci\/en\/wp-json\/wp\/v2\/product_cat?post=1613"},{"taxonomy":"product_tag","embeddable":true,"href":"https:\/\/toctoctoc.ci\/en\/wp-json\/wp\/v2\/product_tag?post=1613"}],"curies":[{"name":"wp","href":"https:\/\/api.w.org\/{rel}","templated":true}]}}