{"id":1603,"date":"2024-11-20T20:45:55","date_gmt":"2024-11-20T20:45:55","guid":{"rendered":"https:\/\/toctoctoc.ci\/?post_type=product&#038;p=1603"},"modified":"2025-10-12T09:08:24","modified_gmt":"2025-10-12T09:08:24","slug":"briquet-electrique-rechargeable-usb","status":"publish","type":"product","link":"https:\/\/toctoctoc.ci\/en\/store-listing\/cuisine-et-maison-2\/accessoires-de-cuisine\/briquet-electrique-rechargeable-usb\/","title":{"rendered":"Briquet \u00e9lectrique rechargeable USB"},"content":{"rendered":"<h1>\u00c0 propos de cet article<\/h1>\n<p><em><strong>Briquet Flexible \u00e0 Cou Rotatif \u00e0 360\u00b0<\/strong><\/em> : Ce briquet \u00e0 arc est con\u00e7u avec un cou long et flexible, permettant de l&rsquo;orienter dans toutes les directions pour s&rsquo;adapter \u00e0 diverses utilisations.<\/p>\n<p><em><strong>Rechargeable par USB et \u00c9cologique<\/strong><\/em> : Livr\u00e9 avec un c\u00e2ble USB, ce briquet se recharge facilement via n&rsquo;importe quel port USB ou chargeur. Il fonctionne sans gaz, liquide ou flamme, offrant une solution pratique et respectueuse de l&rsquo;environnement.<\/p>\n<p><em><strong>S\u00e9curit\u00e9 Renforc\u00e9e<\/strong><\/em> : Ce briquet \u00e9lectrique est \u00e9quip\u00e9 de plusieurs protections. En cas de surchauffe, il se coupe automatiquement. De plus, sa conception inclut un verrou de s\u00e9curit\u00e9 pour prot\u00e9ger les enfants des risques de feu.<\/p>\n<p><em><strong>Durabilit\u00e9 Exceptionnelle<\/strong><\/em> : Aliment\u00e9 par une batterie rechargeable int\u00e9gr\u00e9e, cet allumeur \u00e0 arc dispose d&rsquo;un indicateur LED bleu. Il peut \u00eatre utilis\u00e9 jusqu&rsquo;\u00e0 500 fois apr\u00e8s une seule charge, ce qui le rend id\u00e9al pour les activit\u00e9s en plein air et les d\u00e9placements.<\/p>\n<p><em><strong>Utilisation Polyvalente<\/strong><\/em> : Ce briquet coupe-vent est l\u00e9ger et portable, parfait pour une utilisation tant \u00e0 l&rsquo;int\u00e9rieur qu&rsquo;\u00e0 l&rsquo;ext\u00e9rieur. Il est id\u00e9al pour la cuisine, les chemin\u00e9es, les feux de camp, les barbecues, et bien plus encore.<\/p>\n<p>&nbsp;<\/p>\n<h1>Description du produit<\/h1>\n<p><img fetchpriority=\"high\" decoding=\"async\" class=\"alignnone size-large wp-image-1604\" src=\"http:\/\/toctoctoc.ci\/wp-content\/uploads\/2024\/11\/714bVrH7siL._AC_SL1500_-1024x1024.jpg\" alt=\"\" width=\"640\" height=\"640\" \/> <img decoding=\"async\" class=\"alignnone size-large wp-image-1605\" src=\"http:\/\/toctoctoc.ci\/wp-content\/uploads\/2024\/11\/812qPz6RebL._AC_SL1500_-1024x1024.jpg\" alt=\"\" width=\"640\" height=\"640\" \/> <img decoding=\"async\" class=\"alignnone size-large wp-image-1606\" src=\"http:\/\/toctoctoc.ci\/wp-content\/uploads\/2024\/11\/96713534-28e5-4135-abbf-7c9207661b62.__CR001464600_PT0_SX1464_V1___-1024x420.jpg\" alt=\"\" width=\"640\" height=\"263\" \/> <img loading=\"lazy\" decoding=\"async\" class=\"alignnone size-large wp-image-1607\" src=\"http:\/\/toctoctoc.ci\/wp-content\/uploads\/2024\/11\/ab2e98ae-64a9-47d6-a17e-534e384d0ce4.__CR001464600_PT0_SX1464_V1___-1024x420.jpg\" alt=\"\" width=\"640\" height=\"263\" \/> <img loading=\"lazy\" decoding=\"async\" class=\"alignnone size-large wp-image-1608\" src=\"http:\/\/toctoctoc.ci\/wp-content\/uploads\/2024\/11\/cc3171c6-3c1f-4213-8dcd-231115bc4e58.__CR001464600_PT0_SX1464_V1___-1024x420.jpg\" alt=\"\" width=\"640\" height=\"263\" \/><\/p>\n<p>&nbsp;<\/p>\n<h1>Descriptif technique<\/h1>\n<table width=\"555\">\n<tbody>\n<tr>\n<td width=\"251\">R\u00e9f\u00e9rence<\/td>\n<td>\u200eToc 20240172<\/td>\n<\/tr>\n<tr>\n<td width=\"251\">Dimensions<\/td>\n<td>\u200e31 X 6 X 2.5 cm; 50 grammes<\/td>\n<\/tr>\n<tr>\n<td width=\"251\">Nombre d&rsquo;article(s)<\/td>\n<td>\u200e1<\/td>\n<\/tr>\n<tr>\n<td width=\"251\">Couleur<\/td>\n<td>Noir<\/td>\n<\/tr>\n<tr>\n<td width=\"251\">Forme<\/td>\n<td>\u200eTige<\/td>\n<\/tr>\n<tr>\n<td width=\"251\">Mat\u00e9riau<\/td>\n<td>Aluminium\/Zinc<\/td>\n<\/tr>\n<tr>\n<td width=\"251\">Caract\u00e9ristiques sp\u00e9ciales<\/td>\n<td>\u200eRechargeable (Micro USB)<\/td>\n<\/tr>\n<\/tbody>\n<\/table>\n<p>&nbsp;<\/p>\n<h1>Le contenu<\/h1>\n<table style=\"height: 53px;\" width=\"418\">\n<tbody>\n<tr>\n<td width=\"242\">Un briquet \u00e9lectrique rechargeable<\/td>\n<\/tr>\n<tr>\n<td width=\"242\">Un c\u00e2ble de rechargement USB (type A vers micro USB)<\/td>\n<\/tr>\n<\/tbody>\n<\/table>\n<p>&nbsp;<\/p>\n<h1>Vid\u00e9o<\/h1>\n<p>&nbsp;<\/p>\n<p>&nbsp;<\/p>","protected":false},"excerpt":{"rendered":"<p>D\u00e9couvrez notre briquet \u00e0 arc innovant, dot\u00e9 d&rsquo;un cou rotatif \u00e0 360\u00b0 pour une utilisation pratique dans toutes les directions. Rechargeable par USB, il est \u00e9cologique et sans flamme, offrant une s\u00e9curit\u00e9 optimale gr\u00e2ce \u00e0 ses protections int\u00e9gr\u00e9es. Avec une batterie durable permettant jusqu&rsquo;\u00e0 500 allumages par charge, ce briquet est parfait pour toutes vos activit\u00e9s, que ce soit en int\u00e9rieur ou en ext\u00e9rieur. Id\u00e9al pour la cuisine, les barbecues ou les feux de camp, il allie fonctionnalit\u00e9 et design moderne.<\/p>","protected":false},"featured_media":1609,"comment_status":"open","ping_status":"closed","template":"","meta":{"_acf_changed":false},"locations":[135,133,134],"product_brand":[],"product_cat":[110,66],"product_tag":[],"class_list":{"0":"post-1603","1":"product","2":"type-product","3":"status-publish","4":"has-post-thumbnail","6":"locations-cgk","7":"locations-kenya","8":"locations-t03","9":"product_cat-accessoires-de-cuisine","10":"product_cat-cuisine-et-maison-2","12":"first","13":"outofstock","14":"shipping-taxable","15":"purchasable","16":"product-type-simple"},"acf":[],"jetpack_sharing_enabled":true,"_links":{"self":[{"href":"https:\/\/toctoctoc.ci\/en\/wp-json\/wp\/v2\/product\/1603","targetHints":{"allow":["GET"]}}],"collection":[{"href":"https:\/\/toctoctoc.ci\/en\/wp-json\/wp\/v2\/product"}],"about":[{"href":"https:\/\/toctoctoc.ci\/en\/wp-json\/wp\/v2\/types\/product"}],"replies":[{"embeddable":true,"href":"https:\/\/toctoctoc.ci\/en\/wp-json\/wp\/v2\/comments?post=1603"}],"wp:featuredmedia":[{"embeddable":true,"href":"https:\/\/toctoctoc.ci\/en\/wp-json\/wp\/v2\/media\/1609"}],"wp:attachment":[{"href":"https:\/\/toctoctoc.ci\/en\/wp-json\/wp\/v2\/media?parent=1603"}],"wp:term":[{"taxonomy":"locations","embeddable":true,"href":"https:\/\/toctoctoc.ci\/en\/wp-json\/wp\/v2\/locations?post=1603"},{"taxonomy":"product_brand","embeddable":true,"href":"https:\/\/toctoctoc.ci\/en\/wp-json\/wp\/v2\/product_brand?post=1603"},{"taxonomy":"product_cat","embeddable":true,"href":"https:\/\/toctoctoc.ci\/en\/wp-json\/wp\/v2\/product_cat?post=1603"},{"taxonomy":"product_tag","embeddable":true,"href":"https:\/\/toctoctoc.ci\/en\/wp-json\/wp\/v2\/product_tag?post=1603"}],"curies":[{"name":"wp","href":"https:\/\/api.w.org\/{rel}","templated":true}]}}