{"id":1582,"date":"2024-11-20T18:32:32","date_gmt":"2024-11-20T18:32:32","guid":{"rendered":"https:\/\/toctoctoc.ci\/?post_type=product&#038;p=1582"},"modified":"2026-03-02T10:17:31","modified_gmt":"2026-03-02T10:17:31","slug":"horloge-numerique-a-bascule","status":"publish","type":"product","link":"https:\/\/toctoctoc.ci\/en\/store-listing\/cuisine-et-maison-2\/decoration-interieure\/horloge-numerique-a-bascule\/","title":{"rendered":"Horloge num\u00e9rique \u00e0 bascule"},"content":{"rendered":"<h1>\u00c0 propos de cet article<\/h1>\n<p><em><strong>Mat\u00e9riaux de Qualit\u00e9 Sup\u00e9rieure<\/strong><\/em> : Fabriqu\u00e9e en bois de noyer massif poli, cette horloge pr\u00e9sente une finition \u00e0 l&rsquo;huile de cire qui met en valeur ses bords lisses et arrondis. Son design allie harmonieusement le bois et la m\u00e9canique, apportant une touche de vitalit\u00e9 \u00e0 votre d\u00e9coration int\u00e9rieure.<\/p>\n<p><strong><em>Design \u00c9l\u00e9gant et Intemporel<\/em><\/strong> : Avec son \u00e9chelle unique et sa palette de couleurs classique, cette horloge s&rsquo;int\u00e8gre parfaitement dans divers environnements. Son apparence simple et durable, associ\u00e9e \u00e0 un artisanat soign\u00e9, donne vie \u00e0 chaque pi\u00e8ce.<\/p>\n<p><em><strong>Lame en PVC \u00c9cologique<\/strong><\/em> : Con\u00e7ue avec un mat\u00e9riau en PVC respectueux de l&rsquo;environnement, cette horloge offre une grande r\u00e9sistance \u00e0 l&rsquo;usure et une duret\u00e9 \u00e9lev\u00e9e. Son affichage num\u00e9rique surdimensionn\u00e9 se distingue par son style simple et unique.<\/p>\n<p><em><strong>Fonctionnement Silencieux<\/strong><\/em> : Dot\u00e9e d&rsquo;un mouvement m\u00e9canique de pr\u00e9cision, cette horloge fonctionne en toute discr\u00e9tion. Son m\u00e9canisme rotatif est facile \u00e0 utiliser, produisant un son clair et agr\u00e9able, avec un r\u00e9glage dans le sens inverse des aiguilles d&rsquo;une montre.<\/p>\n<p><em><strong>Instructions d&rsquo;Utilisation<\/strong><\/em> : Pour un fonctionnement optimal, il est conseill\u00e9 d&rsquo;utiliser une pile au carbone n\u00b0 1. \u00c9vitez les piles alcalines, car elles peuvent r\u00e9duire la dur\u00e9e de vie de l&rsquo;horloge. (Les piles ne sont pas incluses dans l&#8217;emballage, veuillez les acheter s\u00e9par\u00e9ment.) Pour r\u00e9gler l&rsquo;heure, tournez le cadran \u00e0 l&rsquo;arri\u00e8re dans le sens des aiguilles d&rsquo;une montre.<\/p>\n<p>&nbsp;<\/p>\n<h1>Description du produit<\/h1>\n<p><img fetchpriority=\"high\" decoding=\"async\" class=\"alignnone size-large wp-image-1583\" src=\"http:\/\/toctoctoc.ci\/wp-content\/uploads\/2024\/11\/S3af4da7e37ac485cbd34a30a507c9f42K-copie-1024x1004.jpg\" alt=\"\" width=\"640\" height=\"628\" \/> <img decoding=\"async\" class=\"alignnone size-large wp-image-1584\" src=\"http:\/\/toctoctoc.ci\/wp-content\/uploads\/2024\/11\/Sb5121c315ec049859cf119fa364fa7d2X-copie-1024x991.jpg\" alt=\"\" width=\"640\" height=\"619\" \/> <img decoding=\"async\" class=\"alignnone size-large wp-image-1585\" src=\"http:\/\/toctoctoc.ci\/wp-content\/uploads\/2024\/11\/Capture-decran-2024-07-08-a-00.51.34-1024x703.png\" alt=\"\" width=\"640\" height=\"439\" \/> <img loading=\"lazy\" decoding=\"async\" class=\"alignnone size-large wp-image-1586\" src=\"http:\/\/toctoctoc.ci\/wp-content\/uploads\/2024\/11\/Capture-decran-2024-07-08-a-00.51.41.png\" alt=\"\" width=\"640\" height=\"856\" \/> <img loading=\"lazy\" decoding=\"async\" class=\"alignnone size-large wp-image-1587\" src=\"http:\/\/toctoctoc.ci\/wp-content\/uploads\/2024\/11\/Sa9d9392597da42dd9d57195401befc62Z-copie-1024x1007.jpg\" alt=\"\" width=\"640\" height=\"629\" \/><\/p>\n<p>&nbsp;<\/p>\n<h1>Descriptif technique<\/h1>\n<table width=\"517\">\n<tbody>\n<tr>\n<td width=\"251\">R\u00e9f\u00e9rence<\/td>\n<td>\u200eToc 20240170<\/td>\n<\/tr>\n<tr>\n<td width=\"251\">Dimensions<\/td>\n<td>\u200e23 X 17 X 11 \u00a0cm; 788 grammes<\/td>\n<\/tr>\n<tr>\n<td width=\"251\">Nombre d&rsquo;article(s)<\/td>\n<td>\u200e1<\/td>\n<\/tr>\n<tr>\n<td width=\"251\">Couleur<\/td>\n<td>\u200eNoir\/Bois<\/td>\n<\/tr>\n<tr>\n<td width=\"251\">Forme<\/td>\n<td>\u200eRectangulaire<\/td>\n<\/tr>\n<tr>\n<td width=\"251\">Mat\u00e9riau<\/td>\n<td>\u200eM\u00e9tal + PVC + bois de noyer<\/td>\n<\/tr>\n<tr>\n<td width=\"251\">Caract\u00e9ristiques sp\u00e9ciales<\/td>\n<td>Horloge silencieuse<\/td>\n<\/tr>\n<tr>\n<td width=\"251\">Alimentation<\/td>\n<td>Pile (D)<\/td>\n<\/tr>\n<tr>\n<td width=\"251\">Piles incluses ?<\/td>\n<td>\u200eOui<\/td>\n<\/tr>\n<\/tbody>\n<\/table>\n<p>&nbsp;<\/p>\n<h1>Le contenu<\/h1>\n<table width=\"261\">\n<tbody>\n<tr>\n<td width=\"257\">Un horloge num\u00e9rique \u00e0 bascule<\/td>\n<\/tr>\n<tr>\n<td width=\"257\">Une pile (format D)<\/td>\n<\/tr>\n<tr>\n<td width=\"257\">La notice (chinois)<\/td>\n<\/tr>\n<\/tbody>\n<\/table>\n<p>&nbsp;<\/p>\n<h1>Vid\u00e9o<\/h1>\n<p><iframe title=\"20240170\" width=\"563\" height=\"1000\" src=\"https:\/\/www.youtube.com\/embed\/cUm1a7kcgrY?feature=oembed\" frameborder=\"0\" allow=\"accelerometer; autoplay; clipboard-write; encrypted-media; gyroscope; picture-in-picture; web-share\" referrerpolicy=\"strict-origin-when-cross-origin\" allowfullscreen><\/iframe><\/p>\n<p>&nbsp;<\/p>","protected":false},"excerpt":{"rendered":"<p>D\u00e9couvrez notre \u00e9l\u00e9gante horloge en bois de noyer massif, alliant design intemporel et fonctionnalit\u00e9 moderne. Avec sa finition \u00e0 l&rsquo;huile de cire et ses bords lisses, elle apporte une touche de chaleur \u00e0 votre int\u00e9rieur. Son affichage num\u00e9rique surdimensionn\u00e9 et son mouvement silencieux en font un choix parfait pour toute pi\u00e8ce. Facile \u00e0 r\u00e9gler et con\u00e7ue pour durer, cette horloge est l&rsquo;accessoire id\u00e9al pour sublimer votre d\u00e9coration tout en gardant le temps avec style.<\/p>","protected":false},"featured_media":1588,"comment_status":"open","ping_status":"closed","template":"","meta":{"_acf_changed":false},"locations":[135,133,134],"product_brand":[],"product_cat":[66,78],"product_tag":[],"class_list":{"0":"post-1582","1":"product","2":"type-product","3":"status-publish","4":"has-post-thumbnail","6":"locations-cgk","7":"locations-kenya","8":"locations-t03","9":"product_cat-cuisine-et-maison-2","10":"product_cat-decoration-interieure","12":"first","13":"instock","14":"featured","15":"shipping-taxable","16":"purchasable","17":"product-type-simple"},"acf":[],"jetpack_sharing_enabled":true,"_links":{"self":[{"href":"https:\/\/toctoctoc.ci\/en\/wp-json\/wp\/v2\/product\/1582","targetHints":{"allow":["GET"]}}],"collection":[{"href":"https:\/\/toctoctoc.ci\/en\/wp-json\/wp\/v2\/product"}],"about":[{"href":"https:\/\/toctoctoc.ci\/en\/wp-json\/wp\/v2\/types\/product"}],"replies":[{"embeddable":true,"href":"https:\/\/toctoctoc.ci\/en\/wp-json\/wp\/v2\/comments?post=1582"}],"wp:featuredmedia":[{"embeddable":true,"href":"https:\/\/toctoctoc.ci\/en\/wp-json\/wp\/v2\/media\/1588"}],"wp:attachment":[{"href":"https:\/\/toctoctoc.ci\/en\/wp-json\/wp\/v2\/media?parent=1582"}],"wp:term":[{"taxonomy":"locations","embeddable":true,"href":"https:\/\/toctoctoc.ci\/en\/wp-json\/wp\/v2\/locations?post=1582"},{"taxonomy":"product_brand","embeddable":true,"href":"https:\/\/toctoctoc.ci\/en\/wp-json\/wp\/v2\/product_brand?post=1582"},{"taxonomy":"product_cat","embeddable":true,"href":"https:\/\/toctoctoc.ci\/en\/wp-json\/wp\/v2\/product_cat?post=1582"},{"taxonomy":"product_tag","embeddable":true,"href":"https:\/\/toctoctoc.ci\/en\/wp-json\/wp\/v2\/product_tag?post=1582"}],"curies":[{"name":"wp","href":"https:\/\/api.w.org\/{rel}","templated":true}]}}