{"id":1561,"date":"2024-11-20T17:37:14","date_gmt":"2024-11-20T17:37:14","guid":{"rendered":"https:\/\/toctoctoc.ci\/?post_type=product&#038;p=1561"},"modified":"2026-02-19T21:13:08","modified_gmt":"2026-02-19T21:13:08","slug":"bequille-laterale-reglable-pour-moto","status":"publish","type":"product","link":"https:\/\/toctoctoc.ci\/en\/store-listing\/auto-moto\/accessoires-auto-moto\/bequille-laterale-reglable-pour-moto\/","title":{"rendered":"B\u00e9quille lat\u00e9rale r\u00e9glable pour moto"},"content":{"rendered":"<h1>\u00c0 propos de cet article<\/h1>\n<p><em><strong>Montage Simplifi\u00e9<\/strong><\/em> : Installez et \u00e9quilibrez vos pneus facilement gr\u00e2ce \u00e0 notre b\u00e9quille de moto pliante. Son fonctionnement fluide garantit un \u00e9quilibrage parfait des roues, rendant le montage et l&rsquo;\u00e9quilibrage des pneus rapides et efficaces.<\/p>\n<p><em><strong>Facilit\u00e9 d&rsquo;Utilisation<\/strong><\/em> : Con\u00e7ue pour une utilisation intuitive, cette b\u00e9quille de moto pliante offre une stabilit\u00e9 sans effort. Il vous suffit de positionner correctement les supports avant et arri\u00e8re, sans \u00e9tapes compliqu\u00e9es, pour une utilisation simple et efficace.<\/p>\n<p><em><strong>Mat\u00e9riaux Durables<\/strong><\/em> : Fabriqu\u00e9e avec des mat\u00e9riaux robustes, cette b\u00e9quille de moto pliable est con\u00e7ue pour r\u00e9sister \u00e0 l&rsquo;usure, assurant une fiabilit\u00e9 sur le long terme. Vous n&rsquo;aurez pas \u00e0 vous soucier de sa d\u00e9formation ou de sa casse.<\/p>\n<p><em><strong>Transport Pratique<\/strong><\/em> : Avec sa conception pliable, cette b\u00e9quille se transforme facilement d&rsquo;un support solide \u00e0 un format compact, facilitant son transport et son rangement. Id\u00e9ale pour une utilisation en ext\u00e9rieur ou pour un stockage l\u00e9ger.<\/p>\n<p><em><strong>Polyvalence d&rsquo;Utilisation<\/strong><\/em> : Profitez de la commodit\u00e9 et de la s\u00e9curit\u00e9 qu&rsquo;offre cette b\u00e9quille pliante, adapt\u00e9e \u00e0 divers types de motos. Un accessoire essentiel pour tous les passionn\u00e9s de moto, elle est largement adopt\u00e9e par les pilotes.<\/p>\n<p>&nbsp;<\/p>\n<h1>Description du produit<\/h1>\n<p><img fetchpriority=\"high\" decoding=\"async\" class=\"alignnone size-large wp-image-1563\" src=\"http:\/\/toctoctoc.ci\/wp-content\/uploads\/2024\/11\/9e71f0b0-474e-11ee-9f87-0a580a6929c3-1024x1024.jpg\" alt=\"\" width=\"640\" height=\"640\" \/> <img decoding=\"async\" class=\"alignnone size-large wp-image-1564\" src=\"http:\/\/toctoctoc.ci\/wp-content\/uploads\/2024\/11\/39c22351-db88-4dd3-aeea-a9550c027784-1024x1024.jpg\" alt=\"\" width=\"640\" height=\"640\" \/> <img decoding=\"async\" class=\"alignnone size-large wp-image-1565\" src=\"http:\/\/toctoctoc.ci\/wp-content\/uploads\/2024\/11\/513-sh7QACL._AC_SL1500_-1024x1024.jpg\" alt=\"\" width=\"640\" height=\"640\" \/> <img loading=\"lazy\" decoding=\"async\" class=\"alignnone size-large wp-image-1566\" src=\"http:\/\/toctoctoc.ci\/wp-content\/uploads\/2024\/11\/ab32351b-605c-474e-9079-f04e542d423e-1024x1024.jpg\" alt=\"\" width=\"640\" height=\"640\" \/><\/p>\n<p>&nbsp;<\/p>\n<h1>Descriptif technique<\/h1>\n<table style=\"height: 232px;\" width=\"588\">\n<tbody>\n<tr>\n<td width=\"251\">R\u00e9f\u00e9rence<\/td>\n<td>\u200eToc 20240168<\/td>\n<\/tr>\n<tr>\n<td width=\"251\">Dimensions<\/td>\n<td>\u200e31 X 9 X 5 cm (pli\u00e9)\/ 38 X 9 X 5 cm (d\u00e9pli\u00e9)<\/p>\n<p>858 grammes<\/td>\n<\/tr>\n<tr>\n<td width=\"251\">Nombre d&rsquo;article(s)<\/td>\n<td>\u200e1<\/td>\n<\/tr>\n<tr>\n<td width=\"251\">Couleur<\/td>\n<td>\u200eNoir<\/td>\n<\/tr>\n<tr>\n<td width=\"251\">Mat\u00e9riau<\/td>\n<td>\u200eFer<\/td>\n<\/tr>\n<tr>\n<td width=\"251\">Caract\u00e9ristiques sp\u00e9ciales<\/td>\n<td>\u200ePortable\/Pliable<\/td>\n<\/tr>\n<tr>\n<td width=\"251\">Compatibilit\u00e9<\/td>\n<td>\u200eDeux-roues<\/td>\n<\/tr>\n<\/tbody>\n<\/table>\n<p>&nbsp;<\/p>\n<h1>Le contenu<\/h1>\n<table width=\"261\">\n<tbody>\n<tr>\n<td width=\"257\">Une b\u00e9quille lat\u00e9rale<\/td>\n<\/tr>\n<tr>\n<td width=\"257\">Un sac (bourse)<\/td>\n<\/tr>\n<tr>\n<td width=\"257\">Une sangle pour frein avant<\/td>\n<\/tr>\n<\/tbody>\n<\/table>\n<p>&nbsp;<\/p>\n<h1>Vid\u00e9o<\/h1>\n<p><iframe title=\"20240168\" width=\"1200\" height=\"675\" src=\"https:\/\/www.youtube.com\/embed\/3yvbGVttcHY?feature=oembed\" frameborder=\"0\" allow=\"accelerometer; autoplay; clipboard-write; encrypted-media; gyroscope; picture-in-picture; web-share\" referrerpolicy=\"strict-origin-when-cross-origin\" allowfullscreen><\/iframe><\/p>\n<p>&nbsp;<\/p>","protected":false},"excerpt":{"rendered":"<p>D\u00e9couvrez notre b\u00e9quille de moto pliante, con\u00e7ue pour un montage et un \u00e9quilibrage des pneus faciles et rapides. Fabriqu\u00e9e \u00e0 partir de mat\u00e9riaux durables, elle offre une stabilit\u00e9 optimale et r\u00e9siste \u00e0 l&rsquo;usure pour un usage prolong\u00e9. Sa conception pliable permet un transport pratique et un rangement compact, faisant de cet accessoire un incontournable pour tous les passionn\u00e9s de moto. Profitez d&rsquo;une exp\u00e9rience de stationnement s\u00e9curis\u00e9e et efficace avec cette b\u00e9quille polyvalente, adapt\u00e9e \u00e0 diff\u00e9rents types de motos.<\/p>","protected":false},"featured_media":1567,"comment_status":"open","ping_status":"closed","template":"","meta":{"_acf_changed":false},"locations":[135,133,134],"product_brand":[],"product_cat":[89,57],"product_tag":[],"class_list":{"0":"post-1561","1":"product","2":"type-product","3":"status-publish","4":"has-post-thumbnail","6":"locations-cgk","7":"locations-kenya","8":"locations-t03","9":"product_cat-accessoires-auto-moto","10":"product_cat-auto-moto","12":"first","13":"instock","14":"shipping-taxable","15":"purchasable","16":"product-type-simple"},"acf":[],"jetpack_sharing_enabled":true,"_links":{"self":[{"href":"https:\/\/toctoctoc.ci\/en\/wp-json\/wp\/v2\/product\/1561","targetHints":{"allow":["GET"]}}],"collection":[{"href":"https:\/\/toctoctoc.ci\/en\/wp-json\/wp\/v2\/product"}],"about":[{"href":"https:\/\/toctoctoc.ci\/en\/wp-json\/wp\/v2\/types\/product"}],"replies":[{"embeddable":true,"href":"https:\/\/toctoctoc.ci\/en\/wp-json\/wp\/v2\/comments?post=1561"}],"wp:featuredmedia":[{"embeddable":true,"href":"https:\/\/toctoctoc.ci\/en\/wp-json\/wp\/v2\/media\/1567"}],"wp:attachment":[{"href":"https:\/\/toctoctoc.ci\/en\/wp-json\/wp\/v2\/media?parent=1561"}],"wp:term":[{"taxonomy":"locations","embeddable":true,"href":"https:\/\/toctoctoc.ci\/en\/wp-json\/wp\/v2\/locations?post=1561"},{"taxonomy":"product_brand","embeddable":true,"href":"https:\/\/toctoctoc.ci\/en\/wp-json\/wp\/v2\/product_brand?post=1561"},{"taxonomy":"product_cat","embeddable":true,"href":"https:\/\/toctoctoc.ci\/en\/wp-json\/wp\/v2\/product_cat?post=1561"},{"taxonomy":"product_tag","embeddable":true,"href":"https:\/\/toctoctoc.ci\/en\/wp-json\/wp\/v2\/product_tag?post=1561"}],"curies":[{"name":"wp","href":"https:\/\/api.w.org\/{rel}","templated":true}]}}