{"id":1543,"date":"2024-11-20T10:47:12","date_gmt":"2024-11-20T10:47:12","guid":{"rendered":"https:\/\/toctoctoc.ci\/?post_type=product&#038;p=1543"},"modified":"2026-03-02T10:17:59","modified_gmt":"2026-03-02T10:17:59","slug":"bain-de-siege-pliable","status":"publish","type":"product","link":"https:\/\/toctoctoc.ci\/en\/store-listing\/hygiene-et-sante\/fourniture-et-equipement-medical\/bain-de-siege-pliable\/","title":{"rendered":"Bain de Si\u00e8ge pliable"},"content":{"rendered":"<h1>\u00c0 propos de cet article<\/h1>\n<p><em><strong>Mat\u00e9riaux S\u00fbrs et Hygi\u00e9niques<\/strong><\/em> : Notre bain de si\u00e8ge est con\u00e7u en PP et TPR de haute qualit\u00e9, respectueux de l&rsquo;environnement, r\u00e9sistant \u00e0 la corrosion et \u00e0 la chaleur. Non toxique et sans go\u00fbt, il ne provoque aucune irritation cutan\u00e9e. Son emballage en plastique am\u00e9lior\u00e9 garantit une propret\u00e9 optimale.<\/p>\n<p><em><strong>Mod\u00e8le Pliable Pratique<\/strong><\/em> : Ce bidet en silicone pliable est facile \u00e0 ranger et \u00e0 utiliser. Il est livr\u00e9 avec un crochet et une serviette pour un confort suppl\u00e9mentaire. Disponible en deux mod\u00e8les : l&rsquo;un avec tuyau de rin\u00e7age et l&rsquo;autre sans, pour s&rsquo;adapter \u00e0 vos besoins.<\/p>\n<p><strong><em>Conception Confortable<\/em><\/strong> : Avec des dimensions de 36,5 cm x 33,5 cm, ce bidet s&rsquo;ajuste parfaitement autour de vos hanches, offrant un confort optimal. Il supporte un poids de plus de 90 kg, ce qui le rend id\u00e9al pour les femmes enceintes et les personnes \u00e2g\u00e9es.<\/p>\n<p><em><strong>Soutien \u00e0 la Sant\u00e9 Personnelle<\/strong><\/em> : Ce bain de si\u00e8ge est parfait pour le nettoyage ou la dialyse des zones intimes. Il est recommand\u00e9 pour les femmes enceintes, les personnes souffrant d&rsquo;h\u00e9morro\u00efdes et ceux ayant un mode de vie s\u00e9dentaire. Pour un soulagement suppl\u00e9mentaire, vous pouvez ajouter des sels de bain, du vinaigre ou du bicarbonate de soude \u00e0 l&rsquo;eau chaude.<\/p>\n<p>&nbsp;<\/p>\n<h1>Description du produit<\/h1>\n<p><img fetchpriority=\"high\" decoding=\"async\" class=\"alignnone size-large wp-image-1545\" src=\"http:\/\/toctoctoc.ci\/wp-content\/uploads\/2024\/11\/5762ccdb981bae25e7d58e35be2b1f6f-1024x1024.jpg\" alt=\"\" width=\"640\" height=\"640\" \/> <img decoding=\"async\" class=\"alignnone size-large wp-image-1546\" src=\"http:\/\/toctoctoc.ci\/wp-content\/uploads\/2024\/11\/a1e5cfa4-a083-4d11-b4c5-0f4aad3c5e4c.__CR001464600_PT0_SX1464_V1___-1024x420.jpg\" alt=\"\" width=\"640\" height=\"263\" \/> <img decoding=\"async\" class=\"alignnone size-large wp-image-1547\" src=\"http:\/\/toctoctoc.ci\/wp-content\/uploads\/2024\/11\/Capture-decran-2024-07-07-a-20.07.48-1024x667.png\" alt=\"\" width=\"640\" height=\"417\" \/> <img loading=\"lazy\" decoding=\"async\" class=\"alignnone size-large wp-image-1548\" src=\"http:\/\/toctoctoc.ci\/wp-content\/uploads\/2024\/11\/Capture-decran-2024-07-07-a-20.07.52-1024x703.png\" alt=\"\" width=\"640\" height=\"439\" \/> <img loading=\"lazy\" decoding=\"async\" class=\"alignnone size-large wp-image-1549\" src=\"http:\/\/toctoctoc.ci\/wp-content\/uploads\/2024\/11\/d9ddc2f0-52f1-45bd-9534-976392eb36cd-1024x1024.jpg\" alt=\"\" width=\"640\" height=\"640\" \/> <img loading=\"lazy\" decoding=\"async\" class=\"alignnone size-large wp-image-1550\" src=\"http:\/\/toctoctoc.ci\/wp-content\/uploads\/2024\/11\/f5f0fcce-c45b-42a0-8bf2-44d100c6aaa1.__CR001464600_PT0_SX1464_V1___-1024x420.jpg\" alt=\"\" width=\"640\" height=\"263\" \/><\/p>\n<p>&nbsp;<\/p>\n<h1>Descriptif technique<\/h1>\n<table style=\"height: 240px;\" width=\"629\">\n<tbody>\n<tr>\n<td width=\"251\">R\u00e9f\u00e9rence<\/td>\n<td>\u200eToc 20240167<\/td>\n<\/tr>\n<tr>\n<td width=\"251\">Dimensions<\/td>\n<td>\u200e39 X 36.5 X 11 cm (d\u00e9pli\u00e9)\/ 39 X 36.5 X 5 cm (pli\u00e9)<\/p>\n<p>300 (1)\/288 (2) grammes<\/td>\n<\/tr>\n<tr>\n<td width=\"251\">Nombre d&rsquo;article(s)<\/td>\n<td>\u200e1<\/td>\n<\/tr>\n<tr>\n<td width=\"251\">Couleur<\/td>\n<td>\u200eBlanc<\/td>\n<\/tr>\n<tr>\n<td width=\"251\">Forme<\/td>\n<td>Oval<\/td>\n<\/tr>\n<tr>\n<td width=\"251\">Mat\u00e9riau<\/td>\n<td>\u200ePP\/TPR<\/td>\n<\/tr>\n<tr>\n<td width=\"251\">Caract\u00e9ristiques sp\u00e9ciales<\/td>\n<td>\u200ePilable\/ Portable<\/td>\n<\/tr>\n<\/tbody>\n<\/table>\n<p>&nbsp;<\/p>\n<h1>Le contenu<\/h1>\n<table width=\"380\">\n<tbody>\n<tr>\n<td width=\"376\">Un bain de si\u00e8ge pliable<\/td>\n<\/tr>\n<tr>\n<td width=\"376\">Un crochet mural adh\u00e9sif<\/td>\n<\/tr>\n<tr>\n<td width=\"376\">Un tuyau de rin\u00e7age (mod\u00e8le 1)<\/td>\n<\/tr>\n<\/tbody>\n<\/table>\n<p>&nbsp;<\/p>\n<h1>Vid\u00e9o<\/h1>\n<p><iframe title=\"20240167\" width=\"1200\" height=\"675\" src=\"https:\/\/www.youtube.com\/embed\/nM7TqtxDMqA?feature=oembed\" frameborder=\"0\" allow=\"accelerometer; autoplay; clipboard-write; encrypted-media; gyroscope; picture-in-picture; web-share\" referrerpolicy=\"strict-origin-when-cross-origin\" allowfullscreen><\/iframe><\/p>","protected":false},"excerpt":{"rendered":"<p>D\u00e9couvrez notre bidet pliable, id\u00e9al pour les femmes enceintes, les patients souffrant d&rsquo;h\u00e9morro\u00efdes et ceux qui ne peuvent pas s&rsquo;accroupir. Fabriqu\u00e9 en polypropyl\u00e8ne et TPR de qualit\u00e9 sup\u00e9rieure, il est respectueux de l&rsquo;environnement, inodore et r\u00e9sistant aux hautes temp\u00e9ratures. Son design pliable permet un rangement facile et un gain d&rsquo;espace, tandis que le trou anti-d\u00e9versement assure une utilisation propre et pratique. Avec son coussinet inf\u00e9rieur antid\u00e9rapant, ce bidet offre une stabilit\u00e9 optimale pour un confort in\u00e9gal\u00e9.<\/p>","protected":false},"featured_media":1555,"comment_status":"open","ping_status":"closed","template":"","meta":{"_acf_changed":false},"locations":[135,133,134],"product_brand":[],"product_cat":[109,83],"product_tag":[],"class_list":{"0":"post-1543","1":"product","2":"type-product","3":"status-publish","4":"has-post-thumbnail","6":"locations-cgk","7":"locations-kenya","8":"locations-t03","9":"product_cat-fourniture-et-equipement-medical","10":"product_cat-hygiene-et-sante","12":"first","13":"instock","14":"featured","15":"shipping-taxable","16":"purchasable","17":"product-type-simple"},"acf":[],"jetpack_sharing_enabled":true,"_links":{"self":[{"href":"https:\/\/toctoctoc.ci\/en\/wp-json\/wp\/v2\/product\/1543","targetHints":{"allow":["GET"]}}],"collection":[{"href":"https:\/\/toctoctoc.ci\/en\/wp-json\/wp\/v2\/product"}],"about":[{"href":"https:\/\/toctoctoc.ci\/en\/wp-json\/wp\/v2\/types\/product"}],"replies":[{"embeddable":true,"href":"https:\/\/toctoctoc.ci\/en\/wp-json\/wp\/v2\/comments?post=1543"}],"wp:featuredmedia":[{"embeddable":true,"href":"https:\/\/toctoctoc.ci\/en\/wp-json\/wp\/v2\/media\/1555"}],"wp:attachment":[{"href":"https:\/\/toctoctoc.ci\/en\/wp-json\/wp\/v2\/media?parent=1543"}],"wp:term":[{"taxonomy":"locations","embeddable":true,"href":"https:\/\/toctoctoc.ci\/en\/wp-json\/wp\/v2\/locations?post=1543"},{"taxonomy":"product_brand","embeddable":true,"href":"https:\/\/toctoctoc.ci\/en\/wp-json\/wp\/v2\/product_brand?post=1543"},{"taxonomy":"product_cat","embeddable":true,"href":"https:\/\/toctoctoc.ci\/en\/wp-json\/wp\/v2\/product_cat?post=1543"},{"taxonomy":"product_tag","embeddable":true,"href":"https:\/\/toctoctoc.ci\/en\/wp-json\/wp\/v2\/product_tag?post=1543"}],"curies":[{"name":"wp","href":"https:\/\/api.w.org\/{rel}","templated":true}]}}