{"id":1501,"date":"2024-11-19T21:07:35","date_gmt":"2024-11-19T21:07:35","guid":{"rendered":"https:\/\/toctoctoc.ci\/?post_type=product&#038;p=1501"},"modified":"2026-03-15T23:02:24","modified_gmt":"2026-03-15T23:02:24","slug":"ecouteurs-sans-fil-en-metal-avengers","status":"publish","type":"product","link":"https:\/\/toctoctoc.ci\/en\/store-listing\/electroniques\/casque-et-ecouteurs\/ecouteurs-sans-fil-en-metal-avengers\/","title":{"rendered":"\u00c9couteurs sans fil m\u00e9tallique (Avengers)"},"content":{"rendered":"<h1>\u00c0 propos de cet article<\/h1>\n<p><em><strong>Puce BT Version : <\/strong><\/em>D\u00e9couvrez la puissance de la technologie avec notre puce Bluetooth JL6973 V5.3, con\u00e7ue pour offrir une connexion rapide et stable. Profitez d&rsquo;une exp\u00e9rience audio immersive sans interruption, id\u00e9ale pour les fans de musique et de films, tout en restant connect\u00e9 \u00e0 vos appareils.<\/p>\n<p><em><strong>Batterie d&rsquo;\u00c9couteur et Bo\u00eetier de Charge : <\/strong><\/em>Ces \u00e9couteurs sans fil sont \u00e9quip\u00e9s d&rsquo;une batterie de 25 mAh, offrant jusqu&rsquo;\u00e0 4 heures de musique ou de conversation \u00e0 80 % de volume. Le bo\u00eetier de charge, avec sa batterie de 250 mAh, vous permet de recharger vos \u00e9couteurs rapidement, vous garantissant des heures d&rsquo;\u00e9coute sans souci.<\/p>\n<p><em><strong>Port de Charge TYPE-C : <\/strong><\/em>Le port de charge TYPE-C assure une recharge rapide et efficace. Avec une tension de charge de DC5V et un courant de 300mA, vous pouvez recharger vos \u00e9couteurs en seulement 2 heures, vous permettant de retourner \u00e0 votre musique ou vos appels en un rien de temps.<\/p>\n<p><em><strong>Caract\u00e9ristiques de Conception : <\/strong><\/em>Ces \u00e9couteurs sans fil se distinguent par leur coque m\u00e9tallique au style Avengers, alliant robustesse et esth\u00e9tique. Fabriqu\u00e9s en alliage de zinc, ils offrent une texture m\u00e9tallique pleine qui attire le regard tout en garantissant une durabilit\u00e9 \u00e0 toute \u00e9preuve. La corne de film composite F13 assure une qualit\u00e9 sonore HIFI sans perte, pour une exp\u00e9rience audio digne des plus grandes productions.<\/p>\n<p><em><strong>Design Inspir\u00e9 des Avengers : <\/strong><\/em>Avec leur design inspir\u00e9 de l&rsquo;univers Marvel, ces \u00e9couteurs sont non seulement fonctionnels, mais aussi un v\u00e9ritable accessoire de mode. Ils incarnent l&rsquo;esprit h\u00e9ro\u00efque et dynamique des Avengers, tout en agissant comme un artefact de d\u00e9compression. Parfaits pour les fans de super-h\u00e9ros, ils vous permettent de profiter de votre musique tout en affichant votre passion pour l&rsquo;univers Marvel.<\/p>\n<p>&nbsp;<\/p>\n<h1>Description du produit<\/h1>\n<p><img fetchpriority=\"high\" decoding=\"async\" class=\"alignnone size-large wp-image-1502\" src=\"http:\/\/toctoctoc.ci\/wp-content\/uploads\/2024\/11\/3472060963-1024x1024.jpg\" alt=\"\" width=\"640\" height=\"640\" \/> <img decoding=\"async\" class=\"alignnone size-large wp-image-1503\" src=\"http:\/\/toctoctoc.ci\/wp-content\/uploads\/2024\/11\/3472085026-1024x916.jpg\" alt=\"\" width=\"640\" height=\"573\" \/> <img decoding=\"async\" class=\"alignnone size-large wp-image-1504\" src=\"http:\/\/toctoctoc.ci\/wp-content\/uploads\/2024\/11\/3472088874-1024x1024.jpg\" alt=\"\" width=\"640\" height=\"640\" \/> <img loading=\"lazy\" decoding=\"async\" class=\"alignnone size-large wp-image-1505\" src=\"http:\/\/toctoctoc.ci\/wp-content\/uploads\/2024\/11\/3472109900-1024x1024.jpg\" alt=\"\" width=\"640\" height=\"640\" \/> <img loading=\"lazy\" decoding=\"async\" class=\"alignnone size-large wp-image-1506\" src=\"http:\/\/toctoctoc.ci\/wp-content\/uploads\/2024\/11\/Sf570e22bcf4d4a8aa1ee2816580b832dT-copie-648x1024.jpg\" alt=\"\" width=\"640\" height=\"1011\" \/><\/p>\n<p>&nbsp;<\/p>\n<h1>Descriptif technique<\/h1>\n<table width=\"517\">\n<tbody>\n<tr>\n<td width=\"251\">R\u00e9f\u00e9rence<\/td>\n<td>\u200eToc 20240162<\/td>\n<\/tr>\n<tr>\n<td width=\"251\">Dimensions colis<\/td>\n<td>\u200e10 X 10 X 4 cm; 183 grammes<\/td>\n<\/tr>\n<tr>\n<td width=\"251\">Nombre d&rsquo;article(s)<\/td>\n<td>\u200e1<\/td>\n<\/tr>\n<tr>\n<td width=\"251\">Couleur<\/td>\n<td>\u200eGris argent\u00e9<\/td>\n<\/tr>\n<tr>\n<td width=\"251\">Mat\u00e9riau<\/td>\n<td>M\u00e9tal\/ABS<\/td>\n<\/tr>\n<tr>\n<td width=\"251\">Forme<\/td>\n<td>\u200eRond<\/td>\n<\/tr>\n<tr>\n<td width=\"251\">Alimentation<\/td>\n<td>\u200eC\u00e2ble USB C<\/td>\n<\/tr>\n<tr>\n<td width=\"251\">Caract\u00e9ristiques sp\u00e9ciales<\/td>\n<td>\u200e\u00c9tanche:Double connexion<\/td>\n<\/tr>\n<tr>\n<td width=\"251\">Compatibilit\u00e9<\/td>\n<td>\u200eBluetooth<\/td>\n<\/tr>\n<\/tbody>\n<\/table>\n<p>&nbsp;<\/p>\n<h1>Le contenu<\/h1>\n<table width=\"261\">\n<tbody>\n<tr>\n<td width=\"257\">Des \u00e9couteurs Hydra<\/td>\n<\/tr>\n<tr>\n<td width=\"257\">Une cha\u00eene pour le bo\u00eetier<\/td>\n<\/tr>\n<tr>\n<td width=\"257\">Un c\u00e2ble USB (type C)<\/td>\n<\/tr>\n<tr>\n<td width=\"257\">La notice (anglais-chinois)<\/td>\n<\/tr>\n<\/tbody>\n<\/table>\n<p>&nbsp;<\/p>\n<h1>Vid\u00e9o<\/h1>\n<p><iframe title=\"20240162\" width=\"1200\" height=\"675\" src=\"https:\/\/www.youtube.com\/embed\/kD3Zt8I0fXU?feature=oembed\" frameborder=\"0\" allow=\"accelerometer; autoplay; clipboard-write; encrypted-media; gyroscope; picture-in-picture; web-share\" referrerpolicy=\"strict-origin-when-cross-origin\" allowfullscreen><\/iframe><\/p>","protected":false},"excerpt":{"rendered":"<p>D\u00e9couvrez nos \u00e9couteurs sans fil au style Avengers, alliant technologie de pointe et design captivant. \u00c9quip\u00e9s de la puce Bluetooth JL6973 V5.3, ils offrent une connexion rapide et une qualit\u00e9 sonore HIFI sans perte. Avec jusqu&rsquo;\u00e0 4 heures d&rsquo;autonomie et un bo\u00eetier de charge pratique, ces \u00e9couteurs sont parfaits pour les fans de musique et de super-h\u00e9ros. Profitez d&rsquo;une exp\u00e9rience audio immersive tout en affichant votre passion pour l&rsquo;univers Marvel !<\/p>","protected":false},"featured_media":1507,"comment_status":"open","ping_status":"closed","template":"","meta":{"_acf_changed":false},"locations":[135,133,134],"product_brand":[],"product_cat":[105,104],"product_tag":[],"class_list":{"0":"post-1501","1":"product","2":"type-product","3":"status-publish","4":"has-post-thumbnail","6":"locations-cgk","7":"locations-kenya","8":"locations-t03","9":"product_cat-casque-et-ecouteurs","10":"product_cat-electroniques","12":"first","13":"instock","14":"shipping-taxable","15":"purchasable","16":"product-type-simple"},"acf":[],"jetpack_sharing_enabled":true,"_links":{"self":[{"href":"https:\/\/toctoctoc.ci\/en\/wp-json\/wp\/v2\/product\/1501","targetHints":{"allow":["GET"]}}],"collection":[{"href":"https:\/\/toctoctoc.ci\/en\/wp-json\/wp\/v2\/product"}],"about":[{"href":"https:\/\/toctoctoc.ci\/en\/wp-json\/wp\/v2\/types\/product"}],"replies":[{"embeddable":true,"href":"https:\/\/toctoctoc.ci\/en\/wp-json\/wp\/v2\/comments?post=1501"}],"wp:featuredmedia":[{"embeddable":true,"href":"https:\/\/toctoctoc.ci\/en\/wp-json\/wp\/v2\/media\/1507"}],"wp:attachment":[{"href":"https:\/\/toctoctoc.ci\/en\/wp-json\/wp\/v2\/media?parent=1501"}],"wp:term":[{"taxonomy":"locations","embeddable":true,"href":"https:\/\/toctoctoc.ci\/en\/wp-json\/wp\/v2\/locations?post=1501"},{"taxonomy":"product_brand","embeddable":true,"href":"https:\/\/toctoctoc.ci\/en\/wp-json\/wp\/v2\/product_brand?post=1501"},{"taxonomy":"product_cat","embeddable":true,"href":"https:\/\/toctoctoc.ci\/en\/wp-json\/wp\/v2\/product_cat?post=1501"},{"taxonomy":"product_tag","embeddable":true,"href":"https:\/\/toctoctoc.ci\/en\/wp-json\/wp\/v2\/product_tag?post=1501"}],"curies":[{"name":"wp","href":"https:\/\/api.w.org\/{rel}","templated":true}]}}