{"id":1491,"date":"2024-11-19T20:49:45","date_gmt":"2024-11-19T20:49:45","guid":{"rendered":"https:\/\/toctoctoc.ci\/?post_type=product&#038;p=1491"},"modified":"2025-10-12T09:13:03","modified_gmt":"2025-10-12T09:13:03","slug":"mini-ventilateur-usb-avec-horloge-led","status":"publish","type":"product","link":"https:\/\/toctoctoc.ci\/en\/store-listing\/high-tech-2\/mini-ventilateur-usb-avec-horloge-led\/","title":{"rendered":"Mini ventilateur USB Avec Horloge LED"},"content":{"rendered":"<h1>\u00c0 propos de cet article<\/h1>\n<p><strong><em>Ventilateur USB Multifonctionnel avec Horloge LED<\/em> : <\/strong>D\u00e9couvrez un ventilateur innovant qui fait bien plus que rafra\u00eechir l&rsquo;air. Ce mod\u00e8le est \u00e9galement \u00e9quip\u00e9 d&rsquo;une horloge \u00e0 LED affichant les heures, les minutes et les secondes, que vous pouvez ajuster selon vos besoins. Sa petite taille vous permet de l&#8217;emporter facilement dans votre sac, id\u00e9al pour les chaudes journ\u00e9es d&rsquo;\u00e9t\u00e9.<\/p>\n<p><strong><em>Mini Ventilateur USB \u00c9conomique<\/em> : <\/strong>Ce ventilateur est aliment\u00e9 par USB, garantissant une faible consommation d&rsquo;\u00e9nergie. Il vous suffit de le brancher sur n&rsquo;importe quel port USB d&rsquo;un ordinateur portable, d&rsquo;un PC, d&rsquo;une batterie externe ou d&rsquo;un adaptateur USB. Son design \u00e9l\u00e9gant et pratique le rend parfait pour le bureau, la chambre ou m\u00eame en camping.<\/p>\n<p><em><strong>Ventilateur \u00e0 Col de Cygne Flexible : <\/strong><\/em>Profitez de la flexibilit\u00e9 de notre ventilateur \u00e0 col de cygne en m\u00e9tal, qui peut \u00eatre ajust\u00e9 \u00e0 360 \u00b0. Vous pouvez le positionner \u00e0 votre convenance pour diriger le flux d&rsquo;air exactement o\u00f9 vous en avez besoin. C&rsquo;est un accessoire tr\u00e8s pratique pour un confort optimal.<\/p>\n<p><em><strong>Lames de Ventilateur Souples et S\u00fbres : <\/strong><\/em>La s\u00e9curit\u00e9 est primordiale avec ce ventilateur, qui est \u00e9quip\u00e9 de deux pales en silicone souples et flexibles. Vous n&rsquo;avez pas \u00e0 vous inqui\u00e9ter des accidents, car elles sont con\u00e7ues pour \u00eatre sans danger et fonctionnent \u00e0 un faible niveau sonore.<\/p>\n<p><em><strong>Utilisation Simple avec Plug &amp; Play : <\/strong><\/em>Ce ventilateur est extr\u00eamement facile \u00e0 utiliser gr\u00e2ce \u00e0 son interrupteur marche\/arr\u00eat. Aucune installation n&rsquo;est n\u00e9cessaire ! De plus, l&rsquo;horloge LED se recharge automatiquement en 20 secondes. M\u00eame si vous le d\u00e9branchez, l&rsquo;heure reste affich\u00e9e, vous permettant de garder le contr\u00f4le du temps \u00e0 tout moment.<\/p>\n<p>&nbsp;<\/p>\n<h1>Description du produit<\/h1>\n<p><img fetchpriority=\"high\" decoding=\"async\" class=\"alignnone size-large wp-image-1492\" src=\"http:\/\/toctoctoc.ci\/wp-content\/uploads\/2024\/11\/2da5bae51dd77044d4a41dcfd1ba5fea-1024x1024.jpg\" alt=\"\" width=\"640\" height=\"640\" \/> <img decoding=\"async\" class=\"alignnone size-large wp-image-1493\" src=\"http:\/\/toctoctoc.ci\/wp-content\/uploads\/2024\/11\/61x9jJVBXRL._AC_SL1500_-1024x909.jpg\" alt=\"\" width=\"640\" height=\"568\" \/> <img decoding=\"async\" class=\"alignnone size-large wp-image-1494\" src=\"http:\/\/toctoctoc.ci\/wp-content\/uploads\/2024\/11\/681caa8a-b0cf-42c3-ace2-f9308f20771b.__CR00970600_PT0_SX970_V1___-1024x633.jpg\" alt=\"\" width=\"640\" height=\"396\" \/> <img loading=\"lazy\" decoding=\"async\" class=\"alignnone size-large wp-image-1495\" src=\"http:\/\/toctoctoc.ci\/wp-content\/uploads\/2024\/11\/a7214c67-872a-412f-adf7-753972d8ac18.__CR00970600_PT0_SX970_V1___-1024x633.jpg\" alt=\"\" width=\"640\" height=\"396\" \/><\/p>\n<p>&nbsp;<\/p>\n<h1>Descriptif technique<\/h1>\n<table width=\"517\">\n<tbody>\n<tr>\n<td width=\"251\">R\u00e9f\u00e9rence<\/td>\n<td>\u200eToc 20240161<\/td>\n<\/tr>\n<tr>\n<td width=\"251\">Dimensions colis<\/td>\n<td>\u200e24 X 11 X 3 cm; 82 grammes<\/td>\n<\/tr>\n<tr>\n<td width=\"251\">Nombre d&rsquo;article(s)<\/td>\n<td>\u200e1<\/td>\n<\/tr>\n<tr>\n<td width=\"251\">Couleur<\/td>\n<td>\u200eGris argent\u00e9<\/td>\n<\/tr>\n<tr>\n<td width=\"251\">Forme<\/td>\n<td>\u200eRond<\/td>\n<\/tr>\n<tr>\n<td width=\"251\">Type de batterie<\/td>\n<td>\u200eLithium<\/td>\n<\/tr>\n<tr>\n<td width=\"251\">Caract\u00e9ristiques sp\u00e9ciales<\/td>\n<td>Multifonction<\/td>\n<\/tr>\n<tr>\n<td width=\"251\">Compatibilit\u00e9<\/td>\n<td>\u200eApparteil avec sortie USB C<\/td>\n<\/tr>\n<\/tbody>\n<\/table>\n<p>&nbsp;<\/p>\n<h1>Le contenu<\/h1>\n<table width=\"261\">\n<tbody>\n<tr>\n<td width=\"257\">Un mini ventilateur<\/td>\n<\/tr>\n<\/tbody>\n<\/table>\n<p>&nbsp;<\/p>\n<h1>Vid\u00e9o<\/h1>\n<p>&nbsp;<\/p>","protected":false},"excerpt":{"rendered":"<p>D\u00e9couvrez notre ventilateur USB multifonctionnel avec horloge LED, l&rsquo;accessoire id\u00e9al pour vous rafra\u00eechir tout en gardant un \u0153il sur l&rsquo;heure. Compact et l\u00e9ger, il se branche facilement sur n&rsquo;importe quel port USB, offrant une faible consommation d&rsquo;\u00e9nergie. Avec son col de cygne flexible, vous pouvez diriger le flux d&rsquo;air selon vos besoins. Ses pales en silicone souples garantissent une utilisation en toute s\u00e9curit\u00e9, et son fonctionnement plug &amp; play le rend extr\u00eamement pratique. Parfait pour le bureau, la chambre ou en camping, ce ventilateur est un must-have pour les chaudes journ\u00e9es d&rsquo;\u00e9t\u00e9 !<\/p>","protected":false},"featured_media":1496,"comment_status":"open","ping_status":"closed","template":"","meta":{"_acf_changed":false},"locations":[135,133,134],"product_brand":[],"product_cat":[95],"product_tag":[],"class_list":{"0":"post-1491","1":"product","2":"type-product","3":"status-publish","4":"has-post-thumbnail","6":"locations-cgk","7":"locations-kenya","8":"locations-t03","9":"product_cat-high-tech-2","11":"first","12":"outofstock","13":"shipping-taxable","14":"purchasable","15":"product-type-simple"},"acf":[],"jetpack_sharing_enabled":true,"_links":{"self":[{"href":"https:\/\/toctoctoc.ci\/en\/wp-json\/wp\/v2\/product\/1491","targetHints":{"allow":["GET"]}}],"collection":[{"href":"https:\/\/toctoctoc.ci\/en\/wp-json\/wp\/v2\/product"}],"about":[{"href":"https:\/\/toctoctoc.ci\/en\/wp-json\/wp\/v2\/types\/product"}],"replies":[{"embeddable":true,"href":"https:\/\/toctoctoc.ci\/en\/wp-json\/wp\/v2\/comments?post=1491"}],"wp:featuredmedia":[{"embeddable":true,"href":"https:\/\/toctoctoc.ci\/en\/wp-json\/wp\/v2\/media\/1496"}],"wp:attachment":[{"href":"https:\/\/toctoctoc.ci\/en\/wp-json\/wp\/v2\/media?parent=1491"}],"wp:term":[{"taxonomy":"locations","embeddable":true,"href":"https:\/\/toctoctoc.ci\/en\/wp-json\/wp\/v2\/locations?post=1491"},{"taxonomy":"product_brand","embeddable":true,"href":"https:\/\/toctoctoc.ci\/en\/wp-json\/wp\/v2\/product_brand?post=1491"},{"taxonomy":"product_cat","embeddable":true,"href":"https:\/\/toctoctoc.ci\/en\/wp-json\/wp\/v2\/product_cat?post=1491"},{"taxonomy":"product_tag","embeddable":true,"href":"https:\/\/toctoctoc.ci\/en\/wp-json\/wp\/v2\/product_tag?post=1491"}],"curies":[{"name":"wp","href":"https:\/\/api.w.org\/{rel}","templated":true}]}}