{"id":1471,"date":"2024-11-19T18:31:46","date_gmt":"2024-11-19T18:31:46","guid":{"rendered":"https:\/\/toctoctoc.ci\/?post_type=product&#038;p=1471"},"modified":"2025-10-12T09:14:01","modified_gmt":"2025-10-12T09:14:01","slug":"lot-de-3-flacons-a-pompe-rechargeables","status":"publish","type":"product","link":"https:\/\/toctoctoc.ci\/en\/store-listing\/hygiene-et-sante\/contenant-rechargeable\/lot-de-3-flacons-a-pompe-rechargeables\/","title":{"rendered":"Lot de 3 flacons \u00e0 pompe rechargeables"},"content":{"rendered":"<h1>\u00c0 propos de cet article<\/h1>\n<p><em><strong>Mat\u00e9riaux de Haute Qualit\u00e9 : <\/strong><\/em>Nos bouteilles \u00e0 pompe sans air sont con\u00e7ues en plastique PP transparent de premier choix, exempt de BPA, inodore et totalement s\u00fbr. Leur fond \u00e9pais assure une meilleure stabilit\u00e9, tandis que la pompe en polypropyl\u00e8ne garantit une utilisation durable et fluide.<\/p>\n<p><em><strong>Conception Anti-Fuite : <\/strong><\/em>Ces conteneurs de voyage vides sont \u00e0 la fois s\u00fbrs et pratiques. \u00c9quip\u00e9s d&rsquo;un couvercle transparent et d&rsquo;un design anti-fuite, ils emp\u00eachent efficacement tout \u00e9coulement de liquide. Leur taille compacte les rend id\u00e9aux pour \u00eatre transport\u00e9s dans votre sac, que ce soit pour des voyages ou \u00e0 la maison. Faciles \u00e0 remplir, ces bouteilles r\u00e9utilisables sont parfaites pour vos d\u00e9placements.<\/p>\n<p><em><strong>Design Innovant : <\/strong><\/em>Contrairement aux bouteilles de voyage classiques pour cosm\u00e9tiques, cette bouteille sous vide utilise une technologie de pompe \u00e0 air, offrant une utilisation plus propre. Les flacons vides \u00e0 pompe sans air sont simples \u00e0 remplir et \u00e0 utiliser, avec une buse con\u00e7ue pour r\u00e9duire les d\u00e9chets.<\/p>\n<p><em><strong>Utilisation Polyvalente : <\/strong><\/em>Nos flacons \u00e0 pompe sous vide sont id\u00e9aux pour contenir des lotions, fonds de teint, s\u00e9rums, cr\u00e8mes, hydratants, parfums et autres produits cosm\u00e9tiques. Chaque lot comprend 3 bouteilles, r\u00e9pondant ainsi \u00e0 la plupart de vos besoins quotidiens ou en voyage.<\/p>\n<p>&nbsp;<\/p>\n<h1>Description du produit<\/h1>\n<p><img fetchpriority=\"high\" decoding=\"async\" class=\"alignnone size-large wp-image-1472\" src=\"http:\/\/toctoctoc.ci\/wp-content\/uploads\/2024\/11\/f519e795-1b51-4bb7-963c-25ddb98192c4-1024x1024.jpg\" alt=\"\" width=\"640\" height=\"640\" \/> <img decoding=\"async\" class=\"alignnone size-large wp-image-1473\" src=\"http:\/\/toctoctoc.ci\/wp-content\/uploads\/2024\/11\/4e875f1d-0a9f-422d-bdb4-dc84c48091e1-1024x1024.jpg\" alt=\"\" width=\"640\" height=\"640\" \/> <img decoding=\"async\" class=\"alignnone size-large wp-image-1474\" src=\"http:\/\/toctoctoc.ci\/wp-content\/uploads\/2024\/11\/8f630c41-1f1f-42c4-8f69-0287bdc95348-1024x1024.jpg\" alt=\"\" width=\"640\" height=\"640\" \/> <img loading=\"lazy\" decoding=\"async\" class=\"alignnone size-large wp-image-1475\" src=\"http:\/\/toctoctoc.ci\/wp-content\/uploads\/2024\/11\/21a93423-311f-47b3-b6fe-ef5da3c8c502-1024x1024.jpg\" alt=\"\" width=\"640\" height=\"640\" \/> <img loading=\"lazy\" decoding=\"async\" class=\"alignnone size-large wp-image-1476\" src=\"http:\/\/toctoctoc.ci\/wp-content\/uploads\/2024\/11\/c57db41e74ca5740aa186e439ff74fc4-1024x1024.jpg\" alt=\"\" width=\"640\" height=\"640\" \/> <img loading=\"lazy\" decoding=\"async\" class=\"alignnone size-large wp-image-1477\" src=\"http:\/\/toctoctoc.ci\/wp-content\/uploads\/2024\/11\/61Kc0EC6ANL._AC_SL1500_-1024x977.jpg\" alt=\"\" width=\"640\" height=\"611\" \/><\/p>\n<p>&nbsp;<\/p>\n<h1>Descriptif technique<\/h1>\n<p>&nbsp;<\/p>\n<table width=\"576\">\n<tbody>\n<tr>\n<td width=\"251\">R\u00e9f\u00e9rence<\/td>\n<td width=\"319\">\u200eToc 20240160<\/td>\n<\/tr>\n<tr>\n<td width=\"251\">Dimensions<\/td>\n<td width=\"319\">\u200e(10, 12, 15.5) X 3cm (dia) cm\u00a0; 134 grammes<\/td>\n<\/tr>\n<tr>\n<td width=\"251\">Nombre d&rsquo;article(s)<\/td>\n<td width=\"319\">\u200e3<\/td>\n<\/tr>\n<tr>\n<td width=\"251\">Couleur<\/td>\n<td width=\"319\">\u200eTransparent<\/td>\n<\/tr>\n<tr>\n<td width=\"251\">Forme<\/td>\n<td width=\"319\">\u200eCylindrique<\/td>\n<\/tr>\n<tr>\n<td width=\"251\">Mat\u00e9riau<\/td>\n<td width=\"319\">Plastique<\/td>\n<\/tr>\n<tr>\n<td width=\"251\">Caract\u00e9ristiques sp\u00e9ciales<\/td>\n<td width=\"319\">\u200ePortable\/Vaccum<\/td>\n<\/tr>\n<tr>\n<td width=\"251\">Compatibilit\u00e9<\/td>\n<td width=\"319\">Cr\u00e8me\/Parfum<\/td>\n<\/tr>\n<\/tbody>\n<\/table>\n<p>&nbsp;<\/p>\n<p>&nbsp;<\/p>\n<h1>Le contenu<\/h1>\n<table width=\"421\">\n<tbody>\n<tr>\n<td width=\"417\">Trois flacons<\/td>\n<\/tr>\n<tr>\n<td width=\"417\">Un mini entonnoir<\/td>\n<\/tr>\n<\/tbody>\n<\/table>\n<p>&nbsp;<\/p>\n<h1>Vid\u00e9o<\/h1>\n<p>&nbsp;<\/p>","protected":false},"excerpt":{"rendered":"<p>D\u00e9couvrez nos bouteilles \u00e0 pompe sans air, fabriqu\u00e9es en plastique PP transparent de haute qualit\u00e9, exempt de BPA et inodore. Avec leur design anti-fuite et leur taille compacte, elles sont parfaites pour vos voyages ou \u00e0 la maison. Gr\u00e2ce \u00e0 leur technologie de pompe \u00e0 air innovante, elles offrent une utilisation propre et facile, id\u00e9ales pour contenir lotions, s\u00e9rums et autres cosm\u00e9tiques. Chaque lot comprend 3 bouteilles r\u00e9utilisables, alliant praticit\u00e9 et style.<\/p>","protected":false},"featured_media":1478,"comment_status":"open","ping_status":"closed","template":"","meta":{"_acf_changed":false},"locations":[135,133,134],"product_brand":[],"product_cat":[102,83],"product_tag":[],"class_list":{"0":"post-1471","1":"product","2":"type-product","3":"status-publish","4":"has-post-thumbnail","6":"locations-cgk","7":"locations-kenya","8":"locations-t03","9":"product_cat-contenant-rechargeable","10":"product_cat-hygiene-et-sante","12":"first","13":"outofstock","14":"shipping-taxable","15":"product-type-variable"},"acf":[],"jetpack_sharing_enabled":true,"_links":{"self":[{"href":"https:\/\/toctoctoc.ci\/en\/wp-json\/wp\/v2\/product\/1471","targetHints":{"allow":["GET"]}}],"collection":[{"href":"https:\/\/toctoctoc.ci\/en\/wp-json\/wp\/v2\/product"}],"about":[{"href":"https:\/\/toctoctoc.ci\/en\/wp-json\/wp\/v2\/types\/product"}],"replies":[{"embeddable":true,"href":"https:\/\/toctoctoc.ci\/en\/wp-json\/wp\/v2\/comments?post=1471"}],"wp:featuredmedia":[{"embeddable":true,"href":"https:\/\/toctoctoc.ci\/en\/wp-json\/wp\/v2\/media\/1478"}],"wp:attachment":[{"href":"https:\/\/toctoctoc.ci\/en\/wp-json\/wp\/v2\/media?parent=1471"}],"wp:term":[{"taxonomy":"locations","embeddable":true,"href":"https:\/\/toctoctoc.ci\/en\/wp-json\/wp\/v2\/locations?post=1471"},{"taxonomy":"product_brand","embeddable":true,"href":"https:\/\/toctoctoc.ci\/en\/wp-json\/wp\/v2\/product_brand?post=1471"},{"taxonomy":"product_cat","embeddable":true,"href":"https:\/\/toctoctoc.ci\/en\/wp-json\/wp\/v2\/product_cat?post=1471"},{"taxonomy":"product_tag","embeddable":true,"href":"https:\/\/toctoctoc.ci\/en\/wp-json\/wp\/v2\/product_tag?post=1471"}],"curies":[{"name":"wp","href":"https:\/\/api.w.org\/{rel}","templated":true}]}}