{"id":1461,"date":"2024-11-19T17:48:49","date_gmt":"2024-11-19T17:48:49","guid":{"rendered":"https:\/\/toctoctoc.ci\/?post_type=product&#038;p=1461"},"modified":"2026-04-19T23:45:38","modified_gmt":"2026-04-19T23:45:38","slug":"lot-de-2-distributeurs-automatiques-de-cure-dents","status":"publish","type":"product","link":"https:\/\/toctoctoc.ci\/en\/store-listing\/cuisine-et-maison-2\/ustensile-de-cuisine\/lot-de-2-distributeurs-automatiques-de-cure-dents\/","title":{"rendered":"Lot de 2 distributeurs automatiques de cure-dents"},"content":{"rendered":"<h1>\u00c0 propos de cet article<\/h1>\n<p><em><strong>Distributeur Automatique de Cure-Dents : <\/strong><\/em>Profitez d&rsquo;une mani\u00e8re simple et pratique de distribuer des cure-dents gr\u00e2ce \u00e0 ce distributeur automatique. Il s&rsquo;ouvre facilement par une l\u00e9g\u00e8re pression, offrant une utilisation sans tracas. Disponible en trois couleurs attrayantes : vert fonc\u00e9, vert clair et rouge, il apporte une touche de vitalit\u00e9 \u00e0 votre espace tout en ajoutant une note de plaisir d\u00e9contract\u00e9.<\/p>\n<p><em><strong>Mat\u00e9riaux de Qualit\u00e9 Sup\u00e9rieure : <\/strong><\/em>Ce distributeur de cure-dents est fabriqu\u00e9 en PP et ABS de qualit\u00e9, garantissant durabilit\u00e9 et s\u00e9curit\u00e9. Chaque \u00e9tape, de la s\u00e9lection des mati\u00e8res premi\u00e8res \u00e0 la fabrication, est soigneusement contr\u00f4l\u00e9e pour assurer un produit de haute qualit\u00e9.<\/p>\n<p><em><strong>Hygi\u00e8ne et S\u00e9curit\u00e9 Optimales : <\/strong><\/em>Con\u00e7u pour extraire un seul cure-dent \u00e0 la fois, ce distributeur garantit que les autres restent propres gr\u00e2ce \u00e0 son ouverture unique. Son couvercle transparent et herm\u00e9tique permet de v\u00e9rifier facilement le niveau de cure-dents tout en prot\u00e9geant contre la poussi\u00e8re. De plus, le couvercle est amovible pour un nettoyage ais\u00e9.<\/p>\n<p><em><strong>Design Ergonomique : <\/strong><\/em>Ce distributeur compact offre une grande capacit\u00e9, pouvant contenir jusqu&rsquo;\u00e0 80 cure-dents. Les cure-dents sont faciles \u00e0 remplacer gr\u00e2ce \u00e0 une large ouverture, et il suffit d&rsquo;appuyer sur le dessus pour les faire sortir. Tous les bords sont arrondis pour garantir la s\u00e9curit\u00e9, et le fond antid\u00e9rapant r\u00e9duit la friction avec la surface de votre bureau.<\/p>\n<p><em><strong>Polyvalence \u00c9l\u00e9gante : <\/strong><\/em>Avec son design pur et \u00e9l\u00e9gant, ce distributeur de cure-dents s&rsquo;int\u00e8gre parfaitement dans divers environnements tels que bureaux, maisons, restaurants, clubs, bars, caf\u00e9s et h\u00f4tels. C&rsquo;est \u00e9galement un cadeau id\u00e9al pour vos amis, vos proches ou les membres de votre famille.<\/p>\n<p>&nbsp;<\/p>\n<h1>Description du produit<\/h1>\n<p><img fetchpriority=\"high\" decoding=\"async\" class=\"alignnone size-large wp-image-1462\" src=\"http:\/\/toctoctoc.ci\/wp-content\/uploads\/2024\/11\/aff7d332-7354-44e8-ac94-989f56b3946a-1024x1024.jpg\" alt=\"\" width=\"640\" height=\"640\" \/> <img decoding=\"async\" class=\"alignnone size-large wp-image-1463\" src=\"http:\/\/toctoctoc.ci\/wp-content\/uploads\/2024\/11\/7b93bda6-8298-4cae-b70c-0195858596d7-1024x1024.jpg\" alt=\"\" width=\"640\" height=\"640\" \/> <img decoding=\"async\" class=\"alignnone size-large wp-image-1464\" src=\"http:\/\/toctoctoc.ci\/wp-content\/uploads\/2024\/11\/fee979c8-3fc8-4af6-8a90-9fe9d99ec7f1-1024x1024.jpg\" alt=\"\" width=\"640\" height=\"640\" \/><\/p>\n<p>&nbsp;<\/p>\n<h1>Descriptif technique<\/h1>\n<p>&nbsp;<\/p>\n<table width=\"541\">\n<tbody>\n<tr>\n<td width=\"251\">R\u00e9f\u00e9rence<\/td>\n<td>\u200eToc 20240159<\/td>\n<\/tr>\n<tr>\n<td width=\"251\">Dimensions<\/td>\n<td>\u200e8,5 X 6 X 6 cm\u00a0; 43 grammes<\/td>\n<\/tr>\n<tr>\n<td width=\"251\">Nombre d&rsquo;article(s)<\/td>\n<td>\u200e2<\/td>\n<\/tr>\n<tr>\n<td width=\"251\">Couleur<\/td>\n<td>\u200eVert<\/td>\n<\/tr>\n<tr>\n<td width=\"251\">Forme<\/td>\n<td>\u200eTube<\/td>\n<\/tr>\n<tr>\n<td width=\"251\">Mat\u00e9riau<\/td>\n<td>Plastique<\/td>\n<\/tr>\n<tr>\n<td width=\"251\">Caract\u00e9ristiques sp\u00e9ciales<\/td>\n<td>Distribution automatique<\/td>\n<\/tr>\n<tr>\n<td width=\"251\">Compatibilit\u00e9<\/td>\n<td>Cure-dents<\/td>\n<\/tr>\n<\/tbody>\n<\/table>\n<p>&nbsp;<\/p>\n<h1>Le contenu<\/h1>\n<table width=\"421\">\n<tbody>\n<tr>\n<td width=\"417\">Deux distributeurs de cure-dents<\/td>\n<\/tr>\n<\/tbody>\n<\/table>\n<p>&nbsp;<\/p>\n<h1>Vid\u00e9o<\/h1>\n<p><iframe title=\"20240159\" width=\"563\" height=\"1000\" src=\"https:\/\/www.youtube.com\/embed\/lM6qz4rW_8s?feature=oembed\" frameborder=\"0\" allow=\"accelerometer; autoplay; clipboard-write; encrypted-media; gyroscope; picture-in-picture; web-share\" referrerpolicy=\"strict-origin-when-cross-origin\" allowfullscreen><\/iframe><\/p>","protected":false},"excerpt":{"rendered":"<p>D\u00e9couvrez notre distributeur automatique de cure-dents, une solution pratique et hygi\u00e9nique pour votre quotidien. Fabriqu\u00e9 en mat\u00e9riaux de haute qualit\u00e9, il permet de d\u00e9livrer un cure-dent \u00e0 la fois, tout en maintenant les autres propres et prot\u00e9g\u00e9s. Avec un design \u00e9l\u00e9gant et compact, il s&rsquo;int\u00e8gre parfaitement dans n&rsquo;importe quel environnement, que ce soit \u00e0 la maison, au bureau ou dans un restaurant. Disponible en plusieurs couleurs, il allie fonctionnalit\u00e9 et style pour embellir votre espace.<\/p>","protected":false},"featured_media":1465,"comment_status":"open","ping_status":"closed","template":"","meta":{"_acf_changed":false},"locations":[135,133,134],"product_brand":[],"product_cat":[66,94],"product_tag":[],"class_list":{"0":"post-1461","1":"product","2":"type-product","3":"status-publish","4":"has-post-thumbnail","6":"locations-cgk","7":"locations-kenya","8":"locations-t03","9":"product_cat-cuisine-et-maison-2","10":"product_cat-ustensile-de-cuisine","12":"first","13":"instock","14":"shipping-taxable","15":"purchasable","16":"product-type-simple"},"acf":[],"jetpack_sharing_enabled":true,"_links":{"self":[{"href":"https:\/\/toctoctoc.ci\/en\/wp-json\/wp\/v2\/product\/1461","targetHints":{"allow":["GET"]}}],"collection":[{"href":"https:\/\/toctoctoc.ci\/en\/wp-json\/wp\/v2\/product"}],"about":[{"href":"https:\/\/toctoctoc.ci\/en\/wp-json\/wp\/v2\/types\/product"}],"replies":[{"embeddable":true,"href":"https:\/\/toctoctoc.ci\/en\/wp-json\/wp\/v2\/comments?post=1461"}],"wp:featuredmedia":[{"embeddable":true,"href":"https:\/\/toctoctoc.ci\/en\/wp-json\/wp\/v2\/media\/1465"}],"wp:attachment":[{"href":"https:\/\/toctoctoc.ci\/en\/wp-json\/wp\/v2\/media?parent=1461"}],"wp:term":[{"taxonomy":"locations","embeddable":true,"href":"https:\/\/toctoctoc.ci\/en\/wp-json\/wp\/v2\/locations?post=1461"},{"taxonomy":"product_brand","embeddable":true,"href":"https:\/\/toctoctoc.ci\/en\/wp-json\/wp\/v2\/product_brand?post=1461"},{"taxonomy":"product_cat","embeddable":true,"href":"https:\/\/toctoctoc.ci\/en\/wp-json\/wp\/v2\/product_cat?post=1461"},{"taxonomy":"product_tag","embeddable":true,"href":"https:\/\/toctoctoc.ci\/en\/wp-json\/wp\/v2\/product_tag?post=1461"}],"curies":[{"name":"wp","href":"https:\/\/api.w.org\/{rel}","templated":true}]}}