{"id":1450,"date":"2024-11-19T17:19:52","date_gmt":"2024-11-19T17:19:52","guid":{"rendered":"https:\/\/toctoctoc.ci\/?post_type=product&#038;p=1450"},"modified":"2026-02-26T00:16:57","modified_gmt":"2026-02-26T00:16:57","slug":"lot-de-2-packs-de-serviette-compressee-jetable-40-pcs","status":"publish","type":"product","link":"https:\/\/toctoctoc.ci\/en\/store-listing\/hygiene-et-sante\/soins-du-visage\/lot-de-2-packs-de-serviette-compressee-jetable-40-pcs\/","title":{"rendered":"Lot de 2 Packs de serviette compress\u00e9e jetable (40 pcs)"},"content":{"rendered":"<h1>\u00c0 propos de cet article<\/h1>\n<p><em><strong>Mat\u00e9riau \u00c9cologique et S\u00fbr : <\/strong><\/em>Cette serviette compress\u00e9e est con\u00e7ue en lin de coton non tiss\u00e9 de haute qualit\u00e9, l\u00e9g\u00e8re, douce et non toxique. Respectueuse de l&rsquo;environnement, elle peut \u00eatre utilis\u00e9e en toute s\u00e9curit\u00e9 sur la peau.<\/p>\n<p><em><strong>Pack Pratique de 20 Serviettes : <\/strong><\/em>Le lot comprend un total de 20 serviettes magiques jetables, parfaites pour r\u00e9pondre \u00e0 tous vos besoins \u00e0 la maison ou en d\u00e9placement. Un choix pratique et utile pour toutes les occasions.<\/p>\n<p><em><strong>Dimensions Compactes : <\/strong><\/em>Avant expansion, chaque serviette mesure environ 20 x 8 mm, ce qui les rend faciles \u00e0 transporter dans un sac ou une poche. Une fois d\u00e9pli\u00e9es, elles atteignent une taille d&rsquo;environ 20 x 30 cm, id\u00e9ales pour un usage quotidien.<\/p>\n<p><em><strong>Utilisation Simple et Rapide : <\/strong><\/em>Pour d\u00e9plier la serviette compress\u00e9e, il suffit de la plonger dans de l&rsquo;eau froide ou chaude pendant quelques secondes. Attention : ces serviettes ressemblent \u00e0 des bonbons, veillez \u00e0 les garder hors de port\u00e9e des enfants.<\/p>\n<p><em><strong>Applications Multiples : <\/strong><\/em>Ces serviettes sont parfaites pour une utilisation int\u00e9rieure, que ce soit dans la cuisine, \u00e0 l&rsquo;h\u00f4tel, \u00e0 la maison ou au bureau. Elles sont \u00e9galement id\u00e9ales pour les activit\u00e9s en plein air comme les voyages, le camping et la randonn\u00e9e.<\/p>\n<p>&nbsp;<\/p>\n<h1>Description du produit<\/h1>\n<p><img fetchpriority=\"high\" decoding=\"async\" class=\"alignnone size-large wp-image-1451\" src=\"http:\/\/toctoctoc.ci\/wp-content\/uploads\/2024\/11\/5547864b-1ae4-4b82-98f9-899cc9df42ea-1024x1024.jpg\" alt=\"\" width=\"640\" height=\"640\" \/> <img decoding=\"async\" class=\"alignnone size-large wp-image-1452\" src=\"http:\/\/toctoctoc.ci\/wp-content\/uploads\/2024\/11\/8ce1b110-1989-4373-a6cd-8865540ecbf9-1024x1024.jpg\" alt=\"\" width=\"640\" height=\"640\" \/> <img decoding=\"async\" class=\"alignnone size-large wp-image-1453\" src=\"http:\/\/toctoctoc.ci\/wp-content\/uploads\/2024\/11\/1711155810058-086b108bf1fc4f418a9713f3882c1e73-goods-1024x1024.jpg\" alt=\"\" width=\"640\" height=\"640\" \/> <img loading=\"lazy\" decoding=\"async\" class=\"alignnone size-large wp-image-1454\" src=\"http:\/\/toctoctoc.ci\/wp-content\/uploads\/2024\/11\/791e3a3902d0064a64c570618dd2f522-1024x765.jpg\" alt=\"\" width=\"640\" height=\"478\" \/> <img loading=\"lazy\" decoding=\"async\" class=\"alignnone size-large wp-image-1455\" src=\"http:\/\/toctoctoc.ci\/wp-content\/uploads\/2024\/11\/d77b98ca-60c8-47d8-9d13-077a4c98f518-661x1024.jpg\" alt=\"\" width=\"640\" height=\"991\" \/><\/p>\n<p>&nbsp;<\/p>\n<h1>Descriptif technique<\/h1>\n<table width=\"536\">\n<tbody>\n<tr>\n<td width=\"251\">R\u00e9f\u00e9rence<\/td>\n<td>\u200eToc 20240158<\/td>\n<\/tr>\n<tr>\n<td width=\"251\">Dimensions<\/td>\n<td>\u200e20 X 15 X 3 cm; 110 grammes<\/td>\n<\/tr>\n<tr>\n<td width=\"251\">Nombre d&rsquo;article(s)<\/td>\n<td>\u200e2<\/td>\n<\/tr>\n<tr>\n<td width=\"251\">Couleur<\/td>\n<td>Blanc<\/td>\n<\/tr>\n<tr>\n<td width=\"251\">Mat\u00e9riau<\/td>\n<td>Coton<\/td>\n<\/tr>\n<tr>\n<td width=\"251\">Caract\u00e9ristiques<\/td>\n<td>Compress\u00e9<\/td>\n<\/tr>\n<\/tbody>\n<\/table>\n<p>&nbsp;<\/p>\n<h1>Le contenu<\/h1>\n<table width=\"380\">\n<tbody>\n<tr>\n<td width=\"376\">20 serviettes compress\u00e9es (chaque pack)<\/td>\n<\/tr>\n<\/tbody>\n<\/table>\n<p>&nbsp;<\/p>\n<h1>Vid\u00e9o<\/h1>\n<p><iframe title=\"20240158\" width=\"1200\" height=\"675\" src=\"https:\/\/www.youtube.com\/embed\/5ezhZgbnX9g?feature=oembed\" frameborder=\"0\" allow=\"accelerometer; autoplay; clipboard-write; encrypted-media; gyroscope; picture-in-picture; web-share\" referrerpolicy=\"strict-origin-when-cross-origin\" allowfullscreen><\/iframe><\/p>\n<p>&nbsp;<\/p>","protected":false},"excerpt":{"rendered":"<p>D\u00e9couvrez nos serviettes compress\u00e9es en lin de coton non tiss\u00e9, l\u00e9g\u00e8res et \u00e9cologiques. Chaque pack contient 20 serviettes jetables, id\u00e9ales pour une utilisation \u00e0 la maison ou en d\u00e9placement. Compactes et faciles \u00e0 transporter, elles se d\u00e9plient en quelques secondes dans l&rsquo;eau chaude ou froide pour atteindre une taille pratique de 20 x 30 cm. Parfaites pour toutes vos activit\u00e9s, que ce soit \u00e0 l&rsquo;int\u00e9rieur ou en plein air, ces serviettes sont un indispensable \u00e0 avoir toujours sous la main !<\/p>","protected":false},"featured_media":1456,"comment_status":"open","ping_status":"closed","template":"","meta":{"_acf_changed":false},"locations":[135,133,134],"product_brand":[],"product_cat":[83,101],"product_tag":[],"class_list":{"0":"post-1450","1":"product","2":"type-product","3":"status-publish","4":"has-post-thumbnail","6":"locations-cgk","7":"locations-kenya","8":"locations-t03","9":"product_cat-hygiene-et-sante","10":"product_cat-soins-du-visage","12":"first","13":"instock","14":"shipping-taxable","15":"purchasable","16":"product-type-simple"},"acf":[],"jetpack_sharing_enabled":true,"_links":{"self":[{"href":"https:\/\/toctoctoc.ci\/en\/wp-json\/wp\/v2\/product\/1450","targetHints":{"allow":["GET"]}}],"collection":[{"href":"https:\/\/toctoctoc.ci\/en\/wp-json\/wp\/v2\/product"}],"about":[{"href":"https:\/\/toctoctoc.ci\/en\/wp-json\/wp\/v2\/types\/product"}],"replies":[{"embeddable":true,"href":"https:\/\/toctoctoc.ci\/en\/wp-json\/wp\/v2\/comments?post=1450"}],"wp:featuredmedia":[{"embeddable":true,"href":"https:\/\/toctoctoc.ci\/en\/wp-json\/wp\/v2\/media\/1456"}],"wp:attachment":[{"href":"https:\/\/toctoctoc.ci\/en\/wp-json\/wp\/v2\/media?parent=1450"}],"wp:term":[{"taxonomy":"locations","embeddable":true,"href":"https:\/\/toctoctoc.ci\/en\/wp-json\/wp\/v2\/locations?post=1450"},{"taxonomy":"product_brand","embeddable":true,"href":"https:\/\/toctoctoc.ci\/en\/wp-json\/wp\/v2\/product_brand?post=1450"},{"taxonomy":"product_cat","embeddable":true,"href":"https:\/\/toctoctoc.ci\/en\/wp-json\/wp\/v2\/product_cat?post=1450"},{"taxonomy":"product_tag","embeddable":true,"href":"https:\/\/toctoctoc.ci\/en\/wp-json\/wp\/v2\/product_tag?post=1450"}],"curies":[{"name":"wp","href":"https:\/\/api.w.org\/{rel}","templated":true}]}}