{"id":1439,"date":"2024-11-19T13:30:23","date_gmt":"2024-11-19T13:30:23","guid":{"rendered":"https:\/\/toctoctoc.ci\/?post_type=product&#038;p=1439"},"modified":"2026-04-19T22:49:32","modified_gmt":"2026-04-19T22:49:32","slug":"lampe-frontale-multi-couleurs-rechargeable","status":"publish","type":"product","link":"https:\/\/toctoctoc.ci\/en\/store-listing\/sports-et-loisirs\/activites-dexterieur\/lampe-frontale-multi-couleurs-rechargeable\/","title":{"rendered":"Lampe frontale multi-couleurs rechargeable"},"content":{"rendered":"<h1>\u00c0 propos de cet article<\/h1>\n<p><strong>Modes d&rsquo;\u00c9clairage Vari\u00e9s : <\/strong>Profitez de 3 barres lumineuses color\u00e9es qui vous permettent de cr\u00e9er jusqu&rsquo;\u00e0 8 effets diff\u00e9rents. Changez facilement de teinte ou d&rsquo;effet d&rsquo;un simple clic pour personnaliser votre \u00e9clairage selon vos besoins.<\/p>\n<p><strong>Conception Pratique et Sans Mains : <\/strong>\u00c9quip\u00e9e d&rsquo;une puce intelligente, cette lampe frontale s&rsquo;allume et s&rsquo;\u00e9teint automatiquement en fonction de vos instructions, vous laissant les mains libres pour travailler, explorer ou jouer. Son bandeau confortable et ajustable assure un maintien optimal.<\/p>\n<p><strong>Autonomie Prolong\u00e9e : <\/strong>Fonctionnant avec une batterie de 2000 mAh, cette lampe frontale offre jusqu&rsquo;\u00e0 8 heures d&rsquo;\u00e9clairage continu sur une seule charge. De plus, elle se recharge rapidement en seulement 1 \u00e0 2 heures, vous garantissant une lumi\u00e8re fiable \u00e0 tout moment.<\/p>\n<p><strong>R\u00e9sistante aux Intemp\u00e9ries : <\/strong>Con\u00e7ue pour affronter des conditions difficiles, cette lampe frontale est dot\u00e9e d&rsquo;un bo\u00eetier robuste et \u00e9tanche, id\u00e9ale pour une utilisation dans des environnements humides ou pluvieux, comme lors d&rsquo;explorations en grotte ou sous la pluie.<\/p>\n<p><strong>Id\u00e9ale pour les Activit\u00e9s Nocturnes : <\/strong>Que ce soit pour le camping, la randonn\u00e9e, la p\u00eache ou le bricolage, cette lampe frontale fournit un \u00e9clairage optimal pour toutes vos activit\u00e9s nocturnes, vous permettant de profiter pleinement de vos aventures en plein air.<\/p>\n<p>&nbsp;<\/p>\n<h1>Description du produit<\/h1>\n<p><img fetchpriority=\"high\" decoding=\"async\" class=\"alignnone size-large wp-image-1440\" src=\"http:\/\/toctoctoc.ci\/wp-content\/uploads\/2024\/11\/pixelcut-export-2-5-1024x636.jpeg\" alt=\"\" width=\"640\" height=\"398\" \/> <img decoding=\"async\" class=\"alignnone size-large wp-image-1441\" src=\"http:\/\/toctoctoc.ci\/wp-content\/uploads\/2024\/11\/pixelcut-export-12-1024x1013.jpeg\" alt=\"\" width=\"640\" height=\"633\" \/> <img decoding=\"async\" class=\"alignnone size-large wp-image-1442\" src=\"http:\/\/toctoctoc.ci\/wp-content\/uploads\/2024\/11\/pixelcut-export-1-7-1024x1024.jpeg\" alt=\"\" width=\"640\" height=\"640\" \/> <img loading=\"lazy\" decoding=\"async\" class=\"alignnone size-large wp-image-1443\" src=\"http:\/\/toctoctoc.ci\/wp-content\/uploads\/2024\/11\/pixelcut-export-3-4-1024x633.jpeg\" alt=\"\" width=\"640\" height=\"396\" \/> <img loading=\"lazy\" decoding=\"async\" class=\"alignnone size-large wp-image-1444\" src=\"http:\/\/toctoctoc.ci\/wp-content\/uploads\/2024\/11\/pixelcut-export-4-3-1024x633.jpeg\" alt=\"\" width=\"640\" height=\"396\" \/><\/p>\n<p>&nbsp;<\/p>\n<p>&nbsp;<\/p>\n<h1>Descriptif technique<\/h1>\n<table width=\"541\">\n<tbody>\n<tr>\n<td width=\"251\">R\u00e9f\u00e9rence<\/td>\n<td>\u200eToc 20240157<\/td>\n<\/tr>\n<tr>\n<td width=\"251\">Dimensions<\/td>\n<td>\u200e11 X 5.5 X 4.5 cm\u00a0; 110 grammes<\/td>\n<\/tr>\n<tr>\n<td width=\"251\">Nombre d&rsquo;article(s)<\/td>\n<td>\u200e1<\/td>\n<\/tr>\n<tr>\n<td width=\"251\">Couleur<\/td>\n<td>\u200eMulticolore<\/td>\n<\/tr>\n<tr>\n<td width=\"251\">Forme<\/td>\n<td>\u200eBandeau<\/td>\n<\/tr>\n<tr>\n<td width=\"251\">Mat\u00e9riau<\/td>\n<td>\u200eABS\/ PP<\/td>\n<\/tr>\n<tr>\n<td width=\"251\">Caract\u00e9ristiques sp\u00e9ciales<\/td>\n<td>Rechargeable<\/td>\n<\/tr>\n<tr>\n<td width=\"251\">Compatibilit\u00e9<\/td>\n<td>Adulte<\/td>\n<\/tr>\n<tr>\n<td width=\"251\">Alimentation<\/td>\n<td>Batteire lithium<\/td>\n<\/tr>\n<\/tbody>\n<\/table>\n<p>&nbsp;<\/p>\n<h1>Le contenu<\/h1>\n<table width=\"261\">\n<tbody>\n<tr>\n<td width=\"257\">Une lampe LED<\/td>\n<\/tr>\n<tr>\n<td width=\"257\">Un c\u00e2ble USB (type C)<\/td>\n<\/tr>\n<tr>\n<td width=\"257\">Une notice (anglais-chinois)<\/td>\n<\/tr>\n<\/tbody>\n<\/table>\n<p>&nbsp;<\/p>\n<h1>Vid\u00e9o<\/h1>\n<p><iframe title=\"20240157\" width=\"1200\" height=\"900\" src=\"https:\/\/www.youtube.com\/embed\/RioY8azjGRQ?feature=oembed\" frameborder=\"0\" allow=\"accelerometer; autoplay; clipboard-write; encrypted-media; gyroscope; picture-in-picture; web-share\" referrerpolicy=\"strict-origin-when-cross-origin\" allowfullscreen><\/iframe><\/p>","protected":false},"excerpt":{"rendered":"<p>D\u00e9couvrez notre lampe frontale polyvalente, \u00e9quip\u00e9e de 3 barres lumineuses color\u00e9es offrant jusqu&rsquo;\u00e0 8 effets d&rsquo;\u00e9clairage diff\u00e9rents. Avec un design pratique qui lib\u00e8re vos mains, elle est parfaite pour le camping, la randonn\u00e9e ou le bricolage. Sa batterie de 2000 mAh assure jusqu&rsquo;\u00e0 8 heures d&rsquo;utilisation continue, et son bo\u00eetier \u00e9tanche la rend id\u00e9ale pour toutes les conditions m\u00e9t\u00e9orologiques. \u00c9clairez vos aventures nocturnes avec style et efficacit\u00e9 !<\/p>","protected":false},"featured_media":1445,"comment_status":"open","ping_status":"closed","template":"","meta":{"_acf_changed":false},"locations":[135,133,134],"product_brand":[],"product_cat":[100,99],"product_tag":[],"class_list":{"0":"post-1439","1":"product","2":"type-product","3":"status-publish","4":"has-post-thumbnail","6":"locations-cgk","7":"locations-kenya","8":"locations-t03","9":"product_cat-activites-dexterieur","10":"product_cat-sports-et-loisirs","12":"first","13":"instock","14":"shipping-taxable","15":"purchasable","16":"product-type-simple"},"acf":[],"jetpack_sharing_enabled":true,"_links":{"self":[{"href":"https:\/\/toctoctoc.ci\/en\/wp-json\/wp\/v2\/product\/1439","targetHints":{"allow":["GET"]}}],"collection":[{"href":"https:\/\/toctoctoc.ci\/en\/wp-json\/wp\/v2\/product"}],"about":[{"href":"https:\/\/toctoctoc.ci\/en\/wp-json\/wp\/v2\/types\/product"}],"replies":[{"embeddable":true,"href":"https:\/\/toctoctoc.ci\/en\/wp-json\/wp\/v2\/comments?post=1439"}],"wp:featuredmedia":[{"embeddable":true,"href":"https:\/\/toctoctoc.ci\/en\/wp-json\/wp\/v2\/media\/1445"}],"wp:attachment":[{"href":"https:\/\/toctoctoc.ci\/en\/wp-json\/wp\/v2\/media?parent=1439"}],"wp:term":[{"taxonomy":"locations","embeddable":true,"href":"https:\/\/toctoctoc.ci\/en\/wp-json\/wp\/v2\/locations?post=1439"},{"taxonomy":"product_brand","embeddable":true,"href":"https:\/\/toctoctoc.ci\/en\/wp-json\/wp\/v2\/product_brand?post=1439"},{"taxonomy":"product_cat","embeddable":true,"href":"https:\/\/toctoctoc.ci\/en\/wp-json\/wp\/v2\/product_cat?post=1439"},{"taxonomy":"product_tag","embeddable":true,"href":"https:\/\/toctoctoc.ci\/en\/wp-json\/wp\/v2\/product_tag?post=1439"}],"curies":[{"name":"wp","href":"https:\/\/api.w.org\/{rel}","templated":true}]}}