{"id":1422,"date":"2024-11-19T12:40:01","date_gmt":"2024-11-19T12:40:01","guid":{"rendered":"https:\/\/toctoctoc.ci\/?post_type=product&#038;p=1422"},"modified":"2026-03-02T10:18:31","modified_gmt":"2026-03-02T10:18:31","slug":"pulverisateur-dhuile-2-en-1","status":"publish","type":"product","link":"https:\/\/toctoctoc.ci\/en\/store-listing\/cuisine-et-maison-2\/ustensile-de-cuisine\/pulverisateur-dhuile-2-en-1\/","title":{"rendered":"Pulv\u00e9risateur d&rsquo;Huile (2 en 1)"},"content":{"rendered":"<h1>\u00c0 propos de cet article<\/h1>\n<p><em><b>Distributeur d&rsquo;Huile 2 en 1 : <\/b><\/em>Alternez facilement entre une brume l\u00e9g\u00e8re et un flux continu d&rsquo;huile avec ce distributeur d&rsquo;huile polyvalent. Utilisez-le comme flacon pulv\u00e9risateur ou comme distributeur, vous permettant ainsi un contr\u00f4le pr\u00e9cis lors de vos pr\u00e9parations culinaires.<\/p>\n<p><em><b>Mat\u00e9riaux Sains et Durables : <\/b><\/em>Con\u00e7u en verre de haute qualit\u00e9, ce flacon pulv\u00e9risateur d&rsquo;huile assure que vos aliments restent exempts de produits chimiques et de contaminants ind\u00e9sirables. Il garantit un processus de cuisson s\u00fbr et sain, et son mat\u00e9riau en verre est compatible avec le lave-vaisselle pour un nettoyage ais\u00e9.<\/p>\n<p><em><b>Syst\u00e8me \u00c9tanche Innovant : <\/b><\/em>\u00c9liminez les d\u00e9versements et le gaspillage gr\u00e2ce \u00e0 la conception \u00e9tanche de ce distributeur d&rsquo;huile. Son m\u00e9canisme herm\u00e9tique pr\u00e9serve votre huile en toute s\u00e9curit\u00e9, \u00e9vitant ainsi les fuites ou gouttes ind\u00e9sirables.<\/p>\n<p><em><b>Capacit\u00e9 G\u00e9n\u00e9rale de 550 ml : <\/b><\/em>Avec une capacit\u00e9 g\u00e9n\u00e9reuse de 550 ml, ce flacon pulv\u00e9risateur d&rsquo;huile vous offre un espace de stockage suffisant pour vos huiles de cuisson pr\u00e9f\u00e9r\u00e9es. Dites adieu aux recharges fr\u00e9quentes pendant la pr\u00e9paration des repas, vous permettant ainsi de gagner du temps et de l&rsquo;\u00e9nergie en cuisine.<\/p>\n<p><em><b>Utilisation Polyvalente : <\/b><\/em>Cette bouteille multifonctionnelle est id\u00e9ale pour divers usages en cuisine, que ce soit comme distributeur d&rsquo;huile d&rsquo;olive, pulv\u00e9risateur d&rsquo;huile ou distributeur de vinaigre. Parfaite pour l&rsquo;assaisonnement, les grillades, le r\u00f4tissage, le barbecue, les salades et m\u00eame la friteuse \u00e0 air.<\/p>\n<p>&nbsp;<\/p>\n<h1>Description du produit<\/h1>\n<p><img fetchpriority=\"high\" decoding=\"async\" class=\"alignnone size-large wp-image-1423\" src=\"http:\/\/toctoctoc.ci\/wp-content\/uploads\/2024\/11\/pixelcut-export-2-4-1024x1024.jpeg\" alt=\"\" width=\"640\" height=\"640\" \/> <img decoding=\"async\" class=\"alignnone size-large wp-image-1424\" src=\"http:\/\/toctoctoc.ci\/wp-content\/uploads\/2024\/11\/pixelcut-export-1-5-1024x633.jpeg\" alt=\"\" width=\"640\" height=\"396\" \/> <img decoding=\"async\" class=\"alignnone size-large wp-image-1425\" src=\"http:\/\/toctoctoc.ci\/wp-content\/uploads\/2024\/11\/pixelcut-export-10.jpeg\" alt=\"\" width=\"600\" height=\"600\" \/><\/p>\n<p>&nbsp;<\/p>\n<h1>Descriptif technique<\/h1>\n<table width=\"576\">\n<tbody>\n<tr>\n<td width=\"251\">R\u00e9f\u00e9rence<\/td>\n<td width=\"319\">\u200eToc 20240155<\/td>\n<\/tr>\n<tr>\n<td width=\"251\">Dimensions<\/td>\n<td width=\"319\">\u200e10 X 10 X 22 cm\u00a0; 460 grammes<\/td>\n<\/tr>\n<tr>\n<td width=\"251\">Nombre d&rsquo;article(s)<\/td>\n<td width=\"319\">\u200e1<\/td>\n<\/tr>\n<tr>\n<td width=\"251\">Couleur<\/td>\n<td width=\"319\">\u200eBlanc<\/td>\n<\/tr>\n<tr>\n<td width=\"251\">Forme<\/td>\n<td width=\"319\">\u200eCylindrique<\/td>\n<\/tr>\n<tr>\n<td width=\"251\">Mat\u00e9riau<\/td>\n<td width=\"319\">Verre, ABS<\/td>\n<\/tr>\n<tr>\n<td width=\"251\">Caract\u00e9ristiques sp\u00e9ciales<\/td>\n<td width=\"319\">\u200e2 en 1 (pulv\u00e9risateur\/distributeur)<\/td>\n<\/tr>\n<tr>\n<td width=\"251\">Compatibilit\u00e9<\/td>\n<td width=\"319\">Liquides<\/td>\n<\/tr>\n<\/tbody>\n<\/table>\n<p>&nbsp;<\/p>\n<h1>Le contenu<\/h1>\n<table width=\"421\">\n<tbody>\n<tr>\n<td width=\"417\">Un pulv\u00e9risateur d\u2019huile<\/td>\n<\/tr>\n<\/tbody>\n<\/table>\n<h1><\/h1>\n<p>&nbsp;<\/p>\n<h1>Vid\u00e9o<\/h1>\n<p><iframe title=\"20240155\" width=\"563\" height=\"1000\" src=\"https:\/\/www.youtube.com\/embed\/dgTk_jmd2vw?feature=oembed\" frameborder=\"0\" allow=\"accelerometer; autoplay; clipboard-write; encrypted-media; gyroscope; picture-in-picture; web-share\" referrerpolicy=\"strict-origin-when-cross-origin\" allowfullscreen><\/iframe><\/p>","protected":false},"excerpt":{"rendered":"<div class=\"wpaicg-chat-shortcode-content\">\n<p><span id=\"wpaicg-chat-message-48919\" class=\"wpaicg-chat-message\">D\u00e9couvrez notre distributeur d&rsquo;huile 2 en 1, con\u00e7u pour vous offrir un contr\u00f4le pr\u00e9cis lors de la cuisson. Fabriqu\u00e9 en verre de qualit\u00e9 alimentaire, il garantit une utilisation saine et sans contaminants. Avec sa capacit\u00e9 g\u00e9n\u00e9reuse de 550 ml et son design \u00e9tanche, dites adieu aux fuites et aux recharges fr\u00e9quentes. Polyvalent, il convient parfaitement pour l&rsquo;huile d&rsquo;olive, le vinaigre et bien plus encore, rendant vos pr\u00e9parations culinaires simples et efficaces.<\/span><\/p>\n<p>&nbsp;<\/p>\n<\/div>","protected":false},"featured_media":1426,"comment_status":"open","ping_status":"closed","template":"","meta":{"_acf_changed":false},"locations":[135,133,134],"product_brand":[],"product_cat":[66,94],"product_tag":[],"class_list":{"0":"post-1422","1":"product","2":"type-product","3":"status-publish","4":"has-post-thumbnail","6":"locations-cgk","7":"locations-kenya","8":"locations-t03","9":"product_cat-cuisine-et-maison-2","10":"product_cat-ustensile-de-cuisine","12":"first","13":"instock","14":"featured","15":"shipping-taxable","16":"purchasable","17":"product-type-simple"},"acf":[],"jetpack_sharing_enabled":true,"_links":{"self":[{"href":"https:\/\/toctoctoc.ci\/en\/wp-json\/wp\/v2\/product\/1422","targetHints":{"allow":["GET"]}}],"collection":[{"href":"https:\/\/toctoctoc.ci\/en\/wp-json\/wp\/v2\/product"}],"about":[{"href":"https:\/\/toctoctoc.ci\/en\/wp-json\/wp\/v2\/types\/product"}],"replies":[{"embeddable":true,"href":"https:\/\/toctoctoc.ci\/en\/wp-json\/wp\/v2\/comments?post=1422"}],"wp:featuredmedia":[{"embeddable":true,"href":"https:\/\/toctoctoc.ci\/en\/wp-json\/wp\/v2\/media\/1426"}],"wp:attachment":[{"href":"https:\/\/toctoctoc.ci\/en\/wp-json\/wp\/v2\/media?parent=1422"}],"wp:term":[{"taxonomy":"locations","embeddable":true,"href":"https:\/\/toctoctoc.ci\/en\/wp-json\/wp\/v2\/locations?post=1422"},{"taxonomy":"product_brand","embeddable":true,"href":"https:\/\/toctoctoc.ci\/en\/wp-json\/wp\/v2\/product_brand?post=1422"},{"taxonomy":"product_cat","embeddable":true,"href":"https:\/\/toctoctoc.ci\/en\/wp-json\/wp\/v2\/product_cat?post=1422"},{"taxonomy":"product_tag","embeddable":true,"href":"https:\/\/toctoctoc.ci\/en\/wp-json\/wp\/v2\/product_tag?post=1422"}],"curies":[{"name":"wp","href":"https:\/\/api.w.org\/{rel}","templated":true}]}}