{"id":1409,"date":"2024-11-19T08:04:17","date_gmt":"2024-11-19T08:04:17","guid":{"rendered":"https:\/\/toctoctoc.ci\/?post_type=product&#038;p=1409"},"modified":"2025-10-12T09:14:39","modified_gmt":"2025-10-12T09:14:39","slug":"support-magnetique-pour-smartphone","status":"publish","type":"product","link":"https:\/\/toctoctoc.ci\/en\/store-listing\/high-tech-2\/accessoires-telephone-portable\/support-magnetique-pour-smartphone\/","title":{"rendered":"Support magn\u00e9tique pour smartphone"},"content":{"rendered":"<h1>\u00c0 propos de cet article<\/h1>\n<p><em><b>Transformation en Webcam : <\/b><\/em>Transformez votre smartphone, qu&rsquo;il soit compatible MagSafe ou non, en webcam de haute qualit\u00e9. Profitez des fonctions avanc\u00e9es de la cam\u00e9ra de votre appareil, y compris la continuit\u00e9 int\u00e9gr\u00e9e avec le dernier macOS, pour des appels vid\u00e9o et des diffusions en direct.<\/p>\n<p><em><b>Fixation S\u00fbre et Fiable : <\/b><\/em>Assurez une fixation solide et fiable de votre smartphone, qu&rsquo;il s&rsquo;agisse d&rsquo;un iPhone ou d&rsquo;un autre mod\u00e8le, pour un streaming ou des discussions en ligne les mains totalement libres.<\/p>\n<p><em><b>Rotation Flexible : <\/b><\/em>B\u00e9n\u00e9ficiez d&rsquo;une rotation facile de votre smartphone en mode portrait ou paysage, vous permettant d&rsquo;adapter l&rsquo;angle de vue selon vos besoins.<\/p>\n<p><em><b>Utilisation Ininterrompue : <\/b><\/em>Utilisez votre smartphone sans interruption des autres applications ou vid\u00e9os, garantissant une exp\u00e9rience fluide pendant vos appels ou vos sessions de streaming.<\/p>\n<p><em><b>Facilit\u00e9 de Fixation et Retrait : <\/b><\/em>\u00c9quip\u00e9 d&rsquo;un anneau de fixation ou d&rsquo;un socle int\u00e9gr\u00e9, ce produit permet de fixer et de retirer facilement votre smartphone, quel que soit le mod\u00e8le, pour une utilisation pratique et rapide.<\/p>\n<p><em><b>Adaptabilit\u00e9 pour Tous les Smartphones : <\/b><\/em>Si vous ne poss\u00e9dez pas d&rsquo;iPhone, ne vous inqui\u00e9tez pas ! Nous offrons un anneau m\u00e9tallique inclus qui permet d&rsquo;adapter facilement tout autre type de smartphone \u00e0 notre support. Ainsi, quel que soit votre appareil, vous pourrez profiter des fonctionnalit\u00e9s avanc\u00e9es de notre produit et transformer votre smartphone en webcam sans aucun souci.<\/p>\n<p>&nbsp;<\/p>\n<h1>Description du produit<\/h1>\n<p><img fetchpriority=\"high\" decoding=\"async\" class=\"alignnone size-large wp-image-1410\" src=\"http:\/\/toctoctoc.ci\/wp-content\/uploads\/2024\/11\/pixelcut-export-5-1-1024x420.jpeg\" alt=\"\" width=\"640\" height=\"263\" \/> <img decoding=\"async\" class=\"alignnone size-large wp-image-1411\" src=\"http:\/\/toctoctoc.ci\/wp-content\/uploads\/2024\/11\/pixelcut-export-4-2-1024x420.jpeg\" alt=\"\" width=\"640\" height=\"263\" \/> <img decoding=\"async\" class=\"alignnone size-large wp-image-1412\" src=\"http:\/\/toctoctoc.ci\/wp-content\/uploads\/2024\/11\/pixelcut-export-3-3-1024x420.jpeg\" alt=\"\" width=\"640\" height=\"263\" \/> <img loading=\"lazy\" decoding=\"async\" class=\"alignnone size-large wp-image-1413\" src=\"http:\/\/toctoctoc.ci\/wp-content\/uploads\/2024\/11\/pixelcut-export-2-3-1024x420.jpeg\" alt=\"\" width=\"640\" height=\"263\" \/> <img loading=\"lazy\" decoding=\"async\" class=\"alignnone size-large wp-image-1414\" src=\"http:\/\/toctoctoc.ci\/wp-content\/uploads\/2024\/11\/pixelcut-export-1-4-1024x420.jpeg\" alt=\"\" width=\"640\" height=\"263\" \/> <img loading=\"lazy\" decoding=\"async\" class=\"alignnone size-large wp-image-1415\" src=\"http:\/\/toctoctoc.ci\/wp-content\/uploads\/2024\/11\/pixelcut-export-9-1024x958.jpeg\" alt=\"\" width=\"640\" height=\"599\" \/><\/p>\n<p>&nbsp;<\/p>\n<h1>Descriptif technique<\/h1>\n<p>&nbsp;<\/p>\n<table width=\"541\">\n<tbody>\n<tr>\n<td width=\"251\">R\u00e9f\u00e9rence<\/td>\n<td>\u200eToc 20240154<\/td>\n<\/tr>\n<tr>\n<td width=\"251\">Dimensions<\/td>\n<td>\u200e6 X 6 X 1 cm\u00a0; 39 grammes<\/td>\n<\/tr>\n<tr>\n<td width=\"251\">Nombre d&rsquo;article(s)<\/td>\n<td>\u200e1<\/td>\n<\/tr>\n<tr>\n<td width=\"251\">Couleur<\/td>\n<td>\u200eNoir<\/td>\n<\/tr>\n<tr>\n<td width=\"251\">Forme<\/td>\n<td>\u200eRond<\/td>\n<\/tr>\n<tr>\n<td width=\"251\">Mat\u00e9riau<\/td>\n<td>\u200eAimant<\/td>\n<\/tr>\n<tr>\n<td width=\"251\">Caract\u00e9ristiques sp\u00e9ciales<\/td>\n<td>\u200eMagn\u00e9tique<\/td>\n<\/tr>\n<tr>\n<td width=\"251\">Compatibilit\u00e9<\/td>\n<td>Smartphone<\/td>\n<\/tr>\n<\/tbody>\n<\/table>\n<p>&nbsp;<\/p>\n<h1>Le contenu<\/h1>\n<table width=\"421\">\n<tbody>\n<tr>\n<td width=\"257\">Un support magn\u00e9tique<\/td>\n<\/tr>\n<\/tbody>\n<\/table>\n<p>&nbsp;<\/p>\n<h1>Vid\u00e9o<\/h1>\n<p>&nbsp;<\/p>","protected":false},"excerpt":{"rendered":"<p>Transformez votre smartphone en webcam de haute qualit\u00e9, qu&rsquo;il soit compatible MagSafe ou non, gr\u00e2ce \u00e0 notre support innovant. Profitez d&rsquo;une fixation solide et d&rsquo;une rotation flexible pour des appels vid\u00e9o et des diffusions en direct les mains libres. Utilisez votre appareil sans interruption et retirez-le facilement gr\u00e2ce \u00e0 l&rsquo;anneau de fixation int\u00e9gr\u00e9. Inclus, un anneau m\u00e9tallique permet d&rsquo;adapter tout type de smartphone, vous garantissant une exp\u00e9rience fluide et pratique, peu importe votre mod\u00e8le.<\/p>","protected":false},"featured_media":1416,"comment_status":"open","ping_status":"closed","template":"","meta":{"_acf_changed":false},"locations":[135,133,134],"product_brand":[],"product_cat":[96,95],"product_tag":[],"class_list":{"0":"post-1409","1":"product","2":"type-product","3":"status-publish","4":"has-post-thumbnail","6":"locations-cgk","7":"locations-kenya","8":"locations-t03","9":"product_cat-accessoires-telephone-portable","10":"product_cat-high-tech-2","12":"first","13":"outofstock","14":"shipping-taxable","15":"purchasable","16":"product-type-simple"},"acf":[],"jetpack_sharing_enabled":true,"_links":{"self":[{"href":"https:\/\/toctoctoc.ci\/en\/wp-json\/wp\/v2\/product\/1409","targetHints":{"allow":["GET"]}}],"collection":[{"href":"https:\/\/toctoctoc.ci\/en\/wp-json\/wp\/v2\/product"}],"about":[{"href":"https:\/\/toctoctoc.ci\/en\/wp-json\/wp\/v2\/types\/product"}],"replies":[{"embeddable":true,"href":"https:\/\/toctoctoc.ci\/en\/wp-json\/wp\/v2\/comments?post=1409"}],"wp:featuredmedia":[{"embeddable":true,"href":"https:\/\/toctoctoc.ci\/en\/wp-json\/wp\/v2\/media\/1416"}],"wp:attachment":[{"href":"https:\/\/toctoctoc.ci\/en\/wp-json\/wp\/v2\/media?parent=1409"}],"wp:term":[{"taxonomy":"locations","embeddable":true,"href":"https:\/\/toctoctoc.ci\/en\/wp-json\/wp\/v2\/locations?post=1409"},{"taxonomy":"product_brand","embeddable":true,"href":"https:\/\/toctoctoc.ci\/en\/wp-json\/wp\/v2\/product_brand?post=1409"},{"taxonomy":"product_cat","embeddable":true,"href":"https:\/\/toctoctoc.ci\/en\/wp-json\/wp\/v2\/product_cat?post=1409"},{"taxonomy":"product_tag","embeddable":true,"href":"https:\/\/toctoctoc.ci\/en\/wp-json\/wp\/v2\/product_tag?post=1409"}],"curies":[{"name":"wp","href":"https:\/\/api.w.org\/{rel}","templated":true}]}}