{"id":1397,"date":"2024-11-18T17:14:33","date_gmt":"2024-11-18T17:14:33","guid":{"rendered":"https:\/\/toctoctoc.ci\/?post_type=product&#038;p=1397"},"modified":"2026-04-03T20:01:47","modified_gmt":"2026-04-03T20:01:47","slug":"coupe-ongles-electrique","status":"publish","type":"product","link":"https:\/\/toctoctoc.ci\/en\/store-listing\/hygiene-et-sante\/mains-et-ongles\/coupe-ongles-electrique\/","title":{"rendered":"Coupe-ongles \u00e9lectrique"},"content":{"rendered":"<h1>\u00c0 propos de cet article<\/h1>\n<p><em><b>S\u00e9curit\u00e9 Optimale : <\/b><\/em>Notre coupe-ongles est con\u00e7u pour garantir une utilisation en toute s\u00e9curit\u00e9. La lame est discr\u00e8tement dissimul\u00e9e derri\u00e8re une rainure profil\u00e9e, tandis que le m\u00e9canisme enfonc\u00e9 permet une s\u00e9paration pr\u00e9cise des ongles. Cette conception r\u00e9fl\u00e9chie est id\u00e9ale pour les situations d\u00e9licates, notamment pour les b\u00e9b\u00e9s et les personnes sensibles.<\/p>\n<p><em><b>Polissage Efficace des Ongles : <\/b><\/em>Am\u00e9liorez votre routine de soins avec notre polisseuse \u00e0 ongles compacte, qui combine parfaitement les fonctions d&rsquo;une machine \u00e0 polir. Elle lisse sans effort les surfaces in\u00e9gales des ongles des mains et des pieds, tout en offrant un processus rapide et s\u00e9curis\u00e9. Que vous soyez un professionnel de la manucure ou que vous preniez soin de vos ongles \u00e0 domicile, cet outil polyvalent est un indispensable.<\/p>\n<p><em><b>Utilisation Simplifi\u00e9e : <\/b><\/em>Con\u00e7u pour \u00eatre facile \u00e0 utiliser, notre coupe-ongles \u00e9lectrique est accessible m\u00eame aux enfants et aux personnes \u00e2g\u00e9es. Pas besoin de manuels compliqu\u00e9s, il fonctionne simplement avec un bouton. Une l\u00e9g\u00e8re pression suffit pour tailler, couper, meuler, limer et polir vos ongles avec pr\u00e9cision.<\/p>\n<p><em><b>Soins des Ongles Propre et Pratique : <\/b><\/em>Dites adieu aux d\u00e9bris d&rsquo;ongles ! Notre coupe-ongles est \u00e9quip\u00e9 d&rsquo;un compartiment de rangement int\u00e9gr\u00e9 qui collecte les restes pendant votre s\u00e9ance de toilettage. Profitez d&rsquo;un soin des ongles sans d\u00e9sordre, que ce soit \u00e0 votre bureau, dans votre lit ou m\u00eame en voiture.<\/p>\n<p><em><b>Cadeau Id\u00e9al pour Tous : <\/b><\/em>Notre coupe-ongles est parfait pour tous, des nourrissons aux adultes en passant par les personnes \u00e2g\u00e9es. Cet outil polyvalent est un excellent choix de cadeau pour c\u00e9l\u00e9brer toutes les occasions sp\u00e9ciales et trouvera sa place dans le c\u0153ur de chacun.<\/p>\n<p>&nbsp;<\/p>\n<h1>Description du produit<\/h1>\n<p><img fetchpriority=\"high\" decoding=\"async\" class=\"alignnone size-large wp-image-1398\" src=\"http:\/\/toctoctoc.ci\/wp-content\/uploads\/2024\/11\/pixelcut-export-2-2-1016x1024.jpeg\" alt=\"\" width=\"640\" height=\"645\" \/> <img decoding=\"async\" class=\"alignnone size-large wp-image-1399\" src=\"http:\/\/toctoctoc.ci\/wp-content\/uploads\/2024\/11\/pixelcut-export-3-2-1024x1024.jpeg\" alt=\"\" width=\"640\" height=\"640\" \/> <img decoding=\"async\" class=\"alignnone size-large wp-image-1400\" src=\"http:\/\/toctoctoc.ci\/wp-content\/uploads\/2024\/11\/pixelcut-export-6-1-756x1024.jpeg\" alt=\"\" width=\"640\" height=\"867\" \/> <img loading=\"lazy\" decoding=\"async\" class=\"alignnone size-large wp-image-1401\" src=\"http:\/\/toctoctoc.ci\/wp-content\/uploads\/2024\/11\/pixelcut-export-4-1-1024x1024.jpeg\" alt=\"\" width=\"640\" height=\"640\" \/> <img loading=\"lazy\" decoding=\"async\" class=\"alignnone size-large wp-image-1402\" src=\"http:\/\/toctoctoc.ci\/wp-content\/uploads\/2024\/11\/pixelcut-export-1-3-1024x993.jpeg\" alt=\"\" width=\"640\" height=\"621\" \/><\/p>\n<h1>Descriptif technique<\/h1>\n<p>&nbsp;<\/p>\n<table width=\"541\">\n<tbody>\n<tr>\n<td width=\"251\">R\u00e9f\u00e9rence<\/td>\n<td>\u200eToc 20240152<\/td>\n<\/tr>\n<tr>\n<td width=\"251\">Dimensions<\/td>\n<td>\u200e12 X 11 X 4 cm\u00a0; 164 grammes<\/td>\n<\/tr>\n<tr>\n<td width=\"251\">Nombre d&rsquo;article(s)<\/td>\n<td>\u200e1<\/td>\n<\/tr>\n<tr>\n<td width=\"251\">Couleur<\/td>\n<td>\u200eBlanc<\/td>\n<\/tr>\n<tr>\n<td width=\"251\">Forme<\/td>\n<td>\u200eRectangulaire<\/td>\n<\/tr>\n<tr>\n<td width=\"251\">Mat\u00e9riau<\/td>\n<td>ABS<\/td>\n<\/tr>\n<tr>\n<td width=\"251\">Batterie<\/td>\n<td>Lithium<\/td>\n<\/tr>\n<tr>\n<td width=\"251\">Caract\u00e9ristiques sp\u00e9ciales<\/td>\n<td>\u200eRechargeable<\/td>\n<\/tr>\n<tr>\n<td width=\"251\">Compatibilit\u00e9<\/td>\n<td>Homme\/Femme\/Enfants<\/td>\n<\/tr>\n<\/tbody>\n<\/table>\n<p>&nbsp;<\/p>\n<p>&nbsp;<\/p>\n<h1>Le contenu<\/h1>\n<p>&nbsp;<\/p>\n<table width=\"421\">\n<tbody>\n<tr>\n<td width=\"257\">Un coupe-ongle \u00e9lectrique<\/td>\n<\/tr>\n<tr>\n<td width=\"257\">Un c\u00e2ble USB (type C)<\/td>\n<\/tr>\n<tr>\n<td width=\"257\">Deux notices (anglais et chinois)<\/td>\n<\/tr>\n<\/tbody>\n<\/table>\n<p>&nbsp;<\/p>\n<h1>Vid\u00e9o<\/h1>\n<p><iframe title=\"20240152\" width=\"563\" height=\"1000\" src=\"https:\/\/www.youtube.com\/embed\/GBQY6kALNeQ?feature=oembed\" frameborder=\"0\" allow=\"accelerometer; autoplay; clipboard-write; encrypted-media; gyroscope; picture-in-picture; web-share\" referrerpolicy=\"strict-origin-when-cross-origin\" allowfullscreen><\/iframe><\/p>\n<p>&nbsp;<\/p>","protected":false},"excerpt":{"rendered":"<p>D\u00e9couvrez notre coupe-ongles \u00e9lectrique, alliant s\u00e9curit\u00e9 et simplicit\u00e9 d&rsquo;utilisation. Con\u00e7u pour tous, des b\u00e9b\u00e9s aux adultes, il offre un polissage parfait et un rangement des d\u00e9bris int\u00e9gr\u00e9 pour un soin des ongles sans d\u00e9sordre. Avec son fonctionnement \u00e0 un bouton, il rend la manucure rapide et agr\u00e9able, faisant de cet outil un cadeau id\u00e9al pour toutes les occasions.<\/p>","protected":false},"featured_media":1404,"comment_status":"open","ping_status":"closed","template":"","meta":{"_acf_changed":false},"locations":[135,133,134],"product_brand":[],"product_cat":[83,85],"product_tag":[],"class_list":{"0":"post-1397","1":"product","2":"type-product","3":"status-publish","4":"has-post-thumbnail","6":"locations-cgk","7":"locations-kenya","8":"locations-t03","9":"product_cat-hygiene-et-sante","10":"product_cat-mains-et-ongles","12":"first","13":"instock","14":"shipping-taxable","15":"purchasable","16":"product-type-simple"},"acf":[],"jetpack_sharing_enabled":true,"_links":{"self":[{"href":"https:\/\/toctoctoc.ci\/en\/wp-json\/wp\/v2\/product\/1397","targetHints":{"allow":["GET"]}}],"collection":[{"href":"https:\/\/toctoctoc.ci\/en\/wp-json\/wp\/v2\/product"}],"about":[{"href":"https:\/\/toctoctoc.ci\/en\/wp-json\/wp\/v2\/types\/product"}],"replies":[{"embeddable":true,"href":"https:\/\/toctoctoc.ci\/en\/wp-json\/wp\/v2\/comments?post=1397"}],"wp:featuredmedia":[{"embeddable":true,"href":"https:\/\/toctoctoc.ci\/en\/wp-json\/wp\/v2\/media\/1404"}],"wp:attachment":[{"href":"https:\/\/toctoctoc.ci\/en\/wp-json\/wp\/v2\/media?parent=1397"}],"wp:term":[{"taxonomy":"locations","embeddable":true,"href":"https:\/\/toctoctoc.ci\/en\/wp-json\/wp\/v2\/locations?post=1397"},{"taxonomy":"product_brand","embeddable":true,"href":"https:\/\/toctoctoc.ci\/en\/wp-json\/wp\/v2\/product_brand?post=1397"},{"taxonomy":"product_cat","embeddable":true,"href":"https:\/\/toctoctoc.ci\/en\/wp-json\/wp\/v2\/product_cat?post=1397"},{"taxonomy":"product_tag","embeddable":true,"href":"https:\/\/toctoctoc.ci\/en\/wp-json\/wp\/v2\/product_tag?post=1397"}],"curies":[{"name":"wp","href":"https:\/\/api.w.org\/{rel}","templated":true}]}}