{"id":1386,"date":"2024-11-17T20:11:49","date_gmt":"2024-11-17T20:11:49","guid":{"rendered":"https:\/\/toctoctoc.ci\/?post_type=product&#038;p=1386"},"modified":"2026-05-06T23:10:04","modified_gmt":"2026-05-06T23:10:04","slug":"bouteille-isotherme-sous-vide-froid-chaud","status":"publish","type":"product","link":"https:\/\/toctoctoc.ci\/en\/store-listing\/sports-et-loisirs\/accessoires-sports-et-loisirs\/bouteille-isotherme-sous-vide-froid-chaud\/","title":{"rendered":"Gourde isotherme sous-vide (froid\/chaud)"},"content":{"rendered":"<h1>\u00c0 propos de cet article<\/h1>\n<p><em><b>Conception Pratique du Couvercle : <\/b><\/em>Ouvrez et fermez facilement le couvercle de votre gobelet d&rsquo;une seule main gr\u00e2ce \u00e0 son design ergonomique. \u00c9quip\u00e9 de boutons pour une manipulation ais\u00e9e, il dispose \u00e9galement d&rsquo;un anneau pour accrocher votre index, facilitant ainsi son utilisation.<\/p>\n<p><em><b>Valve d&rsquo;\u00c9chappement Intelligente : <\/b><\/em>Profitez d&rsquo;une exp\u00e9rience sans tracas gr\u00e2ce \u00e0 la valve d&rsquo;\u00e9chappement d&rsquo;air int\u00e9gr\u00e9e, qui lib\u00e8re la pression avant d&rsquo;ouvrir le couvercle. Cette fonctionnalit\u00e9 est particuli\u00e8rement utile pour les boissons gazeuses, garantissant une ouverture en toute s\u00e9curit\u00e9.<\/p>\n<p><em><b>Isolation Thermique Efficace : <\/b><\/em>Gr\u00e2ce \u00e0 son isolation \u00e0 double paroi, notre flasque maintient vos boissons froides jusqu&rsquo;\u00e0 36 heures et conserve la chaleur des boissons chaudes jusqu&rsquo;\u00e0 24 heures, vous permettant de savourer vos boissons \u00e0 la temp\u00e9rature id\u00e9ale.<\/p>\n<p><em><b>Syst\u00e8me de Verrouillage Fiable : <\/b><\/em>\u00a0La bouteille est dot\u00e9e d&rsquo;un double joint qui applique une pression constante pour \u00e9viter toute fuite. Son indicateur de verrouillage de s\u00e9curit\u00e9 assure une fermeture herm\u00e9tique, vous garantissant qu&rsquo;il ne s&rsquo;ouvrira pas accidentellement.<\/p>\n<p><em><b>Finition Antid\u00e9rapante et Esth\u00e9tique : <\/b><\/em>Avec sa finition mate et son rev\u00eatement en poudre, l&rsquo;ext\u00e9rieur de notre flasque est antid\u00e9rapant et agr\u00e9able au toucher. Son placage en cuivre pr\u00e9serve des couleurs attrayantes, tout en \u00e9vitant la condensation pour un usage pratique.<\/p>\n<p>&nbsp;<\/p>\n<h1>Description du produit<\/h1>\n<p><img fetchpriority=\"high\" decoding=\"async\" class=\"alignnone size-large wp-image-1387\" src=\"http:\/\/toctoctoc.ci\/wp-content\/uploads\/2024\/11\/pixelcut-export-7-468x1024.jpeg\" alt=\"\" width=\"468\" height=\"1024\" \/> <img decoding=\"async\" class=\"alignleft wp-image-1388 size-large\" src=\"http:\/\/toctoctoc.ci\/wp-content\/uploads\/2024\/11\/pixelcut-export-1-2-1024x1024.jpeg\" alt=\"\" width=\"640\" height=\"640\" \/> <img decoding=\"async\" class=\"alignnone size-large wp-image-1389\" src=\"http:\/\/toctoctoc.ci\/wp-content\/uploads\/2024\/11\/pixelcut-export-2-1-917x1024.jpeg\" alt=\"\" width=\"640\" height=\"715\" \/> <img loading=\"lazy\" decoding=\"async\" class=\"alignnone size-large wp-image-1390\" src=\"http:\/\/toctoctoc.ci\/wp-content\/uploads\/2024\/11\/pixelcut-export-3-1-1024x955.jpeg\" alt=\"\" width=\"640\" height=\"597\" \/> <img loading=\"lazy\" decoding=\"async\" class=\"alignnone size-large wp-image-1391\" src=\"http:\/\/toctoctoc.ci\/wp-content\/uploads\/2024\/11\/pixelcut-export-1024x486.png\" alt=\"\" width=\"640\" height=\"304\" \/><\/p>\n<p>&nbsp;<\/p>\n<h1>Descriptif technique<\/h1>\n<table width=\"563\">\n<tbody>\n<tr>\n<td width=\"251\">R\u00e9f\u00e9rence<\/td>\n<td>\u200eToc 20240151<\/td>\n<\/tr>\n<tr>\n<td width=\"251\">Dimensions<\/td>\n<td>\u200e27.5 X 7.5 X 7.5 cm; 370 grammes<\/td>\n<\/tr>\n<tr>\n<td width=\"251\">Capacit\u00e9<\/td>\n<td>592 ml<\/td>\n<\/tr>\n<tr>\n<td width=\"251\">Nombre d&rsquo;article(s)<\/td>\n<td>\u200e1<\/td>\n<\/tr>\n<tr>\n<td width=\"251\">Couleur<\/td>\n<td>\u200eGris argent\u00e9<\/td>\n<\/tr>\n<tr>\n<td width=\"251\">Forme<\/td>\n<td>\u200eBouteille<\/td>\n<\/tr>\n<tr>\n<td width=\"251\">Mat\u00e9riau<\/td>\n<td>\u200eAcier inoxydable<\/td>\n<\/tr>\n<tr>\n<td width=\"251\">Caract\u00e9ristiques sp\u00e9ciales<\/td>\n<td>Isolant<\/td>\n<\/tr>\n<\/tbody>\n<\/table>\n<p>&nbsp;<\/p>\n<h1>Le contenu<\/h1>\n<table width=\"280\">\n<tbody>\n<tr>\n<td width=\"276\">Une bouteille<\/td>\n<\/tr>\n<tr>\n<td width=\"276\">La notice (chinois)<\/td>\n<\/tr>\n<\/tbody>\n<\/table>\n<p>&nbsp;<\/p>\n<h1>Vid\u00e9o<\/h1>\n<p><iframe title=\"20240151\" width=\"1200\" height=\"675\" src=\"https:\/\/www.youtube.com\/embed\/vxNUdy-FsuM?feature=oembed\" frameborder=\"0\" allow=\"accelerometer; autoplay; clipboard-write; encrypted-media; gyroscope; picture-in-picture; web-share\" referrerpolicy=\"strict-origin-when-cross-origin\" allowfullscreen><\/iframe><\/p>","protected":false},"excerpt":{"rendered":"<div class=\"wpaicg-chat-shortcode-content\">\n<p><span id=\"wpaicg-chat-message-14251\" class=\"wpaicg-chat-message\">D\u00e9couvrez notre gourde isolante, con\u00e7ue pour une utilisation facile d&rsquo;une seule main gr\u00e2ce \u00e0 son couvercle ergonomique et sa valve d&rsquo;\u00e9chappement int\u00e9gr\u00e9e. Avec une isolation \u00e0 double paroi, elle garde vos boissons froides jusqu&rsquo;\u00e0 36 heures et chaudes jusqu&rsquo;\u00e0 24 heures. Son syst\u00e8me de verrouillage s\u00e9curis\u00e9 emp\u00eache les fuites, tandis que sa finition antid\u00e9rapante assure une prise en main confortable. Id\u00e9al pour les aventuriers et les amateurs de boissons bien temp\u00e9r\u00e9es !<\/span><\/p>\n<p>&nbsp;<\/p>\n<\/div>","protected":false},"featured_media":1393,"comment_status":"open","ping_status":"closed","template":"","meta":{"_acf_changed":false},"locations":[135,133,134],"product_brand":[],"product_cat":[124,99],"product_tag":[],"class_list":{"0":"post-1386","1":"product","2":"type-product","3":"status-publish","4":"has-post-thumbnail","6":"locations-cgk","7":"locations-kenya","8":"locations-t03","9":"product_cat-accessoires-sports-et-loisirs","10":"product_cat-sports-et-loisirs","12":"first","13":"outofstock","14":"shipping-taxable","15":"purchasable","16":"product-type-variable","17":"has-default-attributes"},"acf":[],"jetpack_sharing_enabled":true,"_links":{"self":[{"href":"https:\/\/toctoctoc.ci\/en\/wp-json\/wp\/v2\/product\/1386","targetHints":{"allow":["GET"]}}],"collection":[{"href":"https:\/\/toctoctoc.ci\/en\/wp-json\/wp\/v2\/product"}],"about":[{"href":"https:\/\/toctoctoc.ci\/en\/wp-json\/wp\/v2\/types\/product"}],"replies":[{"embeddable":true,"href":"https:\/\/toctoctoc.ci\/en\/wp-json\/wp\/v2\/comments?post=1386"}],"wp:featuredmedia":[{"embeddable":true,"href":"https:\/\/toctoctoc.ci\/en\/wp-json\/wp\/v2\/media\/1393"}],"wp:attachment":[{"href":"https:\/\/toctoctoc.ci\/en\/wp-json\/wp\/v2\/media?parent=1386"}],"wp:term":[{"taxonomy":"locations","embeddable":true,"href":"https:\/\/toctoctoc.ci\/en\/wp-json\/wp\/v2\/locations?post=1386"},{"taxonomy":"product_brand","embeddable":true,"href":"https:\/\/toctoctoc.ci\/en\/wp-json\/wp\/v2\/product_brand?post=1386"},{"taxonomy":"product_cat","embeddable":true,"href":"https:\/\/toctoctoc.ci\/en\/wp-json\/wp\/v2\/product_cat?post=1386"},{"taxonomy":"product_tag","embeddable":true,"href":"https:\/\/toctoctoc.ci\/en\/wp-json\/wp\/v2\/product_tag?post=1386"}],"curies":[{"name":"wp","href":"https:\/\/api.w.org\/{rel}","templated":true}]}}