{"id":1378,"date":"2024-11-17T19:30:49","date_gmt":"2024-11-17T19:30:49","guid":{"rendered":"https:\/\/toctoctoc.ci\/?post_type=product&#038;p=1378"},"modified":"2025-12-09T02:59:01","modified_gmt":"2025-12-09T02:59:01","slug":"lot-de-2-porte-savons-a-rouleau","status":"publish","type":"product","link":"https:\/\/toctoctoc.ci\/en\/store-listing\/cuisine-et-maison-2\/salle-de-bain\/lot-de-2-porte-savons-a-rouleau\/","title":{"rendered":"Lot de 2 Porte-savons \u00e0 rouleau"},"content":{"rendered":"<h1>\u00c0 propos de cet article<\/h1>\n<p><em><b>Porte-Savon Innovant : <\/b><\/em>Ce porte-savon multifonctionnel combine lavage et rangement en un seul produit, tout en permettant une mousse rapide. Son fond \u00e9quip\u00e9 de ressorts facilite l&rsquo;acc\u00e8s au savon, tandis que les rainures sur\u00e9lev\u00e9es des rouleaux garantissent une utilisation ais\u00e9e.<\/p>\n<p><em><b>Dimensions Id\u00e9ales : <\/b><\/em>La bo\u00eete \u00e0 savon en silicone mesure 2,6 x 2,8 x 4,8 pouces, parfaite pour des savons de 80 g \u00e0 200 g. Gr\u00e2ce \u00e0 son design creux, l&rsquo;eau s&rsquo;\u00e9coule rapidement apr\u00e8s utilisation, \u00e9vitant ainsi le trempage et les dommages. De plus, le savon reste ventil\u00e9 et respirant, prolongeant sa dur\u00e9e de vie.<\/p>\n<p><em><b>Utilisation Simplifi\u00e9e : <\/b><\/em>Pour l&rsquo;utiliser, il suffit d&rsquo;ouvrir le couvercle, de placer le savon entre la base \u00e0 ressort et le rouleau \u00e9ponge, et le tour est jou\u00e9. La friction entre les rouleaux g\u00e9n\u00e8re une mousse riche, vous faisant gagner du temps et des efforts.<\/p>\n<p><em><b>Design Pratique 2-en-1 : <\/b><\/em>Ce produit combine habilement un distributeur de savon et un porte-\u00e9ponge avec un bac d&rsquo;\u00e9gouttage. Sa conception \u00e0 fond creux permet un drainage efficace et une bonne ventilation, tandis que le ressort int\u00e9rieur offre une \u00e9lasticit\u00e9 \u00e9lev\u00e9e pour une utilisation facile.<\/p>\n<p><em><b>Assistance Client D\u00e9vou\u00e9e : <\/b><\/em>Votre satisfaction est notre priorit\u00e9. N&rsquo;h\u00e9sitez pas \u00e0 nous contacter par e-mail pour toute question, nous nous engageons \u00e0 vous r\u00e9pondre dans les 24 heures. Vos retours sont pr\u00e9cieux pour am\u00e9liorer nos produits et services.<\/p>\n<p>&nbsp;<\/p>\n<h1>Description du produit<\/h1>\n<p><img fetchpriority=\"high\" decoding=\"async\" class=\"alignnone size-large wp-image-1379\" src=\"http:\/\/toctoctoc.ci\/wp-content\/uploads\/2024\/11\/1-19-1024x1024.jpeg\" alt=\"\" width=\"640\" height=\"640\" \/> <img decoding=\"async\" class=\"alignnone size-large wp-image-1381\" src=\"http:\/\/toctoctoc.ci\/wp-content\/uploads\/2024\/11\/2-19-1024x935.jpeg\" alt=\"\" width=\"640\" height=\"584\" \/><\/p>\n<p>&nbsp;<\/p>\n<h1>Descriptif technique<\/h1>\n<table style=\"height: 173px;\" width=\"536\">\n<tbody>\n<tr>\n<td width=\"251\">R\u00e9f\u00e9rence<\/td>\n<td>\u200eToc 20240150<\/td>\n<\/tr>\n<tr>\n<td width=\"251\">Dimensions<\/td>\n<td>\u200e12.5 X 7.5 X 5 \u00a0cm; 209 grammes<\/td>\n<\/tr>\n<tr>\n<td width=\"251\">Nombre d&rsquo;article(s)<\/td>\n<td>\u200e1<\/td>\n<\/tr>\n<tr>\n<td width=\"251\">Couleur<\/td>\n<td>Vert<\/td>\n<\/tr>\n<tr>\n<td width=\"251\">Mat\u00e9riau<\/td>\n<td>Plastique<\/td>\n<\/tr>\n<tr>\n<td width=\"251\">Comptabilit\u00e9<\/td>\n<td>\u200eBarre ou morceau de savon<\/td>\n<\/tr>\n<\/tbody>\n<\/table>\n<p>&nbsp;<\/p>\n<h1>Le contenu<\/h1>\n<table width=\"380\">\n<tbody>\n<tr>\n<td width=\"376\">Un porte-savon<\/td>\n<\/tr>\n<tr>\n<td width=\"376\">Un couvercle<\/td>\n<\/tr>\n<\/tbody>\n<\/table>\n<p>&nbsp;<\/p>\n<h1>Vid\u00e9o<\/h1>\n<p>&nbsp;<\/p>","protected":false},"excerpt":{"rendered":"<div class=\"wpaicg-chat-shortcode-content\">\n<p><span id=\"wpaicg-chat-message-48704\" class=\"wpaicg-chat-message\">D\u00e9couvrez notre porte-savon multifonctionnel 2 en 1, qui allie lavage et rangement tout en cr\u00e9ant une mousse riche gr\u00e2ce \u00e0 son design innovant. Avec des dimensions id\u00e9ales pour diff\u00e9rents formats de savon, il assure un drainage efficace et une ventilation optimale pour prolonger la dur\u00e9e de vie de votre savon. Facile \u00e0 utiliser et \u00e0 installer, c&rsquo;est l&rsquo;accessoire parfait pour votre cuisine, buanderie ou votre salle de bain.<\/span><\/p>\n<p>&nbsp;<\/p>\n<\/div>","protected":false},"featured_media":1382,"comment_status":"open","ping_status":"closed","template":"","meta":{"_acf_changed":false},"locations":[135,133,134],"product_brand":[],"product_cat":[66,98],"product_tag":[],"class_list":{"0":"post-1378","1":"product","2":"type-product","3":"status-publish","4":"has-post-thumbnail","6":"locations-cgk","7":"locations-kenya","8":"locations-t03","9":"product_cat-cuisine-et-maison-2","10":"product_cat-salle-de-bain","12":"first","13":"outofstock","14":"shipping-taxable","15":"purchasable","16":"product-type-simple"},"acf":[],"jetpack_sharing_enabled":true,"_links":{"self":[{"href":"https:\/\/toctoctoc.ci\/en\/wp-json\/wp\/v2\/product\/1378","targetHints":{"allow":["GET"]}}],"collection":[{"href":"https:\/\/toctoctoc.ci\/en\/wp-json\/wp\/v2\/product"}],"about":[{"href":"https:\/\/toctoctoc.ci\/en\/wp-json\/wp\/v2\/types\/product"}],"replies":[{"embeddable":true,"href":"https:\/\/toctoctoc.ci\/en\/wp-json\/wp\/v2\/comments?post=1378"}],"wp:featuredmedia":[{"embeddable":true,"href":"https:\/\/toctoctoc.ci\/en\/wp-json\/wp\/v2\/media\/1382"}],"wp:attachment":[{"href":"https:\/\/toctoctoc.ci\/en\/wp-json\/wp\/v2\/media?parent=1378"}],"wp:term":[{"taxonomy":"locations","embeddable":true,"href":"https:\/\/toctoctoc.ci\/en\/wp-json\/wp\/v2\/locations?post=1378"},{"taxonomy":"product_brand","embeddable":true,"href":"https:\/\/toctoctoc.ci\/en\/wp-json\/wp\/v2\/product_brand?post=1378"},{"taxonomy":"product_cat","embeddable":true,"href":"https:\/\/toctoctoc.ci\/en\/wp-json\/wp\/v2\/product_cat?post=1378"},{"taxonomy":"product_tag","embeddable":true,"href":"https:\/\/toctoctoc.ci\/en\/wp-json\/wp\/v2\/product_tag?post=1378"}],"curies":[{"name":"wp","href":"https:\/\/api.w.org\/{rel}","templated":true}]}}