{"id":1366,"date":"2024-11-17T15:12:58","date_gmt":"2024-11-17T15:12:58","guid":{"rendered":"https:\/\/toctoctoc.ci\/?post_type=product&#038;p=1366"},"modified":"2025-12-10T18:02:51","modified_gmt":"2025-12-10T18:02:51","slug":"rallonge-pivotant-universel-du-robinet","status":"publish","type":"product","link":"https:\/\/toctoctoc.ci\/en\/store-listing\/cuisine-et-maison-2\/plomberie\/rallonge-pivotant-universel-du-robinet\/","title":{"rendered":"Rallonge pivotant universel du robinet"},"content":{"rendered":"<h1>\u00c0 propos de cet article<\/h1>\n<p><em><b>Rotation Compl\u00e8te \u00e0 1080\u00b0 : <\/b><\/em>Ce robinet d&rsquo;extension est \u00e9quip\u00e9 de 3 articulations r\u00e9glables, chacune pouvant pivoter \u00e0 360 degr\u00e9s dans toutes les directions. Avec une rotation totale de 1080\u00b0, il permet de nettoyer chaque recoin de l&rsquo;\u00e9vier de mani\u00e8re efficace, rendant ainsi le lavage quotidien plus pratique.<\/p>\n<p><em><b>Deux Modes de Sortie d&rsquo;Eau : <\/b><\/em>L&rsquo;a\u00e9rateur multifonctionnel de ce robinet propose deux modes de sortie d&rsquo;eau. Il vous suffit de tourner l&rsquo;a\u00e9rateur pour passer d&rsquo;un mode \u00e0 l&rsquo;autre. Le mode \u00e0 bulles doux est id\u00e9al pour se laver les mains, tandis que le mode douche \u00e0 jet est parfait pour rincer les tasses.<\/p>\n<p><em><b>Mat\u00e9riaux de Haute Qualit\u00e9 : <\/b><\/em>Le r\u00e9gulateur de jet de robinet Lovcoyo est fabriqu\u00e9 en cuivre robuste, avec un bo\u00eetier en ABS et une finition chrom\u00e9e. Cette construction solide garantit une durabilit\u00e9 exceptionnelle et une longue dur\u00e9e d&rsquo;utilisation, tandis que la finition chrom\u00e9e offre une surface lisse et pr\u00e9vient la rouille.<\/p>\n<p><em><b>Installation Simple et Rapide : <\/b><\/em>L&rsquo;installation se fait facilement \u00e0 la main, sans n\u00e9cessiter d&rsquo;outils, en quelques secondes. Si votre robinet a un filetage m\u00e2le, il suffit de le connecter directement. Pour un robinet avec un filetage int\u00e9rieur, utilisez l&rsquo;adaptateur fourni. L&#8217;embout et les joints sont inclus dans l&#8217;emballage.<\/p>\n<p><em><b>Compatibilit\u00e9 Universelle : <\/b><\/em>Cette rallonge de robinet est con\u00e7ue pour s&rsquo;adapter aux robinets avec un filetage int\u00e9rieur de 24 mm et un filetage ext\u00e9rieur de 22 mm. Elle est compatible avec tous les robinets standard, que ce soit pour la cuisine, le lavabo ou la salle de bain. (Veuillez v\u00e9rifier la taille de votre robinet avant l&rsquo;achat).<\/p>\n<h1>Description du produit<\/h1>\n<p><img fetchpriority=\"high\" decoding=\"async\" class=\"alignnone size-large wp-image-1367\" src=\"http:\/\/toctoctoc.ci\/wp-content\/uploads\/2024\/11\/1-18-1024x1024.jpeg\" alt=\"\" width=\"640\" height=\"640\" \/> <img decoding=\"async\" class=\"alignnone size-large wp-image-1368\" src=\"http:\/\/toctoctoc.ci\/wp-content\/uploads\/2024\/11\/2-18-1024x1024.jpeg\" alt=\"\" width=\"640\" height=\"640\" \/> <img decoding=\"async\" class=\"alignnone size-large wp-image-1369\" src=\"http:\/\/toctoctoc.ci\/wp-content\/uploads\/2024\/11\/3-18-1024x420.jpeg\" alt=\"\" width=\"640\" height=\"263\" \/> <img loading=\"lazy\" decoding=\"async\" class=\"alignnone size-large wp-image-1370\" src=\"http:\/\/toctoctoc.ci\/wp-content\/uploads\/2024\/11\/4-16-1024x1024.jpeg\" alt=\"\" width=\"640\" height=\"640\" \/> <img loading=\"lazy\" decoding=\"async\" class=\"alignnone size-large wp-image-1371\" src=\"http:\/\/toctoctoc.ci\/wp-content\/uploads\/2024\/11\/5-8-1024x420.jpeg\" alt=\"\" width=\"640\" height=\"263\" \/> <img loading=\"lazy\" decoding=\"async\" class=\"alignnone size-large wp-image-1372\" src=\"http:\/\/toctoctoc.ci\/wp-content\/uploads\/2024\/11\/6-4-1024x1024.jpeg\" alt=\"\" width=\"640\" height=\"640\" \/><\/p>\n<p>&nbsp;<\/p>\n<h1>Descriptif technique<\/h1>\n<table style=\"height: 174px;\" width=\"488\">\n<tbody>\n<tr>\n<td width=\"251\">R\u00e9f\u00e9rence<\/td>\n<td>\u200eToc 20240149<\/td>\n<\/tr>\n<tr>\n<td width=\"251\">Dimensions<\/td>\n<td>\u200e11 X 5 X 5 cm; 179 grammes<\/td>\n<\/tr>\n<tr>\n<td width=\"251\">Nombre d&rsquo;article(s)<\/td>\n<td>\u200e1<\/td>\n<\/tr>\n<tr>\n<td width=\"251\">Couleur<\/td>\n<td>Noir<\/td>\n<\/tr>\n<tr>\n<td width=\"251\">Mat\u00e9riau<\/td>\n<td>\u200eLaiton chrom\u00e9<\/td>\n<\/tr>\n<tr>\n<td width=\"251\">Caract\u00e9ristiques sp\u00e9ciales<\/td>\n<td>\u200eRotation de 1080\u00b0<\/td>\n<\/tr>\n<\/tbody>\n<\/table>\n<p>&nbsp;<\/p>\n<h1>Le contenu<\/h1>\n<table width=\"380\">\n<tbody>\n<tr>\n<td width=\"376\">Un rallonge<\/td>\n<\/tr>\n<tr>\n<td width=\"376\">Une cl\u00e9<\/td>\n<\/tr>\n<tr>\n<td width=\"376\">Trois joints<\/td>\n<\/tr>\n<tr>\n<td width=\"376\">Un adaptateur<\/td>\n<\/tr>\n<\/tbody>\n<\/table>\n<p>&nbsp;<\/p>\n<h1>Vid\u00e9o<\/h1>\n<p><iframe title=\"20240149\" width=\"563\" height=\"1000\" src=\"https:\/\/www.youtube.com\/embed\/Md738MSCeek?feature=oembed\" frameborder=\"0\" allow=\"accelerometer; autoplay; clipboard-write; encrypted-media; gyroscope; picture-in-picture; web-share\" referrerpolicy=\"strict-origin-when-cross-origin\" allowfullscreen><\/iframe><\/p>","protected":false},"excerpt":{"rendered":"<div class=\"wpaicg-chat-shortcode-content\">\n<p><span id=\"wpaicg-chat-message-58326\" class=\"wpaicg-chat-message\">D\u00e9couvrez notre robinet d&rsquo;extension \u00e0 1080\u00b0 de rotation, con\u00e7u pour un nettoyage complet de votre \u00e9vier. Avec deux modes de sortie d&rsquo;eau, il s&rsquo;adapte \u00e0 tous vos besoins, que ce soit pour se laver les mains ou rincer des tasses. Fabriqu\u00e9 en mat\u00e9riaux de haute qualit\u00e9, il est durable et facile \u00e0 installer sans outils. Compatible avec la plupart des robinets standard, il est l&rsquo;accessoire id\u00e9al pour simplifier votre quotidien en cuisine et salle de bain.<\/span><\/p>\n<p>&nbsp;<\/p>\n<\/div>","protected":false},"featured_media":1373,"comment_status":"open","ping_status":"closed","template":"","meta":{"_acf_changed":false},"locations":[135,133,134],"product_brand":[],"product_cat":[66,97],"product_tag":[],"class_list":{"0":"post-1366","1":"product","2":"type-product","3":"status-publish","4":"has-post-thumbnail","6":"locations-cgk","7":"locations-kenya","8":"locations-t03","9":"product_cat-cuisine-et-maison-2","10":"product_cat-plomberie","12":"first","13":"instock","14":"shipping-taxable","15":"purchasable","16":"product-type-simple"},"acf":[],"jetpack_sharing_enabled":true,"_links":{"self":[{"href":"https:\/\/toctoctoc.ci\/en\/wp-json\/wp\/v2\/product\/1366","targetHints":{"allow":["GET"]}}],"collection":[{"href":"https:\/\/toctoctoc.ci\/en\/wp-json\/wp\/v2\/product"}],"about":[{"href":"https:\/\/toctoctoc.ci\/en\/wp-json\/wp\/v2\/types\/product"}],"replies":[{"embeddable":true,"href":"https:\/\/toctoctoc.ci\/en\/wp-json\/wp\/v2\/comments?post=1366"}],"wp:featuredmedia":[{"embeddable":true,"href":"https:\/\/toctoctoc.ci\/en\/wp-json\/wp\/v2\/media\/1373"}],"wp:attachment":[{"href":"https:\/\/toctoctoc.ci\/en\/wp-json\/wp\/v2\/media?parent=1366"}],"wp:term":[{"taxonomy":"locations","embeddable":true,"href":"https:\/\/toctoctoc.ci\/en\/wp-json\/wp\/v2\/locations?post=1366"},{"taxonomy":"product_brand","embeddable":true,"href":"https:\/\/toctoctoc.ci\/en\/wp-json\/wp\/v2\/product_brand?post=1366"},{"taxonomy":"product_cat","embeddable":true,"href":"https:\/\/toctoctoc.ci\/en\/wp-json\/wp\/v2\/product_cat?post=1366"},{"taxonomy":"product_tag","embeddable":true,"href":"https:\/\/toctoctoc.ci\/en\/wp-json\/wp\/v2\/product_tag?post=1366"}],"curies":[{"name":"wp","href":"https:\/\/api.w.org\/{rel}","templated":true}]}}