{"id":1345,"date":"2024-11-16T16:00:03","date_gmt":"2024-11-16T16:00:03","guid":{"rendered":"https:\/\/toctoctoc.ci\/?post_type=product&#038;p=1345"},"modified":"2025-12-09T02:21:23","modified_gmt":"2025-12-09T02:21:23","slug":"support-de-telephone-magnetique-en-forme-dancrea-propos-de-cet-article","status":"publish","type":"product","link":"https:\/\/toctoctoc.ci\/en\/store-listing\/high-tech-2\/accessoires-telephone-portable\/support-de-telephone-magnetique-en-forme-dancrea-propos-de-cet-article\/","title":{"rendered":"Support de t\u00e9l\u00e9phone magn\u00e9tique (en forme d\u2019ancre)"},"content":{"rendered":"<h1>\u00c0 propos de cet article<\/h1>\n<p><em><b>Conception Compacte et Flexible<\/b><\/em>\u00a0: Notre support de t\u00e9l\u00e9phone Anchor se plie facilement pour devenir incroyablement compact, occupant peu d&rsquo;espace. Sa conception ajustable et flexible permet une extension et un rangement ais\u00e9s, id\u00e9al pour tous les bureaux.<br \/>\n<b><\/b><\/p>\n<p><em><b>Style \u00c9l\u00e9gant en Forme d&rsquo;Ancre<\/b><\/em>\u00a0: Am\u00e9liorez votre exp\u00e9rience visuelle avec ce support au design simple et \u00e9l\u00e9gant en forme d&rsquo;ancre, vous permettant de profiter de vos contenus \u00e0 tout moment et en tout lieu.<\/p>\n<p><em><b>Facilit\u00e9 de Rangement<\/b><\/em>\u00a0: Ce support de t\u00e9l\u00e9phone se fixe ais\u00e9ment \u00e0 votre porte-cl\u00e9s, offrant une solution pratique pour une utilisation en ext\u00e9rieur. Il est compatible avec une large gamme d&rsquo;appareils et se range facilement.<\/p>\n<p><em><b>Design Pratique pour Voyager<\/b><\/em>\u00a0: Avec son design con\u00e7u pour le voyage, ce support de t\u00e9l\u00e9phone est parfait pour les sorties et les d\u00e9placements. Emportez-le partout avec vous sans effort.<\/p>\n<p><em><b>Cadeau Id\u00e9al pour Toutes les Occasions<\/b><\/em>\u00a0: Ce support de t\u00e9l\u00e9phone constitue un cadeau attentionn\u00e9 pour vos proches, parfait pour les occasions sp\u00e9ciales et pour embellir leurs c\u00e9l\u00e9brations.<\/p>\n<p>&nbsp;<\/p>\n<h1>Description du produit<\/h1>\n<p><img fetchpriority=\"high\" decoding=\"async\" class=\"alignnone size-large wp-image-1346\" src=\"http:\/\/toctoctoc.ci\/wp-content\/uploads\/2024\/11\/pixelcut-export-1-1-1024x1024.jpeg\" alt=\"\" width=\"640\" height=\"640\" \/> <img decoding=\"async\" class=\"alignnone size-large wp-image-1347\" src=\"http:\/\/toctoctoc.ci\/wp-content\/uploads\/2024\/11\/pixelcut-export-6-1024x1024.jpeg\" alt=\"\" width=\"640\" height=\"640\" \/><\/p>\n<p>&nbsp;<\/p>\n<h1>Descriptif technique<\/h1>\n<table width=\"541\">\n<tbody>\n<tr>\n<td width=\"251\">R\u00e9f\u00e9rence<\/td>\n<td>\u200eToc 20240147<\/td>\n<\/tr>\n<tr>\n<td width=\"251\">Dimensions<\/td>\n<td>\u200e6 X 2.5 X 0.5 cm\u00a0; 9 grammes<\/td>\n<\/tr>\n<tr>\n<td width=\"251\">Nombre d&rsquo;article(s)<\/td>\n<td>\u200e1<\/td>\n<\/tr>\n<tr>\n<td width=\"251\">Couleur<\/td>\n<td>\u200eArgent m\u00e9tallique<\/td>\n<\/tr>\n<tr>\n<td width=\"251\">Forme<\/td>\n<td>\u200eAncre<\/td>\n<\/tr>\n<tr>\n<td width=\"251\">Mat\u00e9riau<\/td>\n<td>\u200eAcier inoxydable<\/td>\n<\/tr>\n<tr>\n<td width=\"251\">Caract\u00e9ristiques sp\u00e9ciales<\/td>\n<td>\u200eMagn\u00e9tique<\/td>\n<\/tr>\n<tr>\n<td width=\"251\">Compatibilit\u00e9<\/td>\n<td>Smartphone\/Tablette<\/td>\n<\/tr>\n<\/tbody>\n<\/table>\n<p>&nbsp;<\/p>\n<h1>Le contenu<\/h1>\n<table width=\"421\">\n<tbody>\n<tr>\n<td width=\"257\">Un support t\u00e9l\u00e9phone (forme d\u2019ancre)<\/td>\n<\/tr>\n<\/tbody>\n<\/table>\n<p>&nbsp;<\/p>\n<h1>Vid\u00e9o<\/h1>\n<p><iframe title=\"20240147\" width=\"1200\" height=\"675\" src=\"https:\/\/www.youtube.com\/embed\/ovTLI6JVOwA?feature=oembed\" frameborder=\"0\" allow=\"accelerometer; autoplay; clipboard-write; encrypted-media; gyroscope; picture-in-picture; web-share\" referrerpolicy=\"strict-origin-when-cross-origin\" allowfullscreen><\/iframe><\/p>","protected":false},"excerpt":{"rendered":"<div class=\"wpaicg-chat-shortcode-content\">\n<p><span id=\"wpaicg-chat-message-4036\" class=\"wpaicg-chat-message\">D\u00e9couvrez notre\u00a0<b>support de t\u00e9l\u00e9phone Anchor<\/b>, un accessoire \u00e0 la fois compact et flexible qui se plie facilement pour un rangement optimal. Son design \u00e9l\u00e9gant en forme d&rsquo;ancre am\u00e9liore votre exp\u00e9rience visuelle, vous permettant de profiter de vos contenus o\u00f9 que vous soyez. Pratique \u00e0 attacher \u00e0 votre porte-cl\u00e9s, il s&rsquo;adapte \u00e0 une large gamme d&rsquo;appareils et est id\u00e9al pour les d\u00e9placements. Avec son design pens\u00e9 pour le voyage, ce support est parfait \u00e0 emporter partout. C&rsquo;est \u00e9galement un cadeau attentionn\u00e9 pour vos proches, id\u00e9al pour toutes les occasions sp\u00e9ciales.<\/span><\/p>\n<p>&nbsp;<\/p>\n<\/div>","protected":false},"featured_media":1348,"comment_status":"open","ping_status":"closed","template":"","meta":{"_acf_changed":false},"locations":[135,133,134],"product_brand":[],"product_cat":[96,95],"product_tag":[],"class_list":{"0":"post-1345","1":"product","2":"type-product","3":"status-publish","4":"has-post-thumbnail","6":"locations-cgk","7":"locations-kenya","8":"locations-t03","9":"product_cat-accessoires-telephone-portable","10":"product_cat-high-tech-2","12":"first","13":"instock","14":"shipping-taxable","15":"purchasable","16":"product-type-simple"},"acf":[],"jetpack_sharing_enabled":true,"_links":{"self":[{"href":"https:\/\/toctoctoc.ci\/en\/wp-json\/wp\/v2\/product\/1345","targetHints":{"allow":["GET"]}}],"collection":[{"href":"https:\/\/toctoctoc.ci\/en\/wp-json\/wp\/v2\/product"}],"about":[{"href":"https:\/\/toctoctoc.ci\/en\/wp-json\/wp\/v2\/types\/product"}],"replies":[{"embeddable":true,"href":"https:\/\/toctoctoc.ci\/en\/wp-json\/wp\/v2\/comments?post=1345"}],"wp:featuredmedia":[{"embeddable":true,"href":"https:\/\/toctoctoc.ci\/en\/wp-json\/wp\/v2\/media\/1348"}],"wp:attachment":[{"href":"https:\/\/toctoctoc.ci\/en\/wp-json\/wp\/v2\/media?parent=1345"}],"wp:term":[{"taxonomy":"locations","embeddable":true,"href":"https:\/\/toctoctoc.ci\/en\/wp-json\/wp\/v2\/locations?post=1345"},{"taxonomy":"product_brand","embeddable":true,"href":"https:\/\/toctoctoc.ci\/en\/wp-json\/wp\/v2\/product_brand?post=1345"},{"taxonomy":"product_cat","embeddable":true,"href":"https:\/\/toctoctoc.ci\/en\/wp-json\/wp\/v2\/product_cat?post=1345"},{"taxonomy":"product_tag","embeddable":true,"href":"https:\/\/toctoctoc.ci\/en\/wp-json\/wp\/v2\/product_tag?post=1345"}],"curies":[{"name":"wp","href":"https:\/\/api.w.org\/{rel}","templated":true}]}}