{"id":1326,"date":"2024-11-16T14:06:10","date_gmt":"2024-11-16T14:06:10","guid":{"rendered":"https:\/\/toctoctoc.ci\/?post_type=product&#038;p=1326"},"modified":"2025-12-09T02:59:01","modified_gmt":"2025-12-09T02:59:01","slug":"luminaire-avec-detecteur-de-mouvement","status":"publish","type":"product","link":"https:\/\/toctoctoc.ci\/en\/store-listing\/cuisine-et-maison-2\/eclairage-cuisine-et-maison\/luminaire-avec-detecteur-de-mouvement\/","title":{"rendered":"Luminaire avec d\u00e9tecteur de mouvement"},"content":{"rendered":"<h1>\u00c0 propos de cet article<\/h1>\n<p><em><b>\u00c9clairage Mural Intelligent : <\/b><\/em>Ce projecteur mural \u00e0 LED propose deux modes de fonctionnement : un mode capteur de mouvement et de lumi\u00e8re, et un mode lumineux constant. En mode AUTO, le capteur s&rsquo;active automatiquement lorsqu&rsquo;il d\u00e9tecte un mouvement \u00e0 moins de 4 m\u00e8tres dans l&rsquo;obscurit\u00e9, et la veilleuse s&rsquo;\u00e9teint apr\u00e8s 15 \u00e0 30 secondes sans mouvement.<\/p>\n<p><em><b>Batterie Rechargeable Performante : <\/b><\/em>\u00c9quip\u00e9 d&rsquo;une batterie rechargeable de 500 mAh, cet \u00e9clairage LED offre une autonomie sup\u00e9rieure \u00e0 celle des autres mod\u00e8les. Il se recharge facilement via un c\u00e2ble USB et peut fonctionner jusqu&rsquo;\u00e0 8 heures en mode continu, ou jusqu&rsquo;\u00e0 3 \u00e0 5 mois en mode d\u00e9tection de mouvement.<\/p>\n<p><em><b>Options de Montage Flexibles : <\/b><\/em>Gr\u00e2ce \u00e0 son design \u00e0 aspiration magn\u00e9tique, cette lumi\u00e8re peut \u00eatre fix\u00e9e sur n&rsquo;importe quelle surface m\u00e9tallique, vous permettant de la repositionner facilement. Alternativement, vous pouvez utiliser du ruban adh\u00e9sif pour fixer une feuille de fer sur une surface non m\u00e9tallique, puis y placer la barre lumineuse \u00e0 LED.<\/p>\n<p><em><b>\u00c9conomie d&rsquo;\u00c9nergie : <\/b><\/em>Cet \u00e9clairage mural int\u00e9rieur consomme seulement 1W et fonctionne sur une tension de 85V-265V avec une temp\u00e9rature de couleur de 3000K. Il offre une lumi\u00e8re douce et efficace, sans clignotement, tout en prot\u00e9geant vos yeux. Sa faible consommation d&rsquo;\u00e9nergie contribue \u00e0 la protection de l&rsquo;environnement et \u00e0 des \u00e9conomies sur vos factures.<\/p>\n<p><em><b>Applications Multiples : <\/b><\/em>Notre \u00e9clairage d&rsquo;armoire \u00e0 LED est id\u00e9al pour une vari\u00e9t\u00e9 d&rsquo;espaces, y compris la cuisine, la chambre, le salon, les escaliers, le balcon, les bars, les restaurants, les bureaux, les couloirs, les salles \u00e0 manger, les caf\u00e9s, les patios, les porches d&rsquo;h\u00f4tel, ainsi que pour les armoires, placards, commodes, biblioth\u00e8ques et buanderies.<\/p>\n<p>&nbsp;<\/p>\n<h1>Description du produit<\/h1>\n<p><img fetchpriority=\"high\" decoding=\"async\" class=\"alignnone size-large wp-image-1327\" src=\"http:\/\/toctoctoc.ci\/wp-content\/uploads\/2024\/11\/4-14-1024x1024.jpeg\" alt=\"\" width=\"640\" height=\"640\" \/> <img decoding=\"async\" class=\"alignnone size-large wp-image-1328\" src=\"http:\/\/toctoctoc.ci\/wp-content\/uploads\/2024\/11\/1-15-1024x1024.jpeg\" alt=\"\" width=\"640\" height=\"640\" \/> <img decoding=\"async\" class=\"alignnone size-large wp-image-1329\" src=\"http:\/\/toctoctoc.ci\/wp-content\/uploads\/2024\/11\/3-15-1024x1024.jpeg\" alt=\"\" width=\"640\" height=\"640\" \/> <img loading=\"lazy\" decoding=\"async\" class=\"alignnone size-large wp-image-1330\" src=\"http:\/\/toctoctoc.ci\/wp-content\/uploads\/2024\/11\/2-15-1024x1024.jpeg\" alt=\"\" width=\"640\" height=\"640\" \/><\/p>\n<p>&nbsp;<\/p>\n<h1>Descriptif technique<\/h1>\n<table width=\"517\">\n<tbody>\n<tr>\n<td width=\"251\">R\u00e9f\u00e9rence<\/td>\n<td>\u200eToc 20240145<\/td>\n<\/tr>\n<tr>\n<td width=\"251\">Dimensions<\/td>\n<td>\u200e20 X 7 X 3.5 cm; 167 grammes<\/td>\n<\/tr>\n<tr>\n<td width=\"251\">Nombre d&rsquo;article(s)<\/td>\n<td>\u200e1<\/td>\n<\/tr>\n<tr>\n<td width=\"251\">Couleur<\/td>\n<td>Marron<\/td>\n<\/tr>\n<tr>\n<td width=\"251\">Forme<\/td>\n<td>\u200eTubulaire<\/td>\n<\/tr>\n<tr>\n<td width=\"251\">Mat\u00e9riau<\/td>\n<td>\u200eBois\/ Acrylique<\/td>\n<\/tr>\n<tr>\n<td width=\"251\">Caract\u00e9ristiques sp\u00e9ciales<\/td>\n<td>\u200ePortable\/Sans fil\/D\u00e9tecteur<\/td>\n<\/tr>\n<tr>\n<td width=\"251\">Type d\u2019ampoule<\/td>\n<td>\u200eLED<\/td>\n<\/tr>\n<tr>\n<td width=\"251\">Type de lumi\u00e8re<\/td>\n<td>Blanc<\/td>\n<\/tr>\n<tr>\n<td width=\"251\">Type d&rsquo;installation<\/td>\n<td>Montage mural (aimant)<\/td>\n<\/tr>\n<tr>\n<td width=\"251\">Voltage<\/td>\n<td>5 V<\/td>\n<\/tr>\n<\/tbody>\n<\/table>\n<p>&nbsp;<\/p>\n<h1>Le contenu<\/h1>\n<table width=\"261\">\n<tbody>\n<tr>\n<td width=\"257\">Une veilleuse<\/td>\n<\/tr>\n<tr>\n<td width=\"257\">Un c\u00e2ble USB (Type C)<\/td>\n<\/tr>\n<tr>\n<td width=\"257\">La notice (anglais)<\/td>\n<\/tr>\n<\/tbody>\n<\/table>\n<p>&nbsp;<\/p>\n<h1>Vid\u00e9o<\/h1>\n<p>&nbsp;<\/p>","protected":false},"excerpt":{"rendered":"<p>D\u00e9couvrez notre\u00a0<b>\u00c9clairage Mural Intelligent<\/b>, un projecteur mural \u00e0 LED polyvalent qui s&rsquo;adapte \u00e0 vos besoins. Avec ses deux modes de fonctionnement, il s&rsquo;active automatiquement gr\u00e2ce \u00e0 son capteur de mouvement et de lumi\u00e8re, ou peut \u00eatre utilis\u00e9 en mode lumineux constant. Sa batterie rechargeable de 500 mAh offre jusqu&rsquo;\u00e0 8 heures d&rsquo;\u00e9clairage continu, tandis que son design \u00e0 aspiration magn\u00e9tique permet une installation facile sur n&rsquo;importe quelle surface. \u00c9conome en \u00e9nergie et id\u00e9al pour divers espaces tels que la cuisine, le salon ou les couloirs, cet \u00e9clairage allie praticit\u00e9 et efficacit\u00e9 pour illuminer votre quotidien.<\/p>","protected":false},"featured_media":1331,"comment_status":"open","ping_status":"closed","template":"","meta":{"_acf_changed":false},"locations":[135,133,134],"product_brand":[],"product_cat":[66,92],"product_tag":[],"class_list":{"0":"post-1326","1":"product","2":"type-product","3":"status-publish","4":"has-post-thumbnail","6":"locations-cgk","7":"locations-kenya","8":"locations-t03","9":"product_cat-cuisine-et-maison-2","10":"product_cat-eclairage-cuisine-et-maison","12":"first","13":"outofstock","14":"shipping-taxable","15":"purchasable","16":"product-type-simple"},"acf":[],"jetpack_sharing_enabled":true,"_links":{"self":[{"href":"https:\/\/toctoctoc.ci\/en\/wp-json\/wp\/v2\/product\/1326","targetHints":{"allow":["GET"]}}],"collection":[{"href":"https:\/\/toctoctoc.ci\/en\/wp-json\/wp\/v2\/product"}],"about":[{"href":"https:\/\/toctoctoc.ci\/en\/wp-json\/wp\/v2\/types\/product"}],"replies":[{"embeddable":true,"href":"https:\/\/toctoctoc.ci\/en\/wp-json\/wp\/v2\/comments?post=1326"}],"wp:featuredmedia":[{"embeddable":true,"href":"https:\/\/toctoctoc.ci\/en\/wp-json\/wp\/v2\/media\/1331"}],"wp:attachment":[{"href":"https:\/\/toctoctoc.ci\/en\/wp-json\/wp\/v2\/media?parent=1326"}],"wp:term":[{"taxonomy":"locations","embeddable":true,"href":"https:\/\/toctoctoc.ci\/en\/wp-json\/wp\/v2\/locations?post=1326"},{"taxonomy":"product_brand","embeddable":true,"href":"https:\/\/toctoctoc.ci\/en\/wp-json\/wp\/v2\/product_brand?post=1326"},{"taxonomy":"product_cat","embeddable":true,"href":"https:\/\/toctoctoc.ci\/en\/wp-json\/wp\/v2\/product_cat?post=1326"},{"taxonomy":"product_tag","embeddable":true,"href":"https:\/\/toctoctoc.ci\/en\/wp-json\/wp\/v2\/product_tag?post=1326"}],"curies":[{"name":"wp","href":"https:\/\/api.w.org\/{rel}","templated":true}]}}