{"id":1307,"date":"2024-11-16T13:27:52","date_gmt":"2024-11-16T13:27:52","guid":{"rendered":"https:\/\/toctoctoc.ci\/?post_type=product&#038;p=1307"},"modified":"2025-12-09T02:59:01","modified_gmt":"2025-12-09T02:59:01","slug":"oreiller-ergonomique-cervical","status":"publish","type":"product","link":"https:\/\/toctoctoc.ci\/en\/store-listing\/cuisine-et-maison-2\/literie\/oreiller-ergonomique-cervical\/","title":{"rendered":"Oreiller Ergonomique Cervical"},"content":{"rendered":"<h1>\u00c0 propos de cet article<\/h1>\n<p><em><b>Conception Ergonomique : <\/b><\/em>L&rsquo;oreiller orthop\u00e9dique est sp\u00e9cialement con\u00e7u pour s&rsquo;adapter \u00e0 toutes les positions de sommeil. Il enveloppe confortablement votre t\u00eate et votre cou, \u00e9pousant leurs courbes naturelles. Cet oreiller soutient efficacement votre t\u00eate, votre cou, vos \u00e9paules et votre dos dans une position neutre, garantissant ainsi une nuit de sommeil stable et r\u00e9paratrice.<\/p>\n<p><em><b>Mousse \u00e0 M\u00e9moire de Haute Qualit\u00e9 : <\/b><\/em>Notre oreiller cervical est fabriqu\u00e9 en mousse \u00e0 m\u00e9moire de forme \u00e0 rebond lent, inodore et certifi\u00e9e CertiPUR-US. Il s&rsquo;ajuste facilement aux diff\u00e9rentes morphologies et poids, tout en restant souple et r\u00e9sistant \u00e0 l&rsquo;usure. De plus, la douceur de l&rsquo;oreiller s&rsquo;adapte \u00e0 la temp\u00e9rature corporelle du dormeur, offrant un soutien personnalis\u00e9 tout au long de la nuit.<\/p>\n<p><em><b>Accoudoirs Pratiques : <\/b><\/em>L&rsquo;oreiller est \u00e9quip\u00e9 d&rsquo;accoudoirs cannel\u00e9s sur les c\u00f4t\u00e9s, permettant de placer vos mains dans les rainures lorsque vous \u00eates allong\u00e9 sur le dos, facilitant ainsi l&rsquo;endormissement. Peu importe la position dans laquelle vous vous trouvez, vos bras peuvent se reposer confortablement dans les renfoncements, offrant un soutien optimal pour dormir sur le ventre.<\/p>\n<p><em><b>Mat\u00e9riaux Respirants et Entretien Facile : <\/b><\/em>Le noyau en mousse \u00e0 m\u00e9moire est envelopp\u00e9 dans des taies d&rsquo;oreiller int\u00e9rieures et ext\u00e9rieures. La taie ext\u00e9rieure est amovible et lavable, douce au toucher et agr\u00e9able pour la peau. La taie int\u00e9rieure est respirante, \u00e0 s\u00e9chage rapide et r\u00e9sistante \u00e0 la poussi\u00e8re, prot\u00e9geant ainsi l&rsquo;oreiller de la contamination bact\u00e9rienne et garantissant une propret\u00e9 optimale.<\/p>\n<p><em><b>Satisfaction Client Assur\u00e9e : <\/b><\/em>\u00a0On s&rsquo;engage \u00e0 offrir des produits de qualit\u00e9 et une satisfaction totale \u00e0 ses clients. Lors de votre premi\u00e8re utilisation de l&rsquo;oreiller cervical, il est recommand\u00e9 de lui laisser deux semaines pour vous habituer. Pour toute question concernant le produit, n&rsquo;h\u00e9sitez pas \u00e0 nous contacter.<\/p>\n<p>&nbsp;<\/p>\n<h1>Description du produit<\/h1>\n<p><img fetchpriority=\"high\" decoding=\"async\" class=\"alignnone size-large wp-image-1314\" src=\"http:\/\/toctoctoc.ci\/wp-content\/uploads\/2024\/11\/pixelcut-export-1024x1024.jpeg\" alt=\"\" width=\"640\" height=\"640\" \/> <img decoding=\"async\" class=\"alignnone size-large wp-image-1315\" src=\"http:\/\/toctoctoc.ci\/wp-content\/uploads\/2024\/11\/pixelcut-export-1-1024x420.jpeg\" alt=\"\" width=\"640\" height=\"263\" \/> <img decoding=\"async\" class=\"alignnone size-large wp-image-1316\" src=\"http:\/\/toctoctoc.ci\/wp-content\/uploads\/2024\/11\/pixelcut-export-2-1024x420.jpeg\" alt=\"\" width=\"640\" height=\"263\" \/> <img loading=\"lazy\" decoding=\"async\" class=\"alignnone size-large wp-image-1317\" src=\"http:\/\/toctoctoc.ci\/wp-content\/uploads\/2024\/11\/pixelcut-export-3-1024x1024.jpeg\" alt=\"\" width=\"640\" height=\"640\" \/> <img loading=\"lazy\" decoding=\"async\" class=\"alignnone size-large wp-image-1318\" src=\"http:\/\/toctoctoc.ci\/wp-content\/uploads\/2024\/11\/pixelcut-export-4-1024x1024.jpeg\" alt=\"\" width=\"640\" height=\"640\" \/> <img loading=\"lazy\" decoding=\"async\" class=\"alignnone size-large wp-image-1319\" src=\"http:\/\/toctoctoc.ci\/wp-content\/uploads\/2024\/11\/pixelcut-export-5-1024x1024.jpeg\" alt=\"\" width=\"640\" height=\"640\" \/><\/p>\n<p>&nbsp;<\/p>\n<h1>Descriptif technique<\/h1>\n<table width=\"563\">\n<tbody>\n<tr>\n<td width=\"251\">R\u00e9f\u00e9rence<\/td>\n<td>\u200eToc 20240144<\/td>\n<\/tr>\n<tr>\n<td width=\"251\">Dimensions<\/td>\n<td>\u200e40 X 19 X 10 cm; 1375 grammes<\/td>\n<\/tr>\n<tr>\n<td width=\"251\">Nombre d&rsquo;article(s)<\/td>\n<td>\u200e1<\/td>\n<\/tr>\n<tr>\n<td width=\"251\">Couleur<\/td>\n<td>\u200eGris et blanc<\/td>\n<\/tr>\n<tr>\n<td width=\"251\">Forme<\/td>\n<td>\u200ePapillon<\/td>\n<\/tr>\n<tr>\n<td width=\"251\">Mat\u00e9riau<\/td>\n<td>Mousse \u00e0 m\u00e9moire de forme<\/td>\n<\/tr>\n<tr>\n<td width=\"251\">Caract\u00e9ristiques sp\u00e9ciales<\/td>\n<td>Ergonomique<\/td>\n<\/tr>\n<\/tbody>\n<\/table>\n<p>&nbsp;<\/p>\n<h1>Le contenu<\/h1>\n<table width=\"280\">\n<tbody>\n<tr>\n<td width=\"276\">Un oreiller<\/td>\n<\/tr>\n<\/tbody>\n<\/table>\n<p>&nbsp;<\/p>\n<h1>Vid\u00e9o<\/h1>\n<p>&nbsp;<\/p>","protected":false},"excerpt":{"rendered":"<div class=\"wpaicg-chat-shortcode-content\">\n<p><span id=\"wpaicg-chat-message-1152\" class=\"wpaicg-chat-message\">D\u00e9couvrez notre oreiller orthop\u00e9dique HOMCA, con\u00e7u pour s&rsquo;adapter \u00e0 toutes les positions de sommeil et garantir un soutien optimal pour votre t\u00eate, votre cou, vos \u00e9paules et votre dos. Fabriqu\u00e9 en mousse \u00e0 m\u00e9moire de forme de haute qualit\u00e9, cet oreiller \u00e9pouse parfaitement les courbes naturelles de votre corps tout en restant souple et durable. Ses accoudoirs cannel\u00e9s offrent un confort suppl\u00e9mentaire, permettant \u00e0 vos bras de se reposer agr\u00e9ablement. Avec des mat\u00e9riaux respirants et un entretien facile gr\u00e2ce \u00e0 sa taie amovible et lavable, cet oreiller est id\u00e9al pour une nuit de sommeil r\u00e9paratrice. Profitez d&rsquo;une satisfaction client assur\u00e9e et d&rsquo;un produit qui s&rsquo;adapte \u00e0 vos besoins pour un confort sur mesure !<\/span><\/p>\n<p>&nbsp;<\/p>\n<\/div>","protected":false},"featured_media":1320,"comment_status":"open","ping_status":"closed","template":"","meta":{"_acf_changed":false},"locations":[135,133,134],"product_brand":[],"product_cat":[66,93],"product_tag":[],"class_list":{"0":"post-1307","1":"product","2":"type-product","3":"status-publish","4":"has-post-thumbnail","6":"locations-cgk","7":"locations-kenya","8":"locations-t03","9":"product_cat-cuisine-et-maison-2","10":"product_cat-literie","12":"first","13":"outofstock","14":"shipping-taxable","15":"purchasable","16":"product-type-simple"},"acf":[],"jetpack_sharing_enabled":true,"_links":{"self":[{"href":"https:\/\/toctoctoc.ci\/en\/wp-json\/wp\/v2\/product\/1307","targetHints":{"allow":["GET"]}}],"collection":[{"href":"https:\/\/toctoctoc.ci\/en\/wp-json\/wp\/v2\/product"}],"about":[{"href":"https:\/\/toctoctoc.ci\/en\/wp-json\/wp\/v2\/types\/product"}],"replies":[{"embeddable":true,"href":"https:\/\/toctoctoc.ci\/en\/wp-json\/wp\/v2\/comments?post=1307"}],"wp:featuredmedia":[{"embeddable":true,"href":"https:\/\/toctoctoc.ci\/en\/wp-json\/wp\/v2\/media\/1320"}],"wp:attachment":[{"href":"https:\/\/toctoctoc.ci\/en\/wp-json\/wp\/v2\/media?parent=1307"}],"wp:term":[{"taxonomy":"locations","embeddable":true,"href":"https:\/\/toctoctoc.ci\/en\/wp-json\/wp\/v2\/locations?post=1307"},{"taxonomy":"product_brand","embeddable":true,"href":"https:\/\/toctoctoc.ci\/en\/wp-json\/wp\/v2\/product_brand?post=1307"},{"taxonomy":"product_cat","embeddable":true,"href":"https:\/\/toctoctoc.ci\/en\/wp-json\/wp\/v2\/product_cat?post=1307"},{"taxonomy":"product_tag","embeddable":true,"href":"https:\/\/toctoctoc.ci\/en\/wp-json\/wp\/v2\/product_tag?post=1307"}],"curies":[{"name":"wp","href":"https:\/\/api.w.org\/{rel}","templated":true}]}}