{"id":1299,"date":"2024-11-16T12:50:36","date_gmt":"2024-11-16T12:50:36","guid":{"rendered":"https:\/\/toctoctoc.ci\/?post_type=product&#038;p=1299"},"modified":"2025-12-09T02:59:01","modified_gmt":"2025-12-09T02:59:01","slug":"set-de-rouleau-de-nettoyage-adhesif-reutilisable","status":"publish","type":"product","link":"https:\/\/toctoctoc.ci\/en\/store-listing\/cuisine-et-maison-2\/menage-et-nettoyage\/set-de-rouleau-de-nettoyage-adhesif-reutilisable\/","title":{"rendered":"Set de Rouleau de nettoyage adh\u00e9sif (r\u00e9utilisable)"},"content":{"rendered":"<h1>\u00c0 propos de cet article<\/h1>\n<p><em><b>Instructions d&rsquo;Utilisation : <\/b><\/em>Pour utiliser l&rsquo;\u00e9pilation \u00e0 rouleau, commencez par retirer le couvercle transparent. Ensuite, d\u00e9collez le film plastique du rouleau. Utilisez d&rsquo;abord les doigts en silicone pour enlever la plupart des peluches, puis effectuez un nettoyage final avec le rouleau anti-peluches lavable. Pour entretenir le rouleau, nettoyez-le avec de l&rsquo;eau chaude et du savon, puis laissez-le s\u00e9cher \u00e0 l&rsquo;air avant de le recouvrir avec le couvercle transparent.<\/p>\n<p><em><b>Mat\u00e9riaux de Qualit\u00e9 : <\/b><\/em>Notre rouleau d&rsquo;\u00e9pilation est fabriqu\u00e9 \u00e0 partir d&rsquo;un m\u00e9lange de caoutchouc et de silicone, garantissant une excellente adh\u00e9rence sans r\u00e9sidus. Sa poign\u00e9e en plastique est con\u00e7ue pour \u00eatre confortable \u00e0 utiliser, vous permettant de nettoyer facilement tous les types de d\u00e9sordre.<\/p>\n<p><em><b>\u00c9cologique et Durable : <\/b><\/em>Ce rouleau anti-peluches est r\u00e9utilisable et de haute qualit\u00e9, ce qui le rend \u00e9conomique. Il se lave facilement \u00e0 l&rsquo;eau chaude et au savon, et apr\u00e8s s\u00e9chage \u00e0 l&rsquo;air libre, il est pr\u00eat \u00e0 \u00eatre utilis\u00e9 \u00e0 nouveau. Vous n&rsquo;aurez pas besoin de remplacer les recharges ou d&rsquo;utiliser du papier adh\u00e9sif.<\/p>\n<p><em><b>Nettoyage Efficace : <\/b><\/em>Le rouleau Stick It poss\u00e8de une excellente capacit\u00e9 d&rsquo;adh\u00e9sion, ce qui lui permet de capturer une grande quantit\u00e9 de poils d&rsquo;animaux sans les disperser dans l&rsquo;air ou sur le sol. Cela en fait un outil id\u00e9al pour maintenir la propret\u00e9 dans les zones sensibles.<\/p>\n<p><em><b>Utilisation Polyvalente : <\/b><\/em>Les rouleaux Stick It sont parfaits pour garder votre maison propre et peuvent \u00eatre utilis\u00e9s sur une vari\u00e9t\u00e9 de surfaces, y compris les canap\u00e9s, les si\u00e8ges de voiture, les v\u00eatements, les meubles, les tapis et les lits. C&rsquo;est l&rsquo;outil id\u00e9al pour \u00e9liminer les poils d&rsquo;animaux et la poussi\u00e8re de votre environnement.<\/p>\n<p>&nbsp;<\/p>\n<h1>Description du produit<\/h1>\n<p><img fetchpriority=\"high\" decoding=\"async\" class=\"alignnone size-large wp-image-1300\" src=\"http:\/\/toctoctoc.ci\/wp-content\/uploads\/2024\/11\/1-1-1024x732.png\" alt=\"\" width=\"640\" height=\"458\" \/> <img decoding=\"async\" class=\"alignnone size-large wp-image-1301\" src=\"http:\/\/toctoctoc.ci\/wp-content\/uploads\/2024\/11\/2-14-1024x1024.jpeg\" alt=\"\" width=\"640\" height=\"640\" \/> <img decoding=\"async\" class=\"alignnone size-large wp-image-1302\" src=\"http:\/\/toctoctoc.ci\/wp-content\/uploads\/2024\/11\/3-14-1024x1024.jpeg\" alt=\"\" width=\"640\" height=\"640\" \/><\/p>\n<p>&nbsp;<\/p>\n<h1>Descriptif technique<\/h1>\n<table width=\"563\">\n<tbody>\n<tr>\n<td width=\"251\">R\u00e9f\u00e9rence<\/td>\n<td>\u200eToc 20240143<\/td>\n<\/tr>\n<tr>\n<td width=\"251\">Dimensions<\/td>\n<td>\u200e19.5 X 12 X 8 cm; 275 grammes<\/td>\n<\/tr>\n<tr>\n<td width=\"251\">Nombre d&rsquo;article(s)<\/td>\n<td>\u200e1<\/td>\n<\/tr>\n<tr>\n<td width=\"251\">Couleur<\/td>\n<td>\u200eJaune<\/td>\n<\/tr>\n<tr>\n<td width=\"251\">Forme<\/td>\n<td>\u200eRouleau<\/td>\n<\/tr>\n<tr>\n<td width=\"251\">Mat\u00e9riau<\/td>\n<td>\u200ePlastique ABS\/ Caoutchouc\/ Silicone<\/td>\n<\/tr>\n<tr>\n<td width=\"251\">Caract\u00e9ristiques sp\u00e9ciales<\/td>\n<td>\u200eR\u00e9utilisable<\/td>\n<\/tr>\n<tr>\n<td width=\"251\">Comptabilit\u00e9<\/td>\n<td>\u200eCanap\u00e9s, si\u00e8ges de voiture, v\u00eatements, surfaces dures, meubles, tapis, lits\u2026<\/td>\n<\/tr>\n<\/tbody>\n<\/table>\n<p>&nbsp;<\/p>\n<h1>Le contenu<\/h1>\n<table width=\"197\">\n<tbody>\n<tr>\n<td width=\"193\">Un grand rouleau<\/td>\n<\/tr>\n<tr>\n<td width=\"193\">Un petit rouleau<\/td>\n<\/tr>\n<\/tbody>\n<\/table>\n<h1><\/h1>\n<h1>Vid\u00e9o<\/h1>\n<p>&nbsp;<\/p>","protected":false},"excerpt":{"rendered":"<p>D\u00e9couvrez notre rouleau anti-peluches Stick It, l&rsquo;outil indispensable pour garder votre maison impeccable ! Facile \u00e0 utiliser, il vous suffit de retirer le couvercle transparent, de d\u00e9collez le film plastique et d&rsquo;utiliser les doigts en silicone pour enlever les peluches. Ensuite, un simple passage avec le rouleau lavable suffit pour un nettoyage complet. Fabriqu\u00e9 \u00e0 partir d&rsquo;un m\u00e9lange de caoutchouc et de silicone, ce rouleau offre une adh\u00e9rence exceptionnelle sans laisser de r\u00e9sidus, tout en \u00e9tant confortable \u00e0 manipuler.\u00c9cologique et durable, notre rouleau est r\u00e9utilisable et se nettoie facilement \u00e0 l&rsquo;eau chaude et au savon. Plus besoin de recharges ou de papier adh\u00e9sif ! Gr\u00e2ce \u00e0 sa capacit\u00e9 d&rsquo;adh\u00e9sion, il capture efficacement les poils d&rsquo;animaux sans les disperser, ce qui en fait un alli\u00e9 id\u00e9al pour les zones sensibles de votre maison.Polyvalent, le rouleau Stick It s&rsquo;adapte \u00e0 toutes les surfaces : canap\u00e9s, si\u00e8ges de voiture, v\u00eatements, meubles, tapis et lits. Dites adieu aux poils d&rsquo;animaux et \u00e0 la poussi\u00e8re, et profitez d&rsquo;un environnement propre et accueillant gr\u00e2ce \u00e0 cet outil pratique et efficace !<\/p>","protected":false},"featured_media":1303,"comment_status":"open","ping_status":"closed","template":"","meta":{"_acf_changed":false},"locations":[135,133,134],"product_brand":[],"product_cat":[66,90],"product_tag":[],"class_list":{"0":"post-1299","1":"product","2":"type-product","3":"status-publish","4":"has-post-thumbnail","6":"locations-cgk","7":"locations-kenya","8":"locations-t03","9":"product_cat-cuisine-et-maison-2","10":"product_cat-menage-et-nettoyage","12":"first","13":"outofstock","14":"shipping-taxable","15":"purchasable","16":"product-type-simple"},"acf":[],"jetpack_sharing_enabled":true,"_links":{"self":[{"href":"https:\/\/toctoctoc.ci\/en\/wp-json\/wp\/v2\/product\/1299","targetHints":{"allow":["GET"]}}],"collection":[{"href":"https:\/\/toctoctoc.ci\/en\/wp-json\/wp\/v2\/product"}],"about":[{"href":"https:\/\/toctoctoc.ci\/en\/wp-json\/wp\/v2\/types\/product"}],"replies":[{"embeddable":true,"href":"https:\/\/toctoctoc.ci\/en\/wp-json\/wp\/v2\/comments?post=1299"}],"wp:featuredmedia":[{"embeddable":true,"href":"https:\/\/toctoctoc.ci\/en\/wp-json\/wp\/v2\/media\/1303"}],"wp:attachment":[{"href":"https:\/\/toctoctoc.ci\/en\/wp-json\/wp\/v2\/media?parent=1299"}],"wp:term":[{"taxonomy":"locations","embeddable":true,"href":"https:\/\/toctoctoc.ci\/en\/wp-json\/wp\/v2\/locations?post=1299"},{"taxonomy":"product_brand","embeddable":true,"href":"https:\/\/toctoctoc.ci\/en\/wp-json\/wp\/v2\/product_brand?post=1299"},{"taxonomy":"product_cat","embeddable":true,"href":"https:\/\/toctoctoc.ci\/en\/wp-json\/wp\/v2\/product_cat?post=1299"},{"taxonomy":"product_tag","embeddable":true,"href":"https:\/\/toctoctoc.ci\/en\/wp-json\/wp\/v2\/product_tag?post=1299"}],"curies":[{"name":"wp","href":"https:\/\/api.w.org\/{rel}","templated":true}]}}