{"id":1290,"date":"2024-11-16T11:49:40","date_gmt":"2024-11-16T11:49:40","guid":{"rendered":"https:\/\/toctoctoc.ci\/?post_type=product&#038;p=1290"},"modified":"2026-04-03T20:33:41","modified_gmt":"2026-04-03T20:33:41","slug":"blender-portable-500ml-fresh-juice","status":"publish","type":"product","link":"https:\/\/toctoctoc.ci\/en\/store-listing\/cuisine-et-maison-2\/petit-electromenager\/blender-portable-500ml-fresh-juice\/","title":{"rendered":"Blender portable 500ml (Fresh Juice)"},"content":{"rendered":"<h1>\u00c0 propos de cet article<\/h1>\n<p><em><b>Performance Optimale : <\/b><\/em>Ce mini blender est dot\u00e9 de 6 lames en acier inoxydable de haute qualit\u00e9, offrant une vitesse maximale de 15 500 tours par minute. Il est suffisamment puissant pour broyer des gla\u00e7ons, vous permettant de pr\u00e9parer vos jus et smoothies en seulement 30 secondes. Avec une capacit\u00e9 de 500 ml, il peut contenir jusqu&rsquo;\u00e0 17 oz, parfait pour vos besoins quotidiens.<\/p>\n<p><em><b>Recharge Pratique par USB : <\/b><\/em>Ce mixeur est id\u00e9al pour concocter de d\u00e9licieux jus de fruits. \u00c9quip\u00e9 d&rsquo;une batterie de 2400 mAh, il permet de r\u00e9aliser environ 15 smoothies ou milk-shakes avec une seule charge. Gr\u00e2ce \u00e0 son c\u00e2ble de type C, vous pouvez le recharger facilement via un port USB, que ce soit sur une powerbank ou un ordinateur portable. Notez qu&rsquo;il ne peut pas \u00eatre utilis\u00e9 pendant le chargement.<\/p>\n<p><em><b>Utilisation Simple et S\u00e9curis\u00e9e : <\/b><\/em>Pour d\u00e9marrer ce mixeur personnel, il vous suffit de double-cliquer sur l&rsquo;interrupteur. Par mesure de s\u00e9curit\u00e9, il ne s&rsquo;active pas si le couvercle inf\u00e9rieur n&rsquo;est pas correctement fix\u00e9. Sa coque en ABS de qualit\u00e9 alimentaire et ses joints en silicone emp\u00eachent les fuites et prot\u00e8gent vos doigts des lames. Son design intuitif rend son utilisation et son nettoyage tr\u00e8s faciles.<\/p>\n<p><em><b>Polyvalence Multifonctionnelle : <\/b><\/em>Ce blender portable est parfait pour pr\u00e9parer des smoothies individuels, des milk-shakes, des m\u00e9langes de jus, des pur\u00e9es de fruits, des jus de l\u00e9gumes, des aliments pour b\u00e9b\u00e9s et bien plus encore. Avec sa sangle en silicone, il est pratique \u00e0 suspendre et convient \u00e0 tous, que vous soyez employ\u00e9 de bureau, passionn\u00e9 de fitness, femme au foyer ou amateur de voyages.<\/p>\n<p><em><b>Transport Facile et Pratique : <\/b><\/em>Pesant seulement 1,54 livre, ce blender \u00e0 jus est extr\u00eamement portable. Vous pouvez le tenir \u00e0 la main ou le glisser dans votre sac pour savourer un jus frais o\u00f9 que vous soyez. Son emballage \u00e9l\u00e9gant et ses fonctionnalit\u00e9s pratiques en font un cadeau id\u00e9al pour vos proches.<\/p>\n<p>&nbsp;<\/p>\n<h1>Description du produit<\/h1>\n<p><img fetchpriority=\"high\" decoding=\"async\" class=\"alignnone size-large wp-image-1291\" src=\"http:\/\/toctoctoc.ci\/wp-content\/uploads\/2024\/11\/1-14-942x1024.jpeg\" alt=\"\" width=\"640\" height=\"696\" \/> <img decoding=\"async\" class=\"alignnone size-large wp-image-1292\" src=\"http:\/\/toctoctoc.ci\/wp-content\/uploads\/2024\/11\/2-2-1024x265.png\" alt=\"\" width=\"640\" height=\"166\" \/> <img decoding=\"async\" class=\"alignnone size-large wp-image-1293\" src=\"http:\/\/toctoctoc.ci\/wp-content\/uploads\/2024\/11\/3-1024x249.png\" alt=\"\" width=\"640\" height=\"156\" \/><\/p>\n<p>&nbsp;<\/p>\n<h1>Descriptif technique<\/h1>\n<table width=\"563\">\n<tbody>\n<tr>\n<td width=\"251\">R\u00e9f\u00e9rence<\/td>\n<td>\u200eToc 20240142<\/td>\n<\/tr>\n<tr>\n<td width=\"251\">Dimensions<\/td>\n<td>\u200e28 X 11 X 11 cm; 910 grammes<\/td>\n<\/tr>\n<tr>\n<td width=\"251\">Capacit\u00e9<\/td>\n<td>500 ml<\/td>\n<\/tr>\n<tr>\n<td width=\"251\">Nombre d&rsquo;article(s)<\/td>\n<td>\u200e1<\/td>\n<\/tr>\n<tr>\n<td width=\"251\">Couleur<\/td>\n<td>\u200eNoir<\/td>\n<\/tr>\n<tr>\n<td width=\"251\">Forme<\/td>\n<td>\u200eTubulaire<\/td>\n<\/tr>\n<tr>\n<td width=\"251\">Mat\u00e9riau<\/td>\n<td>\u200eVerre\/Acier inoxydable<\/td>\n<\/tr>\n<tr>\n<td width=\"251\">Caract\u00e9ristiques sp\u00e9ciales<\/td>\n<td>\u200ePortable\/Rechargeable<\/td>\n<\/tr>\n<tr>\n<td width=\"251\">Voltage<\/td>\n<td>\u200e7,4 volts<\/td>\n<\/tr>\n<\/tbody>\n<\/table>\n<p>&nbsp;<\/p>\n<h1>Le contenu<\/h1>\n<table style=\"height: 124px;\" width=\"280\">\n<tbody>\n<tr>\n<td width=\"346\">Un mixeur<\/td>\n<\/tr>\n<tr>\n<td width=\"346\">Un chargeur<\/td>\n<\/tr>\n<tr>\n<td width=\"346\">Un c\u00e2ble USB (type C)<\/td>\n<\/tr>\n<tr>\n<td width=\"346\">La notice (anglais-chinois)<\/td>\n<\/tr>\n<\/tbody>\n<\/table>\n<p>&nbsp;<\/p>\n<h1>Vid\u00e9o<\/h1>\n<p><iframe title=\"20240142\" width=\"563\" height=\"1000\" src=\"https:\/\/www.youtube.com\/embed\/cemuP9tAatk?feature=oembed\" frameborder=\"0\" allow=\"accelerometer; autoplay; clipboard-write; encrypted-media; gyroscope; picture-in-picture; web-share\" referrerpolicy=\"strict-origin-when-cross-origin\" allowfullscreen><\/iframe><\/p>","protected":false},"excerpt":{"rendered":"<div class=\"wpaicg-chat-shortcode-content\">\n<p><span id=\"wpaicg-chat-message-77762\" class=\"wpaicg-chat-message\">D\u00e9couvrez notre mini blender portable, l&rsquo;outil parfait pour pr\u00e9parer vos smoothies et jus en un rien de temps ! Avec ses 6 lames en acier inoxydable et une vitesse impressionnante de 15 500 tours par minute, il broie facilement des gla\u00e7ons et m\u00e9lange vos ingr\u00e9dients en seulement 30 secondes. Sa capacit\u00e9 de 500 ml est id\u00e9ale pour vos besoins quotidiens. \u00c9quip\u00e9 d&rsquo;une batterie rechargeable de 2400 mAh, il vous permet de r\u00e9aliser jusqu&rsquo;\u00e0 15 pr\u00e9parations avec une seule charge. Son utilisation est simple et s\u00e9curis\u00e9e gr\u00e2ce \u00e0 un design intuitif qui emp\u00eache les fuites. L\u00e9ger et facilement transportable, ce blender est parfait pour les employ\u00e9s de bureau, les passionn\u00e9s de fitness ou les voyageurs. Offrez-vous ou offrez \u00e0 vos proches un moyen pratique de savourer des boissons fra\u00eeches o\u00f9 que vous soyez !<\/span><\/p>\n<p>&nbsp;<\/p>\n<\/div>","protected":false},"featured_media":1294,"comment_status":"open","ping_status":"closed","template":"","meta":{"_acf_changed":false},"locations":[135,133,134],"product_brand":[],"product_cat":[66,91],"product_tag":[],"class_list":{"0":"post-1290","1":"product","2":"type-product","3":"status-publish","4":"has-post-thumbnail","6":"locations-cgk","7":"locations-kenya","8":"locations-t03","9":"product_cat-cuisine-et-maison-2","10":"product_cat-petit-electromenager","12":"first","13":"instock","14":"shipping-taxable","15":"purchasable","16":"product-type-simple"},"acf":[],"jetpack_sharing_enabled":true,"_links":{"self":[{"href":"https:\/\/toctoctoc.ci\/en\/wp-json\/wp\/v2\/product\/1290","targetHints":{"allow":["GET"]}}],"collection":[{"href":"https:\/\/toctoctoc.ci\/en\/wp-json\/wp\/v2\/product"}],"about":[{"href":"https:\/\/toctoctoc.ci\/en\/wp-json\/wp\/v2\/types\/product"}],"replies":[{"embeddable":true,"href":"https:\/\/toctoctoc.ci\/en\/wp-json\/wp\/v2\/comments?post=1290"}],"wp:featuredmedia":[{"embeddable":true,"href":"https:\/\/toctoctoc.ci\/en\/wp-json\/wp\/v2\/media\/1294"}],"wp:attachment":[{"href":"https:\/\/toctoctoc.ci\/en\/wp-json\/wp\/v2\/media?parent=1290"}],"wp:term":[{"taxonomy":"locations","embeddable":true,"href":"https:\/\/toctoctoc.ci\/en\/wp-json\/wp\/v2\/locations?post=1290"},{"taxonomy":"product_brand","embeddable":true,"href":"https:\/\/toctoctoc.ci\/en\/wp-json\/wp\/v2\/product_brand?post=1290"},{"taxonomy":"product_cat","embeddable":true,"href":"https:\/\/toctoctoc.ci\/en\/wp-json\/wp\/v2\/product_cat?post=1290"},{"taxonomy":"product_tag","embeddable":true,"href":"https:\/\/toctoctoc.ci\/en\/wp-json\/wp\/v2\/product_tag?post=1290"}],"curies":[{"name":"wp","href":"https:\/\/api.w.org\/{rel}","templated":true}]}}