{"id":1280,"date":"2024-11-16T11:05:36","date_gmt":"2024-11-16T11:05:36","guid":{"rendered":"https:\/\/toctoctoc.ci\/?post_type=product&#038;p=1280"},"modified":"2025-12-09T02:59:01","modified_gmt":"2025-12-09T02:59:01","slug":"lot-de-2-boites-de-rangement-pour-tiroir-de-refrigerateur","status":"publish","type":"product","link":"https:\/\/toctoctoc.ci\/en\/store-listing\/cuisine-et-maison-2\/rangement-et-organisation-cuisine-et-maison-2\/lot-de-2-boites-de-rangement-pour-tiroir-de-refrigerateur\/","title":{"rendered":"Lot de 2 bo\u00eetes de rangement pour tiroir de r\u00e9frig\u00e9rateur"},"content":{"rendered":"<h1>\u00c0 propos de cet article<\/h1>\n<p><b><em>Mat\u00e9riaux S\u00fbrs et Durables<\/em> : <\/b>Notre tiroir de r\u00e9frig\u00e9rateur est con\u00e7u en plastique PET et ABS, garantissant une utilisation sans danger pour la sant\u00e9. Ces tiroirs de rangement sont robustes, non toxiques, inodores et r\u00e9sistants \u00e0 la d\u00e9formation, offrant une excellente capacit\u00e9 de charge. Vous pouvez les utiliser en toute s\u00e9curit\u00e9 dans votre r\u00e9frig\u00e9rateur.<\/p>\n<p><b><em>Cloisons Ajustables<\/em> : <\/b>Ce tiroir de cong\u00e9lateur est \u00e9quip\u00e9 de deux cloisons amovibles, vous permettant de personnaliser les quatre compartiments selon vos besoins. Id\u00e9al pour organiser sachets de th\u00e9, soupes, ingr\u00e9dients de p\u00e2tisserie, \u00e9pices et bien plus encore.<\/p>\n<p><em><b>Organisateur de R\u00e9frig\u00e9rateur Innovant : <\/b><\/em>Contrairement aux organisateurs de r\u00e9frig\u00e9rateur traditionnels, notre mod\u00e8le transparent optimise l&rsquo;espace sous la paroi du r\u00e9frig\u00e9rateur. Avec des dimensions de 30,5 cm x 20 cm x 9,5 cm, la longueur du rail peut \u00eatre \u00e9tendue de 30 cm \u00e0 44 cm, s&rsquo;adaptant ainsi \u00e0 la plupart des r\u00e9frig\u00e9rateurs. La barre de traction facilite l&rsquo;insertion et le retrait.<\/p>\n<p><em><b>Solution \u00c9conomique d&rsquo;Espace : <\/b><\/em>Cet organisateur de rangement est parfait pour les r\u00e9frig\u00e9rateurs, cong\u00e9lateurs et placards de cuisine, permettant de stocker l\u00e9gumes, \u00e9pices, viandes, collations et autres articles. Transformez votre r\u00e9frig\u00e9rateur encombr\u00e9 en un espace propre et bien organis\u00e9 pour simplifier votre quotidien.<\/p>\n<p><em><b>Entretien Facile : <\/b><\/em>Pour nettoyer le tiroir, il suffit de le laver \u00e0 l&rsquo;eau ti\u00e8de (temp\u00e9rature de -20\u00b0C \u00e0 50\u00b0C) avec du savon. \u00c9vitez de le mettre au lave-vaisselle. Le tiroir et l&rsquo;\u00e9tag\u00e8re blanche sont s\u00e9par\u00e9s, et lorsque l&rsquo;\u00e9tag\u00e8re n&rsquo;est pas utilis\u00e9e, plusieurs tiroirs peuvent \u00eatre empil\u00e9s pour un rangement optimal.<\/p>\n<p>&nbsp;<\/p>\n<h1>Description du produit<\/h1>\n<p><img fetchpriority=\"high\" decoding=\"async\" class=\"alignnone size-large wp-image-1281\" src=\"http:\/\/toctoctoc.ci\/wp-content\/uploads\/2024\/11\/1-13-1024x1024.jpeg\" alt=\"\" width=\"640\" height=\"640\" \/> <img decoding=\"async\" class=\"alignnone size-large wp-image-1282\" src=\"http:\/\/toctoctoc.ci\/wp-content\/uploads\/2024\/11\/2-13-1024x1024.jpeg\" alt=\"\" width=\"640\" height=\"640\" \/> <img decoding=\"async\" class=\"alignnone size-large wp-image-1283\" src=\"http:\/\/toctoctoc.ci\/wp-content\/uploads\/2024\/11\/3-13-1024x633.jpeg\" alt=\"\" width=\"640\" height=\"396\" \/> <img loading=\"lazy\" decoding=\"async\" class=\"alignnone size-large wp-image-1284\" src=\"http:\/\/toctoctoc.ci\/wp-content\/uploads\/2024\/11\/4-13-1024x633.jpeg\" alt=\"\" width=\"640\" height=\"396\" \/><\/p>\n<p>&nbsp;<\/p>\n<h1>Descriptif technique<\/h1>\n<table width=\"563\">\n<tbody>\n<tr>\n<td width=\"251\">R\u00e9f\u00e9rence<\/td>\n<td>\u200eToc 20240141<\/td>\n<\/tr>\n<tr>\n<td width=\"251\">Dimensions<\/td>\n<td>\u200e30 X 20 X 4 cm; 432 grammes (unit\u00e9)<\/td>\n<\/tr>\n<tr>\n<td width=\"251\">Nombre d&rsquo;article(s)<\/td>\n<td>\u200e2<\/td>\n<\/tr>\n<tr>\n<td width=\"251\">Couleur<\/td>\n<td>\u200eTransparent<\/td>\n<\/tr>\n<tr>\n<td width=\"251\">Forme<\/td>\n<td>\u200eRectangulaire<\/td>\n<\/tr>\n<tr>\n<td width=\"251\">Mat\u00e9riau<\/td>\n<td>\u200ePlastique<\/td>\n<\/tr>\n<tr>\n<td width=\"251\">Caract\u00e9ristiques sp\u00e9ciales<\/td>\n<td>\u200e\u00c9tag\u00e8re encastr\u00e9e<\/td>\n<\/tr>\n<tr>\n<td width=\"251\">Comptabilit\u00e9<\/td>\n<td>\u200eR\u00e9frig\u00e9rateur\/\u00e9tag\u00e8re<\/td>\n<\/tr>\n<tr>\n<td width=\"251\">Type de fixation<\/td>\n<td>\u200eMontage sur \u00e9tag\u00e8re (r\u00e9frig\u00e9rateur)<\/td>\n<\/tr>\n<\/tbody>\n<\/table>\n<p>&nbsp;<\/p>\n<h1>Le contenu<\/h1>\n<table style=\"height: 26px;\" width=\"246\">\n<tbody>\n<tr>\n<td width=\"346\">Deux bo\u00eetes de rangements<\/td>\n<\/tr>\n<tr>\n<td width=\"346\">Un sticker autocollant<\/td>\n<\/tr>\n<\/tbody>\n<\/table>\n<p>&nbsp;<\/p>\n<h1>Vid\u00e9o<\/h1>\n<p>&nbsp;<\/p>","protected":false},"excerpt":{"rendered":"<div class=\"wpaicg-chat-shortcode-content\">\n<p><span id=\"wpaicg-chat-message-48794\" class=\"wpaicg-chat-message\">D\u00e9couvrez notre tiroir de r\u00e9frig\u00e9rateur innovant, con\u00e7u en plastique PET et ABS pour garantir une utilisation sans danger pour la sant\u00e9. Robuste, non toxique et inodore, il r\u00e9siste \u00e0 la d\u00e9formation tout en offrant une excellente capacit\u00e9 de charge. \u00c9quip\u00e9 de deux cloisons amovibles, ce tiroir vous permet de personnaliser ses quatre compartiments pour un rangement optimal de vos aliments, que ce soit des sachets de th\u00e9, des soupes ou des \u00e9pices. Avec des dimensions de 30,5 cm x 20 cm x 9,5 cm et une longueur de rail extensible de 30 cm \u00e0 44 cm, il s&rsquo;adapte \u00e0 la plupart des r\u00e9frig\u00e9rateurs. Facile \u00e0 installer et \u00e0 entretenir, il transforme votre espace de rangement en un endroit propre et organis\u00e9. Profitez d&rsquo;une solution pratique pour simplifier votre quotidien tout en gardant vos aliments \u00e0 port\u00e9e de main !<\/span><\/p>\n<p>&nbsp;<\/p>\n<\/div>","protected":false},"featured_media":1285,"comment_status":"open","ping_status":"closed","template":"","meta":{"_acf_changed":false},"locations":[135,133,134],"product_brand":[],"product_cat":[66,76],"product_tag":[],"class_list":{"0":"post-1280","1":"product","2":"type-product","3":"status-publish","4":"has-post-thumbnail","6":"locations-cgk","7":"locations-kenya","8":"locations-t03","9":"product_cat-cuisine-et-maison-2","10":"product_cat-rangement-et-organisation-cuisine-et-maison-2","12":"first","13":"outofstock","14":"shipping-taxable","15":"purchasable","16":"product-type-simple"},"acf":[],"jetpack_sharing_enabled":true,"_links":{"self":[{"href":"https:\/\/toctoctoc.ci\/en\/wp-json\/wp\/v2\/product\/1280","targetHints":{"allow":["GET"]}}],"collection":[{"href":"https:\/\/toctoctoc.ci\/en\/wp-json\/wp\/v2\/product"}],"about":[{"href":"https:\/\/toctoctoc.ci\/en\/wp-json\/wp\/v2\/types\/product"}],"replies":[{"embeddable":true,"href":"https:\/\/toctoctoc.ci\/en\/wp-json\/wp\/v2\/comments?post=1280"}],"wp:featuredmedia":[{"embeddable":true,"href":"https:\/\/toctoctoc.ci\/en\/wp-json\/wp\/v2\/media\/1285"}],"wp:attachment":[{"href":"https:\/\/toctoctoc.ci\/en\/wp-json\/wp\/v2\/media?parent=1280"}],"wp:term":[{"taxonomy":"locations","embeddable":true,"href":"https:\/\/toctoctoc.ci\/en\/wp-json\/wp\/v2\/locations?post=1280"},{"taxonomy":"product_brand","embeddable":true,"href":"https:\/\/toctoctoc.ci\/en\/wp-json\/wp\/v2\/product_brand?post=1280"},{"taxonomy":"product_cat","embeddable":true,"href":"https:\/\/toctoctoc.ci\/en\/wp-json\/wp\/v2\/product_cat?post=1280"},{"taxonomy":"product_tag","embeddable":true,"href":"https:\/\/toctoctoc.ci\/en\/wp-json\/wp\/v2\/product_tag?post=1280"}],"curies":[{"name":"wp","href":"https:\/\/api.w.org\/{rel}","templated":true}]}}