{"id":1267,"date":"2024-11-16T10:21:29","date_gmt":"2024-11-16T10:21:29","guid":{"rendered":"https:\/\/toctoctoc.ci\/?post_type=product&#038;p=1267"},"modified":"2026-04-03T20:11:41","modified_gmt":"2026-04-03T20:11:41","slug":"support-de-telephone-intelligent","status":"publish","type":"product","link":"https:\/\/toctoctoc.ci\/en\/store-listing\/informatique\/high-tech\/support-de-telephone-intelligent\/","title":{"rendered":"Support de t\u00e9l\u00e9phone intelligent"},"content":{"rendered":"<h1>\u00c0 propos de cet article<\/h1>\n<p><b><em>Suivi Automatique Intelligent<\/em> : <\/b>D\u00e9couvrez notre support de t\u00e9l\u00e9phone \u00e9quip\u00e9 d&rsquo;une cam\u00e9ra AI qui suit automatiquement les visages et les mouvements. Ce b\u00e2ton de selfie intelligent pivote \u00e0 360\u00b0, reconnaissant rapidement et pr\u00e9cis\u00e9ment les visages ou les mouvements du corps. Lib\u00e9rez vos mains pour profiter de vos chats vid\u00e9o ou de vos diffusions en direct sans tracas.<\/p>\n<p><b><em>T\u00e9l\u00e9commande Pratique et Sans Application<\/em> : <\/b>Pour simplifier vos prises de vue, ce support est livr\u00e9 avec une t\u00e9l\u00e9commande sans fil et une fonction de commande gestuelle. Pas besoin de t\u00e9l\u00e9charger d&rsquo;application, il est compatible avec la plupart des smartphones, vous permettant de filmer sans vous soucier de la compatibilit\u00e9 de votre appareil.<\/p>\n<p><b><em>Colonne R\u00e9tractable et Clip Amovible<\/em> : <\/b>Con\u00e7u avec une colonne extensible cach\u00e9e, ce selfie stick vous permet d&rsquo;augmenter facilement la hauteur de prise de vue en tirant simplement vers le haut. De plus, le clip de t\u00e9l\u00e9phone est d\u00e9tachable et peut \u00eatre utilis\u00e9 comme support de bureau, offrant ainsi une flexibilit\u00e9 et une commodit\u00e9 accrues.<\/p>\n<p><b><em>Compact et Rechargeable<\/em> : <\/b>Dites adieu aux \u00e9quipements encombrants ! Ce support de bureau compact mesure 22 x 9,5 cm et ne p\u00e8se que 270 grammes, ce qui le rend facile \u00e0 transporter dans un sac \u00e0 dos. Il est \u00e9quip\u00e9 d&rsquo;une batterie rechargeable de 1200 mAh avec un connecteur de charge Type-C. Un voyant rouge indique la charge en cours, et s&rsquo;\u00e9teint une fois la charge termin\u00e9e.<\/p>\n<p><b><em>Compatibilit\u00e9 Universelle<\/em> : <\/b>La base de ce selfie stick est d\u00e9montable et peut \u00eatre mont\u00e9e sur un tr\u00e9pied gr\u00e2ce \u00e0 un connecteur standard 1\/4. Cela vous permet de l&rsquo;utiliser avec d&rsquo;autres tr\u00e9pieds pour plus de flexibilit\u00e9 lors de vos tournages. Il est compatible avec une large gamme de smartphones, y compris les mod\u00e8les iPhone 16\/15\/14\/13\/12\/11\/X\/MAX\/PRO\/PLUS, Galaxy Note 20\/S20\/S10\/S9, Google, OnePlus et bien d&rsquo;autres !<\/p>\n<p>&nbsp;<\/p>\n<h1>Description du produit<\/h1>\n<p><img fetchpriority=\"high\" decoding=\"async\" class=\"alignnone size-large wp-image-1268\" src=\"http:\/\/toctoctoc.ci\/wp-content\/uploads\/2024\/11\/1-12-1024x1024.jpeg\" alt=\"\" width=\"640\" height=\"640\" \/> <img decoding=\"async\" class=\"alignnone size-large wp-image-1269\" src=\"http:\/\/toctoctoc.ci\/wp-content\/uploads\/2024\/11\/2-12-1024x633.jpeg\" alt=\"\" width=\"640\" height=\"396\" \/> <img decoding=\"async\" class=\"alignnone size-large wp-image-1270\" src=\"http:\/\/toctoctoc.ci\/wp-content\/uploads\/2024\/11\/3-12-1024x633.jpeg\" alt=\"\" width=\"640\" height=\"396\" \/> <img loading=\"lazy\" decoding=\"async\" class=\"alignnone size-large wp-image-1271\" src=\"http:\/\/toctoctoc.ci\/wp-content\/uploads\/2024\/11\/4-12-1024x633.jpeg\" alt=\"\" width=\"640\" height=\"396\" \/> <img loading=\"lazy\" decoding=\"async\" class=\"alignnone size-large wp-image-1272\" src=\"http:\/\/toctoctoc.ci\/wp-content\/uploads\/2024\/11\/5-6-1024x633.jpeg\" alt=\"\" width=\"640\" height=\"396\" \/> <img loading=\"lazy\" decoding=\"async\" class=\"alignnone size-large wp-image-1273\" src=\"http:\/\/toctoctoc.ci\/wp-content\/uploads\/2024\/11\/6-2-1024x633.jpeg\" alt=\"\" width=\"640\" height=\"396\" \/><\/p>\n<p>&nbsp;<\/p>\n<h1>Descriptif technique<\/h1>\n<table width=\"517\">\n<tbody>\n<tr>\n<td width=\"251\">R\u00e9f\u00e9rence<\/td>\n<td>\u200eToc 20240140<\/td>\n<\/tr>\n<tr>\n<td width=\"251\">Dimensions colis<\/td>\n<td>\u200e11.5 X 10 X 7 cm; 358 grammes<\/td>\n<\/tr>\n<tr>\n<td width=\"251\">Nombre d&rsquo;article(s)<\/td>\n<td>\u200e1<\/td>\n<\/tr>\n<tr>\n<td width=\"251\">Couleur<\/td>\n<td>\u200eNoir<\/td>\n<\/tr>\n<tr>\n<td width=\"251\">Forme<\/td>\n<td>\u200eTubulaire<\/td>\n<\/tr>\n<tr>\n<td width=\"251\">Type de batterie<\/td>\n<td>\u200eLithium<\/td>\n<\/tr>\n<tr>\n<td width=\"251\">Caract\u00e9ristiques sp\u00e9ciales<\/td>\n<td>\u200eSuivi du visage\/ IA<\/td>\n<\/tr>\n<tr>\n<td width=\"251\">Compatibilit\u00e9<\/td>\n<td>\u200eSmartphone<\/td>\n<\/tr>\n<tr>\n<td width=\"251\">Bluetooth<\/td>\n<td>Oui<\/td>\n<\/tr>\n<\/tbody>\n<\/table>\n<p>&nbsp;<\/p>\n<h1>Le contenu<\/h1>\n<table width=\"261\">\n<tbody>\n<tr>\n<td width=\"257\">Un support de t\u00e9l\u00e9phone<\/td>\n<\/tr>\n<tr>\n<td width=\"257\">Un\u00a0 tr\u00e9pied rond<\/td>\n<\/tr>\n<tr>\n<td width=\"257\">Un c\u00e2ble USB (type C)<\/td>\n<\/tr>\n<tr>\n<td width=\"257\">Deux LED (blanc, rechargeable)<\/td>\n<\/tr>\n<tr>\n<td width=\"257\">La notice (anglais-chinois)<\/td>\n<\/tr>\n<\/tbody>\n<\/table>\n<p>&nbsp;<\/p>\n<h1>Vid\u00e9o<\/h1>\n<p><iframe title=\"20240140\" width=\"1200\" height=\"675\" src=\"https:\/\/www.youtube.com\/embed\/npojEkmxncM?feature=oembed\" frameborder=\"0\" allow=\"accelerometer; autoplay; clipboard-write; encrypted-media; gyroscope; picture-in-picture; web-share\" referrerpolicy=\"strict-origin-when-cross-origin\" allowfullscreen><\/iframe><\/p>","protected":false},"excerpt":{"rendered":"<p>D\u00e9couvrez notre support de t\u00e9l\u00e9phone innovant, con\u00e7u pour r\u00e9volutionner vos prises de vue ! \u00c9quip\u00e9 d&rsquo;une cam\u00e9ra AI, ce b\u00e2ton de selfie intelligent suit automatiquement les visages et les mouvements, vous permettant de filmer sans effort tout en gardant les mains libres. Avec sa t\u00e9l\u00e9commande sans fil et sa fonction de commande gestuelle, il est compatible avec la plupart des smartphones, sans n\u00e9cessiter d&rsquo;application. Sa colonne extensible et son clip amovible offrent une flexibilit\u00e9 in\u00e9gal\u00e9e, vous permettant d&rsquo;ajuster la hauteur et d&rsquo;utiliser le clip comme support de bureau. Compact et l\u00e9ger, il se glisse facilement dans un sac \u00e0 dos et dispose d&rsquo;une batterie rechargeable de 1200 mAh. De plus, sa base d\u00e9montable peut \u00eatre mont\u00e9e sur un tr\u00e9pied standard, garantissant une compatibilit\u00e9 avec une large gamme de smartphones, y compris les derniers mod\u00e8les d&rsquo;iPhone et Galaxy. Simplifiez vos sessions de photo et vid\u00e9o avec ce support pratique et polyvalent !<\/p>","protected":false},"featured_media":1274,"comment_status":"open","ping_status":"closed","template":"","meta":{"_acf_changed":false},"locations":[135,133,134],"product_brand":[],"product_cat":[80,79],"product_tag":[],"class_list":{"0":"post-1267","1":"product","2":"type-product","3":"status-publish","4":"has-post-thumbnail","6":"locations-cgk","7":"locations-kenya","8":"locations-t03","9":"product_cat-high-tech","10":"product_cat-informatique","12":"first","13":"instock","14":"shipping-taxable","15":"purchasable","16":"product-type-simple"},"acf":[],"jetpack_sharing_enabled":true,"_links":{"self":[{"href":"https:\/\/toctoctoc.ci\/en\/wp-json\/wp\/v2\/product\/1267","targetHints":{"allow":["GET"]}}],"collection":[{"href":"https:\/\/toctoctoc.ci\/en\/wp-json\/wp\/v2\/product"}],"about":[{"href":"https:\/\/toctoctoc.ci\/en\/wp-json\/wp\/v2\/types\/product"}],"replies":[{"embeddable":true,"href":"https:\/\/toctoctoc.ci\/en\/wp-json\/wp\/v2\/comments?post=1267"}],"wp:featuredmedia":[{"embeddable":true,"href":"https:\/\/toctoctoc.ci\/en\/wp-json\/wp\/v2\/media\/1274"}],"wp:attachment":[{"href":"https:\/\/toctoctoc.ci\/en\/wp-json\/wp\/v2\/media?parent=1267"}],"wp:term":[{"taxonomy":"locations","embeddable":true,"href":"https:\/\/toctoctoc.ci\/en\/wp-json\/wp\/v2\/locations?post=1267"},{"taxonomy":"product_brand","embeddable":true,"href":"https:\/\/toctoctoc.ci\/en\/wp-json\/wp\/v2\/product_brand?post=1267"},{"taxonomy":"product_cat","embeddable":true,"href":"https:\/\/toctoctoc.ci\/en\/wp-json\/wp\/v2\/product_cat?post=1267"},{"taxonomy":"product_tag","embeddable":true,"href":"https:\/\/toctoctoc.ci\/en\/wp-json\/wp\/v2\/product_tag?post=1267"}],"curies":[{"name":"wp","href":"https:\/\/api.w.org\/{rel}","templated":true}]}}