{"id":1257,"date":"2024-11-14T18:35:18","date_gmt":"2024-11-14T18:35:18","guid":{"rendered":"https:\/\/toctoctoc.ci\/?post_type=product&#038;p=1257"},"modified":"2025-12-09T02:59:02","modified_gmt":"2025-12-09T02:59:02","slug":"support-telephone-magnetique-pour-voiture","status":"publish","type":"product","link":"https:\/\/toctoctoc.ci\/en\/store-listing\/auto-moto\/accessoires-auto-moto\/support-telephone-magnetique-pour-voiture\/","title":{"rendered":"Support t\u00e9l\u00e9phone magn\u00e9tique pour voiture"},"content":{"rendered":"<h1>\u00c0 propos de cet article<\/h1>\n<p><b><em>Confort de conduite<\/em> : <\/b>Notre support magn\u00e9tique pour voiture vous permet de garder les mains libres, facilitant ainsi la gestion des appels, le changement de musique et la navigation GPS en toute s\u00e9curit\u00e9. Profitez d&rsquo;une exp\u00e9rience de voyage plus relaxante et agr\u00e9able, tout en ayant la possibilit\u00e9 d&rsquo;offrir ce produit en cadeau \u00e0 vos proches pour leur montrer votre attention.<\/p>\n<p><b><em>Orientation personnalisable \u00e0 360 \u00b0<\/em> : <\/b>Ce support de t\u00e9l\u00e9phone magn\u00e9tique est con\u00e7u pour \u00eatre ajustable \u00e0 360 \u00b0, vous permettant de l&rsquo;utiliser en mode horizontal ou vertical. Gr\u00e2ce \u00e0 sa rotule pivotante, vous pouvez facilement orienter votre t\u00e9l\u00e9phone selon vos pr\u00e9f\u00e9rences, garantissant ainsi le meilleur angle de vue.<\/p>\n<p><b><em>Robustesse et fiabilit\u00e9<\/em> : <\/b>Fabriqu\u00e9 \u00e0 partir de mat\u00e9riaux de haute qualit\u00e9, ce support de t\u00e9l\u00e9phone magn\u00e9tique pour voiture offre une attraction puissante qui assure une tenue stable et s\u00e9curis\u00e9e. Il reste en place m\u00eame sur des routes accident\u00e9es ou lors de freinages brusques, vous permettant de conduire en toute s\u00e9r\u00e9nit\u00e9.<\/p>\n<p><b><em>Installation simple et rapide<\/em> : <\/b>Contrairement aux supports traditionnels \u00e0 clip, notre support magn\u00e9tique pour grille d&rsquo;a\u00e9ration est facile \u00e0 installer sans endommager les lames d&rsquo;a\u00e9ration. Il se fixe solidement \u00e0 votre t\u00e9l\u00e9phone d&rsquo;une seule main, offrant une commodit\u00e9 optimale.<\/p>\n<p><b><em>Compatibilit\u00e9 \u00e9tendue<\/em> : <\/b>Ce support magn\u00e9tique est compatible avec les mod\u00e8les d&rsquo;iPhone 12\/13\/14\/15\/16 Pro Max Mini et d&rsquo;autres \u00e9tuis magn\u00e9tiques, sans n\u00e9cessiter d&rsquo;anneau m\u00e9tallique suppl\u00e9mentaire. (Note : l&rsquo;anneau m\u00e9tallique inclus est n\u00e9cessaire pour d&rsquo;autres mod\u00e8les de t\u00e9l\u00e9phones ou des \u00e9tuis non Mag Safe, sans affecter la charge sans fil.) De plus, il s&rsquo;adapte \u00e0 99 % des grilles d&rsquo;a\u00e9ration de voiture.<\/p>\n<p>&nbsp;<\/p>\n<h1>Description du produit<\/h1>\n<p><img fetchpriority=\"high\" decoding=\"async\" class=\"alignnone size-large wp-image-1258\" src=\"http:\/\/toctoctoc.ci\/wp-content\/uploads\/2024\/11\/1-11-1024x1024.jpeg\" alt=\"\" width=\"640\" height=\"640\" \/> <img decoding=\"async\" class=\"alignnone size-large wp-image-1259\" src=\"http:\/\/toctoctoc.ci\/wp-content\/uploads\/2024\/11\/2-11-1024x1024.jpeg\" alt=\"\" width=\"640\" height=\"640\" \/> <img decoding=\"async\" class=\"alignnone size-large wp-image-1260\" src=\"http:\/\/toctoctoc.ci\/wp-content\/uploads\/2024\/11\/3-11-1024x1024.jpeg\" alt=\"\" width=\"640\" height=\"640\" \/> <img loading=\"lazy\" decoding=\"async\" class=\"alignnone size-large wp-image-1261\" src=\"http:\/\/toctoctoc.ci\/wp-content\/uploads\/2024\/11\/4-11-1024x1024.jpeg\" alt=\"\" width=\"640\" height=\"640\" \/><\/p>\n<p>&nbsp;<\/p>\n<h1>Descriptif technique<\/h1>\n<table width=\"541\">\n<tbody>\n<tr>\n<td width=\"251\">R\u00e9f\u00e9rence<\/td>\n<td>\u200eToc 20240139<\/td>\n<\/tr>\n<tr>\n<td width=\"251\">Dimensions<\/td>\n<td>\u200e10 X 6.5 X 4.5 cm\u00a0; 90 grammes<\/td>\n<\/tr>\n<tr>\n<td width=\"251\">Nombre d&rsquo;article(s)<\/td>\n<td>\u200e1<\/td>\n<\/tr>\n<tr>\n<td width=\"251\">Couleur<\/td>\n<td>\u200eNoir<\/td>\n<\/tr>\n<tr>\n<td width=\"251\">Forme<\/td>\n<td>\u200eRonde<\/td>\n<\/tr>\n<tr>\n<td width=\"251\">Mat\u00e9riau<\/td>\n<td>\u200eABS\/Caoutchouc\/Acier inoxydable<\/td>\n<\/tr>\n<tr>\n<td width=\"251\">Caract\u00e9ristiques sp\u00e9ciales<\/td>\n<td>\u200ePliable\/ Magn\u00e9tique<\/td>\n<\/tr>\n<tr>\n<td width=\"251\">Compatibilit\u00e9<\/td>\n<td>Tout v\u00e9hicule\/ Tout smartphone<\/td>\n<\/tr>\n<\/tbody>\n<\/table>\n<p>&nbsp;<\/p>\n<h1>Le contenu<\/h1>\n<table style=\"height: 95px;\" width=\"300\">\n<tbody>\n<tr>\n<td width=\"257\">Un crochet de berceau pour ventilation<\/td>\n<\/tr>\n<tr>\n<td width=\"257\">Une t\u00eate magn\u00e9tique<\/td>\n<\/tr>\n<tr>\n<td width=\"257\">Un anneau m\u00e9tallique pour Android<\/td>\n<\/tr>\n<tr>\n<td width=\"257\">Deux lingettes<\/td>\n<\/tr>\n<\/tbody>\n<\/table>\n<p>&nbsp;<\/p>\n<h1>Vid\u00e9o<\/h1>\n<p>&nbsp;<\/p>","protected":false},"excerpt":{"rendered":"<p>D\u00e9couvrez notre support magn\u00e9tique pour voiture, con\u00e7u pour vous offrir un confort de conduite optimal. Gr\u00e2ce \u00e0 sa fonctionnalit\u00e9 mains libres, vous pouvez g\u00e9rer vos appels, changer de musique et naviguer sur GPS en toute s\u00e9curit\u00e9, rendant vos trajets plus agr\u00e9ables. Ce support est ajustable \u00e0 360 \u00b0, vous permettant de positionner votre t\u00e9l\u00e9phone en mode horizontal ou vertical selon vos pr\u00e9f\u00e9rences. Fabriqu\u00e9 avec des mat\u00e9riaux de haute qualit\u00e9, il garantit une tenue stable m\u00eame sur des routes accident\u00e9es. Son installation est simple et rapide, sans endommager les grilles d&rsquo;a\u00e9ration de votre v\u00e9hicule. Compatible avec les mod\u00e8les d&rsquo;iPhone 12\/13\/14\/15\/16 Pro Max Mini et d&rsquo;autres \u00e9tuis magn\u00e9tiques, il s&rsquo;adapte \u00e0 99 % des grilles d&rsquo;a\u00e9ration de voiture. Offrez-vous ou \u00e0 vos proches ce support pratique et \u00e9l\u00e9gant pour une exp\u00e9rience de conduite sans souci !<\/p>","protected":false},"featured_media":1262,"comment_status":"open","ping_status":"closed","template":"","meta":{"_acf_changed":false},"locations":[135,133,134],"product_brand":[],"product_cat":[89,57],"product_tag":[],"class_list":{"0":"post-1257","1":"product","2":"type-product","3":"status-publish","4":"has-post-thumbnail","6":"locations-cgk","7":"locations-kenya","8":"locations-t03","9":"product_cat-accessoires-auto-moto","10":"product_cat-auto-moto","12":"first","13":"outofstock","14":"shipping-taxable","15":"purchasable","16":"product-type-simple"},"acf":[],"jetpack_sharing_enabled":true,"_links":{"self":[{"href":"https:\/\/toctoctoc.ci\/en\/wp-json\/wp\/v2\/product\/1257","targetHints":{"allow":["GET"]}}],"collection":[{"href":"https:\/\/toctoctoc.ci\/en\/wp-json\/wp\/v2\/product"}],"about":[{"href":"https:\/\/toctoctoc.ci\/en\/wp-json\/wp\/v2\/types\/product"}],"replies":[{"embeddable":true,"href":"https:\/\/toctoctoc.ci\/en\/wp-json\/wp\/v2\/comments?post=1257"}],"wp:featuredmedia":[{"embeddable":true,"href":"https:\/\/toctoctoc.ci\/en\/wp-json\/wp\/v2\/media\/1262"}],"wp:attachment":[{"href":"https:\/\/toctoctoc.ci\/en\/wp-json\/wp\/v2\/media?parent=1257"}],"wp:term":[{"taxonomy":"locations","embeddable":true,"href":"https:\/\/toctoctoc.ci\/en\/wp-json\/wp\/v2\/locations?post=1257"},{"taxonomy":"product_brand","embeddable":true,"href":"https:\/\/toctoctoc.ci\/en\/wp-json\/wp\/v2\/product_brand?post=1257"},{"taxonomy":"product_cat","embeddable":true,"href":"https:\/\/toctoctoc.ci\/en\/wp-json\/wp\/v2\/product_cat?post=1257"},{"taxonomy":"product_tag","embeddable":true,"href":"https:\/\/toctoctoc.ci\/en\/wp-json\/wp\/v2\/product_tag?post=1257"}],"curies":[{"name":"wp","href":"https:\/\/api.w.org\/{rel}","templated":true}]}}